{"id":22,"date":"2019-08-22T15:00:23","date_gmt":"2019-08-22T13:00:23","guid":{"rendered":"https:\/\/blogs.donboscovolunteers.de\/clarabloggt\/?page_id=22"},"modified":"2020-01-11T17:53:41","modified_gmt":"2020-01-11T16:53:41","slug":"das-anbu-illam","status":"publish","type":"page","link":"https:\/\/blogs.donboscovolunteers.de\/clarabloggt\/das-anbu-illam\/","title":{"rendered":"Das Anbu Illam"},"content":{"rendered":"<p>Mein Einsatzort, das <a href=\"https:\/\/www.donboscomission.de\/don-bosco\/\">Don Bosco<\/a> Anbu Illam (&#8222;Haus der Liebe&#8220;), liegt in der 7 Millionen-Stadt Chennai an der Ostk\u00fcste S\u00fcdindiens. Die Einrichtung bietet Stra\u00dfenkindern und benachteiligten Kindern und Jugendlichen neben einem neuen Zuhause, Unterst\u00fctzung in der schulischen Bildung und damit Chancen auf eine bessere Zukunft. \u00dcber den Link kommst du zur Website vom Anbu Illam und kannst dort noch mehr \u00fcber die Einrichtung erfahren:<\/p>\n\n\n\n<figure class=\"wp-block-embed-wordpress wp-block-embed is-type-wp-embed is-provider-don-bosco-anbu-illam\"><div class=\"wp-block-embed__wrapper\">\nhttp:\/\/donboscoanbuillam.org\/about-us\/\n<\/div><\/figure>\n\n\n\n<p>Mit meinem Mitvolont\u00e4r Jakob werde ich dort direkt im Projekt wohnen, wobei unsere Aufgaben haupts\u00e4chlich in der Freizeitgestaltung und Betreuung der Jungs z.B. w\u00e4hrend der Hausaufgabenhilfe liegen. Au\u00dferdem soll es aber auch bei den Vorbereitungen der zahlreichen Feste immer viel zu tun geben \ud83d\ude09<\/p>\n\n\n\n<p>Genaueres \u00fcber die Einrichtung und unseren Arbeitsalltag folgt dann sp\u00e4ter, wenn wir vor Ort wirklich angekommen sind..<\/p>\n\n\n\n<p>Hier gibt es noch ein Video, das im letzten Jahr entstanden ist und ziemlich gut die Grundstimmung und das Leben hier im Heim darstellt:<\/p>\n\n\n\n<figure class=\"wp-block-embed-youtube wp-block-embed is-type-video is-provider-youtube wp-embed-aspect-16-9 wp-has-aspect-ratio\"><div class=\"wp-block-embed__wrapper\">\n<iframe loading=\"lazy\" title=\"Don Bosco ANBU ILLAM - a Home of Love\" width=\"629\" height=\"354\" src=\"https:\/\/www.youtube.com\/embed\/E0dO9VM6fa8?feature=oembed\" frameborder=\"0\" allow=\"accelerometer; autoplay; clipboard-write; encrypted-media; gyroscope; picture-in-picture; web-share\" referrerpolicy=\"strict-origin-when-cross-origin\" allowfullscreen><\/iframe>\n<\/div><\/figure>","protected":false},"excerpt":{"rendered":"<p>Mein Einsatzort, das <a href=\"https:\/\/www.donboscomission.de\/don-bosco\/\">Don Bosco<\/a> Anbu Illam (&#8222;Haus der Liebe&#8220;), liegt in der 7 Millionen-Stadt Chennai an der Ostk\u00fcste S\u00fcdindiens. Die Einrichtung bietet Stra\u00dfenkindern und benachteiligten Kindern und Jugendlichen neben einem neuen Zuhause, Unterst\u00fctzung in der schulischen Bildung und damit Chancen auf eine bessere Zukunft. \u00dcber den Link kommst du zur Website vom Anbu Illam [&hellip;]<\/p>\n","protected":false},"author":21662,"featured_media":0,"parent":0,"menu_order":0,"comment_status":"closed","ping_status":"closed","template":"","meta":{"footnotes":""},"class_list":["post-22","page","type-page","status-publish","hentry"],"yoast_head":"<!-- This site is optimized with the Yoast SEO plugin v25.3.1 - https:\/\/yoast.com\/wordpress\/plugins\/seo\/ -->\n<title>Das Anbu Illam - clara in chennai<\/title>\n<meta name=\"robots\" content=\"index, follow, max-snippet:-1, max-image-preview:large, max-video-preview:-1\" \/>\n<link rel=\"canonical\" href=\"https:\/\/blogs.donboscovolunteers.de\/clarabloggt\/das-anbu-illam\/\" \/>\n<meta property=\"og:locale\" content=\"de_DE\" \/>\n<meta property=\"og:type\" content=\"article\" \/>\n<meta property=\"og:title\" content=\"Das Anbu Illam - clara in chennai\" \/>\n<meta property=\"og:description\" content=\"Mein Einsatzort, das Don Bosco Anbu Illam (&#8222;Haus der Liebe&#8220;), liegt in der 7 Millionen-Stadt Chennai an der Ostk\u00fcste S\u00fcdindiens. Die Einrichtung bietet Stra\u00dfenkindern und benachteiligten Kindern und Jugendlichen neben einem neuen Zuhause, Unterst\u00fctzung in der schulischen Bildung und damit Chancen auf eine bessere Zukunft. \u00dcber den Link kommst du zur Website vom Anbu Illam [&hellip;]\" \/>\n<meta property=\"og:url\" content=\"https:\/\/blogs.donboscovolunteers.de\/clarabloggt\/das-anbu-illam\/\" \/>\n<meta property=\"og:site_name\" content=\"clara in chennai\" \/>\n<meta property=\"article:modified_time\" content=\"2020-01-11T16:53:41+00:00\" \/>\n<meta name=\"twitter:card\" content=\"summary_large_image\" \/>\n<meta name=\"twitter:label1\" content=\"Gesch\u00e4tzte Lesezeit\" \/>\n\t<meta name=\"twitter:data1\" content=\"1\u00a0Minute\" \/>\n<script type=\"application\/ld+json\" class=\"yoast-schema-graph\">{\"@context\":\"https:\/\/schema.org\",\"@graph\":[{\"@type\":\"WebPage\",\"@id\":\"https:\/\/blogs.donboscovolunteers.de\/clarabloggt\/das-anbu-illam\/\",\"url\":\"https:\/\/blogs.donboscovolunteers.de\/clarabloggt\/das-anbu-illam\/\",\"name\":\"Das Anbu Illam - clara in chennai\",\"isPartOf\":{\"@id\":\"https:\/\/blogs.donboscovolunteers.de\/clarabloggt\/#website\"},\"datePublished\":\"2019-08-22T13:00:23+00:00\",\"dateModified\":\"2020-01-11T16:53:41+00:00\",\"breadcrumb\":{\"@id\":\"https:\/\/blogs.donboscovolunteers.de\/clarabloggt\/das-anbu-illam\/#breadcrumb\"},\"inLanguage\":\"de\",\"potentialAction\":[{\"@type\":\"ReadAction\",\"target\":[\"https:\/\/blogs.donboscovolunteers.de\/clarabloggt\/das-anbu-illam\/\"]}]},{\"@type\":\"BreadcrumbList\",\"@id\":\"https:\/\/blogs.donboscovolunteers.de\/clarabloggt\/das-anbu-illam\/#breadcrumb\",\"itemListElement\":[{\"@type\":\"ListItem\",\"position\":1,\"name\":\"Startseite\",\"item\":\"https:\/\/blogs.donboscovolunteers.de\/clarabloggt\/\"},{\"@type\":\"ListItem\",\"position\":2,\"name\":\"Das Anbu Illam\"}]},{\"@type\":\"WebSite\",\"@id\":\"https:\/\/blogs.donboscovolunteers.de\/clarabloggt\/#website\",\"url\":\"https:\/\/blogs.donboscovolunteers.de\/clarabloggt\/\",\"name\":\"clara in chennai\",\"description\":\"ein Jahr Indiaa\",\"potentialAction\":[{\"@type\":\"SearchAction\",\"target\":{\"@type\":\"EntryPoint\",\"urlTemplate\":\"https:\/\/blogs.donboscovolunteers.de\/clarabloggt\/?s={search_term_string}\"},\"query-input\":{\"@type\":\"PropertyValueSpecification\",\"valueRequired\":true,\"valueName\":\"search_term_string\"}}],\"inLanguage\":\"de\"}]}<\/script>\n<!-- \/ Yoast SEO plugin. -->","yoast_head_json":{"title":"Das Anbu Illam - clara in chennai","robots":{"index":"index","follow":"follow","max-snippet":"max-snippet:-1","max-image-preview":"max-image-preview:large","max-video-preview":"max-video-preview:-1"},"canonical":"https:\/\/blogs.donboscovolunteers.de\/clarabloggt\/das-anbu-illam\/","og_locale":"de_DE","og_type":"article","og_title":"Das Anbu Illam - clara in chennai","og_description":"Mein Einsatzort, das Don Bosco Anbu Illam (&#8222;Haus der Liebe&#8220;), liegt in der 7 Millionen-Stadt Chennai an der Ostk\u00fcste S\u00fcdindiens. Die Einrichtung bietet Stra\u00dfenkindern und benachteiligten Kindern und Jugendlichen neben einem neuen Zuhause, Unterst\u00fctzung in der schulischen Bildung und damit Chancen auf eine bessere Zukunft. \u00dcber den Link kommst du zur Website vom Anbu Illam [&hellip;]","og_url":"https:\/\/blogs.donboscovolunteers.de\/clarabloggt\/das-anbu-illam\/","og_site_name":"clara in chennai","article_modified_time":"2020-01-11T16:53:41+00:00","twitter_card":"summary_large_image","twitter_misc":{"Gesch\u00e4tzte Lesezeit":"1\u00a0Minute"},"schema":{"@context":"https:\/\/schema.org","@graph":[{"@type":"WebPage","@id":"https:\/\/blogs.donboscovolunteers.de\/clarabloggt\/das-anbu-illam\/","url":"https:\/\/blogs.donboscovolunteers.de\/clarabloggt\/das-anbu-illam\/","name":"Das Anbu Illam - clara in chennai","isPartOf":{"@id":"https:\/\/blogs.donboscovolunteers.de\/clarabloggt\/#website"},"datePublished":"2019-08-22T13:00:23+00:00","dateModified":"2020-01-11T16:53:41+00:00","breadcrumb":{"@id":"https:\/\/blogs.donboscovolunteers.de\/clarabloggt\/das-anbu-illam\/#breadcrumb"},"inLanguage":"de","potentialAction":[{"@type":"ReadAction","target":["https:\/\/blogs.donboscovolunteers.de\/clarabloggt\/das-anbu-illam\/"]}]},{"@type":"BreadcrumbList","@id":"https:\/\/blogs.donboscovolunteers.de\/clarabloggt\/das-anbu-illam\/#breadcrumb","itemListElement":[{"@type":"ListItem","position":1,"name":"Startseite","item":"https:\/\/blogs.donboscovolunteers.de\/clarabloggt\/"},{"@type":"ListItem","position":2,"name":"Das Anbu Illam"}]},{"@type":"WebSite","@id":"https:\/\/blogs.donboscovolunteers.de\/clarabloggt\/#website","url":"https:\/\/blogs.donboscovolunteers.de\/clarabloggt\/","name":"clara in chennai","description":"ein Jahr Indiaa","potentialAction":[{"@type":"SearchAction","target":{"@type":"EntryPoint","urlTemplate":"https:\/\/blogs.donboscovolunteers.de\/clarabloggt\/?s={search_term_string}"},"query-input":{"@type":"PropertyValueSpecification","valueRequired":true,"valueName":"search_term_string"}}],"inLanguage":"de"}]}},"_links":{"self":[{"href":"https:\/\/blogs.donboscovolunteers.de\/clarabloggt\/wp-json\/wp\/v2\/pages\/22","targetHints":{"allow":["GET"]}}],"collection":[{"href":"https:\/\/blogs.donboscovolunteers.de\/clarabloggt\/wp-json\/wp\/v2\/pages"}],"about":[{"href":"https:\/\/blogs.donboscovolunteers.de\/clarabloggt\/wp-json\/wp\/v2\/types\/page"}],"author":[{"embeddable":true,"href":"https:\/\/blogs.donboscovolunteers.de\/clarabloggt\/wp-json\/wp\/v2\/users\/21662"}],"replies":[{"embeddable":true,"href":"https:\/\/blogs.donboscovolunteers.de\/clarabloggt\/wp-json\/wp\/v2\/comments?post=22"}],"version-history":[{"count":14,"href":"https:\/\/blogs.donboscovolunteers.de\/clarabloggt\/wp-json\/wp\/v2\/pages\/22\/revisions"}],"predecessor-version":[{"id":352,"href":"https:\/\/blogs.donboscovolunteers.de\/clarabloggt\/wp-json\/wp\/v2\/pages\/22\/revisions\/352"}],"wp:attachment":[{"href":"https:\/\/blogs.donboscovolunteers.de\/clarabloggt\/wp-json\/wp\/v2\/media?parent=22"}],"curies":[{"name":"wp","href":"https:\/\/api.w.org\/{rel}","templated":true}]}}