{"id":30,"date":"2017-08-27T18:19:48","date_gmt":"2017-08-27T16:19:48","guid":{"rendered":"https:\/\/blogs.donboscovolunteers.de\/charlotteinindia\/?page_id=30"},"modified":"2017-09-12T11:19:55","modified_gmt":"2017-09-12T09:19:55","slug":"spenden","status":"publish","type":"page","link":"https:\/\/blogs.donboscovolunteers.de\/charlotteinindia\/spenden\/","title":{"rendered":"Spenden"},"content":{"rendered":"<p>Mein <a href=\"https:\/\/www.donboscovolunteers.de\/\">Freiwilligendienst<\/a> wird teilweise (bis zu 75%) durch das Programm \u201eweltw\u00e4rts\u201c des Bundesministeriums f\u00fcr wirtschaftliche Zusammenarbeit und Entwicklung (BMZ) finanziert. F\u00fcr die \u00fcbrigen Kosten soll die Entsendeorganisation (also <a href=\"https:\/\/www.donboscomission.de\/don-bosco\/\">Don Bosco<\/a> Volunteers) aufkommen. Da das auf Dauer f\u00fcr die Organisation aber nicht tragbar w\u00e4re, m\u00f6chte ich die Organisation \u00fcber einen Spenderkreis unterst\u00fctzen. Auf diese Spenden habe ich ebenfalls Zugriff und kann sie (nach Absprache) direkt vor Ort f\u00fcr Lehrmittel etc. einsetzen; jeder Spender arbeitet also mit mir gemeinsam direkt am Projekt. Ich freue mich \u00fcber jede Unterst\u00fctzung!<\/p>\n<p><script src=\"https:\/\/api.spendino.de\/admanager\/forms\/display\/1729\"><\/script><\/p>\n<p>&nbsp;<\/p>\n<p>Oder Spenden auf folgendes Konto \u00fcberweisen:<br \/>\nDon Bosco Mission<br \/>\nLiga Bank M\u00fcnchen<br \/>\nIBAN: DE66 7509 0300 0102 1418 76<br \/>\nBIC: GENODEF1M05<br \/>\nVerwendungszweck: \u201eWierling Charlotte R511759\u201c<\/p>\n<p>Eine Spendenquittung kann bei Angabe der Adresse zugesandt werden!<\/p>\n","protected":false},"excerpt":{"rendered":"<p>Mein <a href=\"https:\/\/www.donboscovolunteers.de\/\">Freiwilligendienst<\/a> wird teilweise (bis zu 75%) durch das Programm \u201eweltw\u00e4rts\u201c des Bundesministeriums f\u00fcr wirtschaftliche Zusammenarbeit und Entwicklung (BMZ) finanziert. F\u00fcr die \u00fcbrigen Kosten soll die Entsendeorganisation (also <a href=\"https:\/\/www.donboscomission.de\/don-bosco\/\">Don Bosco<\/a> Volunteers) aufkommen. Da das auf Dauer f\u00fcr die Organisation aber nicht tragbar w\u00e4re, m\u00f6chte ich die Organisation \u00fcber einen Spenderkreis unterst\u00fctzen. Auf diese Spenden habe [&hellip;]<\/p>\n","protected":false},"author":21547,"featured_media":0,"parent":0,"menu_order":0,"comment_status":"closed","ping_status":"closed","template":"","meta":{"footnotes":""},"class_list":["post-30","page","type-page","status-publish","hentry"],"yoast_head":"<!-- This site is optimized with the Yoast SEO plugin v25.3.1 - https:\/\/yoast.com\/wordpress\/plugins\/seo\/ -->\n<title>Spenden - Charlotte in India<\/title>\n<meta name=\"robots\" content=\"index, follow, max-snippet:-1, max-image-preview:large, max-video-preview:-1\" \/>\n<link rel=\"canonical\" href=\"https:\/\/blogs.donboscovolunteers.de\/charlotteinindia\/spenden\/\" \/>\n<meta property=\"og:locale\" content=\"de_DE\" \/>\n<meta property=\"og:type\" content=\"article\" \/>\n<meta property=\"og:title\" content=\"Spenden - Charlotte in India\" \/>\n<meta property=\"og:description\" content=\"Mein Freiwilligendienst wird teilweise (bis zu 75%) durch das Programm \u201eweltw\u00e4rts\u201c des Bundesministeriums f\u00fcr wirtschaftliche Zusammenarbeit und Entwicklung (BMZ) finanziert. F\u00fcr die \u00fcbrigen Kosten soll die Entsendeorganisation (also Don Bosco Volunteers) aufkommen. Da das auf Dauer f\u00fcr die Organisation aber nicht tragbar w\u00e4re, m\u00f6chte ich die Organisation \u00fcber einen Spenderkreis unterst\u00fctzen. Auf diese Spenden habe [&hellip;]\" \/>\n<meta property=\"og:url\" content=\"https:\/\/blogs.donboscovolunteers.de\/charlotteinindia\/spenden\/\" \/>\n<meta property=\"og:site_name\" content=\"Charlotte in India\" \/>\n<meta property=\"article:modified_time\" content=\"2017-09-12T09:19:55+00:00\" \/>\n<meta name=\"twitter:card\" content=\"summary_large_image\" \/>\n<meta name=\"twitter:label1\" content=\"Gesch\u00e4tzte Lesezeit\" \/>\n\t<meta name=\"twitter:data1\" content=\"1\u00a0Minute\" \/>\n<script type=\"application\/ld+json\" class=\"yoast-schema-graph\">{\"@context\":\"https:\/\/schema.org\",\"@graph\":[{\"@type\":\"WebPage\",\"@id\":\"https:\/\/blogs.donboscovolunteers.de\/charlotteinindia\/spenden\/\",\"url\":\"https:\/\/blogs.donboscovolunteers.de\/charlotteinindia\/spenden\/\",\"name\":\"Spenden - Charlotte in India\",\"isPartOf\":{\"@id\":\"https:\/\/blogs.donboscovolunteers.de\/charlotteinindia\/#website\"},\"datePublished\":\"2017-08-27T16:19:48+00:00\",\"dateModified\":\"2017-09-12T09:19:55+00:00\",\"breadcrumb\":{\"@id\":\"https:\/\/blogs.donboscovolunteers.de\/charlotteinindia\/spenden\/#breadcrumb\"},\"inLanguage\":\"de\",\"potentialAction\":[{\"@type\":\"ReadAction\",\"target\":[\"https:\/\/blogs.donboscovolunteers.de\/charlotteinindia\/spenden\/\"]}]},{\"@type\":\"BreadcrumbList\",\"@id\":\"https:\/\/blogs.donboscovolunteers.de\/charlotteinindia\/spenden\/#breadcrumb\",\"itemListElement\":[{\"@type\":\"ListItem\",\"position\":1,\"name\":\"Startseite\",\"item\":\"https:\/\/blogs.donboscovolunteers.de\/charlotteinindia\/\"},{\"@type\":\"ListItem\",\"position\":2,\"name\":\"Spenden\"}]},{\"@type\":\"WebSite\",\"@id\":\"https:\/\/blogs.donboscovolunteers.de\/charlotteinindia\/#website\",\"url\":\"https:\/\/blogs.donboscovolunteers.de\/charlotteinindia\/\",\"name\":\"Charlotte in India\",\"description\":\"Weit, weit weg wird zu ganz, ganz nah\",\"potentialAction\":[{\"@type\":\"SearchAction\",\"target\":{\"@type\":\"EntryPoint\",\"urlTemplate\":\"https:\/\/blogs.donboscovolunteers.de\/charlotteinindia\/?s={search_term_string}\"},\"query-input\":{\"@type\":\"PropertyValueSpecification\",\"valueRequired\":true,\"valueName\":\"search_term_string\"}}],\"inLanguage\":\"de\"}]}<\/script>\n<!-- \/ Yoast SEO plugin. -->","yoast_head_json":{"title":"Spenden - Charlotte in India","robots":{"index":"index","follow":"follow","max-snippet":"max-snippet:-1","max-image-preview":"max-image-preview:large","max-video-preview":"max-video-preview:-1"},"canonical":"https:\/\/blogs.donboscovolunteers.de\/charlotteinindia\/spenden\/","og_locale":"de_DE","og_type":"article","og_title":"Spenden - Charlotte in India","og_description":"Mein Freiwilligendienst wird teilweise (bis zu 75%) durch das Programm \u201eweltw\u00e4rts\u201c des Bundesministeriums f\u00fcr wirtschaftliche Zusammenarbeit und Entwicklung (BMZ) finanziert. F\u00fcr die \u00fcbrigen Kosten soll die Entsendeorganisation (also Don Bosco Volunteers) aufkommen. Da das auf Dauer f\u00fcr die Organisation aber nicht tragbar w\u00e4re, m\u00f6chte ich die Organisation \u00fcber einen Spenderkreis unterst\u00fctzen. Auf diese Spenden habe [&hellip;]","og_url":"https:\/\/blogs.donboscovolunteers.de\/charlotteinindia\/spenden\/","og_site_name":"Charlotte in India","article_modified_time":"2017-09-12T09:19:55+00:00","twitter_card":"summary_large_image","twitter_misc":{"Gesch\u00e4tzte Lesezeit":"1\u00a0Minute"},"schema":{"@context":"https:\/\/schema.org","@graph":[{"@type":"WebPage","@id":"https:\/\/blogs.donboscovolunteers.de\/charlotteinindia\/spenden\/","url":"https:\/\/blogs.donboscovolunteers.de\/charlotteinindia\/spenden\/","name":"Spenden - Charlotte in India","isPartOf":{"@id":"https:\/\/blogs.donboscovolunteers.de\/charlotteinindia\/#website"},"datePublished":"2017-08-27T16:19:48+00:00","dateModified":"2017-09-12T09:19:55+00:00","breadcrumb":{"@id":"https:\/\/blogs.donboscovolunteers.de\/charlotteinindia\/spenden\/#breadcrumb"},"inLanguage":"de","potentialAction":[{"@type":"ReadAction","target":["https:\/\/blogs.donboscovolunteers.de\/charlotteinindia\/spenden\/"]}]},{"@type":"BreadcrumbList","@id":"https:\/\/blogs.donboscovolunteers.de\/charlotteinindia\/spenden\/#breadcrumb","itemListElement":[{"@type":"ListItem","position":1,"name":"Startseite","item":"https:\/\/blogs.donboscovolunteers.de\/charlotteinindia\/"},{"@type":"ListItem","position":2,"name":"Spenden"}]},{"@type":"WebSite","@id":"https:\/\/blogs.donboscovolunteers.de\/charlotteinindia\/#website","url":"https:\/\/blogs.donboscovolunteers.de\/charlotteinindia\/","name":"Charlotte in India","description":"Weit, weit weg wird zu ganz, ganz nah","potentialAction":[{"@type":"SearchAction","target":{"@type":"EntryPoint","urlTemplate":"https:\/\/blogs.donboscovolunteers.de\/charlotteinindia\/?s={search_term_string}"},"query-input":{"@type":"PropertyValueSpecification","valueRequired":true,"valueName":"search_term_string"}}],"inLanguage":"de"}]}},"_links":{"self":[{"href":"https:\/\/blogs.donboscovolunteers.de\/charlotteinindia\/wp-json\/wp\/v2\/pages\/30","targetHints":{"allow":["GET"]}}],"collection":[{"href":"https:\/\/blogs.donboscovolunteers.de\/charlotteinindia\/wp-json\/wp\/v2\/pages"}],"about":[{"href":"https:\/\/blogs.donboscovolunteers.de\/charlotteinindia\/wp-json\/wp\/v2\/types\/page"}],"author":[{"embeddable":true,"href":"https:\/\/blogs.donboscovolunteers.de\/charlotteinindia\/wp-json\/wp\/v2\/users\/21547"}],"replies":[{"embeddable":true,"href":"https:\/\/blogs.donboscovolunteers.de\/charlotteinindia\/wp-json\/wp\/v2\/comments?post=30"}],"version-history":[{"count":9,"href":"https:\/\/blogs.donboscovolunteers.de\/charlotteinindia\/wp-json\/wp\/v2\/pages\/30\/revisions"}],"predecessor-version":[{"id":65,"href":"https:\/\/blogs.donboscovolunteers.de\/charlotteinindia\/wp-json\/wp\/v2\/pages\/30\/revisions\/65"}],"wp:attachment":[{"href":"https:\/\/blogs.donboscovolunteers.de\/charlotteinindia\/wp-json\/wp\/v2\/media?parent=30"}],"curies":[{"name":"wp","href":"https:\/\/api.w.org\/{rel}","templated":true}]}}