{"id":145,"date":"2018-01-10T07:50:30","date_gmt":"2018-01-10T06:50:30","guid":{"rendered":"https:\/\/blogs.donboscovolunteers.de\/charlotteinindia\/?page_id=145"},"modified":"2018-01-10T07:50:30","modified_gmt":"2018-01-10T06:50:30","slug":"das-projekt","status":"publish","type":"page","link":"https:\/\/blogs.donboscovolunteers.de\/charlotteinindia\/das-projekt\/","title":{"rendered":"Das Projekt"},"content":{"rendered":"<p>Die Abk\u00fcrzung VEMBU steht f\u00fcr Vilathikulam Empowering Movement for Building the Underprivileged. VEMBU ist einzigartig in Tamil Nadu (dem Bundesstaat, in dem sich Vilathikulam befindet), da es sich nicht, wie die meisten anderen Don-Bosco-Projekte eine \u201eAufgabe\u201c zu eigen gemacht hat (wie zum Beispiel sich auf eine spezielle Gruppe Kinder zu konzentrieren (z.B. Heimatlose oder HIV-infizierte) und diese in einer Einrichtung aufzunehmen), sondern viele einzelne Projekte und Aufgaben ins Leben gerufen hat und am Leben erh\u00e4lt, die auf die soziale Integration von v.a. Kindern, Jugendlichen und Frauen aus der hiesigen l\u00e4ndlichen Region hinarbeiten.<br \/>\nTeil von VEMBU sind 40 \u201enight-schools\u201c in verschiedenen Orten: Hauptziel ist es, dort f\u00fcr Kinder einen Platz zum Hausaufgaben machen und Lernen zu schaffen, sie werden dabei unterst\u00fctzt durch anwesende Lehrkr\u00e4fte. Hier finden allerdings ebenfalls die Children-Parliaments statt: Die Kinder w\u00e4hlen innerhalb einer Gruppe selbst Vorst\u00e4nde, diskutieren \u00fcber Probleme in ihrem Ort\/in ihrer Stadt (banales Beispiel: eine kaputte Stra\u00dfenlaterne) und melden das dem tats\u00e4chlichen Vorstand des Ortes\/der Stadt. Die Anfragen der Kinder m\u00fcssen beachtet werden. So werden Kinder zur Mitverantwortung erzogen. Zudem k\u00f6nnen die Kinder ihr Erspartes den Lehrkr\u00e4ften anvertrauen, die dar\u00fcber Buch f\u00fchren und alles am Ende des Jahres wieder auszahlen (Savings-Club). Zuletzt geh\u00f6rt noch der Eco-Club zu den night-schools: unter der Leitung eines Mitarbeiters werden die Kinder in Sachen Umwelt und Umweltverschmutzung aufgekl\u00e4rt, es werden auch Projekte wie Baumpflanzungen durchgef\u00fchrt. Nicht in allen night-schools gibt es Children-Parliament, Savings-Club und Eco-Club.<br \/>\nEin weiterer Zweig VEMBUs sind die Selbsthilfegruppen f\u00fcr Frauen: Damit Frauen ihre eigene Existenz aufbauen und nachhaltig erhalten k\u00f6nnen, leiht VEMBU ihnen Geld, was sie dann nach und nach zur\u00fcckzahlen.<br \/>\nVEMBU beinhaltet au\u00dferdem die sogenannte \u201estitching-class\u201c und \u201etyping-class\u201c. Hier kommen t\u00e4glich (beinahe ausschlie\u00dflich) Frauen zusammen, um N\u00e4hen und das Schreiben an der Schreibmaschine zu lernen. Nat\u00fcrlich muss auch die \u201ePress\u201c hier Erw\u00e4hnung finden: hier arbeiten meist drei bis vier M\u00e4nner und eine Frau. Es handelt sich um eine Art Buchpresse: Die Mitarbeiter stellen hier Schulhefte oder auch Kalender her.<br \/>\nVEMBU setzt sich au\u00dferdem ganz stark f\u00fcr Jugendliche ein: Vormittags findet hier in VEMBU Unterricht f\u00fcr die \u201edropouts\u201c statt: \u201edropouts\u201c brechen aus allen m\u00f6glichen Gr\u00fcnden die Schule ab, bzw. schaffen es nicht durch die Pr\u00fcfungen. Das Ziel des Unterrichts ist es, diese Jugendlichen fit f\u00fcr die Pr\u00fcfungen zu machen. Bestandene Pr\u00fcfungen sind f\u00fcr die Zukunftsaussichten der Jugendlichen (Jobfindung) sehr wichtig. Zudem tagt die Youth-Group einmal monatlich: Jugendliche im Collegealter planen Projekte (wie <a href=\"https:\/\/blogs.donboscovolunteers.de\/charlotteinindia\/author\/l0tti\/\">Kaalai Iravu<\/a>\u00a0oder auch Aufr\u00e4umaktionen im Sinne der Umwelt) und f\u00fchren diese durch.<br \/>\nNat\u00fcrlich w\u00e4re unser Hauptprojekt das Hostel hier, wo Jungen aus D\u00f6rfern oder l\u00e4ndlichen Regionen unter der Woche leben, da es bei ihnen in der Gegend keine Schule gibt und der t\u00e4gliche Weg zur n\u00e4chsten Schule zu weit w\u00e4re. Aufgrund neuer Bestimmungen, was Sanit\u00e4ranlagen etc. angeht, die f\u00fcr die Jungs zur Verf\u00fcgung stehen m\u00fcssen und die VEMBU zu dem Zeitpunkt des Inkrafttretens der Bestimmungen nicht erf\u00fcllen konnte, gibt es das Hostel momentan nicht. Die Fathers sind da aber dran und wollen so bald wie m\u00f6glich wieder mit ein paar Jungs anfangen, bevor im Juni wieder dann der volle Betrieb aufgenommen werden soll.<br \/>\nVerwirklichen m\u00f6chte VEMBU also \u2013 ganz grob umrissen \u2013 eine bessere soziale und \u00f6konomische Einbindung von Frauen in die Gesellschaft (Selbsthifegruppen der Frauen), eine Erziehung der Kinder und Jugendlichen zu Eigen-, Mitverantwortung und aktive Teilnahme in der Gesellschaft (Eco-Club, Children-Parliaments, \u2026) und die Erhaltung der hiesigen Traditionen und Kultur (Programme wie Kaalai Iravu).<\/p>\n","protected":false},"excerpt":{"rendered":"<p>Die Abk\u00fcrzung VEMBU steht f\u00fcr Vilathikulam Empowering Movement for Building the Underprivileged. VEMBU ist einzigartig in Tamil Nadu (dem Bundesstaat, in dem sich Vilathikulam befindet), da es sich nicht, wie die meisten anderen Don-Bosco-Projekte eine \u201eAufgabe\u201c zu eigen gemacht hat (wie zum Beispiel sich auf eine spezielle Gruppe Kinder zu konzentrieren (z.B. Heimatlose oder HIV-infizierte) [&hellip;]<\/p>\n","protected":false},"author":21547,"featured_media":0,"parent":0,"menu_order":0,"comment_status":"closed","ping_status":"closed","template":"","meta":{"footnotes":""},"class_list":["post-145","page","type-page","status-publish","hentry"],"yoast_head":"<!-- This site is optimized with the Yoast SEO plugin v25.3.1 - https:\/\/yoast.com\/wordpress\/plugins\/seo\/ -->\n<title>Das Projekt - Charlotte in India<\/title>\n<meta name=\"robots\" content=\"index, follow, max-snippet:-1, max-image-preview:large, max-video-preview:-1\" \/>\n<link rel=\"canonical\" href=\"https:\/\/blogs.donboscovolunteers.de\/charlotteinindia\/das-projekt\/\" \/>\n<meta property=\"og:locale\" content=\"de_DE\" \/>\n<meta property=\"og:type\" content=\"article\" \/>\n<meta property=\"og:title\" content=\"Das Projekt - Charlotte in India\" \/>\n<meta property=\"og:description\" content=\"Die Abk\u00fcrzung VEMBU steht f\u00fcr Vilathikulam Empowering Movement for Building the Underprivileged. VEMBU ist einzigartig in Tamil Nadu (dem Bundesstaat, in dem sich Vilathikulam befindet), da es sich nicht, wie die meisten anderen Don-Bosco-Projekte eine \u201eAufgabe\u201c zu eigen gemacht hat (wie zum Beispiel sich auf eine spezielle Gruppe Kinder zu konzentrieren (z.B. Heimatlose oder HIV-infizierte) [&hellip;]\" \/>\n<meta property=\"og:url\" content=\"https:\/\/blogs.donboscovolunteers.de\/charlotteinindia\/das-projekt\/\" \/>\n<meta property=\"og:site_name\" content=\"Charlotte in India\" \/>\n<meta name=\"twitter:card\" content=\"summary_large_image\" \/>\n<meta name=\"twitter:label1\" content=\"Gesch\u00e4tzte Lesezeit\" \/>\n\t<meta name=\"twitter:data1\" content=\"3\u00a0Minuten\" \/>\n<script type=\"application\/ld+json\" class=\"yoast-schema-graph\">{\"@context\":\"https:\/\/schema.org\",\"@graph\":[{\"@type\":\"WebPage\",\"@id\":\"https:\/\/blogs.donboscovolunteers.de\/charlotteinindia\/das-projekt\/\",\"url\":\"https:\/\/blogs.donboscovolunteers.de\/charlotteinindia\/das-projekt\/\",\"name\":\"Das Projekt - Charlotte in India\",\"isPartOf\":{\"@id\":\"https:\/\/blogs.donboscovolunteers.de\/charlotteinindia\/#website\"},\"datePublished\":\"2018-01-10T06:50:30+00:00\",\"breadcrumb\":{\"@id\":\"https:\/\/blogs.donboscovolunteers.de\/charlotteinindia\/das-projekt\/#breadcrumb\"},\"inLanguage\":\"de\",\"potentialAction\":[{\"@type\":\"ReadAction\",\"target\":[\"https:\/\/blogs.donboscovolunteers.de\/charlotteinindia\/das-projekt\/\"]}]},{\"@type\":\"BreadcrumbList\",\"@id\":\"https:\/\/blogs.donboscovolunteers.de\/charlotteinindia\/das-projekt\/#breadcrumb\",\"itemListElement\":[{\"@type\":\"ListItem\",\"position\":1,\"name\":\"Startseite\",\"item\":\"https:\/\/blogs.donboscovolunteers.de\/charlotteinindia\/\"},{\"@type\":\"ListItem\",\"position\":2,\"name\":\"Das Projekt\"}]},{\"@type\":\"WebSite\",\"@id\":\"https:\/\/blogs.donboscovolunteers.de\/charlotteinindia\/#website\",\"url\":\"https:\/\/blogs.donboscovolunteers.de\/charlotteinindia\/\",\"name\":\"Charlotte in India\",\"description\":\"Weit, weit weg wird zu ganz, ganz nah\",\"potentialAction\":[{\"@type\":\"SearchAction\",\"target\":{\"@type\":\"EntryPoint\",\"urlTemplate\":\"https:\/\/blogs.donboscovolunteers.de\/charlotteinindia\/?s={search_term_string}\"},\"query-input\":{\"@type\":\"PropertyValueSpecification\",\"valueRequired\":true,\"valueName\":\"search_term_string\"}}],\"inLanguage\":\"de\"}]}<\/script>\n<!-- \/ Yoast SEO plugin. -->","yoast_head_json":{"title":"Das Projekt - Charlotte in India","robots":{"index":"index","follow":"follow","max-snippet":"max-snippet:-1","max-image-preview":"max-image-preview:large","max-video-preview":"max-video-preview:-1"},"canonical":"https:\/\/blogs.donboscovolunteers.de\/charlotteinindia\/das-projekt\/","og_locale":"de_DE","og_type":"article","og_title":"Das Projekt - Charlotte in India","og_description":"Die Abk\u00fcrzung VEMBU steht f\u00fcr Vilathikulam Empowering Movement for Building the Underprivileged. VEMBU ist einzigartig in Tamil Nadu (dem Bundesstaat, in dem sich Vilathikulam befindet), da es sich nicht, wie die meisten anderen Don-Bosco-Projekte eine \u201eAufgabe\u201c zu eigen gemacht hat (wie zum Beispiel sich auf eine spezielle Gruppe Kinder zu konzentrieren (z.B. Heimatlose oder HIV-infizierte) [&hellip;]","og_url":"https:\/\/blogs.donboscovolunteers.de\/charlotteinindia\/das-projekt\/","og_site_name":"Charlotte in India","twitter_card":"summary_large_image","twitter_misc":{"Gesch\u00e4tzte Lesezeit":"3\u00a0Minuten"},"schema":{"@context":"https:\/\/schema.org","@graph":[{"@type":"WebPage","@id":"https:\/\/blogs.donboscovolunteers.de\/charlotteinindia\/das-projekt\/","url":"https:\/\/blogs.donboscovolunteers.de\/charlotteinindia\/das-projekt\/","name":"Das Projekt - Charlotte in India","isPartOf":{"@id":"https:\/\/blogs.donboscovolunteers.de\/charlotteinindia\/#website"},"datePublished":"2018-01-10T06:50:30+00:00","breadcrumb":{"@id":"https:\/\/blogs.donboscovolunteers.de\/charlotteinindia\/das-projekt\/#breadcrumb"},"inLanguage":"de","potentialAction":[{"@type":"ReadAction","target":["https:\/\/blogs.donboscovolunteers.de\/charlotteinindia\/das-projekt\/"]}]},{"@type":"BreadcrumbList","@id":"https:\/\/blogs.donboscovolunteers.de\/charlotteinindia\/das-projekt\/#breadcrumb","itemListElement":[{"@type":"ListItem","position":1,"name":"Startseite","item":"https:\/\/blogs.donboscovolunteers.de\/charlotteinindia\/"},{"@type":"ListItem","position":2,"name":"Das Projekt"}]},{"@type":"WebSite","@id":"https:\/\/blogs.donboscovolunteers.de\/charlotteinindia\/#website","url":"https:\/\/blogs.donboscovolunteers.de\/charlotteinindia\/","name":"Charlotte in India","description":"Weit, weit weg wird zu ganz, ganz nah","potentialAction":[{"@type":"SearchAction","target":{"@type":"EntryPoint","urlTemplate":"https:\/\/blogs.donboscovolunteers.de\/charlotteinindia\/?s={search_term_string}"},"query-input":{"@type":"PropertyValueSpecification","valueRequired":true,"valueName":"search_term_string"}}],"inLanguage":"de"}]}},"_links":{"self":[{"href":"https:\/\/blogs.donboscovolunteers.de\/charlotteinindia\/wp-json\/wp\/v2\/pages\/145","targetHints":{"allow":["GET"]}}],"collection":[{"href":"https:\/\/blogs.donboscovolunteers.de\/charlotteinindia\/wp-json\/wp\/v2\/pages"}],"about":[{"href":"https:\/\/blogs.donboscovolunteers.de\/charlotteinindia\/wp-json\/wp\/v2\/types\/page"}],"author":[{"embeddable":true,"href":"https:\/\/blogs.donboscovolunteers.de\/charlotteinindia\/wp-json\/wp\/v2\/users\/21547"}],"replies":[{"embeddable":true,"href":"https:\/\/blogs.donboscovolunteers.de\/charlotteinindia\/wp-json\/wp\/v2\/comments?post=145"}],"version-history":[{"count":1,"href":"https:\/\/blogs.donboscovolunteers.de\/charlotteinindia\/wp-json\/wp\/v2\/pages\/145\/revisions"}],"predecessor-version":[{"id":146,"href":"https:\/\/blogs.donboscovolunteers.de\/charlotteinindia\/wp-json\/wp\/v2\/pages\/145\/revisions\/146"}],"wp:attachment":[{"href":"https:\/\/blogs.donboscovolunteers.de\/charlotteinindia\/wp-json\/wp\/v2\/media?parent=145"}],"curies":[{"name":"wp","href":"https:\/\/api.w.org\/{rel}","templated":true}]}}