{"id":75,"date":"2023-01-14T01:31:02","date_gmt":"2023-01-14T00:31:02","guid":{"rendered":"https:\/\/blogs.donboscovolunteers.de\/carinacolombia\/?page_id=75"},"modified":"2023-01-14T02:34:52","modified_gmt":"2023-01-14T01:34:52","slug":"ueber-mich","status":"publish","type":"page","link":"https:\/\/blogs.donboscovolunteers.de\/carinacolombia\/ueber-mich\/","title":{"rendered":"-\u00dcber mich-"},"content":{"rendered":"<p class=\"has-background\" style=\"background-color:#a1845a66\">Hallo zusammen und !Bienvenidos! in meinem Blog<\/p>\n\n\n\n<p>Ich bin Carina K\u00f6nen, 18 Jahre alt und habe am <a href=\"https:\/\/www.donboscomission.de\/don-bosco\/\">Don Bosco<\/a> Gymnasium in Essen 2022 mein Abi gemacht. Mit Don Bosco Volunteers bin ich jetzt schon seit September \u00b422 in Kolumbien, um genauer zu sein, in der Stadt Medell\u00edn, unterwegs. <\/p>\n\n\n\n<p>Einen gro\u00dfen Teil meiner Freizeit f\u00fcllen der Sport und die Kunst. Ich spiele in Kolumbien, sowie in Deutschland Basketball. Au\u00dferdem Male ich gerne, hier vor allem mit den Kindern, was meistens in bemalten Gesichtern und buntem Chaos endet, bei dem aber alle immer viel Spa\u00df haben. <\/p>\n\n\n\n<div class=\"wp-block-media-text alignwide is-stacked-on-mobile\" style=\"grid-template-columns:47% auto\"><figure class=\"wp-block-media-text__media\"><img loading=\"lazy\" decoding=\"async\" width=\"290\" height=\"192\" src=\"https:\/\/blogs.donboscovolunteers.de\/carinacolombia\/wp-content\/uploads\/sites\/21667\/2023\/01\/Bild-Novena.jpg\" alt=\"\" class=\"wp-image-76 size-full\" \/><\/figure><div class=\"wp-block-media-text__content\">\n<p>Hier in meinem zweiten Zuhause arbeite ich ein Jahr lang mit sozial benachteiligten Kindern und Jugendlichen zusammen, die hier in einem Don Bosco Internat leben. Von ihnen durfte ich schon viel lernen und ich freue mich auf Alles, was noch kommt. <\/p>\n\n\n\n<p>Vielen Dank, dass du ein Teil meiner Reise bist! Wenn du Fragen zu meiner Auslandsaufenthalt hast, freue ich mich \u00fcber eine Nachricht per Instagram @carina.isb \ud83d\ude42<\/p>\n<\/div><\/div>","protected":false},"excerpt":{"rendered":"<p>Hallo zusammen und !Bienvenidos! in meinem Blog Ich bin Carina K\u00f6nen, 18 Jahre alt und habe am <a href=\"https:\/\/www.donboscomission.de\/don-bosco\/\">Don Bosco<\/a> Gymnasium in Essen 2022 mein Abi gemacht. Mit Don Bosco Volunteers bin ich jetzt schon seit September \u00b422 in Kolumbien, um genauer zu sein, in der Stadt Medell\u00edn, unterwegs. Einen gro\u00dfen Teil meiner Freizeit f\u00fcllen der [&hellip;]<\/p>\n","protected":false},"author":21761,"featured_media":0,"parent":0,"menu_order":0,"comment_status":"closed","ping_status":"closed","template":"","meta":{"footnotes":""},"class_list":["post-75","page","type-page","status-publish","hentry"],"yoast_head":"<!-- This site is optimized with the Yoast SEO plugin v25.3.1 - https:\/\/yoast.com\/wordpress\/plugins\/seo\/ -->\n<title>-\u00dcber mich- el baile en colombia<\/title>\n<meta name=\"robots\" content=\"index, follow, max-snippet:-1, max-image-preview:large, max-video-preview:-1\" \/>\n<link rel=\"canonical\" href=\"https:\/\/blogs.donboscovolunteers.de\/carinacolombia\/ueber-mich\/\" \/>\n<meta property=\"og:locale\" content=\"de_DE\" \/>\n<meta property=\"og:type\" content=\"article\" \/>\n<meta property=\"og:title\" content=\"-\u00dcber mich- el baile en colombia\" \/>\n<meta property=\"og:description\" content=\"Hallo zusammen und !Bienvenidos! in meinem Blog Ich bin Carina K\u00f6nen, 18 Jahre alt und habe am Don Bosco Gymnasium in Essen 2022 mein Abi gemacht. Mit Don Bosco Volunteers bin ich jetzt schon seit September \u00b422 in Kolumbien, um genauer zu sein, in der Stadt Medell\u00edn, unterwegs. Einen gro\u00dfen Teil meiner Freizeit f\u00fcllen der [&hellip;]\" \/>\n<meta property=\"og:url\" content=\"https:\/\/blogs.donboscovolunteers.de\/carinacolombia\/ueber-mich\/\" \/>\n<meta property=\"og:site_name\" content=\"el baile en colombia\" \/>\n<meta property=\"article:modified_time\" content=\"2023-01-14T01:34:52+00:00\" \/>\n<meta property=\"og:image\" content=\"https:\/\/blogs.donboscovolunteers.de\/carinacolombia\/wp-content\/uploads\/sites\/21667\/2023\/01\/Bild-Novena.jpg\" \/>\n<meta name=\"twitter:card\" content=\"summary_large_image\" \/>\n<meta name=\"twitter:label1\" content=\"Gesch\u00e4tzte Lesezeit\" \/>\n\t<meta name=\"twitter:data1\" content=\"2\u00a0Minuten\" \/>\n<script type=\"application\/ld+json\" class=\"yoast-schema-graph\">{\"@context\":\"https:\/\/schema.org\",\"@graph\":[{\"@type\":\"WebPage\",\"@id\":\"https:\/\/blogs.donboscovolunteers.de\/carinacolombia\/ueber-mich\/\",\"url\":\"https:\/\/blogs.donboscovolunteers.de\/carinacolombia\/ueber-mich\/\",\"name\":\"-\u00dcber mich- el baile en colombia\",\"isPartOf\":{\"@id\":\"https:\/\/blogs.donboscovolunteers.de\/carinacolombia\/#website\"},\"primaryImageOfPage\":{\"@id\":\"https:\/\/blogs.donboscovolunteers.de\/carinacolombia\/ueber-mich\/#primaryimage\"},\"image\":{\"@id\":\"https:\/\/blogs.donboscovolunteers.de\/carinacolombia\/ueber-mich\/#primaryimage\"},\"thumbnailUrl\":\"https:\/\/blogs.donboscovolunteers.de\/carinacolombia\/wp-content\/uploads\/sites\/21667\/2023\/01\/Bild-Novena.jpg\",\"datePublished\":\"2023-01-14T00:31:02+00:00\",\"dateModified\":\"2023-01-14T01:34:52+00:00\",\"breadcrumb\":{\"@id\":\"https:\/\/blogs.donboscovolunteers.de\/carinacolombia\/ueber-mich\/#breadcrumb\"},\"inLanguage\":\"de\",\"potentialAction\":[{\"@type\":\"ReadAction\",\"target\":[\"https:\/\/blogs.donboscovolunteers.de\/carinacolombia\/ueber-mich\/\"]}]},{\"@type\":\"ImageObject\",\"inLanguage\":\"de\",\"@id\":\"https:\/\/blogs.donboscovolunteers.de\/carinacolombia\/ueber-mich\/#primaryimage\",\"url\":\"https:\/\/blogs.donboscovolunteers.de\/carinacolombia\/wp-content\/uploads\/sites\/21667\/2023\/01\/Bild-Novena.jpg\",\"contentUrl\":\"https:\/\/blogs.donboscovolunteers.de\/carinacolombia\/wp-content\/uploads\/sites\/21667\/2023\/01\/Bild-Novena.jpg\",\"width\":290,\"height\":192},{\"@type\":\"BreadcrumbList\",\"@id\":\"https:\/\/blogs.donboscovolunteers.de\/carinacolombia\/ueber-mich\/#breadcrumb\",\"itemListElement\":[{\"@type\":\"ListItem\",\"position\":1,\"name\":\"Homepage\",\"item\":\"https:\/\/blogs.donboscovolunteers.de\/carinacolombia\/\"},{\"@type\":\"ListItem\",\"position\":2,\"name\":\"-\u00dcber mich-\"}]},{\"@type\":\"WebSite\",\"@id\":\"https:\/\/blogs.donboscovolunteers.de\/carinacolombia\/#website\",\"url\":\"https:\/\/blogs.donboscovolunteers.de\/carinacolombia\/\",\"name\":\"el baile en colombia\",\"description\":\"ein Einblick in meine kleine gro\u00dfe Welt\",\"potentialAction\":[{\"@type\":\"SearchAction\",\"target\":{\"@type\":\"EntryPoint\",\"urlTemplate\":\"https:\/\/blogs.donboscovolunteers.de\/carinacolombia\/?s={search_term_string}\"},\"query-input\":{\"@type\":\"PropertyValueSpecification\",\"valueRequired\":true,\"valueName\":\"search_term_string\"}}],\"inLanguage\":\"de\"}]}<\/script>\n<!-- \/ Yoast SEO plugin. -->","yoast_head_json":{"title":"-\u00dcber mich- el baile en colombia","robots":{"index":"index","follow":"follow","max-snippet":"max-snippet:-1","max-image-preview":"max-image-preview:large","max-video-preview":"max-video-preview:-1"},"canonical":"https:\/\/blogs.donboscovolunteers.de\/carinacolombia\/ueber-mich\/","og_locale":"de_DE","og_type":"article","og_title":"-\u00dcber mich- el baile en colombia","og_description":"Hallo zusammen und !Bienvenidos! in meinem Blog Ich bin Carina K\u00f6nen, 18 Jahre alt und habe am Don Bosco Gymnasium in Essen 2022 mein Abi gemacht. Mit Don Bosco Volunteers bin ich jetzt schon seit September \u00b422 in Kolumbien, um genauer zu sein, in der Stadt Medell\u00edn, unterwegs. Einen gro\u00dfen Teil meiner Freizeit f\u00fcllen der [&hellip;]","og_url":"https:\/\/blogs.donboscovolunteers.de\/carinacolombia\/ueber-mich\/","og_site_name":"el baile en colombia","article_modified_time":"2023-01-14T01:34:52+00:00","og_image":[{"url":"https:\/\/blogs.donboscovolunteers.de\/carinacolombia\/wp-content\/uploads\/sites\/21667\/2023\/01\/Bild-Novena.jpg","type":"","width":"","height":""}],"twitter_card":"summary_large_image","twitter_misc":{"Gesch\u00e4tzte Lesezeit":"2\u00a0Minuten"},"schema":{"@context":"https:\/\/schema.org","@graph":[{"@type":"WebPage","@id":"https:\/\/blogs.donboscovolunteers.de\/carinacolombia\/ueber-mich\/","url":"https:\/\/blogs.donboscovolunteers.de\/carinacolombia\/ueber-mich\/","name":"-\u00dcber mich- el baile en colombia","isPartOf":{"@id":"https:\/\/blogs.donboscovolunteers.de\/carinacolombia\/#website"},"primaryImageOfPage":{"@id":"https:\/\/blogs.donboscovolunteers.de\/carinacolombia\/ueber-mich\/#primaryimage"},"image":{"@id":"https:\/\/blogs.donboscovolunteers.de\/carinacolombia\/ueber-mich\/#primaryimage"},"thumbnailUrl":"https:\/\/blogs.donboscovolunteers.de\/carinacolombia\/wp-content\/uploads\/sites\/21667\/2023\/01\/Bild-Novena.jpg","datePublished":"2023-01-14T00:31:02+00:00","dateModified":"2023-01-14T01:34:52+00:00","breadcrumb":{"@id":"https:\/\/blogs.donboscovolunteers.de\/carinacolombia\/ueber-mich\/#breadcrumb"},"inLanguage":"de","potentialAction":[{"@type":"ReadAction","target":["https:\/\/blogs.donboscovolunteers.de\/carinacolombia\/ueber-mich\/"]}]},{"@type":"ImageObject","inLanguage":"de","@id":"https:\/\/blogs.donboscovolunteers.de\/carinacolombia\/ueber-mich\/#primaryimage","url":"https:\/\/blogs.donboscovolunteers.de\/carinacolombia\/wp-content\/uploads\/sites\/21667\/2023\/01\/Bild-Novena.jpg","contentUrl":"https:\/\/blogs.donboscovolunteers.de\/carinacolombia\/wp-content\/uploads\/sites\/21667\/2023\/01\/Bild-Novena.jpg","width":290,"height":192},{"@type":"BreadcrumbList","@id":"https:\/\/blogs.donboscovolunteers.de\/carinacolombia\/ueber-mich\/#breadcrumb","itemListElement":[{"@type":"ListItem","position":1,"name":"Homepage","item":"https:\/\/blogs.donboscovolunteers.de\/carinacolombia\/"},{"@type":"ListItem","position":2,"name":"-\u00dcber mich-"}]},{"@type":"WebSite","@id":"https:\/\/blogs.donboscovolunteers.de\/carinacolombia\/#website","url":"https:\/\/blogs.donboscovolunteers.de\/carinacolombia\/","name":"el baile en colombia","description":"ein Einblick in meine kleine gro\u00dfe Welt","potentialAction":[{"@type":"SearchAction","target":{"@type":"EntryPoint","urlTemplate":"https:\/\/blogs.donboscovolunteers.de\/carinacolombia\/?s={search_term_string}"},"query-input":{"@type":"PropertyValueSpecification","valueRequired":true,"valueName":"search_term_string"}}],"inLanguage":"de"}]}},"_links":{"self":[{"href":"https:\/\/blogs.donboscovolunteers.de\/carinacolombia\/wp-json\/wp\/v2\/pages\/75","targetHints":{"allow":["GET"]}}],"collection":[{"href":"https:\/\/blogs.donboscovolunteers.de\/carinacolombia\/wp-json\/wp\/v2\/pages"}],"about":[{"href":"https:\/\/blogs.donboscovolunteers.de\/carinacolombia\/wp-json\/wp\/v2\/types\/page"}],"author":[{"embeddable":true,"href":"https:\/\/blogs.donboscovolunteers.de\/carinacolombia\/wp-json\/wp\/v2\/users\/21761"}],"replies":[{"embeddable":true,"href":"https:\/\/blogs.donboscovolunteers.de\/carinacolombia\/wp-json\/wp\/v2\/comments?post=75"}],"version-history":[{"count":3,"href":"https:\/\/blogs.donboscovolunteers.de\/carinacolombia\/wp-json\/wp\/v2\/pages\/75\/revisions"}],"predecessor-version":[{"id":98,"href":"https:\/\/blogs.donboscovolunteers.de\/carinacolombia\/wp-json\/wp\/v2\/pages\/75\/revisions\/98"}],"wp:attachment":[{"href":"https:\/\/blogs.donboscovolunteers.de\/carinacolombia\/wp-json\/wp\/v2\/media?parent=75"}],"curies":[{"name":"wp","href":"https:\/\/api.w.org\/{rel}","templated":true}]}}