{"id":70,"date":"2023-01-14T01:29:45","date_gmt":"2023-01-14T00:29:45","guid":{"rendered":"https:\/\/blogs.donboscovolunteers.de\/carinacolombia\/?page_id=70"},"modified":"2023-05-15T22:00:59","modified_gmt":"2023-05-15T20:00:59","slug":"startseite","status":"publish","type":"page","link":"https:\/\/blogs.donboscovolunteers.de\/carinacolombia\/startseite\/","title":{"rendered":"-Startseite-"},"content":{"rendered":"<p class=\"has-text-align-left has-background\" style=\"background-color:#d8d8d8;font-size:25px\"><strong><a href=\"https:\/\/blogs.donboscovolunteers.de\/carinacolombia\/2023\/05\/14\/amanada-zuhause-an-einem-fremden-ort\/\">Blog 14.05.2023: ,,AMA\u00d1ADA&#8230;ZUHAUSE AN EINEM FREMDEN ORT&#8220;<\/a><\/strong><\/p>\n\n\n\n<p>Wo ist die Zeit nur hin? Als w\u00fcrde sie von einem Jaguar gejagt, hechtet sie nur so \u00fcber die Tage, Wochen und Monate hinweg.<\/p>\n\n\n\n<h2 class=\"wp-block-heading has-background\" style=\"background-color:#d8d8d8\"><a href=\"https:\/\/blogs.donboscovolunteers.de\/carinacolombia\/2023\/01\/14\/wir-schreiben-geschichte\/\">Blog 14.01.2023: \u201eWIR SCHREIBEN GESCHICHTE ?\u201c<\/a><\/h2>\n\n\n\n<p>\u201eDas habe ich noch nie gemacht, also geht es sicher gut.\u201c<\/p>\n\n\n\n<h2 class=\"wp-block-heading has-background\" style=\"background-color:#d8d8d8\"><a href=\"https:\/\/blogs.donboscovolunteers.de\/carinacolombia\/2022\/12\/27\/schuesse-oder-feuerwerk\/\">Blog 27.12.2022: SCH\u00dcSSE ODER FEUERWERK?<\/a><\/h2>\n\n\n\n<p>Folgendes Szenario: Ich habe mich grade an den Laptop gesetzt um euch etwas zu updaten, was mein Leben hier in Kolumbien angeht, da ruft mein Mitvolunt\u00e4r Jan&#8230;<\/p>\n\n\n\n<h2 class=\"wp-block-heading has-background\" style=\"background-color:#d8d8d8\"><a href=\"https:\/\/blogs.donboscovolunteers.de\/carinacolombia\/2022\/10\/26\/angekommen-oder\/\">Blog 26.10.2022: ANGEKOMMEN\u2026ODER?<\/a><\/h2>\n\n\n\n<p>Angekommen\u2026 dachte ich, als die Truppe Kolumbianer und ich nach etlichen Kofferstrapazen, die darin endeten, dass mein 2.Koffer eine Woche lang in Madrid Urlaub gemacht hat&#8230;<\/p>\n\n\n\n<h2 class=\"wp-block-heading has-background\" style=\"background-color:#d8d8d8\"><a href=\"https:\/\/blogs.donboscovolunteers.de\/carinacolombia\/2022\/10\/02\/hallo-welt\/\">Blog 02.10.2022: SCH\u00d6NE NEUE WELT<\/a><\/h2>\n\n\n\n<p><em>Reisen bedeutet herauszufinden, dass alle Unrecht haben mit dem, was sie \u00fcber andere L\u00e4nder denken<\/em>&nbsp;(Aldous Huxley)<\/p>","protected":false},"excerpt":{"rendered":"<p>Blog 14.05.2023: ,,AMA\u00d1ADA&#8230;ZUHAUSE AN EINEM FREMDEN ORT&#8220; Wo ist die Zeit nur hin? Als w\u00fcrde sie von einem Jaguar gejagt, hechtet sie nur so \u00fcber die Tage, Wochen und Monate hinweg. Blog 14.01.2023: \u201eWIR SCHREIBEN GESCHICHTE ?\u201c \u201eDas habe ich noch nie gemacht, also geht es sicher gut.\u201c Blog 27.12.2022: SCH\u00dcSSE ODER FEUERWERK? Folgendes Szenario: [&hellip;]<\/p>\n","protected":false},"author":21761,"featured_media":0,"parent":0,"menu_order":0,"comment_status":"closed","ping_status":"closed","template":"","meta":{"footnotes":""},"class_list":["post-70","page","type-page","status-publish","hentry"],"yoast_head":"<!-- This site is optimized with the Yoast SEO plugin v25.3.1 - https:\/\/yoast.com\/wordpress\/plugins\/seo\/ -->\n<title>-Startseite- el baile en colombia<\/title>\n<meta name=\"robots\" content=\"index, follow, max-snippet:-1, max-image-preview:large, max-video-preview:-1\" \/>\n<link rel=\"canonical\" href=\"https:\/\/blogs.donboscovolunteers.de\/carinacolombia\/startseite\/\" \/>\n<meta property=\"og:locale\" content=\"de_DE\" \/>\n<meta property=\"og:type\" content=\"article\" \/>\n<meta property=\"og:title\" content=\"-Startseite- el baile en colombia\" \/>\n<meta property=\"og:description\" content=\"Blog 14.05.2023: ,,AMA\u00d1ADA&#8230;ZUHAUSE AN EINEM FREMDEN ORT&#8220; Wo ist die Zeit nur hin? Als w\u00fcrde sie von einem Jaguar gejagt, hechtet sie nur so \u00fcber die Tage, Wochen und Monate hinweg. Blog 14.01.2023: \u201eWIR SCHREIBEN GESCHICHTE ?\u201c \u201eDas habe ich noch nie gemacht, also geht es sicher gut.\u201c Blog 27.12.2022: SCH\u00dcSSE ODER FEUERWERK? Folgendes Szenario: [&hellip;]\" \/>\n<meta property=\"og:url\" content=\"https:\/\/blogs.donboscovolunteers.de\/carinacolombia\/startseite\/\" \/>\n<meta property=\"og:site_name\" content=\"el baile en colombia\" \/>\n<meta property=\"article:modified_time\" content=\"2023-05-15T20:00:59+00:00\" \/>\n<meta name=\"twitter:card\" content=\"summary_large_image\" \/>\n<meta name=\"twitter:label1\" content=\"Gesch\u00e4tzte Lesezeit\" \/>\n\t<meta name=\"twitter:data1\" content=\"1\u00a0Minute\" \/>\n<script type=\"application\/ld+json\" class=\"yoast-schema-graph\">{\"@context\":\"https:\/\/schema.org\",\"@graph\":[{\"@type\":\"WebPage\",\"@id\":\"https:\/\/blogs.donboscovolunteers.de\/carinacolombia\/startseite\/\",\"url\":\"https:\/\/blogs.donboscovolunteers.de\/carinacolombia\/startseite\/\",\"name\":\"-Startseite- el baile en colombia\",\"isPartOf\":{\"@id\":\"https:\/\/blogs.donboscovolunteers.de\/carinacolombia\/#website\"},\"datePublished\":\"2023-01-14T00:29:45+00:00\",\"dateModified\":\"2023-05-15T20:00:59+00:00\",\"breadcrumb\":{\"@id\":\"https:\/\/blogs.donboscovolunteers.de\/carinacolombia\/startseite\/#breadcrumb\"},\"inLanguage\":\"de\",\"potentialAction\":[{\"@type\":\"ReadAction\",\"target\":[\"https:\/\/blogs.donboscovolunteers.de\/carinacolombia\/startseite\/\"]}]},{\"@type\":\"BreadcrumbList\",\"@id\":\"https:\/\/blogs.donboscovolunteers.de\/carinacolombia\/startseite\/#breadcrumb\",\"itemListElement\":[{\"@type\":\"ListItem\",\"position\":1,\"name\":\"Homepage\",\"item\":\"https:\/\/blogs.donboscovolunteers.de\/carinacolombia\/\"},{\"@type\":\"ListItem\",\"position\":2,\"name\":\"-Startseite-\"}]},{\"@type\":\"WebSite\",\"@id\":\"https:\/\/blogs.donboscovolunteers.de\/carinacolombia\/#website\",\"url\":\"https:\/\/blogs.donboscovolunteers.de\/carinacolombia\/\",\"name\":\"el baile en colombia\",\"description\":\"ein Einblick in meine kleine gro\u00dfe Welt\",\"potentialAction\":[{\"@type\":\"SearchAction\",\"target\":{\"@type\":\"EntryPoint\",\"urlTemplate\":\"https:\/\/blogs.donboscovolunteers.de\/carinacolombia\/?s={search_term_string}\"},\"query-input\":{\"@type\":\"PropertyValueSpecification\",\"valueRequired\":true,\"valueName\":\"search_term_string\"}}],\"inLanguage\":\"de\"}]}<\/script>\n<!-- \/ Yoast SEO plugin. -->","yoast_head_json":{"title":"-Startseite- el baile en colombia","robots":{"index":"index","follow":"follow","max-snippet":"max-snippet:-1","max-image-preview":"max-image-preview:large","max-video-preview":"max-video-preview:-1"},"canonical":"https:\/\/blogs.donboscovolunteers.de\/carinacolombia\/startseite\/","og_locale":"de_DE","og_type":"article","og_title":"-Startseite- el baile en colombia","og_description":"Blog 14.05.2023: ,,AMA\u00d1ADA&#8230;ZUHAUSE AN EINEM FREMDEN ORT&#8220; Wo ist die Zeit nur hin? Als w\u00fcrde sie von einem Jaguar gejagt, hechtet sie nur so \u00fcber die Tage, Wochen und Monate hinweg. Blog 14.01.2023: \u201eWIR SCHREIBEN GESCHICHTE ?\u201c \u201eDas habe ich noch nie gemacht, also geht es sicher gut.\u201c Blog 27.12.2022: SCH\u00dcSSE ODER FEUERWERK? Folgendes Szenario: [&hellip;]","og_url":"https:\/\/blogs.donboscovolunteers.de\/carinacolombia\/startseite\/","og_site_name":"el baile en colombia","article_modified_time":"2023-05-15T20:00:59+00:00","twitter_card":"summary_large_image","twitter_misc":{"Gesch\u00e4tzte Lesezeit":"1\u00a0Minute"},"schema":{"@context":"https:\/\/schema.org","@graph":[{"@type":"WebPage","@id":"https:\/\/blogs.donboscovolunteers.de\/carinacolombia\/startseite\/","url":"https:\/\/blogs.donboscovolunteers.de\/carinacolombia\/startseite\/","name":"-Startseite- el baile en colombia","isPartOf":{"@id":"https:\/\/blogs.donboscovolunteers.de\/carinacolombia\/#website"},"datePublished":"2023-01-14T00:29:45+00:00","dateModified":"2023-05-15T20:00:59+00:00","breadcrumb":{"@id":"https:\/\/blogs.donboscovolunteers.de\/carinacolombia\/startseite\/#breadcrumb"},"inLanguage":"de","potentialAction":[{"@type":"ReadAction","target":["https:\/\/blogs.donboscovolunteers.de\/carinacolombia\/startseite\/"]}]},{"@type":"BreadcrumbList","@id":"https:\/\/blogs.donboscovolunteers.de\/carinacolombia\/startseite\/#breadcrumb","itemListElement":[{"@type":"ListItem","position":1,"name":"Homepage","item":"https:\/\/blogs.donboscovolunteers.de\/carinacolombia\/"},{"@type":"ListItem","position":2,"name":"-Startseite-"}]},{"@type":"WebSite","@id":"https:\/\/blogs.donboscovolunteers.de\/carinacolombia\/#website","url":"https:\/\/blogs.donboscovolunteers.de\/carinacolombia\/","name":"el baile en colombia","description":"ein Einblick in meine kleine gro\u00dfe Welt","potentialAction":[{"@type":"SearchAction","target":{"@type":"EntryPoint","urlTemplate":"https:\/\/blogs.donboscovolunteers.de\/carinacolombia\/?s={search_term_string}"},"query-input":{"@type":"PropertyValueSpecification","valueRequired":true,"valueName":"search_term_string"}}],"inLanguage":"de"}]}},"_links":{"self":[{"href":"https:\/\/blogs.donboscovolunteers.de\/carinacolombia\/wp-json\/wp\/v2\/pages\/70","targetHints":{"allow":["GET"]}}],"collection":[{"href":"https:\/\/blogs.donboscovolunteers.de\/carinacolombia\/wp-json\/wp\/v2\/pages"}],"about":[{"href":"https:\/\/blogs.donboscovolunteers.de\/carinacolombia\/wp-json\/wp\/v2\/types\/page"}],"author":[{"embeddable":true,"href":"https:\/\/blogs.donboscovolunteers.de\/carinacolombia\/wp-json\/wp\/v2\/users\/21761"}],"replies":[{"embeddable":true,"href":"https:\/\/blogs.donboscovolunteers.de\/carinacolombia\/wp-json\/wp\/v2\/comments?post=70"}],"version-history":[{"count":8,"href":"https:\/\/blogs.donboscovolunteers.de\/carinacolombia\/wp-json\/wp\/v2\/pages\/70\/revisions"}],"predecessor-version":[{"id":108,"href":"https:\/\/blogs.donboscovolunteers.de\/carinacolombia\/wp-json\/wp\/v2\/pages\/70\/revisions\/108"}],"wp:attachment":[{"href":"https:\/\/blogs.donboscovolunteers.de\/carinacolombia\/wp-json\/wp\/v2\/media?parent=70"}],"curies":[{"name":"wp","href":"https:\/\/api.w.org\/{rel}","templated":true}]}}