{"id":67,"date":"2022-09-06T14:07:00","date_gmt":"2022-09-06T12:07:00","guid":{"rendered":"https:\/\/blogs.donboscovolunteers.de\/boliviensofia\/?page_id=67"},"modified":"2022-10-24T04:25:41","modified_gmt":"2022-10-24T02:25:41","slug":"blogeintraege","status":"publish","type":"page","link":"https:\/\/blogs.donboscovolunteers.de\/boliviensofia\/blogeintraege\/","title":{"rendered":"Blogeintr\u00e4ge"},"content":{"rendered":"<div class=\"wp-block-query is-layout-flow wp-block-query-is-layout-flow\"><ul class=\"wp-block-post-template is-layout-flow wp-block-post-template-is-layout-flow\"><li class=\"wp-block-post post-321 post type-post status-publish format-standard has-post-thumbnail hentry category-blogbeitraege tag-choro-trek tag-geschwister tag-isla-del-sol tag-la-paz tag-potosi tag-reise tag-samaipata tag-santa-cruz tag-sucre tag-titicaca tag-urlaub tag-uyuni\">\n<h2 class=\"wp-block-post-title\">Unser gro\u00dfes <a href=\"https:\/\/multimedia.strassenkinder.de\/bolivien\">Bolivien<\/a> Abenteuer<\/h2>\n\n<div class=\"wp-block-post-excerpt\"><p class=\"wp-block-post-excerpt__excerpt\">\u0130Hola amigos! Mittlerweile ist es schon 2 Monate her, dass ich meinen ersten Besuch hier in <a href=\"https:\/\/strassenkinder.de\/laender\/lateinamerika\/bolivien-strassenkinderzentrum\/\">Santa Cruz<\/a> empfangen habe. Meine beiden gro\u00dfen Geschwister. Da sind bei der Begr\u00fc\u00dfung am Flughafen doch so einige Freudentr\u00e4nen geflossen. Nach einigen wenigen Tagen in Santa Cruz, inklusive Vorstellung der beiden im Hogar Mano Amiga und gemeinsamen Milchreis Kochen<\/p><p class=\"wp-block-post-excerpt__more-text\"><a class=\"wp-block-post-excerpt__more-link\" href=\"https:\/\/blogs.donboscovolunteers.de\/boliviensofia\/2023\/07\/25\/unser-grosses-bolivien-abenteuer\/\">https:\/\/blogs.donboscovolunteers.de\/boliviensofia\/2022\/09\/06\/zwischen-angst-und-vorfreude\/<\/a><\/p><\/div>\n<\/li><li class=\"wp-block-post post-233 post type-post status-publish format-standard has-post-thumbnail hentry category-blogbeitraege tag-alltag tag-comedor tag-dia-del-mar tag-grandes tag-hausaufgaben tag-lavanderia tag-mano-amiga tag-medianos tag-origami tag-pequenos tag-plakate tag-rosenkranz\">\n<h2 class=\"wp-block-post-title\">Alltag im Hogar (2\/3)<\/h2>\n\n<div class=\"wp-block-post-excerpt\"><p class=\"wp-block-post-excerpt__excerpt\">Hier geht\u00b4s zu Teil 1 Nachmittag W\u00e4hrend der Hausaufgabenzeit, beginnend um 14 Uhr, sind die Kinder in 3 Gruppen eingeteilt. Peque\u00f1os (Kleinen): Die Kinder des Kinder (Kindergarten) und die der 1. Klasse der Primaria (Grundschule) Medianos (Mittleren): Die 2. und 3. Klasse der Primaria Grandes (Gro\u00dfen): 4. Klasse und aufw\u00e4rts (Nach der 6. Klasse endet<\/p><p class=\"wp-block-post-excerpt__more-text\"><a class=\"wp-block-post-excerpt__more-link\" href=\"https:\/\/blogs.donboscovolunteers.de\/boliviensofia\/2023\/06\/05\/alltag-im-hogar-2-3\/\">https:\/\/blogs.donboscovolunteers.de\/boliviensofia\/2022\/09\/06\/zwischen-angst-und-vorfreude\/<\/a><\/p><\/div>\n<\/li><li class=\"wp-block-post post-231 post type-post status-publish format-standard hentry category-blogbeitraege tag-alltag tag-cochabamba tag-corona tag-dengue tag-oficios tag-saltena tag-saltena-2 tag-zwischenseminar\">\n<h2 class=\"wp-block-post-title\">Alltag im Hogar Teil 1\/3<\/h2>\n\n<div class=\"wp-block-post-excerpt\"><p class=\"wp-block-post-excerpt__excerpt\">\u0130Hola amigos! Der letzte Beitrag \u00fcber die Campamentos liegt nun schon weit zur\u00fcck. In der Zwischenzeit ist Einiges passiert. Direkt zu Beginn des Jahres hat mich Corona mit Fieber, Kopfschmerzen usw. dick erwischt. Schnell wieder erholt, ging es dann auf unser Zwischenseminar nach Cochabamba (dazu hat Hannah einen besonders sch\u00f6nen Beitrag formuliert). Gest\u00e4rkt vom Seminar<\/p><p class=\"wp-block-post-excerpt__more-text\"><a class=\"wp-block-post-excerpt__more-link\" href=\"https:\/\/blogs.donboscovolunteers.de\/boliviensofia\/2023\/03\/23\/alltag-im-hogar-teil-1-3\/\">https:\/\/blogs.donboscovolunteers.de\/boliviensofia\/2022\/09\/06\/zwischen-angst-und-vorfreude\/<\/a><\/p><\/div>\n<\/li><li class=\"wp-block-post post-154 post type-post status-publish format-standard hentry category-blogbeitraege tag-berge tag-campamento tag-dezember tag-postrervalle tag-santa-cruz tag-schule tag-urlaub\">\n<h2 class=\"wp-block-post-title\">Campamentos<\/h2>\n\n<div class=\"wp-block-post-excerpt\"><p class=\"wp-block-post-excerpt__excerpt\">\u0130Hola amigos! Der Dezember war f\u00fcr die Kinder ein ganz besonderer Monat. Nicht nur weil Weihnachten war, auch weil im Moment Ferien sind und weil das ganze Projekt 2 Wochen in das kleine Dorf Postrervalle (etwas weiter n\u00f6rdlich von Santa Cruz) gefahren sind. Mit 45 Personen untergebracht in einer kleinen Schule, machte sich der Name<\/p><p class=\"wp-block-post-excerpt__more-text\"><a class=\"wp-block-post-excerpt__more-link\" href=\"https:\/\/blogs.donboscovolunteers.de\/boliviensofia\/2022\/12\/31\/campamentos\/\">https:\/\/blogs.donboscovolunteers.de\/boliviensofia\/2022\/09\/06\/zwischen-angst-und-vorfreude\/<\/a><\/p><\/div>\n<\/li><li class=\"wp-block-post post-296 post type-post status-publish format-standard has-post-thumbnail hentry category-blogbeitraege tag-don-bosco tag-feier tag-fest tag-geburtstag tag-hogar tag-huepfburg tag-kinderlieder tag-mano-amiga tag-ostern tag-reise tag-salar tag-uyuni\">\n<h2 class=\"wp-block-post-title\">Inmitten von H\u00fcpfburgen und Laternen<\/h2>\n\n<div class=\"wp-block-post-excerpt\"><p class=\"wp-block-post-excerpt__excerpt\">\u0130Hola amigos! Jetzt habt ihr schon wieder l\u00e4nger nichts mehr von mir geh\u00f6rt. Ich war wieder einmal ziemlich besch\u00e4ftigt. Dieses mal allerdings mit Reisen \ud83d\ude09 Meine beiden gro\u00dfen Geschwister haben mir einen Besuch abgestattet und gemeinsam haben wir innerhalb von 2 1\/2 Wochen versucht soviel wie m\u00f6glich von diesem kunterbunten Land unsicher zu machen. Aber<\/p><p class=\"wp-block-post-excerpt__more-text\"><a class=\"wp-block-post-excerpt__more-link\" href=\"https:\/\/blogs.donboscovolunteers.de\/boliviensofia\/2023\/05\/27\/inmitten-von-huepfburgen-und-laternen\/\">https:\/\/blogs.donboscovolunteers.de\/boliviensofia\/2022\/09\/06\/zwischen-angst-und-vorfreude\/<\/a><\/p><\/div>\n<\/li><\/ul>\n\n<nav class=\"wp-block-query-pagination is-layout-flex wp-block-query-pagination-is-layout-flex\" aria-label=\"Seitennummerierung\">\n\n\n<div class=\"wp-block-query-pagination-numbers\"><span aria-current=\"page\" class=\"page-numbers current\">1<\/span>\n<a class=\"page-numbers\" href=\"?query-89-page=2\">2<\/a>\n<a class=\"page-numbers\" href=\"?query-89-page=3\">3<\/a><\/div>\n\n<a href=\"\/boliviensofia\/wp-json\/wp\/v2\/pages\/67?query-89-page=2\" class=\"wp-block-query-pagination-next\">N\u00e4chste Seite<\/a>\n<\/nav>\n\n<\/div>","protected":false},"excerpt":{"rendered":"","protected":false},"author":21752,"featured_media":0,"parent":0,"menu_order":0,"comment_status":"closed","ping_status":"closed","template":"","meta":{"footnotes":""},"class_list":["post-67","page","type-page","status-publish","hentry"],"yoast_head":"<!-- This site is optimized with the Yoast SEO plugin v25.3.1 - https:\/\/yoast.com\/wordpress\/plugins\/seo\/ -->\n<title>Blogeintr\u00e4ge - Sofia en Bolivia<\/title>\n<meta name=\"description\" content=\"Alle meine Eindr\u00fccke, Erlebnisse und Erfahrung aus Bolivien mit Mano Amiga im Proyecto Don Bosco findet ihr hier.\" \/>\n<meta name=\"robots\" content=\"index, follow, max-snippet:-1, max-image-preview:large, max-video-preview:-1\" \/>\n<link rel=\"canonical\" href=\"https:\/\/blogs.donboscovolunteers.de\/boliviensofia\/blogeintraege\/\" \/>\n<link rel=\"next\" href=\"https:\/\/blogs.donboscovolunteers.de\/boliviensofia\/blogeintraege\/67?query-89-page=2\" \/>\n<meta property=\"og:locale\" content=\"de_DE\" \/>\n<meta property=\"og:type\" content=\"article\" \/>\n<meta property=\"og:title\" content=\"Blogeintr\u00e4ge - Sofia en Bolivia\" \/>\n<meta property=\"og:description\" content=\"Alle meine Eindr\u00fccke, Erlebnisse und Erfahrung aus Bolivien mit Mano Amiga im Proyecto Don Bosco findet ihr hier.\" \/>\n<meta property=\"og:url\" content=\"https:\/\/blogs.donboscovolunteers.de\/boliviensofia\/blogeintraege\/\" \/>\n<meta property=\"og:site_name\" content=\"Sofia en Bolivia\" \/>\n<meta property=\"article:modified_time\" content=\"2022-10-24T02:25:41+00:00\" \/>\n<meta name=\"twitter:card\" content=\"summary_large_image\" \/>\n<script type=\"application\/ld+json\" class=\"yoast-schema-graph\">{\"@context\":\"https:\/\/schema.org\",\"@graph\":[{\"@type\":\"WebPage\",\"@id\":\"https:\/\/blogs.donboscovolunteers.de\/boliviensofia\/blogeintraege\/\",\"url\":\"https:\/\/blogs.donboscovolunteers.de\/boliviensofia\/blogeintraege\/\",\"name\":\"Blogeintr\u00e4ge - Sofia en Bolivia\",\"isPartOf\":{\"@id\":\"https:\/\/blogs.donboscovolunteers.de\/boliviensofia\/#website\"},\"datePublished\":\"2022-09-06T12:07:00+00:00\",\"dateModified\":\"2022-10-24T02:25:41+00:00\",\"description\":\"Alle meine Eindr\u00fccke, Erlebnisse und Erfahrung aus Bolivien mit Mano Amiga im Proyecto Don Bosco findet ihr hier.\",\"breadcrumb\":{\"@id\":\"https:\/\/blogs.donboscovolunteers.de\/boliviensofia\/blogeintraege\/#breadcrumb\"},\"inLanguage\":\"de\",\"potentialAction\":[{\"@type\":\"ReadAction\",\"target\":[\"https:\/\/blogs.donboscovolunteers.de\/boliviensofia\/blogeintraege\/\"]}]},{\"@type\":\"BreadcrumbList\",\"@id\":\"https:\/\/blogs.donboscovolunteers.de\/boliviensofia\/blogeintraege\/#breadcrumb\",\"itemListElement\":[{\"@type\":\"ListItem\",\"position\":1,\"name\":\"Startseite\",\"item\":\"https:\/\/blogs.donboscovolunteers.de\/boliviensofia\/\"},{\"@type\":\"ListItem\",\"position\":2,\"name\":\"Blogeintr\u00e4ge\"}]},{\"@type\":\"WebSite\",\"@id\":\"https:\/\/blogs.donboscovolunteers.de\/boliviensofia\/#website\",\"url\":\"https:\/\/blogs.donboscovolunteers.de\/boliviensofia\/\",\"name\":\"Sofia en Bolivia\",\"description\":\"Mein Freiwilligendienst mit Don Bosco\",\"potentialAction\":[{\"@type\":\"SearchAction\",\"target\":{\"@type\":\"EntryPoint\",\"urlTemplate\":\"https:\/\/blogs.donboscovolunteers.de\/boliviensofia\/?s={search_term_string}\"},\"query-input\":{\"@type\":\"PropertyValueSpecification\",\"valueRequired\":true,\"valueName\":\"search_term_string\"}}],\"inLanguage\":\"de\"}]}<\/script>\n<!-- \/ Yoast SEO plugin. -->","yoast_head_json":{"title":"Blogeintr\u00e4ge - Sofia en Bolivia","description":"Alle meine Eindr\u00fccke, Erlebnisse und Erfahrung aus Bolivien mit Mano Amiga im Proyecto Don Bosco findet ihr hier.","robots":{"index":"index","follow":"follow","max-snippet":"max-snippet:-1","max-image-preview":"max-image-preview:large","max-video-preview":"max-video-preview:-1"},"canonical":"https:\/\/blogs.donboscovolunteers.de\/boliviensofia\/blogeintraege\/","next":"https:\/\/blogs.donboscovolunteers.de\/boliviensofia\/blogeintraege\/67?query-89-page=2","og_locale":"de_DE","og_type":"article","og_title":"Blogeintr\u00e4ge - Sofia en Bolivia","og_description":"Alle meine Eindr\u00fccke, Erlebnisse und Erfahrung aus Bolivien mit Mano Amiga im Proyecto Don Bosco findet ihr hier.","og_url":"https:\/\/blogs.donboscovolunteers.de\/boliviensofia\/blogeintraege\/","og_site_name":"Sofia en Bolivia","article_modified_time":"2022-10-24T02:25:41+00:00","twitter_card":"summary_large_image","schema":{"@context":"https:\/\/schema.org","@graph":[{"@type":"WebPage","@id":"https:\/\/blogs.donboscovolunteers.de\/boliviensofia\/blogeintraege\/","url":"https:\/\/blogs.donboscovolunteers.de\/boliviensofia\/blogeintraege\/","name":"Blogeintr\u00e4ge - Sofia en Bolivia","isPartOf":{"@id":"https:\/\/blogs.donboscovolunteers.de\/boliviensofia\/#website"},"datePublished":"2022-09-06T12:07:00+00:00","dateModified":"2022-10-24T02:25:41+00:00","description":"Alle meine Eindr\u00fccke, Erlebnisse und Erfahrung aus Bolivien mit Mano Amiga im Proyecto Don Bosco findet ihr hier.","breadcrumb":{"@id":"https:\/\/blogs.donboscovolunteers.de\/boliviensofia\/blogeintraege\/#breadcrumb"},"inLanguage":"de","potentialAction":[{"@type":"ReadAction","target":["https:\/\/blogs.donboscovolunteers.de\/boliviensofia\/blogeintraege\/"]}]},{"@type":"BreadcrumbList","@id":"https:\/\/blogs.donboscovolunteers.de\/boliviensofia\/blogeintraege\/#breadcrumb","itemListElement":[{"@type":"ListItem","position":1,"name":"Startseite","item":"https:\/\/blogs.donboscovolunteers.de\/boliviensofia\/"},{"@type":"ListItem","position":2,"name":"Blogeintr\u00e4ge"}]},{"@type":"WebSite","@id":"https:\/\/blogs.donboscovolunteers.de\/boliviensofia\/#website","url":"https:\/\/blogs.donboscovolunteers.de\/boliviensofia\/","name":"Sofia en Bolivia","description":"Mein Freiwilligendienst mit Don Bosco","potentialAction":[{"@type":"SearchAction","target":{"@type":"EntryPoint","urlTemplate":"https:\/\/blogs.donboscovolunteers.de\/boliviensofia\/?s={search_term_string}"},"query-input":{"@type":"PropertyValueSpecification","valueRequired":true,"valueName":"search_term_string"}}],"inLanguage":"de"}]}},"_links":{"self":[{"href":"https:\/\/blogs.donboscovolunteers.de\/boliviensofia\/wp-json\/wp\/v2\/pages\/67","targetHints":{"allow":["GET"]}}],"collection":[{"href":"https:\/\/blogs.donboscovolunteers.de\/boliviensofia\/wp-json\/wp\/v2\/pages"}],"about":[{"href":"https:\/\/blogs.donboscovolunteers.de\/boliviensofia\/wp-json\/wp\/v2\/types\/page"}],"author":[{"embeddable":true,"href":"https:\/\/blogs.donboscovolunteers.de\/boliviensofia\/wp-json\/wp\/v2\/users\/21752"}],"replies":[{"embeddable":true,"href":"https:\/\/blogs.donboscovolunteers.de\/boliviensofia\/wp-json\/wp\/v2\/comments?post=67"}],"version-history":[{"count":5,"href":"https:\/\/blogs.donboscovolunteers.de\/boliviensofia\/wp-json\/wp\/v2\/pages\/67\/revisions"}],"predecessor-version":[{"id":139,"href":"https:\/\/blogs.donboscovolunteers.de\/boliviensofia\/wp-json\/wp\/v2\/pages\/67\/revisions\/139"}],"wp:attachment":[{"href":"https:\/\/blogs.donboscovolunteers.de\/boliviensofia\/wp-json\/wp\/v2\/media?parent=67"}],"curies":[{"name":"wp","href":"https:\/\/api.w.org\/{rel}","templated":true}]}}