{"id":57,"date":"2022-09-07T13:56:18","date_gmt":"2022-09-07T11:56:18","guid":{"rendered":"https:\/\/blogs.donboscovolunteers.de\/boliviensofia\/?page_id=57"},"modified":"2023-05-29T17:36:14","modified_gmt":"2023-05-29T15:36:14","slug":"spenden","status":"publish","type":"page","link":"https:\/\/blogs.donboscovolunteers.de\/boliviensofia\/spenden\/","title":{"rendered":"Spenden"},"content":{"rendered":"<p><strong>Hallo ihr Lieben,<\/strong> <\/p>\n\n\n\n<p>jetzt bin ich schon ne ganze Weile hier in <a href=\"https:\/\/multimedia.strassenkinder.de\/bolivien\">Bolivien<\/a>. Um genau zu sein 8 Monate. Das immer n\u00e4her r\u00fcckende Ende macht mich schon ganz nerv\u00f6s, denn mittlerweile f\u00fchle ich mich hier echt pudelwohl. Zu Beginn hatte ich da noch so einige Probleme mich zurechtzufinden. <\/p>\n\n\n\n<h2 class=\"wp-block-heading\">Wozu eigentlich Volont\u00e4r sein?<\/h2>\n\n\n\n<p>Manch Tage am Anfang kam ich mir recht <strong>\u00fcberfl\u00fcssig<\/strong> vor. Wenn mich die Kinder um Hilfe baten, hab ich selbst kein Wort verstanden und bei den Erzieherinnen hatte ich den Eindruck, dass sie meine Unterst\u00fctzung gar nicht erst in Anspruch nehmen wollten. Zeitweise habe ich die Sinnhaftigkeit meines Freiwilligendienstes ernsthaft hinterfragt. Wozu bin ich eigentlich hier, wenn mein Projekt doch ohne mich besser dran w\u00e4re?<\/p>\n\n\n\n<p>Doch seit einiger Zeit merke ich, wie mir immer mehr <strong>Verantwortung<\/strong> zugesprochen wird. Vor wenigen Tagen erst habe ich meine Gruppe wieder allein am Nachmittag betreut, weil die zust\u00e4ndige Erzieherin frei hatte. Gerade jetzt nach dem Urlaub kommt es mir vor, als bek\u00e4me ich mehr Aufgaben denn je. <\/p>\n\n\n\n<figure class=\"wp-block-pullquote has-text-align-center\"><blockquote><p><em>&#8222;Sofia, kannst du bitte eben die Kinder zur Therapie bringen?&#8220; <br>&#8222;Schaust du bitte, dass die Kinder in die Dusche gehen?&#8220; <\/em><br><em>&#8222;K\u00f6nntest du bitte die Merienda austeilen?&#8220;<\/em><\/p><\/blockquote><\/figure>\n\n\n\n<p>Nicht nur die Erzieherinnen freuten sich mich nach meinem Urlaub wieder zu sehen, auch die Kinder waren gl\u00fccklich. Sie warfen mir st\u00fcrmisch, je nach Gr\u00f6\u00dfe, die Arme um den Hals oder die H\u00fcfte. Und noch eine Woche nach Wiederkehr h\u00f6re ich immer noch<em> &#8222;Te extran\u00e9 mucho!&#8220;<\/em> (=Ich habe dich sehr vermisst!)<\/p>\n\n\n\n<p>Aber nur wenige Tage darauf h\u00f6rte ich wieder die gleichen Fragen wie vor meiner Reise. <\/p>\n\n\n\n<figure class=\"wp-block-pullquote has-text-align-center\"><blockquote><p><em>&#8222;Kannst du mir bei den Hausaufgaben helfen?&#8220;<br> &#8222;Sofia, ich brauch Klopapier!&#8220; <\/em><br><em>&#8222;Hilfst du mir beim Laterne basteln?&#8220;<\/em><\/p><\/blockquote><\/figure>\n\n\n\n<p>Da ist mir klar geworden, dass ich mittlerweile sehr wohl eine gro\u00dfe Unterst\u00fctzung f\u00fcr mein Projekt bin. Die Dinge, die ich tagt\u00e4glich erledige, habe ich immer als Kleinigkeiten angesehen. Doch letztendlich ist es genau das, was meine Arbeit als Volont\u00e4rin ausmacht. Das <strong>Unterst\u00fctzen und Entlasten<\/strong> an allen Ecken und Enden. In Summe macht dann das Kleine doch wieder einen gro\u00dfen Unterschied. Dar\u00fcber hinaus kann ich mir als Volont\u00e4rin deutlich mehr Zeit f\u00fcr einzelne Kinder nehmen, die unter dem ganzen Gewusel oft untergehen. Denn einfach mal gemeinsam auf ne Bank setzen und Quatschen, ist bei der jetzigen <strong>Betreuungssituation<\/strong> (am Wochenende 1 Betreuungskraft auf 50 Kinder) f\u00fcr die Erzieherinnen unm\u00f6glich. <\/p>\n\n\n\n<p>Ich habe das Gl\u00fcck nicht ganz Erzieherin zu sein, aber auch nicht ganz Kind. Dadurch rutsche ich viel mehr in die Position einer <strong>gro\u00dfen Schwester<\/strong>, wodurch sich eine ganz andere Beziehungsdynamik ergibt, als die zu einem Erwachsenen. Auch zum Liebesbriefchen schreiben an die Jungs im Hogar <a href=\"https:\/\/www.donboscomission.de\/don-bosco\/\">Don Bosco<\/a> bin ich ideal geeignet. \ud83d\ude09<\/p>\n\n\n\n<h2 class=\"wp-block-heading\">Finanzierung:<\/h2>\n\n\n\n<p>Dass ich im Mano Amiga arbeiten kann, mir der Flug bezahlt wird und meine Essensversorgung gesichert ist, kann alleine durch Spenden garantiert werden. 3\/4 der gesamten Kosten werden zwar durch den Tr\u00e4ger <strong>&#8222;weltw\u00e4rts&#8220; <\/strong>vom deutschen Staat abgedeckt, doch die letzten <strong>2.500\u20ac<\/strong> m\u00fcssen durch Spenden selbst eingenommen werden. <\/p>\n\n\n\n<p>Damit mein Projekt am Ende nicht auf meinen Essen- und Unterhaltkosten sitzen bleibt, m\u00f6chte ich euch bitten zu spenden. Alleine <strong>5\u20ac<\/strong> helfen mir schon ein ganzes St\u00fcck weiter meinen <a href=\"https:\/\/www.donboscovolunteers.de\/\">Freiwilligendienst<\/a> hier in Bolivien zu finanzieren!<\/p>\n\n\n\n<p><strong>Ich freue mich \u00fcber jede Unterst\u00fctzung!<\/strong><\/p>\n\n\n\n<h2 class=\"wp-block-heading\">Spenden:<\/h2>\n\n\n\n<p><strong>So geht\u00b4s<\/strong>:<\/p>\n\n\n\n<p>Per <strong>\u00dcberweisung<\/strong> mit den folgenden Daten:<\/p>\n\n\n\n<p><strong>Verwendungszweck: <\/strong>Sofia Tissen S22VR015 <em>(optional Adresse des Spenders)<\/em><\/p>\n\n\n\n<p><strong>IBAN:<\/strong> DE89 3705 0198 0000 0994 99<\/p>\n\n\n\n<p><strong>BIC:<\/strong> COLSDE33XXX<\/p>\n\n\n\n<p><strong>Bank:<\/strong> Sparkasse K\u00f6lnBonn<\/p>\n\n\n\n<p><strong>Oder ganz einfach unter diesem Link: <\/strong><a href=\"https:\/\/www.donboscomission.de\/volontariat\/2022\/spenden\/boliviensofia\" target=\"_blank\" rel=\"noreferrer noopener\">https:\/\/www.donboscomission.de\/volontariat\/2022\/spenden\/boliviensofia<\/a><\/p>","protected":false},"excerpt":{"rendered":"<p>Hallo ihr Lieben, jetzt bin ich schon ne ganze Weile hier in <a href=\"https:\/\/multimedia.strassenkinder.de\/bolivien\">Bolivien<\/a>. Um genau zu sein 8 Monate. Das immer n\u00e4her r\u00fcckende Ende macht mich schon ganz nerv\u00f6s, denn mittlerweile f\u00fchle ich mich hier echt pudelwohl. Zu Beginn hatte ich da noch so einige Probleme mich zurechtzufinden. Wozu eigentlich Volont\u00e4r sein? Manch Tage am [&hellip;]<\/p>\n","protected":false},"author":21752,"featured_media":0,"parent":0,"menu_order":0,"comment_status":"closed","ping_status":"closed","template":"","meta":{"footnotes":""},"class_list":["post-57","page","type-page","status-publish","hentry"],"yoast_head":"<!-- This site is optimized with the Yoast SEO plugin v25.3.1 - https:\/\/yoast.com\/wordpress\/plugins\/seo\/ -->\n<title>Spenden - Sofia en Bolivia<\/title>\n<meta name=\"robots\" content=\"index, follow, max-snippet:-1, max-image-preview:large, max-video-preview:-1\" \/>\n<link rel=\"canonical\" href=\"https:\/\/blogs.donboscovolunteers.de\/boliviensofia\/spenden\/\" \/>\n<meta property=\"og:locale\" content=\"de_DE\" \/>\n<meta property=\"og:type\" content=\"article\" \/>\n<meta property=\"og:title\" content=\"Spenden - Sofia en Bolivia\" \/>\n<meta property=\"og:description\" content=\"Hallo ihr Lieben, jetzt bin ich schon ne ganze Weile hier in Bolivien. Um genau zu sein 8 Monate. Das immer n\u00e4her r\u00fcckende Ende macht mich schon ganz nerv\u00f6s, denn mittlerweile f\u00fchle ich mich hier echt pudelwohl. Zu Beginn hatte ich da noch so einige Probleme mich zurechtzufinden. Wozu eigentlich Volont\u00e4r sein? Manch Tage am [&hellip;]\" \/>\n<meta property=\"og:url\" content=\"https:\/\/blogs.donboscovolunteers.de\/boliviensofia\/spenden\/\" \/>\n<meta property=\"og:site_name\" content=\"Sofia en Bolivia\" \/>\n<meta property=\"article:modified_time\" content=\"2023-05-29T15:36:14+00:00\" \/>\n<meta name=\"twitter:card\" content=\"summary_large_image\" \/>\n<meta name=\"twitter:label1\" content=\"Gesch\u00e4tzte Lesezeit\" \/>\n\t<meta name=\"twitter:data1\" content=\"1\u00a0Minute\" \/>\n<script type=\"application\/ld+json\" class=\"yoast-schema-graph\">{\"@context\":\"https:\/\/schema.org\",\"@graph\":[{\"@type\":\"WebPage\",\"@id\":\"https:\/\/blogs.donboscovolunteers.de\/boliviensofia\/spenden\/\",\"url\":\"https:\/\/blogs.donboscovolunteers.de\/boliviensofia\/spenden\/\",\"name\":\"Spenden - Sofia en Bolivia\",\"isPartOf\":{\"@id\":\"https:\/\/blogs.donboscovolunteers.de\/boliviensofia\/#website\"},\"datePublished\":\"2022-09-07T11:56:18+00:00\",\"dateModified\":\"2023-05-29T15:36:14+00:00\",\"breadcrumb\":{\"@id\":\"https:\/\/blogs.donboscovolunteers.de\/boliviensofia\/spenden\/#breadcrumb\"},\"inLanguage\":\"de\",\"potentialAction\":[{\"@type\":\"ReadAction\",\"target\":[\"https:\/\/blogs.donboscovolunteers.de\/boliviensofia\/spenden\/\"]}]},{\"@type\":\"BreadcrumbList\",\"@id\":\"https:\/\/blogs.donboscovolunteers.de\/boliviensofia\/spenden\/#breadcrumb\",\"itemListElement\":[{\"@type\":\"ListItem\",\"position\":1,\"name\":\"Startseite\",\"item\":\"https:\/\/blogs.donboscovolunteers.de\/boliviensofia\/\"},{\"@type\":\"ListItem\",\"position\":2,\"name\":\"Spenden\"}]},{\"@type\":\"WebSite\",\"@id\":\"https:\/\/blogs.donboscovolunteers.de\/boliviensofia\/#website\",\"url\":\"https:\/\/blogs.donboscovolunteers.de\/boliviensofia\/\",\"name\":\"Sofia en Bolivia\",\"description\":\"Mein Freiwilligendienst mit Don Bosco\",\"potentialAction\":[{\"@type\":\"SearchAction\",\"target\":{\"@type\":\"EntryPoint\",\"urlTemplate\":\"https:\/\/blogs.donboscovolunteers.de\/boliviensofia\/?s={search_term_string}\"},\"query-input\":{\"@type\":\"PropertyValueSpecification\",\"valueRequired\":true,\"valueName\":\"search_term_string\"}}],\"inLanguage\":\"de\"}]}<\/script>\n<!-- \/ Yoast SEO plugin. -->","yoast_head_json":{"title":"Spenden - Sofia en Bolivia","robots":{"index":"index","follow":"follow","max-snippet":"max-snippet:-1","max-image-preview":"max-image-preview:large","max-video-preview":"max-video-preview:-1"},"canonical":"https:\/\/blogs.donboscovolunteers.de\/boliviensofia\/spenden\/","og_locale":"de_DE","og_type":"article","og_title":"Spenden - Sofia en Bolivia","og_description":"Hallo ihr Lieben, jetzt bin ich schon ne ganze Weile hier in Bolivien. Um genau zu sein 8 Monate. Das immer n\u00e4her r\u00fcckende Ende macht mich schon ganz nerv\u00f6s, denn mittlerweile f\u00fchle ich mich hier echt pudelwohl. Zu Beginn hatte ich da noch so einige Probleme mich zurechtzufinden. Wozu eigentlich Volont\u00e4r sein? Manch Tage am [&hellip;]","og_url":"https:\/\/blogs.donboscovolunteers.de\/boliviensofia\/spenden\/","og_site_name":"Sofia en Bolivia","article_modified_time":"2023-05-29T15:36:14+00:00","twitter_card":"summary_large_image","twitter_misc":{"Gesch\u00e4tzte Lesezeit":"1\u00a0Minute"},"schema":{"@context":"https:\/\/schema.org","@graph":[{"@type":"WebPage","@id":"https:\/\/blogs.donboscovolunteers.de\/boliviensofia\/spenden\/","url":"https:\/\/blogs.donboscovolunteers.de\/boliviensofia\/spenden\/","name":"Spenden - Sofia en Bolivia","isPartOf":{"@id":"https:\/\/blogs.donboscovolunteers.de\/boliviensofia\/#website"},"datePublished":"2022-09-07T11:56:18+00:00","dateModified":"2023-05-29T15:36:14+00:00","breadcrumb":{"@id":"https:\/\/blogs.donboscovolunteers.de\/boliviensofia\/spenden\/#breadcrumb"},"inLanguage":"de","potentialAction":[{"@type":"ReadAction","target":["https:\/\/blogs.donboscovolunteers.de\/boliviensofia\/spenden\/"]}]},{"@type":"BreadcrumbList","@id":"https:\/\/blogs.donboscovolunteers.de\/boliviensofia\/spenden\/#breadcrumb","itemListElement":[{"@type":"ListItem","position":1,"name":"Startseite","item":"https:\/\/blogs.donboscovolunteers.de\/boliviensofia\/"},{"@type":"ListItem","position":2,"name":"Spenden"}]},{"@type":"WebSite","@id":"https:\/\/blogs.donboscovolunteers.de\/boliviensofia\/#website","url":"https:\/\/blogs.donboscovolunteers.de\/boliviensofia\/","name":"Sofia en Bolivia","description":"Mein Freiwilligendienst mit Don Bosco","potentialAction":[{"@type":"SearchAction","target":{"@type":"EntryPoint","urlTemplate":"https:\/\/blogs.donboscovolunteers.de\/boliviensofia\/?s={search_term_string}"},"query-input":{"@type":"PropertyValueSpecification","valueRequired":true,"valueName":"search_term_string"}}],"inLanguage":"de"}]}},"_links":{"self":[{"href":"https:\/\/blogs.donboscovolunteers.de\/boliviensofia\/wp-json\/wp\/v2\/pages\/57","targetHints":{"allow":["GET"]}}],"collection":[{"href":"https:\/\/blogs.donboscovolunteers.de\/boliviensofia\/wp-json\/wp\/v2\/pages"}],"about":[{"href":"https:\/\/blogs.donboscovolunteers.de\/boliviensofia\/wp-json\/wp\/v2\/types\/page"}],"author":[{"embeddable":true,"href":"https:\/\/blogs.donboscovolunteers.de\/boliviensofia\/wp-json\/wp\/v2\/users\/21752"}],"replies":[{"embeddable":true,"href":"https:\/\/blogs.donboscovolunteers.de\/boliviensofia\/wp-json\/wp\/v2\/comments?post=57"}],"version-history":[{"count":16,"href":"https:\/\/blogs.donboscovolunteers.de\/boliviensofia\/wp-json\/wp\/v2\/pages\/57\/revisions"}],"predecessor-version":[{"id":314,"href":"https:\/\/blogs.donboscovolunteers.de\/boliviensofia\/wp-json\/wp\/v2\/pages\/57\/revisions\/314"}],"wp:attachment":[{"href":"https:\/\/blogs.donboscovolunteers.de\/boliviensofia\/wp-json\/wp\/v2\/media?parent=57"}],"curies":[{"name":"wp","href":"https:\/\/api.w.org\/{rel}","templated":true}]}}