{"id":218,"date":"2023-02-12T17:54:39","date_gmt":"2023-02-12T16:54:39","guid":{"rendered":"https:\/\/blogs.donboscovolunteers.de\/boliviensofia\/?page_id=218"},"modified":"2023-02-12T18:01:39","modified_gmt":"2023-02-12T17:01:39","slug":"barrio-juvenil","status":"publish","type":"page","link":"https:\/\/blogs.donboscovolunteers.de\/boliviensofia\/mein-freiwilligendienst\/proyecto-don-bosco\/barrio-juvenil\/","title":{"rendered":"Barrio Juvenil"},"content":{"rendered":"<p><strong>Jungen<\/strong> im Alter von 15-18 Jahren k\u00f6nnen, nachdem sie das Hogar verlassen haben, in der Zweigstelle <strong><a href=\"https:\/\/sdb.bo\/sdb\/barrio-juvenil-don-bosco\/\" target=\"_blank\" rel=\"noreferrer noopener\">Barrio Juvenil<\/a><\/strong> eine Berufsausbildung antreten. Die Jugendlichen im Alter von <strong>15-23 Jahren<\/strong> haben die M\u00f6glichkeit in der <strong><a href=\"https:\/\/sdb.bo\/sdb\/barrio-juvenil-don-bosco\/\" target=\"_blank\" rel=\"noreferrer noopener\">B\u00e4ckerei &#8222;Dulce Hogar&#8220;<\/a><\/strong> des Projektes zu arbeiten und zu lernen. Au\u00dferdem gibt es ebenfalls die M\u00f6glichkeit in einer Schreinerei zu lernen.<\/p>","protected":false},"excerpt":{"rendered":"<p>Jungen im Alter von 15-18 Jahren k\u00f6nnen, nachdem sie das Hogar verlassen haben, in der Zweigstelle Barrio Juvenil eine Berufsausbildung antreten. Die Jugendlichen im Alter von 15-23 Jahren haben die M\u00f6glichkeit in der B\u00e4ckerei &#8222;Dulce Hogar&#8220; des Projektes zu arbeiten und zu lernen. Au\u00dferdem gibt es ebenfalls die M\u00f6glichkeit in einer Schreinerei zu lernen.<\/p>\n","protected":false},"author":21752,"featured_media":0,"parent":96,"menu_order":4,"comment_status":"closed","ping_status":"closed","template":"","meta":{"footnotes":""},"class_list":["post-218","page","type-page","status-publish","hentry"],"yoast_head":"<!-- This site is optimized with the Yoast SEO plugin v25.3.1 - https:\/\/yoast.com\/wordpress\/plugins\/seo\/ -->\n<title>Barrio Juvenil - Sofia en Bolivia<\/title>\n<meta name=\"robots\" content=\"index, follow, max-snippet:-1, max-image-preview:large, max-video-preview:-1\" \/>\n<link rel=\"canonical\" href=\"https:\/\/blogs.donboscovolunteers.de\/boliviensofia\/mein-freiwilligendienst\/proyecto-don-bosco\/barrio-juvenil\/\" \/>\n<meta property=\"og:locale\" content=\"de_DE\" \/>\n<meta property=\"og:type\" content=\"article\" \/>\n<meta property=\"og:title\" content=\"Barrio Juvenil - Sofia en Bolivia\" \/>\n<meta property=\"og:description\" content=\"Jungen im Alter von 15-18 Jahren k\u00f6nnen, nachdem sie das Hogar verlassen haben, in der Zweigstelle Barrio Juvenil eine Berufsausbildung antreten. Die Jugendlichen im Alter von 15-23 Jahren haben die M\u00f6glichkeit in der B\u00e4ckerei &#8222;Dulce Hogar&#8220; des Projektes zu arbeiten und zu lernen. Au\u00dferdem gibt es ebenfalls die M\u00f6glichkeit in einer Schreinerei zu lernen.\" \/>\n<meta property=\"og:url\" content=\"https:\/\/blogs.donboscovolunteers.de\/boliviensofia\/mein-freiwilligendienst\/proyecto-don-bosco\/barrio-juvenil\/\" \/>\n<meta property=\"og:site_name\" content=\"Sofia en Bolivia\" \/>\n<meta property=\"article:modified_time\" content=\"2023-02-12T17:01:39+00:00\" \/>\n<meta name=\"twitter:card\" content=\"summary_large_image\" \/>\n<meta name=\"twitter:label1\" content=\"Gesch\u00e4tzte Lesezeit\" \/>\n\t<meta name=\"twitter:data1\" content=\"1\u00a0Minute\" \/>\n<script type=\"application\/ld+json\" class=\"yoast-schema-graph\">{\"@context\":\"https:\/\/schema.org\",\"@graph\":[{\"@type\":\"WebPage\",\"@id\":\"https:\/\/blogs.donboscovolunteers.de\/boliviensofia\/mein-freiwilligendienst\/proyecto-don-bosco\/barrio-juvenil\/\",\"url\":\"https:\/\/blogs.donboscovolunteers.de\/boliviensofia\/mein-freiwilligendienst\/proyecto-don-bosco\/barrio-juvenil\/\",\"name\":\"Barrio Juvenil - Sofia en Bolivia\",\"isPartOf\":{\"@id\":\"https:\/\/blogs.donboscovolunteers.de\/boliviensofia\/#website\"},\"datePublished\":\"2023-02-12T16:54:39+00:00\",\"dateModified\":\"2023-02-12T17:01:39+00:00\",\"breadcrumb\":{\"@id\":\"https:\/\/blogs.donboscovolunteers.de\/boliviensofia\/mein-freiwilligendienst\/proyecto-don-bosco\/barrio-juvenil\/#breadcrumb\"},\"inLanguage\":\"de\",\"potentialAction\":[{\"@type\":\"ReadAction\",\"target\":[\"https:\/\/blogs.donboscovolunteers.de\/boliviensofia\/mein-freiwilligendienst\/proyecto-don-bosco\/barrio-juvenil\/\"]}]},{\"@type\":\"BreadcrumbList\",\"@id\":\"https:\/\/blogs.donboscovolunteers.de\/boliviensofia\/mein-freiwilligendienst\/proyecto-don-bosco\/barrio-juvenil\/#breadcrumb\",\"itemListElement\":[{\"@type\":\"ListItem\",\"position\":1,\"name\":\"Startseite\",\"item\":\"https:\/\/blogs.donboscovolunteers.de\/boliviensofia\/\"},{\"@type\":\"ListItem\",\"position\":2,\"name\":\"Mein Freiwilligendienst\",\"item\":\"https:\/\/blogs.donboscovolunteers.de\/boliviensofia\/mein-freiwilligendienst\/\"},{\"@type\":\"ListItem\",\"position\":3,\"name\":\"Proyecto Don Bosco\",\"item\":\"https:\/\/blogs.donboscovolunteers.de\/boliviensofia\/mein-freiwilligendienst\/proyecto-don-bosco\/\"},{\"@type\":\"ListItem\",\"position\":4,\"name\":\"Barrio Juvenil\"}]},{\"@type\":\"WebSite\",\"@id\":\"https:\/\/blogs.donboscovolunteers.de\/boliviensofia\/#website\",\"url\":\"https:\/\/blogs.donboscovolunteers.de\/boliviensofia\/\",\"name\":\"Sofia en Bolivia\",\"description\":\"Mein Freiwilligendienst mit Don Bosco\",\"potentialAction\":[{\"@type\":\"SearchAction\",\"target\":{\"@type\":\"EntryPoint\",\"urlTemplate\":\"https:\/\/blogs.donboscovolunteers.de\/boliviensofia\/?s={search_term_string}\"},\"query-input\":{\"@type\":\"PropertyValueSpecification\",\"valueRequired\":true,\"valueName\":\"search_term_string\"}}],\"inLanguage\":\"de\"}]}<\/script>\n<!-- \/ Yoast SEO plugin. -->","yoast_head_json":{"title":"Barrio Juvenil - Sofia en Bolivia","robots":{"index":"index","follow":"follow","max-snippet":"max-snippet:-1","max-image-preview":"max-image-preview:large","max-video-preview":"max-video-preview:-1"},"canonical":"https:\/\/blogs.donboscovolunteers.de\/boliviensofia\/mein-freiwilligendienst\/proyecto-don-bosco\/barrio-juvenil\/","og_locale":"de_DE","og_type":"article","og_title":"Barrio Juvenil - Sofia en Bolivia","og_description":"Jungen im Alter von 15-18 Jahren k\u00f6nnen, nachdem sie das Hogar verlassen haben, in der Zweigstelle Barrio Juvenil eine Berufsausbildung antreten. Die Jugendlichen im Alter von 15-23 Jahren haben die M\u00f6glichkeit in der B\u00e4ckerei &#8222;Dulce Hogar&#8220; des Projektes zu arbeiten und zu lernen. Au\u00dferdem gibt es ebenfalls die M\u00f6glichkeit in einer Schreinerei zu lernen.","og_url":"https:\/\/blogs.donboscovolunteers.de\/boliviensofia\/mein-freiwilligendienst\/proyecto-don-bosco\/barrio-juvenil\/","og_site_name":"Sofia en Bolivia","article_modified_time":"2023-02-12T17:01:39+00:00","twitter_card":"summary_large_image","twitter_misc":{"Gesch\u00e4tzte Lesezeit":"1\u00a0Minute"},"schema":{"@context":"https:\/\/schema.org","@graph":[{"@type":"WebPage","@id":"https:\/\/blogs.donboscovolunteers.de\/boliviensofia\/mein-freiwilligendienst\/proyecto-don-bosco\/barrio-juvenil\/","url":"https:\/\/blogs.donboscovolunteers.de\/boliviensofia\/mein-freiwilligendienst\/proyecto-don-bosco\/barrio-juvenil\/","name":"Barrio Juvenil - Sofia en Bolivia","isPartOf":{"@id":"https:\/\/blogs.donboscovolunteers.de\/boliviensofia\/#website"},"datePublished":"2023-02-12T16:54:39+00:00","dateModified":"2023-02-12T17:01:39+00:00","breadcrumb":{"@id":"https:\/\/blogs.donboscovolunteers.de\/boliviensofia\/mein-freiwilligendienst\/proyecto-don-bosco\/barrio-juvenil\/#breadcrumb"},"inLanguage":"de","potentialAction":[{"@type":"ReadAction","target":["https:\/\/blogs.donboscovolunteers.de\/boliviensofia\/mein-freiwilligendienst\/proyecto-don-bosco\/barrio-juvenil\/"]}]},{"@type":"BreadcrumbList","@id":"https:\/\/blogs.donboscovolunteers.de\/boliviensofia\/mein-freiwilligendienst\/proyecto-don-bosco\/barrio-juvenil\/#breadcrumb","itemListElement":[{"@type":"ListItem","position":1,"name":"Startseite","item":"https:\/\/blogs.donboscovolunteers.de\/boliviensofia\/"},{"@type":"ListItem","position":2,"name":"Mein Freiwilligendienst","item":"https:\/\/blogs.donboscovolunteers.de\/boliviensofia\/mein-freiwilligendienst\/"},{"@type":"ListItem","position":3,"name":"Proyecto Don Bosco","item":"https:\/\/blogs.donboscovolunteers.de\/boliviensofia\/mein-freiwilligendienst\/proyecto-don-bosco\/"},{"@type":"ListItem","position":4,"name":"Barrio Juvenil"}]},{"@type":"WebSite","@id":"https:\/\/blogs.donboscovolunteers.de\/boliviensofia\/#website","url":"https:\/\/blogs.donboscovolunteers.de\/boliviensofia\/","name":"Sofia en Bolivia","description":"Mein Freiwilligendienst mit Don Bosco","potentialAction":[{"@type":"SearchAction","target":{"@type":"EntryPoint","urlTemplate":"https:\/\/blogs.donboscovolunteers.de\/boliviensofia\/?s={search_term_string}"},"query-input":{"@type":"PropertyValueSpecification","valueRequired":true,"valueName":"search_term_string"}}],"inLanguage":"de"}]}},"_links":{"self":[{"href":"https:\/\/blogs.donboscovolunteers.de\/boliviensofia\/wp-json\/wp\/v2\/pages\/218","targetHints":{"allow":["GET"]}}],"collection":[{"href":"https:\/\/blogs.donboscovolunteers.de\/boliviensofia\/wp-json\/wp\/v2\/pages"}],"about":[{"href":"https:\/\/blogs.donboscovolunteers.de\/boliviensofia\/wp-json\/wp\/v2\/types\/page"}],"author":[{"embeddable":true,"href":"https:\/\/blogs.donboscovolunteers.de\/boliviensofia\/wp-json\/wp\/v2\/users\/21752"}],"replies":[{"embeddable":true,"href":"https:\/\/blogs.donboscovolunteers.de\/boliviensofia\/wp-json\/wp\/v2\/comments?post=218"}],"version-history":[{"count":2,"href":"https:\/\/blogs.donboscovolunteers.de\/boliviensofia\/wp-json\/wp\/v2\/pages\/218\/revisions"}],"predecessor-version":[{"id":221,"href":"https:\/\/blogs.donboscovolunteers.de\/boliviensofia\/wp-json\/wp\/v2\/pages\/218\/revisions\/221"}],"up":[{"embeddable":true,"href":"https:\/\/blogs.donboscovolunteers.de\/boliviensofia\/wp-json\/wp\/v2\/pages\/96"}],"wp:attachment":[{"href":"https:\/\/blogs.donboscovolunteers.de\/boliviensofia\/wp-json\/wp\/v2\/media?parent=218"}],"curies":[{"name":"wp","href":"https:\/\/api.w.org\/{rel}","templated":true}]}}