{"id":214,"date":"2023-02-12T17:51:52","date_gmt":"2023-02-12T16:51:52","guid":{"rendered":"https:\/\/blogs.donboscovolunteers.de\/boliviensofia\/?page_id=214"},"modified":"2023-02-12T18:19:15","modified_gmt":"2023-02-12T17:19:15","slug":"hogar-don-bosco","status":"publish","type":"page","link":"https:\/\/blogs.donboscovolunteers.de\/boliviensofia\/mein-freiwilligendienst\/proyecto-don-bosco\/hogar-don-bosco\/","title":{"rendered":"Hogar Don Bosco"},"content":{"rendered":"<p>Das <strong><a href=\"https:\/\/sdb.bo\/sdb\/hogar-don-bosco\/\" target=\"_blank\" rel=\"noreferrer noopener\">Hogar Don Bosco<\/a><\/strong> richtet sich an Jungen im Alter von <strong>5 bis 18 Jahren<\/strong>. <\/p>\n\n\n\n<p>Derzeit leben im Hogar um die <strong>70 Kinder<\/strong>, die entweder keine Eltern haben oder die Eltern z. B. auf Grund von Armut sich nicht um ihre Kinder k\u00fcmmern k\u00f6nnen. Im Hogar, unter der Direktorin Wilmar, arbeiten derzeit 4 der deutschen Volont\u00e4re und ein Volont\u00e4r aus Ecuador (<a href=\"https:\/\/blogs.donboscovolunteers.de\/hannahinbolivien\/\" target=\"_blank\" rel=\"noreferrer noopener\">Hannah<\/a>, <a href=\"https:\/\/blogs.donboscovolunteers.de\/teresahillebrand\/\" target=\"_blank\" rel=\"noreferrer noopener\">Teresa<\/a> und <a href=\"https:\/\/blogs.donboscovolunteers.de\/angelinainbolivien\/\" target=\"_blank\" rel=\"noreferrer noopener\">Angelina<\/a> schreiben ebenfalls ihre Erfahrungen hier im Forum auf.). <\/p>\n\n\n\n<p>Im Alter von <strong>15-18 Jahren<\/strong> verlassen die Jugendlichen das Hogar, um wahlweise im <strong><a href=\"https:\/\/blogs.donboscovolunteers.de\/boliviensofia\/proyecto-don-bosco\/barrio-juvenil\/\" target=\"_blank\" rel=\"noreferrer noopener\">Barrio Juvenil<\/a><\/strong> eine Berufsausbildung zu beginnen. <\/p>","protected":false},"excerpt":{"rendered":"<p>Das Hogar <a href=\"https:\/\/www.donboscomission.de\/don-bosco\/\">Don Bosco<\/a> richtet sich an Jungen im Alter von 5 bis 18 Jahren. Derzeit leben im Hogar um die 70 Kinder, die entweder keine Eltern haben oder die Eltern z. B. auf Grund von Armut sich nicht um ihre Kinder k\u00fcmmern k\u00f6nnen. Im Hogar, unter der Direktorin Wilmar, arbeiten derzeit 4 der deutschen [&hellip;]<\/p>\n","protected":false},"author":21752,"featured_media":0,"parent":96,"menu_order":3,"comment_status":"closed","ping_status":"closed","template":"","meta":{"footnotes":""},"class_list":["post-214","page","type-page","status-publish","hentry"],"yoast_head":"<!-- This site is optimized with the Yoast SEO plugin v25.3.1 - https:\/\/yoast.com\/wordpress\/plugins\/seo\/ -->\n<title>Hogar Don Bosco - Sofia en Bolivia<\/title>\n<meta name=\"robots\" content=\"index, follow, max-snippet:-1, max-image-preview:large, max-video-preview:-1\" \/>\n<link rel=\"canonical\" href=\"https:\/\/blogs.donboscovolunteers.de\/boliviensofia\/mein-freiwilligendienst\/proyecto-don-bosco\/hogar-don-bosco\/\" \/>\n<meta property=\"og:locale\" content=\"de_DE\" \/>\n<meta property=\"og:type\" content=\"article\" \/>\n<meta property=\"og:title\" content=\"Hogar Don Bosco - Sofia en Bolivia\" \/>\n<meta property=\"og:description\" content=\"Das Hogar Don Bosco richtet sich an Jungen im Alter von 5 bis 18 Jahren. Derzeit leben im Hogar um die 70 Kinder, die entweder keine Eltern haben oder die Eltern z. B. auf Grund von Armut sich nicht um ihre Kinder k\u00fcmmern k\u00f6nnen. Im Hogar, unter der Direktorin Wilmar, arbeiten derzeit 4 der deutschen [&hellip;]\" \/>\n<meta property=\"og:url\" content=\"https:\/\/blogs.donboscovolunteers.de\/boliviensofia\/mein-freiwilligendienst\/proyecto-don-bosco\/hogar-don-bosco\/\" \/>\n<meta property=\"og:site_name\" content=\"Sofia en Bolivia\" \/>\n<meta property=\"article:modified_time\" content=\"2023-02-12T17:19:15+00:00\" \/>\n<meta name=\"twitter:card\" content=\"summary_large_image\" \/>\n<meta name=\"twitter:label1\" content=\"Gesch\u00e4tzte Lesezeit\" \/>\n\t<meta name=\"twitter:data1\" content=\"1\u00a0Minute\" \/>\n<script type=\"application\/ld+json\" class=\"yoast-schema-graph\">{\"@context\":\"https:\/\/schema.org\",\"@graph\":[{\"@type\":\"WebPage\",\"@id\":\"https:\/\/blogs.donboscovolunteers.de\/boliviensofia\/mein-freiwilligendienst\/proyecto-don-bosco\/hogar-don-bosco\/\",\"url\":\"https:\/\/blogs.donboscovolunteers.de\/boliviensofia\/mein-freiwilligendienst\/proyecto-don-bosco\/hogar-don-bosco\/\",\"name\":\"Hogar Don Bosco - Sofia en Bolivia\",\"isPartOf\":{\"@id\":\"https:\/\/blogs.donboscovolunteers.de\/boliviensofia\/#website\"},\"datePublished\":\"2023-02-12T16:51:52+00:00\",\"dateModified\":\"2023-02-12T17:19:15+00:00\",\"breadcrumb\":{\"@id\":\"https:\/\/blogs.donboscovolunteers.de\/boliviensofia\/mein-freiwilligendienst\/proyecto-don-bosco\/hogar-don-bosco\/#breadcrumb\"},\"inLanguage\":\"de\",\"potentialAction\":[{\"@type\":\"ReadAction\",\"target\":[\"https:\/\/blogs.donboscovolunteers.de\/boliviensofia\/mein-freiwilligendienst\/proyecto-don-bosco\/hogar-don-bosco\/\"]}]},{\"@type\":\"BreadcrumbList\",\"@id\":\"https:\/\/blogs.donboscovolunteers.de\/boliviensofia\/mein-freiwilligendienst\/proyecto-don-bosco\/hogar-don-bosco\/#breadcrumb\",\"itemListElement\":[{\"@type\":\"ListItem\",\"position\":1,\"name\":\"Startseite\",\"item\":\"https:\/\/blogs.donboscovolunteers.de\/boliviensofia\/\"},{\"@type\":\"ListItem\",\"position\":2,\"name\":\"Mein Freiwilligendienst\",\"item\":\"https:\/\/blogs.donboscovolunteers.de\/boliviensofia\/mein-freiwilligendienst\/\"},{\"@type\":\"ListItem\",\"position\":3,\"name\":\"Proyecto Don Bosco\",\"item\":\"https:\/\/blogs.donboscovolunteers.de\/boliviensofia\/mein-freiwilligendienst\/proyecto-don-bosco\/\"},{\"@type\":\"ListItem\",\"position\":4,\"name\":\"Hogar Don Bosco\"}]},{\"@type\":\"WebSite\",\"@id\":\"https:\/\/blogs.donboscovolunteers.de\/boliviensofia\/#website\",\"url\":\"https:\/\/blogs.donboscovolunteers.de\/boliviensofia\/\",\"name\":\"Sofia en Bolivia\",\"description\":\"Mein Freiwilligendienst mit Don Bosco\",\"potentialAction\":[{\"@type\":\"SearchAction\",\"target\":{\"@type\":\"EntryPoint\",\"urlTemplate\":\"https:\/\/blogs.donboscovolunteers.de\/boliviensofia\/?s={search_term_string}\"},\"query-input\":{\"@type\":\"PropertyValueSpecification\",\"valueRequired\":true,\"valueName\":\"search_term_string\"}}],\"inLanguage\":\"de\"}]}<\/script>\n<!-- \/ Yoast SEO plugin. -->","yoast_head_json":{"title":"Hogar Don Bosco - Sofia en Bolivia","robots":{"index":"index","follow":"follow","max-snippet":"max-snippet:-1","max-image-preview":"max-image-preview:large","max-video-preview":"max-video-preview:-1"},"canonical":"https:\/\/blogs.donboscovolunteers.de\/boliviensofia\/mein-freiwilligendienst\/proyecto-don-bosco\/hogar-don-bosco\/","og_locale":"de_DE","og_type":"article","og_title":"Hogar Don Bosco - Sofia en Bolivia","og_description":"Das Hogar Don Bosco richtet sich an Jungen im Alter von 5 bis 18 Jahren. Derzeit leben im Hogar um die 70 Kinder, die entweder keine Eltern haben oder die Eltern z. B. auf Grund von Armut sich nicht um ihre Kinder k\u00fcmmern k\u00f6nnen. Im Hogar, unter der Direktorin Wilmar, arbeiten derzeit 4 der deutschen [&hellip;]","og_url":"https:\/\/blogs.donboscovolunteers.de\/boliviensofia\/mein-freiwilligendienst\/proyecto-don-bosco\/hogar-don-bosco\/","og_site_name":"Sofia en Bolivia","article_modified_time":"2023-02-12T17:19:15+00:00","twitter_card":"summary_large_image","twitter_misc":{"Gesch\u00e4tzte Lesezeit":"1\u00a0Minute"},"schema":{"@context":"https:\/\/schema.org","@graph":[{"@type":"WebPage","@id":"https:\/\/blogs.donboscovolunteers.de\/boliviensofia\/mein-freiwilligendienst\/proyecto-don-bosco\/hogar-don-bosco\/","url":"https:\/\/blogs.donboscovolunteers.de\/boliviensofia\/mein-freiwilligendienst\/proyecto-don-bosco\/hogar-don-bosco\/","name":"Hogar Don Bosco - Sofia en Bolivia","isPartOf":{"@id":"https:\/\/blogs.donboscovolunteers.de\/boliviensofia\/#website"},"datePublished":"2023-02-12T16:51:52+00:00","dateModified":"2023-02-12T17:19:15+00:00","breadcrumb":{"@id":"https:\/\/blogs.donboscovolunteers.de\/boliviensofia\/mein-freiwilligendienst\/proyecto-don-bosco\/hogar-don-bosco\/#breadcrumb"},"inLanguage":"de","potentialAction":[{"@type":"ReadAction","target":["https:\/\/blogs.donboscovolunteers.de\/boliviensofia\/mein-freiwilligendienst\/proyecto-don-bosco\/hogar-don-bosco\/"]}]},{"@type":"BreadcrumbList","@id":"https:\/\/blogs.donboscovolunteers.de\/boliviensofia\/mein-freiwilligendienst\/proyecto-don-bosco\/hogar-don-bosco\/#breadcrumb","itemListElement":[{"@type":"ListItem","position":1,"name":"Startseite","item":"https:\/\/blogs.donboscovolunteers.de\/boliviensofia\/"},{"@type":"ListItem","position":2,"name":"Mein Freiwilligendienst","item":"https:\/\/blogs.donboscovolunteers.de\/boliviensofia\/mein-freiwilligendienst\/"},{"@type":"ListItem","position":3,"name":"Proyecto Don Bosco","item":"https:\/\/blogs.donboscovolunteers.de\/boliviensofia\/mein-freiwilligendienst\/proyecto-don-bosco\/"},{"@type":"ListItem","position":4,"name":"Hogar Don Bosco"}]},{"@type":"WebSite","@id":"https:\/\/blogs.donboscovolunteers.de\/boliviensofia\/#website","url":"https:\/\/blogs.donboscovolunteers.de\/boliviensofia\/","name":"Sofia en Bolivia","description":"Mein Freiwilligendienst mit Don Bosco","potentialAction":[{"@type":"SearchAction","target":{"@type":"EntryPoint","urlTemplate":"https:\/\/blogs.donboscovolunteers.de\/boliviensofia\/?s={search_term_string}"},"query-input":{"@type":"PropertyValueSpecification","valueRequired":true,"valueName":"search_term_string"}}],"inLanguage":"de"}]}},"_links":{"self":[{"href":"https:\/\/blogs.donboscovolunteers.de\/boliviensofia\/wp-json\/wp\/v2\/pages\/214","targetHints":{"allow":["GET"]}}],"collection":[{"href":"https:\/\/blogs.donboscovolunteers.de\/boliviensofia\/wp-json\/wp\/v2\/pages"}],"about":[{"href":"https:\/\/blogs.donboscovolunteers.de\/boliviensofia\/wp-json\/wp\/v2\/types\/page"}],"author":[{"embeddable":true,"href":"https:\/\/blogs.donboscovolunteers.de\/boliviensofia\/wp-json\/wp\/v2\/users\/21752"}],"replies":[{"embeddable":true,"href":"https:\/\/blogs.donboscovolunteers.de\/boliviensofia\/wp-json\/wp\/v2\/comments?post=214"}],"version-history":[{"count":4,"href":"https:\/\/blogs.donboscovolunteers.de\/boliviensofia\/wp-json\/wp\/v2\/pages\/214\/revisions"}],"predecessor-version":[{"id":230,"href":"https:\/\/blogs.donboscovolunteers.de\/boliviensofia\/wp-json\/wp\/v2\/pages\/214\/revisions\/230"}],"up":[{"embeddable":true,"href":"https:\/\/blogs.donboscovolunteers.de\/boliviensofia\/wp-json\/wp\/v2\/pages\/96"}],"wp:attachment":[{"href":"https:\/\/blogs.donboscovolunteers.de\/boliviensofia\/wp-json\/wp\/v2\/media?parent=214"}],"curies":[{"name":"wp","href":"https:\/\/api.w.org\/{rel}","templated":true}]}}