{"id":210,"date":"2023-02-12T17:48:16","date_gmt":"2023-02-12T16:48:16","guid":{"rendered":"https:\/\/blogs.donboscovolunteers.de\/boliviensofia\/?page_id=210"},"modified":"2023-02-12T18:01:25","modified_gmt":"2023-02-12T17:01:25","slug":"techo-pinardi","status":"publish","type":"page","link":"https:\/\/blogs.donboscovolunteers.de\/boliviensofia\/mein-freiwilligendienst\/proyecto-don-bosco\/techo-pinardi\/","title":{"rendered":"Techo Pinardi"},"content":{"rendered":"<p>Das <strong><a href=\"https:\/\/sdb.bo\/sdb\/centro-de-orientacion-y-tratamiento-techo-pinardi\/\" target=\"_blank\" rel=\"noreferrer noopener\">Techo Pinardi<\/a><\/strong>, indem derzeit einer meiner deutscher Mitvolont\u00e4r Lukas arbeitet, stellt eine Auffangstation f\u00fcr <strong>Jungen <\/strong>im Alter von <strong>11-18 Jahren<\/strong> von der Stra\u00dfe dar. Die Anzahl der dort untergebrachten Kinder schwankt stark zwischen <strong>5-15 Jugendlichen<\/strong>. Durch die Streetworker des Projektes, die ca. <strong>150 Menschen auf der Stra\u00dfe<\/strong> betreuen, werden neue Kinder in das Projekt aufgenommen. Wenn es die Jungen schaffen sich 6 Monate den Strukturen im Projekt anzupassen ohne wieder zur\u00fcck auf die Stra\u00dfe zu gehen, haben sie die M\u00f6glichkeit in das <strong>Hogar <a href=\"https:\/\/www.donboscomission.de\/don-bosco\/\">Don Bosco<\/a><\/strong> aufgenommen zu werden.<\/p>","protected":false},"excerpt":{"rendered":"<p>Das Techo Pinardi, indem derzeit einer meiner deutscher Mitvolont\u00e4r Lukas arbeitet, stellt eine Auffangstation f\u00fcr Jungen im Alter von 11-18 Jahren von der Stra\u00dfe dar. Die Anzahl der dort untergebrachten Kinder schwankt stark zwischen 5-15 Jugendlichen. Durch die Streetworker des Projektes, die ca. 150 Menschen auf der Stra\u00dfe betreuen, werden neue Kinder in das Projekt [&hellip;]<\/p>\n","protected":false},"author":21752,"featured_media":0,"parent":96,"menu_order":1,"comment_status":"closed","ping_status":"closed","template":"","meta":{"footnotes":""},"class_list":["post-210","page","type-page","status-publish","hentry"],"yoast_head":"<!-- This site is optimized with the Yoast SEO plugin v25.3.1 - https:\/\/yoast.com\/wordpress\/plugins\/seo\/ -->\n<title>Techo Pinardi - Sofia en Bolivia<\/title>\n<meta name=\"robots\" content=\"index, follow, max-snippet:-1, max-image-preview:large, max-video-preview:-1\" \/>\n<link rel=\"canonical\" href=\"https:\/\/blogs.donboscovolunteers.de\/boliviensofia\/mein-freiwilligendienst\/proyecto-don-bosco\/techo-pinardi\/\" \/>\n<meta property=\"og:locale\" content=\"de_DE\" \/>\n<meta property=\"og:type\" content=\"article\" \/>\n<meta property=\"og:title\" content=\"Techo Pinardi - Sofia en Bolivia\" \/>\n<meta property=\"og:description\" content=\"Das Techo Pinardi, indem derzeit einer meiner deutscher Mitvolont\u00e4r Lukas arbeitet, stellt eine Auffangstation f\u00fcr Jungen im Alter von 11-18 Jahren von der Stra\u00dfe dar. Die Anzahl der dort untergebrachten Kinder schwankt stark zwischen 5-15 Jugendlichen. Durch die Streetworker des Projektes, die ca. 150 Menschen auf der Stra\u00dfe betreuen, werden neue Kinder in das Projekt [&hellip;]\" \/>\n<meta property=\"og:url\" content=\"https:\/\/blogs.donboscovolunteers.de\/boliviensofia\/mein-freiwilligendienst\/proyecto-don-bosco\/techo-pinardi\/\" \/>\n<meta property=\"og:site_name\" content=\"Sofia en Bolivia\" \/>\n<meta property=\"article:modified_time\" content=\"2023-02-12T17:01:25+00:00\" \/>\n<meta name=\"twitter:card\" content=\"summary_large_image\" \/>\n<meta name=\"twitter:label1\" content=\"Gesch\u00e4tzte Lesezeit\" \/>\n\t<meta name=\"twitter:data1\" content=\"1\u00a0Minute\" \/>\n<script type=\"application\/ld+json\" class=\"yoast-schema-graph\">{\"@context\":\"https:\/\/schema.org\",\"@graph\":[{\"@type\":\"WebPage\",\"@id\":\"https:\/\/blogs.donboscovolunteers.de\/boliviensofia\/mein-freiwilligendienst\/proyecto-don-bosco\/techo-pinardi\/\",\"url\":\"https:\/\/blogs.donboscovolunteers.de\/boliviensofia\/mein-freiwilligendienst\/proyecto-don-bosco\/techo-pinardi\/\",\"name\":\"Techo Pinardi - Sofia en Bolivia\",\"isPartOf\":{\"@id\":\"https:\/\/blogs.donboscovolunteers.de\/boliviensofia\/#website\"},\"datePublished\":\"2023-02-12T16:48:16+00:00\",\"dateModified\":\"2023-02-12T17:01:25+00:00\",\"breadcrumb\":{\"@id\":\"https:\/\/blogs.donboscovolunteers.de\/boliviensofia\/mein-freiwilligendienst\/proyecto-don-bosco\/techo-pinardi\/#breadcrumb\"},\"inLanguage\":\"de\",\"potentialAction\":[{\"@type\":\"ReadAction\",\"target\":[\"https:\/\/blogs.donboscovolunteers.de\/boliviensofia\/mein-freiwilligendienst\/proyecto-don-bosco\/techo-pinardi\/\"]}]},{\"@type\":\"BreadcrumbList\",\"@id\":\"https:\/\/blogs.donboscovolunteers.de\/boliviensofia\/mein-freiwilligendienst\/proyecto-don-bosco\/techo-pinardi\/#breadcrumb\",\"itemListElement\":[{\"@type\":\"ListItem\",\"position\":1,\"name\":\"Startseite\",\"item\":\"https:\/\/blogs.donboscovolunteers.de\/boliviensofia\/\"},{\"@type\":\"ListItem\",\"position\":2,\"name\":\"Mein Freiwilligendienst\",\"item\":\"https:\/\/blogs.donboscovolunteers.de\/boliviensofia\/mein-freiwilligendienst\/\"},{\"@type\":\"ListItem\",\"position\":3,\"name\":\"Proyecto Don Bosco\",\"item\":\"https:\/\/blogs.donboscovolunteers.de\/boliviensofia\/mein-freiwilligendienst\/proyecto-don-bosco\/\"},{\"@type\":\"ListItem\",\"position\":4,\"name\":\"Techo Pinardi\"}]},{\"@type\":\"WebSite\",\"@id\":\"https:\/\/blogs.donboscovolunteers.de\/boliviensofia\/#website\",\"url\":\"https:\/\/blogs.donboscovolunteers.de\/boliviensofia\/\",\"name\":\"Sofia en Bolivia\",\"description\":\"Mein Freiwilligendienst mit Don Bosco\",\"potentialAction\":[{\"@type\":\"SearchAction\",\"target\":{\"@type\":\"EntryPoint\",\"urlTemplate\":\"https:\/\/blogs.donboscovolunteers.de\/boliviensofia\/?s={search_term_string}\"},\"query-input\":{\"@type\":\"PropertyValueSpecification\",\"valueRequired\":true,\"valueName\":\"search_term_string\"}}],\"inLanguage\":\"de\"}]}<\/script>\n<!-- \/ Yoast SEO plugin. -->","yoast_head_json":{"title":"Techo Pinardi - Sofia en Bolivia","robots":{"index":"index","follow":"follow","max-snippet":"max-snippet:-1","max-image-preview":"max-image-preview:large","max-video-preview":"max-video-preview:-1"},"canonical":"https:\/\/blogs.donboscovolunteers.de\/boliviensofia\/mein-freiwilligendienst\/proyecto-don-bosco\/techo-pinardi\/","og_locale":"de_DE","og_type":"article","og_title":"Techo Pinardi - Sofia en Bolivia","og_description":"Das Techo Pinardi, indem derzeit einer meiner deutscher Mitvolont\u00e4r Lukas arbeitet, stellt eine Auffangstation f\u00fcr Jungen im Alter von 11-18 Jahren von der Stra\u00dfe dar. Die Anzahl der dort untergebrachten Kinder schwankt stark zwischen 5-15 Jugendlichen. Durch die Streetworker des Projektes, die ca. 150 Menschen auf der Stra\u00dfe betreuen, werden neue Kinder in das Projekt [&hellip;]","og_url":"https:\/\/blogs.donboscovolunteers.de\/boliviensofia\/mein-freiwilligendienst\/proyecto-don-bosco\/techo-pinardi\/","og_site_name":"Sofia en Bolivia","article_modified_time":"2023-02-12T17:01:25+00:00","twitter_card":"summary_large_image","twitter_misc":{"Gesch\u00e4tzte Lesezeit":"1\u00a0Minute"},"schema":{"@context":"https:\/\/schema.org","@graph":[{"@type":"WebPage","@id":"https:\/\/blogs.donboscovolunteers.de\/boliviensofia\/mein-freiwilligendienst\/proyecto-don-bosco\/techo-pinardi\/","url":"https:\/\/blogs.donboscovolunteers.de\/boliviensofia\/mein-freiwilligendienst\/proyecto-don-bosco\/techo-pinardi\/","name":"Techo Pinardi - Sofia en Bolivia","isPartOf":{"@id":"https:\/\/blogs.donboscovolunteers.de\/boliviensofia\/#website"},"datePublished":"2023-02-12T16:48:16+00:00","dateModified":"2023-02-12T17:01:25+00:00","breadcrumb":{"@id":"https:\/\/blogs.donboscovolunteers.de\/boliviensofia\/mein-freiwilligendienst\/proyecto-don-bosco\/techo-pinardi\/#breadcrumb"},"inLanguage":"de","potentialAction":[{"@type":"ReadAction","target":["https:\/\/blogs.donboscovolunteers.de\/boliviensofia\/mein-freiwilligendienst\/proyecto-don-bosco\/techo-pinardi\/"]}]},{"@type":"BreadcrumbList","@id":"https:\/\/blogs.donboscovolunteers.de\/boliviensofia\/mein-freiwilligendienst\/proyecto-don-bosco\/techo-pinardi\/#breadcrumb","itemListElement":[{"@type":"ListItem","position":1,"name":"Startseite","item":"https:\/\/blogs.donboscovolunteers.de\/boliviensofia\/"},{"@type":"ListItem","position":2,"name":"Mein Freiwilligendienst","item":"https:\/\/blogs.donboscovolunteers.de\/boliviensofia\/mein-freiwilligendienst\/"},{"@type":"ListItem","position":3,"name":"Proyecto Don Bosco","item":"https:\/\/blogs.donboscovolunteers.de\/boliviensofia\/mein-freiwilligendienst\/proyecto-don-bosco\/"},{"@type":"ListItem","position":4,"name":"Techo Pinardi"}]},{"@type":"WebSite","@id":"https:\/\/blogs.donboscovolunteers.de\/boliviensofia\/#website","url":"https:\/\/blogs.donboscovolunteers.de\/boliviensofia\/","name":"Sofia en Bolivia","description":"Mein Freiwilligendienst mit Don Bosco","potentialAction":[{"@type":"SearchAction","target":{"@type":"EntryPoint","urlTemplate":"https:\/\/blogs.donboscovolunteers.de\/boliviensofia\/?s={search_term_string}"},"query-input":{"@type":"PropertyValueSpecification","valueRequired":true,"valueName":"search_term_string"}}],"inLanguage":"de"}]}},"_links":{"self":[{"href":"https:\/\/blogs.donboscovolunteers.de\/boliviensofia\/wp-json\/wp\/v2\/pages\/210","targetHints":{"allow":["GET"]}}],"collection":[{"href":"https:\/\/blogs.donboscovolunteers.de\/boliviensofia\/wp-json\/wp\/v2\/pages"}],"about":[{"href":"https:\/\/blogs.donboscovolunteers.de\/boliviensofia\/wp-json\/wp\/v2\/types\/page"}],"author":[{"embeddable":true,"href":"https:\/\/blogs.donboscovolunteers.de\/boliviensofia\/wp-json\/wp\/v2\/users\/21752"}],"replies":[{"embeddable":true,"href":"https:\/\/blogs.donboscovolunteers.de\/boliviensofia\/wp-json\/wp\/v2\/comments?post=210"}],"version-history":[{"count":2,"href":"https:\/\/blogs.donboscovolunteers.de\/boliviensofia\/wp-json\/wp\/v2\/pages\/210\/revisions"}],"predecessor-version":[{"id":213,"href":"https:\/\/blogs.donboscovolunteers.de\/boliviensofia\/wp-json\/wp\/v2\/pages\/210\/revisions\/213"}],"up":[{"embeddable":true,"href":"https:\/\/blogs.donboscovolunteers.de\/boliviensofia\/wp-json\/wp\/v2\/pages\/96"}],"wp:attachment":[{"href":"https:\/\/blogs.donboscovolunteers.de\/boliviensofia\/wp-json\/wp\/v2\/media?parent=210"}],"curies":[{"name":"wp","href":"https:\/\/api.w.org\/{rel}","templated":true}]}}