{"id":109,"date":"2022-10-03T22:43:59","date_gmt":"2022-10-03T20:43:59","guid":{"rendered":"https:\/\/blogs.donboscovolunteers.de\/boliviensofia\/?page_id=109"},"modified":"2023-03-12T18:02:23","modified_gmt":"2023-03-12T17:02:23","slug":"mano-amiga","status":"publish","type":"page","link":"https:\/\/blogs.donboscovolunteers.de\/boliviensofia\/mein-freiwilligendienst\/proyecto-don-bosco\/mano-amiga\/","title":{"rendered":"Mein Arbeitsplatz: Hogar Mano Amiga"},"content":{"rendered":"<p>Das <a href=\"https:\/\/sdb.bo\/sdb\/casa-de-acogida-mano-amiga\/\" target=\"_blank\" rel=\"noreferrer noopener\"><strong>Hogar Casa de Acogida Mano Amiga<\/strong> <\/a><em>(\u00fcbersetzt: Haus der Zuflucht der freundlichen Hand<\/em>), wurde vor 28 Jahren als Zweigstelle des Proyecto <a href=\"https:\/\/www.donboscomission.de\/don-bosco\/\">Don Bosco<\/a> gegr\u00fcndet. <\/p>\n\n\n\n<h2 class=\"wp-block-heading\">Die Zielgruppe<\/h2>\n\n\n\n<p>Es richtet sich an <strong>Jungen und M\u00e4dchen<\/strong> im Alter von <strong>5 bis 13 Jahren<\/strong>. <\/p>\n\n\n\n<p>Die derzeit <strong>ca. 40 Kinder<\/strong> wurden dem Heim auf Grund von Vernachl\u00e4ssigung, k\u00f6rperlicher und sexualisierter Gewalt in den Familien durch Sozialarbeiter zugewiesen. Vereinzelt sind Kinder nur tags\u00fcber im Mano Amiga, da die Eltern die Betreuung nicht alleine stemmen k\u00f6nnen. Nachts und am Wochenende kehren diese sog. <strong>Externen<\/strong> dann zu ihren Familien zur\u00fcck. <em>(Das betrifft i. d. R.  jedoch nicht mehr al 3 Kinder.)<\/em><\/p>\n\n\n\n<h2 class=\"wp-block-heading\">Zielsetzung des Projekts<\/h2>\n\n\n\n<p>Die Kinder k\u00f6nnen im Heim nur einen <strong>beschr\u00e4nkten Zeitraum<\/strong> verbringen <em>(daher der Name Acogida = Zuflucht)<\/em>. Ob das 2 Tage oder 2 Jahre sind, ist je nach Familiensituation unterschiedlich. Vordergr\u00fcndig steht die <strong>Wiedereingliederung<\/strong> in die Familien der Kinder. Es wird zum Beispiel Kontakt zu Tanten, Onkeln oder Gro\u00dfeltern aufgenommen. Wenn die Eingliederung scheitert, werden die Kinder zur dauerhaften Bleibe einem Heim zugewiesen.<\/p>\n\n\n\n<h2 class=\"wp-block-heading\">Das Betreuungsteam<\/h2>\n\n\n\n<p>Neben der <strong>Direktorin Lenny<\/strong>, arbeiten ca. weitere <strong>6 Erzieherinnen<\/strong> und, neben mir, eine weitere <strong>Volont\u00e4rin<\/strong> in dem Projekt. Dar\u00fcber hinaus ist sowohl eine <strong>Sozialarbeiterin<\/strong> als auch eine <strong>Psychologin<\/strong> f\u00fcr die Kinder da. Au\u00dferdem k\u00fcmmert sich die <strong>\u00c4rztin<\/strong> des Proyecto Don Bosco und einmal in der Woche eine <strong>Zahn\u00e4rztin<\/strong> um die Gesundheit der Kinder. F\u00fcr die geistlichen Aktivit\u00e4ten, wie Gebete oder Kommunionsunterricht, ist der Salesianer und <strong><a href=\"https:\/\/blogs.donboscovolunteers.de\/boliviensofia\/2022\/10\/24\/mein-allererster-arbeitstag\/\" target=\"_blank\" rel=\"noreferrer noopener\">Padre Jos\u00e9 Mar\u00eda<\/a><\/strong> im Hogar verantwortlich.<\/p>","protected":false},"excerpt":{"rendered":"<p>Das Hogar Casa de Acogida Mano Amiga (\u00fcbersetzt: Haus der Zuflucht der freundlichen Hand), wurde vor 28 Jahren als Zweigstelle des Proyecto <a href=\"https:\/\/www.donboscomission.de\/don-bosco\/\">Don Bosco<\/a> gegr\u00fcndet. Die Zielgruppe Es richtet sich an Jungen und M\u00e4dchen im Alter von 5 bis 13 Jahren. Die derzeit ca. 40 Kinder wurden dem Heim auf Grund von Vernachl\u00e4ssigung, k\u00f6rperlicher und [&hellip;]<\/p>\n","protected":false},"author":21752,"featured_media":140,"parent":96,"menu_order":2,"comment_status":"closed","ping_status":"closed","template":"","meta":{"footnotes":""},"class_list":["post-109","page","type-page","status-publish","has-post-thumbnail","hentry"],"yoast_head":"<!-- This site is optimized with the Yoast SEO plugin v25.3.1 - https:\/\/yoast.com\/wordpress\/plugins\/seo\/ -->\n<title>Mein Arbeitsplatz: Hogar Mano Amiga - Sofia en Bolivia<\/title>\n<meta name=\"description\" content=\"Ein Haus der Zuflucht f\u00fcr Kinder und Jugendliche im Alter von 5-13 Jahren. Jungen und M\u00e4dchen die auf Grund von Gewalt oder Vernachl\u00e4ssigung in ihren Familien nicht l\u00e4nger sicher sind, finden hier zeitweise eine Bleibe.\" \/>\n<meta name=\"robots\" content=\"index, follow, max-snippet:-1, max-image-preview:large, max-video-preview:-1\" \/>\n<link rel=\"canonical\" href=\"https:\/\/blogs.donboscovolunteers.de\/boliviensofia\/mein-freiwilligendienst\/proyecto-don-bosco\/mano-amiga\/\" \/>\n<meta property=\"og:locale\" content=\"de_DE\" \/>\n<meta property=\"og:type\" content=\"article\" \/>\n<meta property=\"og:title\" content=\"Mein Arbeitsplatz: Hogar Mano Amiga - Sofia en Bolivia\" \/>\n<meta property=\"og:description\" content=\"Ein Haus der Zuflucht f\u00fcr Kinder und Jugendliche im Alter von 5-13 Jahren. Jungen und M\u00e4dchen die auf Grund von Gewalt oder Vernachl\u00e4ssigung in ihren Familien nicht l\u00e4nger sicher sind, finden hier zeitweise eine Bleibe.\" \/>\n<meta property=\"og:url\" content=\"https:\/\/blogs.donboscovolunteers.de\/boliviensofia\/mein-freiwilligendienst\/proyecto-don-bosco\/mano-amiga\/\" \/>\n<meta property=\"og:site_name\" content=\"Sofia en Bolivia\" \/>\n<meta property=\"article:modified_time\" content=\"2023-03-12T17:02:23+00:00\" \/>\n<meta property=\"og:image\" content=\"https:\/\/blogs.donboscovolunteers.de\/boliviensofia\/wp-content\/uploads\/sites\/21663\/2022\/10\/Blog-Mano-Amiga-Aussen-1.jpg\" \/>\n\t<meta property=\"og:image:width\" content=\"1280\" \/>\n\t<meta property=\"og:image:height\" content=\"720\" \/>\n\t<meta property=\"og:image:type\" content=\"image\/jpeg\" \/>\n<meta name=\"twitter:card\" content=\"summary_large_image\" \/>\n<meta name=\"twitter:label1\" content=\"Gesch\u00e4tzte Lesezeit\" \/>\n\t<meta name=\"twitter:data1\" content=\"2\u00a0Minuten\" \/>\n<script type=\"application\/ld+json\" class=\"yoast-schema-graph\">{\"@context\":\"https:\/\/schema.org\",\"@graph\":[{\"@type\":\"WebPage\",\"@id\":\"https:\/\/blogs.donboscovolunteers.de\/boliviensofia\/mein-freiwilligendienst\/proyecto-don-bosco\/mano-amiga\/\",\"url\":\"https:\/\/blogs.donboscovolunteers.de\/boliviensofia\/mein-freiwilligendienst\/proyecto-don-bosco\/mano-amiga\/\",\"name\":\"Mein Arbeitsplatz: Hogar Mano Amiga - Sofia en Bolivia\",\"isPartOf\":{\"@id\":\"https:\/\/blogs.donboscovolunteers.de\/boliviensofia\/#website\"},\"primaryImageOfPage\":{\"@id\":\"https:\/\/blogs.donboscovolunteers.de\/boliviensofia\/mein-freiwilligendienst\/proyecto-don-bosco\/mano-amiga\/#primaryimage\"},\"image\":{\"@id\":\"https:\/\/blogs.donboscovolunteers.de\/boliviensofia\/mein-freiwilligendienst\/proyecto-don-bosco\/mano-amiga\/#primaryimage\"},\"thumbnailUrl\":\"https:\/\/blogs.donboscovolunteers.de\/boliviensofia\/wp-content\/uploads\/sites\/21663\/2022\/10\/Blog-Mano-Amiga-Aussen-1.jpg\",\"datePublished\":\"2022-10-03T20:43:59+00:00\",\"dateModified\":\"2023-03-12T17:02:23+00:00\",\"description\":\"Ein Haus der Zuflucht f\u00fcr Kinder und Jugendliche im Alter von 5-13 Jahren. Jungen und M\u00e4dchen die auf Grund von Gewalt oder Vernachl\u00e4ssigung in ihren Familien nicht l\u00e4nger sicher sind, finden hier zeitweise eine Bleibe.\",\"breadcrumb\":{\"@id\":\"https:\/\/blogs.donboscovolunteers.de\/boliviensofia\/mein-freiwilligendienst\/proyecto-don-bosco\/mano-amiga\/#breadcrumb\"},\"inLanguage\":\"de\",\"potentialAction\":[{\"@type\":\"ReadAction\",\"target\":[\"https:\/\/blogs.donboscovolunteers.de\/boliviensofia\/mein-freiwilligendienst\/proyecto-don-bosco\/mano-amiga\/\"]}]},{\"@type\":\"ImageObject\",\"inLanguage\":\"de\",\"@id\":\"https:\/\/blogs.donboscovolunteers.de\/boliviensofia\/mein-freiwilligendienst\/proyecto-don-bosco\/mano-amiga\/#primaryimage\",\"url\":\"https:\/\/blogs.donboscovolunteers.de\/boliviensofia\/wp-content\/uploads\/sites\/21663\/2022\/10\/Blog-Mano-Amiga-Aussen-1.jpg\",\"contentUrl\":\"https:\/\/blogs.donboscovolunteers.de\/boliviensofia\/wp-content\/uploads\/sites\/21663\/2022\/10\/Blog-Mano-Amiga-Aussen-1.jpg\",\"width\":1280,\"height\":720},{\"@type\":\"BreadcrumbList\",\"@id\":\"https:\/\/blogs.donboscovolunteers.de\/boliviensofia\/mein-freiwilligendienst\/proyecto-don-bosco\/mano-amiga\/#breadcrumb\",\"itemListElement\":[{\"@type\":\"ListItem\",\"position\":1,\"name\":\"Startseite\",\"item\":\"https:\/\/blogs.donboscovolunteers.de\/boliviensofia\/\"},{\"@type\":\"ListItem\",\"position\":2,\"name\":\"Mein Freiwilligendienst\",\"item\":\"https:\/\/blogs.donboscovolunteers.de\/boliviensofia\/mein-freiwilligendienst\/\"},{\"@type\":\"ListItem\",\"position\":3,\"name\":\"Proyecto Don Bosco\",\"item\":\"https:\/\/blogs.donboscovolunteers.de\/boliviensofia\/mein-freiwilligendienst\/proyecto-don-bosco\/\"},{\"@type\":\"ListItem\",\"position\":4,\"name\":\"Mein Arbeitsplatz: Hogar Mano Amiga\"}]},{\"@type\":\"WebSite\",\"@id\":\"https:\/\/blogs.donboscovolunteers.de\/boliviensofia\/#website\",\"url\":\"https:\/\/blogs.donboscovolunteers.de\/boliviensofia\/\",\"name\":\"Sofia en Bolivia\",\"description\":\"Mein Freiwilligendienst mit Don Bosco\",\"potentialAction\":[{\"@type\":\"SearchAction\",\"target\":{\"@type\":\"EntryPoint\",\"urlTemplate\":\"https:\/\/blogs.donboscovolunteers.de\/boliviensofia\/?s={search_term_string}\"},\"query-input\":{\"@type\":\"PropertyValueSpecification\",\"valueRequired\":true,\"valueName\":\"search_term_string\"}}],\"inLanguage\":\"de\"}]}<\/script>\n<!-- \/ Yoast SEO plugin. -->","yoast_head_json":{"title":"Mein Arbeitsplatz: Hogar Mano Amiga - Sofia en Bolivia","description":"Ein Haus der Zuflucht f\u00fcr Kinder und Jugendliche im Alter von 5-13 Jahren. Jungen und M\u00e4dchen die auf Grund von Gewalt oder Vernachl\u00e4ssigung in ihren Familien nicht l\u00e4nger sicher sind, finden hier zeitweise eine Bleibe.","robots":{"index":"index","follow":"follow","max-snippet":"max-snippet:-1","max-image-preview":"max-image-preview:large","max-video-preview":"max-video-preview:-1"},"canonical":"https:\/\/blogs.donboscovolunteers.de\/boliviensofia\/mein-freiwilligendienst\/proyecto-don-bosco\/mano-amiga\/","og_locale":"de_DE","og_type":"article","og_title":"Mein Arbeitsplatz: Hogar Mano Amiga - Sofia en Bolivia","og_description":"Ein Haus der Zuflucht f\u00fcr Kinder und Jugendliche im Alter von 5-13 Jahren. Jungen und M\u00e4dchen die auf Grund von Gewalt oder Vernachl\u00e4ssigung in ihren Familien nicht l\u00e4nger sicher sind, finden hier zeitweise eine Bleibe.","og_url":"https:\/\/blogs.donboscovolunteers.de\/boliviensofia\/mein-freiwilligendienst\/proyecto-don-bosco\/mano-amiga\/","og_site_name":"Sofia en Bolivia","article_modified_time":"2023-03-12T17:02:23+00:00","og_image":[{"width":1280,"height":720,"url":"https:\/\/blogs.donboscovolunteers.de\/boliviensofia\/wp-content\/uploads\/sites\/21663\/2022\/10\/Blog-Mano-Amiga-Aussen-1.jpg","type":"image\/jpeg"}],"twitter_card":"summary_large_image","twitter_misc":{"Gesch\u00e4tzte Lesezeit":"2\u00a0Minuten"},"schema":{"@context":"https:\/\/schema.org","@graph":[{"@type":"WebPage","@id":"https:\/\/blogs.donboscovolunteers.de\/boliviensofia\/mein-freiwilligendienst\/proyecto-don-bosco\/mano-amiga\/","url":"https:\/\/blogs.donboscovolunteers.de\/boliviensofia\/mein-freiwilligendienst\/proyecto-don-bosco\/mano-amiga\/","name":"Mein Arbeitsplatz: Hogar Mano Amiga - Sofia en Bolivia","isPartOf":{"@id":"https:\/\/blogs.donboscovolunteers.de\/boliviensofia\/#website"},"primaryImageOfPage":{"@id":"https:\/\/blogs.donboscovolunteers.de\/boliviensofia\/mein-freiwilligendienst\/proyecto-don-bosco\/mano-amiga\/#primaryimage"},"image":{"@id":"https:\/\/blogs.donboscovolunteers.de\/boliviensofia\/mein-freiwilligendienst\/proyecto-don-bosco\/mano-amiga\/#primaryimage"},"thumbnailUrl":"https:\/\/blogs.donboscovolunteers.de\/boliviensofia\/wp-content\/uploads\/sites\/21663\/2022\/10\/Blog-Mano-Amiga-Aussen-1.jpg","datePublished":"2022-10-03T20:43:59+00:00","dateModified":"2023-03-12T17:02:23+00:00","description":"Ein Haus der Zuflucht f\u00fcr Kinder und Jugendliche im Alter von 5-13 Jahren. Jungen und M\u00e4dchen die auf Grund von Gewalt oder Vernachl\u00e4ssigung in ihren Familien nicht l\u00e4nger sicher sind, finden hier zeitweise eine Bleibe.","breadcrumb":{"@id":"https:\/\/blogs.donboscovolunteers.de\/boliviensofia\/mein-freiwilligendienst\/proyecto-don-bosco\/mano-amiga\/#breadcrumb"},"inLanguage":"de","potentialAction":[{"@type":"ReadAction","target":["https:\/\/blogs.donboscovolunteers.de\/boliviensofia\/mein-freiwilligendienst\/proyecto-don-bosco\/mano-amiga\/"]}]},{"@type":"ImageObject","inLanguage":"de","@id":"https:\/\/blogs.donboscovolunteers.de\/boliviensofia\/mein-freiwilligendienst\/proyecto-don-bosco\/mano-amiga\/#primaryimage","url":"https:\/\/blogs.donboscovolunteers.de\/boliviensofia\/wp-content\/uploads\/sites\/21663\/2022\/10\/Blog-Mano-Amiga-Aussen-1.jpg","contentUrl":"https:\/\/blogs.donboscovolunteers.de\/boliviensofia\/wp-content\/uploads\/sites\/21663\/2022\/10\/Blog-Mano-Amiga-Aussen-1.jpg","width":1280,"height":720},{"@type":"BreadcrumbList","@id":"https:\/\/blogs.donboscovolunteers.de\/boliviensofia\/mein-freiwilligendienst\/proyecto-don-bosco\/mano-amiga\/#breadcrumb","itemListElement":[{"@type":"ListItem","position":1,"name":"Startseite","item":"https:\/\/blogs.donboscovolunteers.de\/boliviensofia\/"},{"@type":"ListItem","position":2,"name":"Mein Freiwilligendienst","item":"https:\/\/blogs.donboscovolunteers.de\/boliviensofia\/mein-freiwilligendienst\/"},{"@type":"ListItem","position":3,"name":"Proyecto Don Bosco","item":"https:\/\/blogs.donboscovolunteers.de\/boliviensofia\/mein-freiwilligendienst\/proyecto-don-bosco\/"},{"@type":"ListItem","position":4,"name":"Mein Arbeitsplatz: Hogar Mano Amiga"}]},{"@type":"WebSite","@id":"https:\/\/blogs.donboscovolunteers.de\/boliviensofia\/#website","url":"https:\/\/blogs.donboscovolunteers.de\/boliviensofia\/","name":"Sofia en Bolivia","description":"Mein Freiwilligendienst mit Don Bosco","potentialAction":[{"@type":"SearchAction","target":{"@type":"EntryPoint","urlTemplate":"https:\/\/blogs.donboscovolunteers.de\/boliviensofia\/?s={search_term_string}"},"query-input":{"@type":"PropertyValueSpecification","valueRequired":true,"valueName":"search_term_string"}}],"inLanguage":"de"}]}},"_links":{"self":[{"href":"https:\/\/blogs.donboscovolunteers.de\/boliviensofia\/wp-json\/wp\/v2\/pages\/109","targetHints":{"allow":["GET"]}}],"collection":[{"href":"https:\/\/blogs.donboscovolunteers.de\/boliviensofia\/wp-json\/wp\/v2\/pages"}],"about":[{"href":"https:\/\/blogs.donboscovolunteers.de\/boliviensofia\/wp-json\/wp\/v2\/types\/page"}],"author":[{"embeddable":true,"href":"https:\/\/blogs.donboscovolunteers.de\/boliviensofia\/wp-json\/wp\/v2\/users\/21752"}],"replies":[{"embeddable":true,"href":"https:\/\/blogs.donboscovolunteers.de\/boliviensofia\/wp-json\/wp\/v2\/comments?post=109"}],"version-history":[{"count":13,"href":"https:\/\/blogs.donboscovolunteers.de\/boliviensofia\/wp-json\/wp\/v2\/pages\/109\/revisions"}],"predecessor-version":[{"id":237,"href":"https:\/\/blogs.donboscovolunteers.de\/boliviensofia\/wp-json\/wp\/v2\/pages\/109\/revisions\/237"}],"up":[{"embeddable":true,"href":"https:\/\/blogs.donboscovolunteers.de\/boliviensofia\/wp-json\/wp\/v2\/pages\/96"}],"wp:featuredmedia":[{"embeddable":true,"href":"https:\/\/blogs.donboscovolunteers.de\/boliviensofia\/wp-json\/wp\/v2\/media\/140"}],"wp:attachment":[{"href":"https:\/\/blogs.donboscovolunteers.de\/boliviensofia\/wp-json\/wp\/v2\/media?parent=109"}],"curies":[{"name":"wp","href":"https:\/\/api.w.org\/{rel}","templated":true}]}}