{"id":4,"date":"2024-07-30T13:50:06","date_gmt":"2024-07-30T11:50:06","guid":{"rendered":"https:\/\/blogs.donboscovolunteers.de\/bolividaconfinja\/about-2\/"},"modified":"2024-08-21T14:19:14","modified_gmt":"2024-08-21T12:19:14","slug":"about-2","status":"publish","type":"page","link":"https:\/\/blogs.donboscovolunteers.de\/bolividaconfinja\/about-2\/","title":{"rendered":"Spenden"},"content":{"rendered":"<p>Mein <a href=\"https:\/\/www.donboscovolunteers.de\/\">Freiwilligendienst<\/a> wird vom staatlichen Programm \u201eweltw\u00e4rts\u201c durch das Bundesministerium f\u00fcr wirtschaftliche Entwicklung und Zusammenarbeit gef\u00f6rdert. Dabei \u00fcbernimmt \u201eweltw\u00e4rts\u201c 75% der Kosten, die f\u00fcr die Fahrten, die Unterkunft, die Seminare, die Fl\u00fcge und vieles mehr gebraucht werden. F\u00fcr die restlichen 25% der Kosten muss meine Entsendeorganisation <a href=\"https:\/\/www.donboscovolunteers.de\/\">Don Bosco Volunteers<\/a> aufkommen. Da die Kosten jedoch die Kapazit\u00e4ten von Don Bosco Volunteers \u00fcbersteigen, bin ich auf eure Spendengelder angewiesen.<\/p>\n<p>Wenn ihr mein Engagement, das der anderen Freiwilligen oder die Einrichtungen in den verschiedenen L\u00e4ndern unterst\u00fctzen m\u00f6chtet, w\u00fcrde mich das sehr freuen. Eure Spende kann noch so klein sein, ich freue mich \u00fcber jeden Cent!<\/p>\n<p>Mit eurer Spende finanziert ihr meinen Einsatz. Falls dar\u00fcber hinaus Spenden eingehen, werden zun\u00e4chst die 25% der Kosten der Freiwilligen 2024\/2025 abgedeckt. Alles weitere Geld wird in einem Topf der <a href=\"https:\/\/www.donboscomission.de\/\">Don Bosco Mission<\/a> gesammelt und wird durch Mitbestimmung von uns Freiwilligen an die Projekte weitergeleitet, in denen wir w\u00e4hrend des Jahres eingesetzt sind.<\/p>\n<p>Durch eure Unterst\u00fctzung ist es m\u00f6glich f\u00fcr uns den Freiwilligendienst anzutreten, Kindern Aufmerksamkeit und Zeit zu schenken sowie eigene Ideen im Projekt umzusetzen.<\/p>\n<p>Hier k\u00f6nnt ihr online spenden:<\/p>\n<p><a href=\"https:\/\/www.donboscomission.de\/volontariat\/2024\/spenden\/bolividaconfinja\">https:\/\/www.donboscomission.de\/volontariat\/2024\/spenden\/bolividaconfinja<\/a><\/p>\n<p>Um mich und meine Arbeit zu unterst\u00fctzen, einfach die unten genannte <strong>Spendenadresse<\/strong> angeben:<\/p>\n<p>Don Bosco Mission<\/p>\n<p>Sparkasse K\u00f6ln Bonn<\/p>\n<p>IBAN: DE89 3705 0198 0000 0994 99<\/p>\n<p>Verwendungszweck: S24VR016 (Finja Schellenberger)<\/p>\n<p>Bitte gebt euren Namen sowie eure Adresse an, um eine Spendenquittung zu erhalten!<\/p>\n<p>Schon jetzt ein gro\u00dfes Dankesch\u00f6n f\u00fcr eure Unterst\u00fctzung!<\/p>\n<p>Finja<\/p>\n","protected":false},"excerpt":{"rendered":"<p>Mein <a href=\"https:\/\/www.donboscovolunteers.de\/\">Freiwilligendienst<\/a> wird vom staatlichen Programm \u201eweltw\u00e4rts\u201c durch das Bundesministerium f\u00fcr wirtschaftliche Entwicklung und Zusammenarbeit gef\u00f6rdert. Dabei \u00fcbernimmt \u201eweltw\u00e4rts\u201c 75% der Kosten, die f\u00fcr die Fahrten, die Unterkunft, die Seminare, die Fl\u00fcge und vieles mehr gebraucht werden. F\u00fcr die restlichen 25% der Kosten muss meine Entsendeorganisation <a href=\"https:\/\/www.donboscomission.de\/don-bosco\/\">Don Bosco<\/a> Volunteers aufkommen. Da die Kosten jedoch die [&hellip;]<\/p>\n","protected":false},"author":1,"featured_media":0,"parent":0,"menu_order":1,"comment_status":"closed","ping_status":"closed","template":"","meta":{"footnotes":""},"class_list":["post-4","page","type-page","status-publish","hentry"],"yoast_head":"<!-- This site is optimized with the Yoast SEO plugin v25.3.1 - https:\/\/yoast.com\/wordpress\/plugins\/seo\/ -->\n<title>Spenden - Bolivida con Finja<\/title>\n<meta name=\"robots\" content=\"index, follow, max-snippet:-1, max-image-preview:large, max-video-preview:-1\" \/>\n<link rel=\"canonical\" href=\"https:\/\/blogs.donboscovolunteers.de\/bolividaconfinja\/about-2\/\" \/>\n<meta property=\"og:locale\" content=\"de_DE\" \/>\n<meta property=\"og:type\" content=\"article\" \/>\n<meta property=\"og:title\" content=\"Spenden - Bolivida con Finja\" \/>\n<meta property=\"og:description\" content=\"Mein Freiwilligendienst wird vom staatlichen Programm \u201eweltw\u00e4rts\u201c durch das Bundesministerium f\u00fcr wirtschaftliche Entwicklung und Zusammenarbeit gef\u00f6rdert. Dabei \u00fcbernimmt \u201eweltw\u00e4rts\u201c 75% der Kosten, die f\u00fcr die Fahrten, die Unterkunft, die Seminare, die Fl\u00fcge und vieles mehr gebraucht werden. F\u00fcr die restlichen 25% der Kosten muss meine Entsendeorganisation Don Bosco Volunteers aufkommen. Da die Kosten jedoch die [&hellip;]\" \/>\n<meta property=\"og:url\" content=\"https:\/\/blogs.donboscovolunteers.de\/bolividaconfinja\/about-2\/\" \/>\n<meta property=\"og:site_name\" content=\"Bolivida con Finja\" \/>\n<meta property=\"article:modified_time\" content=\"2024-08-21T12:19:14+00:00\" \/>\n<meta name=\"twitter:card\" content=\"summary_large_image\" \/>\n<meta name=\"twitter:label1\" content=\"Gesch\u00e4tzte Lesezeit\" \/>\n\t<meta name=\"twitter:data1\" content=\"2\u00a0Minuten\" \/>\n<script type=\"application\/ld+json\" class=\"yoast-schema-graph\">{\"@context\":\"https:\/\/schema.org\",\"@graph\":[{\"@type\":\"WebPage\",\"@id\":\"https:\/\/blogs.donboscovolunteers.de\/bolividaconfinja\/about-2\/\",\"url\":\"https:\/\/blogs.donboscovolunteers.de\/bolividaconfinja\/about-2\/\",\"name\":\"Spenden - Bolivida con Finja\",\"isPartOf\":{\"@id\":\"https:\/\/blogs.donboscovolunteers.de\/bolividaconfinja\/#website\"},\"datePublished\":\"2024-07-30T11:50:06+00:00\",\"dateModified\":\"2024-08-21T12:19:14+00:00\",\"breadcrumb\":{\"@id\":\"https:\/\/blogs.donboscovolunteers.de\/bolividaconfinja\/about-2\/#breadcrumb\"},\"inLanguage\":\"de\",\"potentialAction\":[{\"@type\":\"ReadAction\",\"target\":[\"https:\/\/blogs.donboscovolunteers.de\/bolividaconfinja\/about-2\/\"]}]},{\"@type\":\"BreadcrumbList\",\"@id\":\"https:\/\/blogs.donboscovolunteers.de\/bolividaconfinja\/about-2\/#breadcrumb\",\"itemListElement\":[{\"@type\":\"ListItem\",\"position\":1,\"name\":\"Startseite\",\"item\":\"https:\/\/blogs.donboscovolunteers.de\/bolividaconfinja\/\"},{\"@type\":\"ListItem\",\"position\":2,\"name\":\"Spenden\"}]},{\"@type\":\"WebSite\",\"@id\":\"https:\/\/blogs.donboscovolunteers.de\/bolividaconfinja\/#website\",\"url\":\"https:\/\/blogs.donboscovolunteers.de\/bolividaconfinja\/\",\"name\":\"Bolivida con Finja\",\"description\":\"\",\"potentialAction\":[{\"@type\":\"SearchAction\",\"target\":{\"@type\":\"EntryPoint\",\"urlTemplate\":\"https:\/\/blogs.donboscovolunteers.de\/bolividaconfinja\/?s={search_term_string}\"},\"query-input\":{\"@type\":\"PropertyValueSpecification\",\"valueRequired\":true,\"valueName\":\"search_term_string\"}}],\"inLanguage\":\"de\"}]}<\/script>\n<!-- \/ Yoast SEO plugin. -->","yoast_head_json":{"title":"Spenden - Bolivida con Finja","robots":{"index":"index","follow":"follow","max-snippet":"max-snippet:-1","max-image-preview":"max-image-preview:large","max-video-preview":"max-video-preview:-1"},"canonical":"https:\/\/blogs.donboscovolunteers.de\/bolividaconfinja\/about-2\/","og_locale":"de_DE","og_type":"article","og_title":"Spenden - Bolivida con Finja","og_description":"Mein Freiwilligendienst wird vom staatlichen Programm \u201eweltw\u00e4rts\u201c durch das Bundesministerium f\u00fcr wirtschaftliche Entwicklung und Zusammenarbeit gef\u00f6rdert. Dabei \u00fcbernimmt \u201eweltw\u00e4rts\u201c 75% der Kosten, die f\u00fcr die Fahrten, die Unterkunft, die Seminare, die Fl\u00fcge und vieles mehr gebraucht werden. F\u00fcr die restlichen 25% der Kosten muss meine Entsendeorganisation Don Bosco Volunteers aufkommen. Da die Kosten jedoch die [&hellip;]","og_url":"https:\/\/blogs.donboscovolunteers.de\/bolividaconfinja\/about-2\/","og_site_name":"Bolivida con Finja","article_modified_time":"2024-08-21T12:19:14+00:00","twitter_card":"summary_large_image","twitter_misc":{"Gesch\u00e4tzte Lesezeit":"2\u00a0Minuten"},"schema":{"@context":"https:\/\/schema.org","@graph":[{"@type":"WebPage","@id":"https:\/\/blogs.donboscovolunteers.de\/bolividaconfinja\/about-2\/","url":"https:\/\/blogs.donboscovolunteers.de\/bolividaconfinja\/about-2\/","name":"Spenden - Bolivida con Finja","isPartOf":{"@id":"https:\/\/blogs.donboscovolunteers.de\/bolividaconfinja\/#website"},"datePublished":"2024-07-30T11:50:06+00:00","dateModified":"2024-08-21T12:19:14+00:00","breadcrumb":{"@id":"https:\/\/blogs.donboscovolunteers.de\/bolividaconfinja\/about-2\/#breadcrumb"},"inLanguage":"de","potentialAction":[{"@type":"ReadAction","target":["https:\/\/blogs.donboscovolunteers.de\/bolividaconfinja\/about-2\/"]}]},{"@type":"BreadcrumbList","@id":"https:\/\/blogs.donboscovolunteers.de\/bolividaconfinja\/about-2\/#breadcrumb","itemListElement":[{"@type":"ListItem","position":1,"name":"Startseite","item":"https:\/\/blogs.donboscovolunteers.de\/bolividaconfinja\/"},{"@type":"ListItem","position":2,"name":"Spenden"}]},{"@type":"WebSite","@id":"https:\/\/blogs.donboscovolunteers.de\/bolividaconfinja\/#website","url":"https:\/\/blogs.donboscovolunteers.de\/bolividaconfinja\/","name":"Bolivida con Finja","description":"","potentialAction":[{"@type":"SearchAction","target":{"@type":"EntryPoint","urlTemplate":"https:\/\/blogs.donboscovolunteers.de\/bolividaconfinja\/?s={search_term_string}"},"query-input":{"@type":"PropertyValueSpecification","valueRequired":true,"valueName":"search_term_string"}}],"inLanguage":"de"}]}},"_links":{"self":[{"href":"https:\/\/blogs.donboscovolunteers.de\/bolividaconfinja\/wp-json\/wp\/v2\/pages\/4","targetHints":{"allow":["GET"]}}],"collection":[{"href":"https:\/\/blogs.donboscovolunteers.de\/bolividaconfinja\/wp-json\/wp\/v2\/pages"}],"about":[{"href":"https:\/\/blogs.donboscovolunteers.de\/bolividaconfinja\/wp-json\/wp\/v2\/types\/page"}],"author":[{"embeddable":true,"href":"https:\/\/blogs.donboscovolunteers.de\/bolividaconfinja\/wp-json\/wp\/v2\/users\/1"}],"replies":[{"embeddable":true,"href":"https:\/\/blogs.donboscovolunteers.de\/bolividaconfinja\/wp-json\/wp\/v2\/comments?post=4"}],"version-history":[{"count":4,"href":"https:\/\/blogs.donboscovolunteers.de\/bolividaconfinja\/wp-json\/wp\/v2\/pages\/4\/revisions"}],"predecessor-version":[{"id":42,"href":"https:\/\/blogs.donboscovolunteers.de\/bolividaconfinja\/wp-json\/wp\/v2\/pages\/4\/revisions\/42"}],"wp:attachment":[{"href":"https:\/\/blogs.donboscovolunteers.de\/bolividaconfinja\/wp-json\/wp\/v2\/media?parent=4"}],"curies":[{"name":"wp","href":"https:\/\/api.w.org\/{rel}","templated":true}]}}