{"id":3,"date":"2024-07-30T13:50:06","date_gmt":"2024-07-30T11:50:06","guid":{"rendered":"https:\/\/blogs.donboscovolunteers.de\/bolividaconfinja\/about\/"},"modified":"2024-08-11T20:38:20","modified_gmt":"2024-08-11T18:38:20","slug":"about","status":"publish","type":"page","link":"https:\/\/blogs.donboscovolunteers.de\/bolividaconfinja\/about\/","title":{"rendered":"\u00dcber mich"},"content":{"rendered":"<p>Hallo!<\/p>\n<p>Sch\u00f6n, dass du zu meinem Blog gefunden hast!<\/p>\n<p>Ich hei\u00dfe Finja, bin 19 Jahre alt und komme aus K\u00f6ln. In meiner Freizeit schwimme ich gerne, gehe viel spazieren, lese und bin im Zirkus aktiv. Wenn ich im Zirkus kein Einrad fahre, probiere ich andere Disziplinen aus, wie zum Beispiel Rola Bola oder Jonglage. Au\u00dferdem bin ich gerne kreativ, mag es, zu schreiben und Neues kennenzulernen. In diesem Jahr (2024) habe ich mein Abitur gemacht.<\/p>\n<p>Ab September 2024 geht es f\u00fcr mich f\u00fcr ein Jahr nach <a href=\"https:\/\/strassenkinder.de\/laender\/lateinamerika\/bolivien-strassenkinderzentrum\/\">Santa Cruz<\/a> de la Sierra in <a href=\"https:\/\/multimedia.strassenkinder.de\/bolivien\">Bolivien<\/a>, wo ich meinen Auslandsfreiwilligendienst mit <a href=\"https:\/\/www.donboscovolunteers.de\/\">Don Bosco Volunteers<\/a> machen werde. Dann hei\u00dft es f\u00fcr mich ein Jahr lang <em>Viva Bolivia<\/em> statt <em>Viva Colonia<\/em>.<\/p>\n<p>Gemeinsam mit meiner Mitvolont\u00e4rin Karla werde ich im Casa Ma\u00edn wohnen, voraussichtlich viel Neues kennenlernen und ein Jahr lang in das Leben vor Ort eintauchen k\u00f6nnen.<\/p>\n<p>Schon jetzt bin ich gespannt, welche Erfahrungen und Erlebnisse in Bolivien auf mich zukommen werden.<\/p>\n<p>Ich freue mich, wenn du mich auf dieser Reise begleitest! Gerne kannst du in dieser Zeit Nachfragen stellen oder Anregungen \u00fcber die Kommentarfunktion \u00e4u\u00dfern.<\/p>\n<p>Bis bald oder Hasta pronto,<\/p>\n<p>Finja<\/p>\n<p><img loading=\"lazy\" decoding=\"async\" class=\"alignnone wp-image-19 \" src=\"https:\/\/blogs.donboscovolunteers.de\/bolividaconfinja\/wp-content\/uploads\/sites\/21722\/2024\/08\/Alpaka-Theo-300x169.jpg\" alt=\"\" width=\"253\" height=\"143\" srcset=\"https:\/\/blogs.donboscovolunteers.de\/bolividaconfinja\/wp-content\/uploads\/sites\/21722\/2024\/08\/Alpaka-Theo-300x169.jpg 300w, https:\/\/blogs.donboscovolunteers.de\/bolividaconfinja\/wp-content\/uploads\/sites\/21722\/2024\/08\/Alpaka-Theo-1024x576.jpg 1024w, https:\/\/blogs.donboscovolunteers.de\/bolividaconfinja\/wp-content\/uploads\/sites\/21722\/2024\/08\/Alpaka-Theo-768x432.jpg 768w, https:\/\/blogs.donboscovolunteers.de\/bolividaconfinja\/wp-content\/uploads\/sites\/21722\/2024\/08\/Alpaka-Theo-900x506.jpg 900w, https:\/\/blogs.donboscovolunteers.de\/bolividaconfinja\/wp-content\/uploads\/sites\/21722\/2024\/08\/Alpaka-Theo.jpg 1280w\" sizes=\"auto, (max-width: 253px) 100vw, 253px\" \/><\/p>\n<p>Das bin ich (und Alpaka Theo), der kommt aber nicht mit nach Bolivien. Vielleicht treffe ich dort auch Alpakas. \ud83d\ude09<\/p>\n","protected":false},"excerpt":{"rendered":"<p>Hallo! Sch\u00f6n, dass du zu meinem Blog gefunden hast! Ich hei\u00dfe Finja, bin 19 Jahre alt und komme aus K\u00f6ln. In meiner Freizeit schwimme ich gerne, gehe viel spazieren, lese und bin im Zirkus aktiv. Wenn ich im Zirkus kein Einrad fahre, probiere ich andere Disziplinen aus, wie zum Beispiel Rola Bola oder Jonglage. Au\u00dferdem [&hellip;]<\/p>\n","protected":false},"author":1,"featured_media":0,"parent":0,"menu_order":1,"comment_status":"closed","ping_status":"closed","template":"","meta":{"footnotes":""},"class_list":["post-3","page","type-page","status-publish","hentry"],"yoast_head":"<!-- This site is optimized with the Yoast SEO plugin v25.3.1 - https:\/\/yoast.com\/wordpress\/plugins\/seo\/ -->\n<title>\u00dcber mich - Bolivida con Finja<\/title>\n<meta name=\"robots\" content=\"index, follow, max-snippet:-1, max-image-preview:large, max-video-preview:-1\" \/>\n<link rel=\"canonical\" href=\"https:\/\/blogs.donboscovolunteers.de\/bolividaconfinja\/about\/\" \/>\n<meta property=\"og:locale\" content=\"de_DE\" \/>\n<meta property=\"og:type\" content=\"article\" \/>\n<meta property=\"og:title\" content=\"\u00dcber mich - Bolivida con Finja\" \/>\n<meta property=\"og:description\" content=\"Hallo! Sch\u00f6n, dass du zu meinem Blog gefunden hast! Ich hei\u00dfe Finja, bin 19 Jahre alt und komme aus K\u00f6ln. In meiner Freizeit schwimme ich gerne, gehe viel spazieren, lese und bin im Zirkus aktiv. Wenn ich im Zirkus kein Einrad fahre, probiere ich andere Disziplinen aus, wie zum Beispiel Rola Bola oder Jonglage. Au\u00dferdem [&hellip;]\" \/>\n<meta property=\"og:url\" content=\"https:\/\/blogs.donboscovolunteers.de\/bolividaconfinja\/about\/\" \/>\n<meta property=\"og:site_name\" content=\"Bolivida con Finja\" \/>\n<meta property=\"article:modified_time\" content=\"2024-08-11T18:38:20+00:00\" \/>\n<meta property=\"og:image\" content=\"https:\/\/blogs.donboscovolunteers.de\/bolividaconfinja\/wp-content\/uploads\/sites\/21722\/2024\/08\/Alpaka-Theo-300x169.jpg\" \/>\n<meta name=\"twitter:card\" content=\"summary_large_image\" \/>\n<meta name=\"twitter:label1\" content=\"Gesch\u00e4tzte Lesezeit\" \/>\n\t<meta name=\"twitter:data1\" content=\"2\u00a0Minuten\" \/>\n<script type=\"application\/ld+json\" class=\"yoast-schema-graph\">{\"@context\":\"https:\/\/schema.org\",\"@graph\":[{\"@type\":\"WebPage\",\"@id\":\"https:\/\/blogs.donboscovolunteers.de\/bolividaconfinja\/about\/\",\"url\":\"https:\/\/blogs.donboscovolunteers.de\/bolividaconfinja\/about\/\",\"name\":\"\u00dcber mich - Bolivida con Finja\",\"isPartOf\":{\"@id\":\"https:\/\/blogs.donboscovolunteers.de\/bolividaconfinja\/#website\"},\"primaryImageOfPage\":{\"@id\":\"https:\/\/blogs.donboscovolunteers.de\/bolividaconfinja\/about\/#primaryimage\"},\"image\":{\"@id\":\"https:\/\/blogs.donboscovolunteers.de\/bolividaconfinja\/about\/#primaryimage\"},\"thumbnailUrl\":\"https:\/\/blogs.donboscovolunteers.de\/bolividaconfinja\/wp-content\/uploads\/sites\/21722\/2024\/08\/Alpaka-Theo-300x169.jpg\",\"datePublished\":\"2024-07-30T11:50:06+00:00\",\"dateModified\":\"2024-08-11T18:38:20+00:00\",\"breadcrumb\":{\"@id\":\"https:\/\/blogs.donboscovolunteers.de\/bolividaconfinja\/about\/#breadcrumb\"},\"inLanguage\":\"de\",\"potentialAction\":[{\"@type\":\"ReadAction\",\"target\":[\"https:\/\/blogs.donboscovolunteers.de\/bolividaconfinja\/about\/\"]}]},{\"@type\":\"ImageObject\",\"inLanguage\":\"de\",\"@id\":\"https:\/\/blogs.donboscovolunteers.de\/bolividaconfinja\/about\/#primaryimage\",\"url\":\"https:\/\/blogs.donboscovolunteers.de\/bolividaconfinja\/wp-content\/uploads\/sites\/21722\/2024\/08\/Alpaka-Theo.jpg\",\"contentUrl\":\"https:\/\/blogs.donboscovolunteers.de\/bolividaconfinja\/wp-content\/uploads\/sites\/21722\/2024\/08\/Alpaka-Theo.jpg\",\"width\":1280,\"height\":720},{\"@type\":\"BreadcrumbList\",\"@id\":\"https:\/\/blogs.donboscovolunteers.de\/bolividaconfinja\/about\/#breadcrumb\",\"itemListElement\":[{\"@type\":\"ListItem\",\"position\":1,\"name\":\"Startseite\",\"item\":\"https:\/\/blogs.donboscovolunteers.de\/bolividaconfinja\/\"},{\"@type\":\"ListItem\",\"position\":2,\"name\":\"\u00dcber mich\"}]},{\"@type\":\"WebSite\",\"@id\":\"https:\/\/blogs.donboscovolunteers.de\/bolividaconfinja\/#website\",\"url\":\"https:\/\/blogs.donboscovolunteers.de\/bolividaconfinja\/\",\"name\":\"Bolivida con Finja\",\"description\":\"\",\"potentialAction\":[{\"@type\":\"SearchAction\",\"target\":{\"@type\":\"EntryPoint\",\"urlTemplate\":\"https:\/\/blogs.donboscovolunteers.de\/bolividaconfinja\/?s={search_term_string}\"},\"query-input\":{\"@type\":\"PropertyValueSpecification\",\"valueRequired\":true,\"valueName\":\"search_term_string\"}}],\"inLanguage\":\"de\"}]}<\/script>\n<!-- \/ Yoast SEO plugin. -->","yoast_head_json":{"title":"\u00dcber mich - Bolivida con Finja","robots":{"index":"index","follow":"follow","max-snippet":"max-snippet:-1","max-image-preview":"max-image-preview:large","max-video-preview":"max-video-preview:-1"},"canonical":"https:\/\/blogs.donboscovolunteers.de\/bolividaconfinja\/about\/","og_locale":"de_DE","og_type":"article","og_title":"\u00dcber mich - Bolivida con Finja","og_description":"Hallo! Sch\u00f6n, dass du zu meinem Blog gefunden hast! Ich hei\u00dfe Finja, bin 19 Jahre alt und komme aus K\u00f6ln. In meiner Freizeit schwimme ich gerne, gehe viel spazieren, lese und bin im Zirkus aktiv. Wenn ich im Zirkus kein Einrad fahre, probiere ich andere Disziplinen aus, wie zum Beispiel Rola Bola oder Jonglage. Au\u00dferdem [&hellip;]","og_url":"https:\/\/blogs.donboscovolunteers.de\/bolividaconfinja\/about\/","og_site_name":"Bolivida con Finja","article_modified_time":"2024-08-11T18:38:20+00:00","og_image":[{"url":"https:\/\/blogs.donboscovolunteers.de\/bolividaconfinja\/wp-content\/uploads\/sites\/21722\/2024\/08\/Alpaka-Theo-300x169.jpg","type":"","width":"","height":""}],"twitter_card":"summary_large_image","twitter_misc":{"Gesch\u00e4tzte Lesezeit":"2\u00a0Minuten"},"schema":{"@context":"https:\/\/schema.org","@graph":[{"@type":"WebPage","@id":"https:\/\/blogs.donboscovolunteers.de\/bolividaconfinja\/about\/","url":"https:\/\/blogs.donboscovolunteers.de\/bolividaconfinja\/about\/","name":"\u00dcber mich - Bolivida con Finja","isPartOf":{"@id":"https:\/\/blogs.donboscovolunteers.de\/bolividaconfinja\/#website"},"primaryImageOfPage":{"@id":"https:\/\/blogs.donboscovolunteers.de\/bolividaconfinja\/about\/#primaryimage"},"image":{"@id":"https:\/\/blogs.donboscovolunteers.de\/bolividaconfinja\/about\/#primaryimage"},"thumbnailUrl":"https:\/\/blogs.donboscovolunteers.de\/bolividaconfinja\/wp-content\/uploads\/sites\/21722\/2024\/08\/Alpaka-Theo-300x169.jpg","datePublished":"2024-07-30T11:50:06+00:00","dateModified":"2024-08-11T18:38:20+00:00","breadcrumb":{"@id":"https:\/\/blogs.donboscovolunteers.de\/bolividaconfinja\/about\/#breadcrumb"},"inLanguage":"de","potentialAction":[{"@type":"ReadAction","target":["https:\/\/blogs.donboscovolunteers.de\/bolividaconfinja\/about\/"]}]},{"@type":"ImageObject","inLanguage":"de","@id":"https:\/\/blogs.donboscovolunteers.de\/bolividaconfinja\/about\/#primaryimage","url":"https:\/\/blogs.donboscovolunteers.de\/bolividaconfinja\/wp-content\/uploads\/sites\/21722\/2024\/08\/Alpaka-Theo.jpg","contentUrl":"https:\/\/blogs.donboscovolunteers.de\/bolividaconfinja\/wp-content\/uploads\/sites\/21722\/2024\/08\/Alpaka-Theo.jpg","width":1280,"height":720},{"@type":"BreadcrumbList","@id":"https:\/\/blogs.donboscovolunteers.de\/bolividaconfinja\/about\/#breadcrumb","itemListElement":[{"@type":"ListItem","position":1,"name":"Startseite","item":"https:\/\/blogs.donboscovolunteers.de\/bolividaconfinja\/"},{"@type":"ListItem","position":2,"name":"\u00dcber mich"}]},{"@type":"WebSite","@id":"https:\/\/blogs.donboscovolunteers.de\/bolividaconfinja\/#website","url":"https:\/\/blogs.donboscovolunteers.de\/bolividaconfinja\/","name":"Bolivida con Finja","description":"","potentialAction":[{"@type":"SearchAction","target":{"@type":"EntryPoint","urlTemplate":"https:\/\/blogs.donboscovolunteers.de\/bolividaconfinja\/?s={search_term_string}"},"query-input":{"@type":"PropertyValueSpecification","valueRequired":true,"valueName":"search_term_string"}}],"inLanguage":"de"}]}},"_links":{"self":[{"href":"https:\/\/blogs.donboscovolunteers.de\/bolividaconfinja\/wp-json\/wp\/v2\/pages\/3","targetHints":{"allow":["GET"]}}],"collection":[{"href":"https:\/\/blogs.donboscovolunteers.de\/bolividaconfinja\/wp-json\/wp\/v2\/pages"}],"about":[{"href":"https:\/\/blogs.donboscovolunteers.de\/bolividaconfinja\/wp-json\/wp\/v2\/types\/page"}],"author":[{"embeddable":true,"href":"https:\/\/blogs.donboscovolunteers.de\/bolividaconfinja\/wp-json\/wp\/v2\/users\/1"}],"replies":[{"embeddable":true,"href":"https:\/\/blogs.donboscovolunteers.de\/bolividaconfinja\/wp-json\/wp\/v2\/comments?post=3"}],"version-history":[{"count":9,"href":"https:\/\/blogs.donboscovolunteers.de\/bolividaconfinja\/wp-json\/wp\/v2\/pages\/3\/revisions"}],"predecessor-version":[{"id":39,"href":"https:\/\/blogs.donboscovolunteers.de\/bolividaconfinja\/wp-json\/wp\/v2\/pages\/3\/revisions\/39"}],"wp:attachment":[{"href":"https:\/\/blogs.donboscovolunteers.de\/bolividaconfinja\/wp-json\/wp\/v2\/media?parent=3"}],"curies":[{"name":"wp","href":"https:\/\/api.w.org\/{rel}","templated":true}]}}