{"id":235,"date":"2017-10-10T21:27:49","date_gmt":"2017-10-10T20:27:49","guid":{"rendered":"https:\/\/blogs.donboscovolunteers.de\/barbarainbenin\/?page_id=235"},"modified":"2017-10-10T21:27:49","modified_gmt":"2017-10-10T20:27:49","slug":"don-bosco","status":"publish","type":"page","link":"https:\/\/blogs.donboscovolunteers.de\/barbarainbenin\/don-bosco\/","title":{"rendered":"Don Bosco"},"content":{"rendered":"<p>Ist das nicht krass: In 132 L\u00e4ndern der Welt setzen sich die <a href=\"https:\/\/www.donboscomission.de\/don-bosco\/erbe\/\">Salesianer Don Boscos<\/a> heute f\u00fcr benachteiligte Kinder und Jugendliche ein, geben ihnen die M\u00f6glichkeit, in die Schule zu gehen, eine Ausbildung zu machen oder einfach nur Kind zu sein, in einem sicherem Umfeld, in dem Glaube, Liebe und Vernunft ganz wichtig sind. So viele Menschen sind Teil dieser gro\u00dfen Familie. Und begonnen hat das alles vor ungef\u00e4hr 200 Jahren, in einem kleinen Ort in der N\u00e4he Turins. Dort wuchs Don Giovanni Bosco (1815-1888) in einer armen Bauernfamilie auf. Seine Kindheit und Jugend war nicht immer einfach: Sein Vater starb jung, Giovanni konnte erst mit 15 Jahren in die Schule gehen und es kam immer wieder zu Konflikten zwischen ihm und seinem \u00e4lteren Bruder. Aus seinem festen Glauben sch\u00f6pfte Giovanni Kraft und schon bald stand f\u00fcr ihn fest, dass er Priester werden wollte. <strong>\u00a0<\/strong><\/p>\n<p><img loading=\"lazy\" decoding=\"async\" class=\"wp-image-236 aligncenter\" src=\"https:\/\/blogs.donboscovolunteers.de\/barbarainbenin\/wp-content\/uploads\/sites\/21494\/2017\/10\/Don-Bosco-Bild.jpg\" alt=\"\" width=\"203\" height=\"278\" \/><\/p>\n<p>In Turin gab es zu dieser Zeit der Industrialisierung viele Stra\u00dfenkinder. Um deren Wohl setzte sich <a href=\"https:\/\/www.donboscomission.de\/don-bosco\/\">Don Bosco<\/a> ein und schuf Freizeitzentren, Schulen und Ausbildungspl\u00e4tze f\u00fcr sie. Dabei lehnte er bewusst die damals \u00fcblichen gewaltsamen Erziehungsmethoden ab. Don Bosco wollte Vorbild f\u00fcr die Jugendlichen sein und mit Zuneigung, Nachsicht und Vertrauen zum Gelingen der Zukunft seiner Sch\u00fctzlinge beitragen.<\/p>\n<p><strong><em>\u201eDiese Kinder sind Edelsteine, die auf der Stra\u00dfe liegen. Sie m\u00fcssen nur aufgehoben werden, und schon leuchten sie.\u201c<\/em><\/strong><\/p>\n<p>Er gr\u00fcndete die Ordensgemeinschaft der \u201eSalesianer Don Boscos\u201c, inspiriert vom im 16. Jahrhundert lebenden Bischof Franz von Sales. Kurz darauf rief der Turiner zusammen mit Maria Mazzarello den Orden der Don Bosco Schwestern ins Leben, welche sich besonders f\u00fcr die Rechte und Gleichberechtigung von M\u00e4dchen einsetzen.<\/p>\n<p>Heute haben junge Menschen die M\u00f6glichkeit, sich mit der Organisation \u201eDon Bosco Volunteers\u201c ein Jahr lang in einem Don Bosco-Projekt im In- oder Ausland zu engagieren. F\u00fcr mich ist das eine sehr wertvolle Erfahrung und ich bin dankbar daf\u00fcr, dieses Jahr machen zu k\u00f6nnen. Jeder Tag hier ist ein Geschenk!<\/p>\n","protected":false},"excerpt":{"rendered":"<p>Ist das nicht krass: In 132 L\u00e4ndern der Welt setzen sich die <a href=\"https:\/\/www.donboscomission.de\/don-bosco\/erbe\/\">Salesianer Don Boscos<\/a> heute f\u00fcr benachteiligte Kinder und Jugendliche ein, geben ihnen die M\u00f6glichkeit, in die Schule zu gehen, eine Ausbildung zu machen oder einfach nur Kind zu sein, in einem sicherem Umfeld, in dem Glaube, Liebe und Vernunft ganz wichtig sind. So [&hellip;]<\/p>\n","protected":false},"author":21545,"featured_media":0,"parent":0,"menu_order":0,"comment_status":"closed","ping_status":"closed","template":"","meta":{"footnotes":""},"class_list":["post-235","page","type-page","status-publish","hentry"],"yoast_head":"<!-- This site is optimized with the Yoast SEO plugin v25.3.1 - https:\/\/yoast.com\/wordpress\/plugins\/seo\/ -->\n<title>Don Bosco - Barbara in Benin<\/title>\n<meta name=\"robots\" content=\"index, follow, max-snippet:-1, max-image-preview:large, max-video-preview:-1\" \/>\n<link rel=\"canonical\" href=\"https:\/\/blogs.donboscovolunteers.de\/barbarainbenin\/don-bosco\/\" \/>\n<meta property=\"og:locale\" content=\"de_DE\" \/>\n<meta property=\"og:type\" content=\"article\" \/>\n<meta property=\"og:title\" content=\"Don Bosco - Barbara in Benin\" \/>\n<meta property=\"og:description\" content=\"Ist das nicht krass: In 132 L\u00e4ndern der Welt setzen sich die Salesianer Don Boscos heute f\u00fcr benachteiligte Kinder und Jugendliche ein, geben ihnen die M\u00f6glichkeit, in die Schule zu gehen, eine Ausbildung zu machen oder einfach nur Kind zu sein, in einem sicherem Umfeld, in dem Glaube, Liebe und Vernunft ganz wichtig sind. So [&hellip;]\" \/>\n<meta property=\"og:url\" content=\"https:\/\/blogs.donboscovolunteers.de\/barbarainbenin\/don-bosco\/\" \/>\n<meta property=\"og:site_name\" content=\"Barbara in Benin\" \/>\n<meta property=\"og:image\" content=\"https:\/\/blogs.donboscovolunteers.de\/barbarainbenin\/wp-content\/uploads\/sites\/21494\/2017\/10\/Don-Bosco-Bild.jpg\" \/>\n<meta name=\"twitter:card\" content=\"summary_large_image\" \/>\n<meta name=\"twitter:label1\" content=\"Gesch\u00e4tzte Lesezeit\" \/>\n\t<meta name=\"twitter:data1\" content=\"2\u00a0Minuten\" \/>\n<script type=\"application\/ld+json\" class=\"yoast-schema-graph\">{\"@context\":\"https:\/\/schema.org\",\"@graph\":[{\"@type\":\"WebPage\",\"@id\":\"https:\/\/blogs.donboscovolunteers.de\/barbarainbenin\/don-bosco\/\",\"url\":\"https:\/\/blogs.donboscovolunteers.de\/barbarainbenin\/don-bosco\/\",\"name\":\"Don Bosco - Barbara in Benin\",\"isPartOf\":{\"@id\":\"https:\/\/blogs.donboscovolunteers.de\/barbarainbenin\/#website\"},\"primaryImageOfPage\":{\"@id\":\"https:\/\/blogs.donboscovolunteers.de\/barbarainbenin\/don-bosco\/#primaryimage\"},\"image\":{\"@id\":\"https:\/\/blogs.donboscovolunteers.de\/barbarainbenin\/don-bosco\/#primaryimage\"},\"thumbnailUrl\":\"https:\/\/blogs.donboscovolunteers.de\/barbarainbenin\/wp-content\/uploads\/sites\/21494\/2017\/10\/Don-Bosco-Bild.jpg\",\"datePublished\":\"2017-10-10T20:27:49+00:00\",\"breadcrumb\":{\"@id\":\"https:\/\/blogs.donboscovolunteers.de\/barbarainbenin\/don-bosco\/#breadcrumb\"},\"inLanguage\":\"de\",\"potentialAction\":[{\"@type\":\"ReadAction\",\"target\":[\"https:\/\/blogs.donboscovolunteers.de\/barbarainbenin\/don-bosco\/\"]}]},{\"@type\":\"ImageObject\",\"inLanguage\":\"de\",\"@id\":\"https:\/\/blogs.donboscovolunteers.de\/barbarainbenin\/don-bosco\/#primaryimage\",\"url\":\"https:\/\/blogs.donboscovolunteers.de\/barbarainbenin\/wp-content\/uploads\/sites\/21494\/2017\/10\/Don-Bosco-Bild.jpg\",\"contentUrl\":\"https:\/\/blogs.donboscovolunteers.de\/barbarainbenin\/wp-content\/uploads\/sites\/21494\/2017\/10\/Don-Bosco-Bild.jpg\"},{\"@type\":\"BreadcrumbList\",\"@id\":\"https:\/\/blogs.donboscovolunteers.de\/barbarainbenin\/don-bosco\/#breadcrumb\",\"itemListElement\":[{\"@type\":\"ListItem\",\"position\":1,\"name\":\"Startseite\",\"item\":\"https:\/\/blogs.donboscovolunteers.de\/barbarainbenin\/\"},{\"@type\":\"ListItem\",\"position\":2,\"name\":\"Don Bosco\"}]},{\"@type\":\"WebSite\",\"@id\":\"https:\/\/blogs.donboscovolunteers.de\/barbarainbenin\/#website\",\"url\":\"https:\/\/blogs.donboscovolunteers.de\/barbarainbenin\/\",\"name\":\"Barbara in Benin\",\"description\":\"Mein Freiwilligendienst bei den Don Bosco-Schwestern\",\"potentialAction\":[{\"@type\":\"SearchAction\",\"target\":{\"@type\":\"EntryPoint\",\"urlTemplate\":\"https:\/\/blogs.donboscovolunteers.de\/barbarainbenin\/?s={search_term_string}\"},\"query-input\":{\"@type\":\"PropertyValueSpecification\",\"valueRequired\":true,\"valueName\":\"search_term_string\"}}],\"inLanguage\":\"de\"}]}<\/script>\n<!-- \/ Yoast SEO plugin. -->","yoast_head_json":{"title":"Don Bosco - Barbara in Benin","robots":{"index":"index","follow":"follow","max-snippet":"max-snippet:-1","max-image-preview":"max-image-preview:large","max-video-preview":"max-video-preview:-1"},"canonical":"https:\/\/blogs.donboscovolunteers.de\/barbarainbenin\/don-bosco\/","og_locale":"de_DE","og_type":"article","og_title":"Don Bosco - Barbara in Benin","og_description":"Ist das nicht krass: In 132 L\u00e4ndern der Welt setzen sich die Salesianer Don Boscos heute f\u00fcr benachteiligte Kinder und Jugendliche ein, geben ihnen die M\u00f6glichkeit, in die Schule zu gehen, eine Ausbildung zu machen oder einfach nur Kind zu sein, in einem sicherem Umfeld, in dem Glaube, Liebe und Vernunft ganz wichtig sind. So [&hellip;]","og_url":"https:\/\/blogs.donboscovolunteers.de\/barbarainbenin\/don-bosco\/","og_site_name":"Barbara in Benin","og_image":[{"url":"https:\/\/blogs.donboscovolunteers.de\/barbarainbenin\/wp-content\/uploads\/sites\/21494\/2017\/10\/Don-Bosco-Bild.jpg","type":"","width":"","height":""}],"twitter_card":"summary_large_image","twitter_misc":{"Gesch\u00e4tzte Lesezeit":"2\u00a0Minuten"},"schema":{"@context":"https:\/\/schema.org","@graph":[{"@type":"WebPage","@id":"https:\/\/blogs.donboscovolunteers.de\/barbarainbenin\/don-bosco\/","url":"https:\/\/blogs.donboscovolunteers.de\/barbarainbenin\/don-bosco\/","name":"Don Bosco - Barbara in Benin","isPartOf":{"@id":"https:\/\/blogs.donboscovolunteers.de\/barbarainbenin\/#website"},"primaryImageOfPage":{"@id":"https:\/\/blogs.donboscovolunteers.de\/barbarainbenin\/don-bosco\/#primaryimage"},"image":{"@id":"https:\/\/blogs.donboscovolunteers.de\/barbarainbenin\/don-bosco\/#primaryimage"},"thumbnailUrl":"https:\/\/blogs.donboscovolunteers.de\/barbarainbenin\/wp-content\/uploads\/sites\/21494\/2017\/10\/Don-Bosco-Bild.jpg","datePublished":"2017-10-10T20:27:49+00:00","breadcrumb":{"@id":"https:\/\/blogs.donboscovolunteers.de\/barbarainbenin\/don-bosco\/#breadcrumb"},"inLanguage":"de","potentialAction":[{"@type":"ReadAction","target":["https:\/\/blogs.donboscovolunteers.de\/barbarainbenin\/don-bosco\/"]}]},{"@type":"ImageObject","inLanguage":"de","@id":"https:\/\/blogs.donboscovolunteers.de\/barbarainbenin\/don-bosco\/#primaryimage","url":"https:\/\/blogs.donboscovolunteers.de\/barbarainbenin\/wp-content\/uploads\/sites\/21494\/2017\/10\/Don-Bosco-Bild.jpg","contentUrl":"https:\/\/blogs.donboscovolunteers.de\/barbarainbenin\/wp-content\/uploads\/sites\/21494\/2017\/10\/Don-Bosco-Bild.jpg"},{"@type":"BreadcrumbList","@id":"https:\/\/blogs.donboscovolunteers.de\/barbarainbenin\/don-bosco\/#breadcrumb","itemListElement":[{"@type":"ListItem","position":1,"name":"Startseite","item":"https:\/\/blogs.donboscovolunteers.de\/barbarainbenin\/"},{"@type":"ListItem","position":2,"name":"Don Bosco"}]},{"@type":"WebSite","@id":"https:\/\/blogs.donboscovolunteers.de\/barbarainbenin\/#website","url":"https:\/\/blogs.donboscovolunteers.de\/barbarainbenin\/","name":"Barbara in Benin","description":"Mein Freiwilligendienst bei den Don Bosco-Schwestern","potentialAction":[{"@type":"SearchAction","target":{"@type":"EntryPoint","urlTemplate":"https:\/\/blogs.donboscovolunteers.de\/barbarainbenin\/?s={search_term_string}"},"query-input":{"@type":"PropertyValueSpecification","valueRequired":true,"valueName":"search_term_string"}}],"inLanguage":"de"}]}},"_links":{"self":[{"href":"https:\/\/blogs.donboscovolunteers.de\/barbarainbenin\/wp-json\/wp\/v2\/pages\/235","targetHints":{"allow":["GET"]}}],"collection":[{"href":"https:\/\/blogs.donboscovolunteers.de\/barbarainbenin\/wp-json\/wp\/v2\/pages"}],"about":[{"href":"https:\/\/blogs.donboscovolunteers.de\/barbarainbenin\/wp-json\/wp\/v2\/types\/page"}],"author":[{"embeddable":true,"href":"https:\/\/blogs.donboscovolunteers.de\/barbarainbenin\/wp-json\/wp\/v2\/users\/21545"}],"replies":[{"embeddable":true,"href":"https:\/\/blogs.donboscovolunteers.de\/barbarainbenin\/wp-json\/wp\/v2\/comments?post=235"}],"version-history":[{"count":1,"href":"https:\/\/blogs.donboscovolunteers.de\/barbarainbenin\/wp-json\/wp\/v2\/pages\/235\/revisions"}],"predecessor-version":[{"id":237,"href":"https:\/\/blogs.donboscovolunteers.de\/barbarainbenin\/wp-json\/wp\/v2\/pages\/235\/revisions\/237"}],"wp:attachment":[{"href":"https:\/\/blogs.donboscovolunteers.de\/barbarainbenin\/wp-json\/wp\/v2\/media?parent=235"}],"curies":[{"name":"wp","href":"https:\/\/api.w.org\/{rel}","templated":true}]}}