{"id":181,"date":"2017-09-24T14:35:56","date_gmt":"2017-09-24T13:35:56","guid":{"rendered":"https:\/\/blogs.donboscovolunteers.de\/barbarainbenin\/?page_id=181"},"modified":"2017-10-07T21:13:06","modified_gmt":"2017-10-07T20:13:06","slug":"die-projekte","status":"publish","type":"page","link":"https:\/\/blogs.donboscovolunteers.de\/barbarainbenin\/die-projekte\/","title":{"rendered":"Die Projekte"},"content":{"rendered":"<p>Mit meinen Mitvolont\u00e4ren Gina und Marie-Luise werde ich die <a href=\"https:\/\/www.donboscomission.de\/don-bosco\/\">Don Bosco<\/a>-Schwestern in ihren verschiedenen Projekten, die sie in Cotonou aufgebaut haben, unterst\u00fctzen. Das Motto der Einrichtungen lautet: <strong>\u201eNein zu Gewalt an Frauen und M\u00e4dchen!\u201c<\/strong> Das Ziel ist es also, die Kinder und Jugendlichen zu sch\u00fctzen und ihnen die M\u00f6glichkeit zu geben, eine Ausbildung zu machen oder in die Schule zu gehen.<strong>\u00a0<\/strong>Auf dieser Seite m\u00f6chte ich euch die verschiedenen Projekte kurz vorstellen.<\/p>\n<p><strong>Das Foyer:<\/strong><\/p>\n<p>Das Foyer ist ein M\u00e4dchenheim auf dem Gel\u00e4nde der Schwestern. Unterteilt wird es in das kleine und das gro\u00dfe Foyer. Die M\u00e4dels, die aus schwierigen famili\u00e4ren Verh\u00e4ltnissen kommen und oftmals Opfer von Gewalt oder Vernachl\u00e4ssigung wurden, kommen zuerst in das kleine Foyer. Es wird versucht, sie zur\u00fcck in ihre Familien zu integrieren. Wenn das nicht m\u00f6glich ist, wird das gro\u00dfe Foyer zum richtigen Zuhause der M\u00e4dels. Dort k\u00f6nnen sie bis zum Ende der Schule oder Ausbildung bleiben. Es werden Alphabetisierungskurse und Hausaufgabenbetreuung angeboten. Die M\u00e4dchen verbringen ihre Zeit miteinander und spielen, beten und essen zusammen.<\/p>\n<p><strong>Baraque SOS: <\/strong><\/p>\n<p>In Cotonou ist der gr\u00f6\u00dfte Markt Westafrikas. Dort befindet sich auch die Baraque SOS, ein R\u00fcckzugsort f\u00fcr M\u00e4dchen, die auf dem Markt verkaufen m\u00fcssen und nicht zur Schule gehen k\u00f6nnen oder d\u00fcrfen. Es finden Alphabetisierungskurse statt, aber die M\u00e4dchen k\u00f6nnen dort auch einfach nur spielen, basteln, singen, tanzen oder sich ausruhen.<\/p>\n<p><strong>\u00a0Maison de l&#8217;Esperance:<\/strong><\/p>\n<p>Das Maison de l\u2019Esperance (Haus der Hoffnung) ist ein Ausbildungszentrum f\u00fcr Jugendliche aus schwierigen Verh\u00e4ltnissen. Die neunmonatige Lehre ist in den Bereichen Seifenherstellung, B\u00e4ckerei, Konditorei und K\u00fcche m\u00f6glich. Danach wird ein Praktikum absolviert. Die M\u00e4dels und Jungs haben au\u00dferdem Unterricht, wo Franz\u00f6sische Grammatik und Verwaltungstechnisches besprochen wird.<\/p>\n<p><strong>Maison du Soleil: <\/strong><\/p>\n<p>Gleich neben dem Maison de l\u2019Esperance befindet sich das Maison du Soleil (Haus der Sonne). In diesem Heim wohnen minderj\u00e4hrige M\u00fctter zwischen 14 und 18 Jahren, denen bei der Erziehung ihrer Kinder geholfen wird. Au\u00dferdem k\u00fcmmern sich Tatas um die Babys, sodass die M\u00e4dchen im Maison de l\u2019Esperance eine Ausbildung machen k\u00f6nnen. Die jungen M\u00fctter werden auch medizinisch und psychologisch unterst\u00fctzt.<\/p>\n<p><strong>Espace Eveils:<\/strong><\/p>\n<p>Die Espace Eveils sind f\u00fcnf Vorschulen in den \u00e4rmeren Vierteln Cotonous. Die Drei- bis F\u00fcnfj\u00e4hrigen sprechen fast alle nur die Stammessprache Fongbe und lernen in der Vorschule die ersten franz\u00f6sischen W\u00f6rter und Lieder. Au\u00dferdem wird viel gespielt und gebastelt.<\/p>\n<p><strong>Schule Laura Vicuna:<\/strong><\/p>\n<p>Auf dem Schwesterngel\u00e4nde befindet sich die weiterf\u00fchrende Schule \u201eLaura Vicuna\u201c. Die Jugendlichen k\u00f6nnen dort das Abitur oder eine Ausbildung machen, z.B. in den Bereichen Konditorei, K\u00fcche oder Schneiderei. Auch einige Foyerm\u00e4dels gehen in diese Schule.<\/p>\n<p><strong>Unsere Aufgabe\u00a0<\/strong>ist es, die Kinder und Jugendlichen als &#8222;gro\u00dfe Schwester, Freundin und Lehrerin&#8220; in ihrem Alltag zu begleiten und f\u00fcr sie da zu sein, beim Spielen, Lernen, Basteln, Essen, Beten, Kochen, Sport und vielem mehr&#8230;<\/p>\n","protected":false},"excerpt":{"rendered":"<p>Mit meinen Mitvolont\u00e4ren Gina und Marie-Luise werde ich die <a href=\"https:\/\/www.donboscomission.de\/don-bosco\/\">Don Bosco<\/a>-Schwestern in ihren verschiedenen Projekten, die sie in Cotonou aufgebaut haben, unterst\u00fctzen. Das Motto der Einrichtungen lautet: \u201eNein zu Gewalt an Frauen und M\u00e4dchen!\u201c Das Ziel ist es also, die Kinder und Jugendlichen zu sch\u00fctzen und ihnen die M\u00f6glichkeit zu geben, eine Ausbildung zu machen [&hellip;]<\/p>\n","protected":false},"author":21545,"featured_media":0,"parent":0,"menu_order":0,"comment_status":"closed","ping_status":"closed","template":"","meta":{"footnotes":""},"class_list":["post-181","page","type-page","status-publish","hentry"],"yoast_head":"<!-- This site is optimized with the Yoast SEO plugin v25.3.1 - https:\/\/yoast.com\/wordpress\/plugins\/seo\/ -->\n<title>Die Projekte - Barbara in Benin<\/title>\n<meta name=\"robots\" content=\"index, follow, max-snippet:-1, max-image-preview:large, max-video-preview:-1\" \/>\n<link rel=\"canonical\" href=\"https:\/\/blogs.donboscovolunteers.de\/barbarainbenin\/die-projekte\/\" \/>\n<meta property=\"og:locale\" content=\"de_DE\" \/>\n<meta property=\"og:type\" content=\"article\" \/>\n<meta property=\"og:title\" content=\"Die Projekte - Barbara in Benin\" \/>\n<meta property=\"og:description\" content=\"Mit meinen Mitvolont\u00e4ren Gina und Marie-Luise werde ich die Don Bosco-Schwestern in ihren verschiedenen Projekten, die sie in Cotonou aufgebaut haben, unterst\u00fctzen. Das Motto der Einrichtungen lautet: \u201eNein zu Gewalt an Frauen und M\u00e4dchen!\u201c Das Ziel ist es also, die Kinder und Jugendlichen zu sch\u00fctzen und ihnen die M\u00f6glichkeit zu geben, eine Ausbildung zu machen [&hellip;]\" \/>\n<meta property=\"og:url\" content=\"https:\/\/blogs.donboscovolunteers.de\/barbarainbenin\/die-projekte\/\" \/>\n<meta property=\"og:site_name\" content=\"Barbara in Benin\" \/>\n<meta property=\"article:modified_time\" content=\"2017-10-07T20:13:06+00:00\" \/>\n<meta name=\"twitter:card\" content=\"summary_large_image\" \/>\n<meta name=\"twitter:label1\" content=\"Gesch\u00e4tzte Lesezeit\" \/>\n\t<meta name=\"twitter:data1\" content=\"3\u00a0Minuten\" \/>\n<script type=\"application\/ld+json\" class=\"yoast-schema-graph\">{\"@context\":\"https:\/\/schema.org\",\"@graph\":[{\"@type\":\"WebPage\",\"@id\":\"https:\/\/blogs.donboscovolunteers.de\/barbarainbenin\/die-projekte\/\",\"url\":\"https:\/\/blogs.donboscovolunteers.de\/barbarainbenin\/die-projekte\/\",\"name\":\"Die Projekte - Barbara in Benin\",\"isPartOf\":{\"@id\":\"https:\/\/blogs.donboscovolunteers.de\/barbarainbenin\/#website\"},\"datePublished\":\"2017-09-24T13:35:56+00:00\",\"dateModified\":\"2017-10-07T20:13:06+00:00\",\"breadcrumb\":{\"@id\":\"https:\/\/blogs.donboscovolunteers.de\/barbarainbenin\/die-projekte\/#breadcrumb\"},\"inLanguage\":\"de\",\"potentialAction\":[{\"@type\":\"ReadAction\",\"target\":[\"https:\/\/blogs.donboscovolunteers.de\/barbarainbenin\/die-projekte\/\"]}]},{\"@type\":\"BreadcrumbList\",\"@id\":\"https:\/\/blogs.donboscovolunteers.de\/barbarainbenin\/die-projekte\/#breadcrumb\",\"itemListElement\":[{\"@type\":\"ListItem\",\"position\":1,\"name\":\"Startseite\",\"item\":\"https:\/\/blogs.donboscovolunteers.de\/barbarainbenin\/\"},{\"@type\":\"ListItem\",\"position\":2,\"name\":\"Die Projekte\"}]},{\"@type\":\"WebSite\",\"@id\":\"https:\/\/blogs.donboscovolunteers.de\/barbarainbenin\/#website\",\"url\":\"https:\/\/blogs.donboscovolunteers.de\/barbarainbenin\/\",\"name\":\"Barbara in Benin\",\"description\":\"Mein Freiwilligendienst bei den Don Bosco-Schwestern\",\"potentialAction\":[{\"@type\":\"SearchAction\",\"target\":{\"@type\":\"EntryPoint\",\"urlTemplate\":\"https:\/\/blogs.donboscovolunteers.de\/barbarainbenin\/?s={search_term_string}\"},\"query-input\":{\"@type\":\"PropertyValueSpecification\",\"valueRequired\":true,\"valueName\":\"search_term_string\"}}],\"inLanguage\":\"de\"}]}<\/script>\n<!-- \/ Yoast SEO plugin. -->","yoast_head_json":{"title":"Die Projekte - Barbara in Benin","robots":{"index":"index","follow":"follow","max-snippet":"max-snippet:-1","max-image-preview":"max-image-preview:large","max-video-preview":"max-video-preview:-1"},"canonical":"https:\/\/blogs.donboscovolunteers.de\/barbarainbenin\/die-projekte\/","og_locale":"de_DE","og_type":"article","og_title":"Die Projekte - Barbara in Benin","og_description":"Mit meinen Mitvolont\u00e4ren Gina und Marie-Luise werde ich die Don Bosco-Schwestern in ihren verschiedenen Projekten, die sie in Cotonou aufgebaut haben, unterst\u00fctzen. Das Motto der Einrichtungen lautet: \u201eNein zu Gewalt an Frauen und M\u00e4dchen!\u201c Das Ziel ist es also, die Kinder und Jugendlichen zu sch\u00fctzen und ihnen die M\u00f6glichkeit zu geben, eine Ausbildung zu machen [&hellip;]","og_url":"https:\/\/blogs.donboscovolunteers.de\/barbarainbenin\/die-projekte\/","og_site_name":"Barbara in Benin","article_modified_time":"2017-10-07T20:13:06+00:00","twitter_card":"summary_large_image","twitter_misc":{"Gesch\u00e4tzte Lesezeit":"3\u00a0Minuten"},"schema":{"@context":"https:\/\/schema.org","@graph":[{"@type":"WebPage","@id":"https:\/\/blogs.donboscovolunteers.de\/barbarainbenin\/die-projekte\/","url":"https:\/\/blogs.donboscovolunteers.de\/barbarainbenin\/die-projekte\/","name":"Die Projekte - Barbara in Benin","isPartOf":{"@id":"https:\/\/blogs.donboscovolunteers.de\/barbarainbenin\/#website"},"datePublished":"2017-09-24T13:35:56+00:00","dateModified":"2017-10-07T20:13:06+00:00","breadcrumb":{"@id":"https:\/\/blogs.donboscovolunteers.de\/barbarainbenin\/die-projekte\/#breadcrumb"},"inLanguage":"de","potentialAction":[{"@type":"ReadAction","target":["https:\/\/blogs.donboscovolunteers.de\/barbarainbenin\/die-projekte\/"]}]},{"@type":"BreadcrumbList","@id":"https:\/\/blogs.donboscovolunteers.de\/barbarainbenin\/die-projekte\/#breadcrumb","itemListElement":[{"@type":"ListItem","position":1,"name":"Startseite","item":"https:\/\/blogs.donboscovolunteers.de\/barbarainbenin\/"},{"@type":"ListItem","position":2,"name":"Die Projekte"}]},{"@type":"WebSite","@id":"https:\/\/blogs.donboscovolunteers.de\/barbarainbenin\/#website","url":"https:\/\/blogs.donboscovolunteers.de\/barbarainbenin\/","name":"Barbara in Benin","description":"Mein Freiwilligendienst bei den Don Bosco-Schwestern","potentialAction":[{"@type":"SearchAction","target":{"@type":"EntryPoint","urlTemplate":"https:\/\/blogs.donboscovolunteers.de\/barbarainbenin\/?s={search_term_string}"},"query-input":{"@type":"PropertyValueSpecification","valueRequired":true,"valueName":"search_term_string"}}],"inLanguage":"de"}]}},"_links":{"self":[{"href":"https:\/\/blogs.donboscovolunteers.de\/barbarainbenin\/wp-json\/wp\/v2\/pages\/181","targetHints":{"allow":["GET"]}}],"collection":[{"href":"https:\/\/blogs.donboscovolunteers.de\/barbarainbenin\/wp-json\/wp\/v2\/pages"}],"about":[{"href":"https:\/\/blogs.donboscovolunteers.de\/barbarainbenin\/wp-json\/wp\/v2\/types\/page"}],"author":[{"embeddable":true,"href":"https:\/\/blogs.donboscovolunteers.de\/barbarainbenin\/wp-json\/wp\/v2\/users\/21545"}],"replies":[{"embeddable":true,"href":"https:\/\/blogs.donboscovolunteers.de\/barbarainbenin\/wp-json\/wp\/v2\/comments?post=181"}],"version-history":[{"count":5,"href":"https:\/\/blogs.donboscovolunteers.de\/barbarainbenin\/wp-json\/wp\/v2\/pages\/181\/revisions"}],"predecessor-version":[{"id":230,"href":"https:\/\/blogs.donboscovolunteers.de\/barbarainbenin\/wp-json\/wp\/v2\/pages\/181\/revisions\/230"}],"wp:attachment":[{"href":"https:\/\/blogs.donboscovolunteers.de\/barbarainbenin\/wp-json\/wp\/v2\/media?parent=181"}],"curies":[{"name":"wp","href":"https:\/\/api.w.org\/{rel}","templated":true}]}}