{"id":30,"date":"2023-07-26T15:29:05","date_gmt":"2023-07-26T13:29:05","guid":{"rendered":"https:\/\/blogs.donboscovolunteers.de\/antoniainvijayawada\/?page_id=30"},"modified":"2023-09-05T16:26:04","modified_gmt":"2023-09-05T14:26:04","slug":"spenden","status":"publish","type":"page","link":"https:\/\/blogs.donboscovolunteers.de\/antoniainvijayawada\/spenden\/","title":{"rendered":"Spenden"},"content":{"rendered":"<p>Rund 50 Freiwillige werden jedes Jahr von <a href=\"https:\/\/www.donboscomission.de\/don-bosco\/\">Don Bosco<\/a> Volunteers ins Ausland entsandt.<\/p>\n\n\n\n<p>Ein gro\u00dfer Teil der Finanzierung dieser Freiwilligendienste wird vom F\u00f6rderprogramm \u201eweltw\u00e4rts\u201c des BMZ (Bundesministerium f\u00fcr wirtschaftliche Zusammenarbeit und Entwicklung) und von den Salesianern Don Boscos \u00fcbernommen. <\/p>\n\n\n\n<p>Doch um die Freiwilligendienste auch weiterhin zu erm\u00f6glichen und die Einrichtungen vor Ort zu unterst\u00fctzen, w\u00fcrde ich mich \u00fcber Ihre Spende sehr freuen!<\/p>\n\n\n\n<p>Hier k\u00f6nnt ihr f\u00fcr meinen <a href=\"https:\/\/www.donboscovolunteers.de\/\">Freiwilligendienst<\/a> spenden: <\/p>\n\n\n\n<p><a href=\"https:\/\/www.donboscomission.de\/volontariat\/2023\/spenden\/antoniainvijayawada\">https:\/\/www.donboscomission.de\/volontariat\/2023\/spenden\/antoniainvijayawada<\/a><\/p>","protected":false},"excerpt":{"rendered":"<p>Rund 50 Freiwillige werden jedes Jahr von <a href=\"https:\/\/www.donboscomission.de\/don-bosco\/\">Don Bosco<\/a> Volunteers ins Ausland entsandt. Ein gro\u00dfer Teil der Finanzierung dieser Freiwilligendienste wird vom F\u00f6rderprogramm \u201eweltw\u00e4rts\u201c des BMZ (Bundesministerium f\u00fcr wirtschaftliche Zusammenarbeit und Entwicklung) und von den Salesianern Don Boscos \u00fcbernommen. Doch um die Freiwilligendienste auch weiterhin zu erm\u00f6glichen und die Einrichtungen vor Ort zu unterst\u00fctzen, w\u00fcrde [&hellip;]<\/p>\n","protected":false},"author":21767,"featured_media":0,"parent":0,"menu_order":0,"comment_status":"closed","ping_status":"closed","template":"","meta":{"footnotes":""},"class_list":["post-30","page","type-page","status-publish","hentry"],"yoast_head":"<!-- This site is optimized with the Yoast SEO plugin v25.3.1 - https:\/\/yoast.com\/wordpress\/plugins\/seo\/ -->\n<title>Spenden - Antonia in Vijayawada<\/title>\n<meta name=\"robots\" content=\"index, follow, max-snippet:-1, max-image-preview:large, max-video-preview:-1\" \/>\n<link rel=\"canonical\" href=\"https:\/\/blogs.donboscovolunteers.de\/antoniainvijayawada\/spenden\/\" \/>\n<meta property=\"og:locale\" content=\"de_DE\" \/>\n<meta property=\"og:type\" content=\"article\" \/>\n<meta property=\"og:title\" content=\"Spenden - Antonia in Vijayawada\" \/>\n<meta property=\"og:description\" content=\"Rund 50 Freiwillige werden jedes Jahr von Don Bosco Volunteers ins Ausland entsandt. Ein gro\u00dfer Teil der Finanzierung dieser Freiwilligendienste wird vom F\u00f6rderprogramm \u201eweltw\u00e4rts\u201c des BMZ (Bundesministerium f\u00fcr wirtschaftliche Zusammenarbeit und Entwicklung) und von den Salesianern Don Boscos \u00fcbernommen. Doch um die Freiwilligendienste auch weiterhin zu erm\u00f6glichen und die Einrichtungen vor Ort zu unterst\u00fctzen, w\u00fcrde [&hellip;]\" \/>\n<meta property=\"og:url\" content=\"https:\/\/blogs.donboscovolunteers.de\/antoniainvijayawada\/spenden\/\" \/>\n<meta property=\"og:site_name\" content=\"Antonia in Vijayawada\" \/>\n<meta property=\"article:modified_time\" content=\"2023-09-05T14:26:04+00:00\" \/>\n<meta name=\"twitter:card\" content=\"summary_large_image\" \/>\n<script type=\"application\/ld+json\" class=\"yoast-schema-graph\">{\"@context\":\"https:\/\/schema.org\",\"@graph\":[{\"@type\":\"WebPage\",\"@id\":\"https:\/\/blogs.donboscovolunteers.de\/antoniainvijayawada\/spenden\/\",\"url\":\"https:\/\/blogs.donboscovolunteers.de\/antoniainvijayawada\/spenden\/\",\"name\":\"Spenden - Antonia in Vijayawada\",\"isPartOf\":{\"@id\":\"https:\/\/blogs.donboscovolunteers.de\/antoniainvijayawada\/#website\"},\"datePublished\":\"2023-07-26T13:29:05+00:00\",\"dateModified\":\"2023-09-05T14:26:04+00:00\",\"breadcrumb\":{\"@id\":\"https:\/\/blogs.donboscovolunteers.de\/antoniainvijayawada\/spenden\/#breadcrumb\"},\"inLanguage\":\"de\",\"potentialAction\":[{\"@type\":\"ReadAction\",\"target\":[\"https:\/\/blogs.donboscovolunteers.de\/antoniainvijayawada\/spenden\/\"]}]},{\"@type\":\"BreadcrumbList\",\"@id\":\"https:\/\/blogs.donboscovolunteers.de\/antoniainvijayawada\/spenden\/#breadcrumb\",\"itemListElement\":[{\"@type\":\"ListItem\",\"position\":1,\"name\":\"Startseite\",\"item\":\"https:\/\/blogs.donboscovolunteers.de\/antoniainvijayawada\/\"},{\"@type\":\"ListItem\",\"position\":2,\"name\":\"Spenden\"}]},{\"@type\":\"WebSite\",\"@id\":\"https:\/\/blogs.donboscovolunteers.de\/antoniainvijayawada\/#website\",\"url\":\"https:\/\/blogs.donboscovolunteers.de\/antoniainvijayawada\/\",\"name\":\"Antonia in Vijayawada\",\"description\":\"\",\"potentialAction\":[{\"@type\":\"SearchAction\",\"target\":{\"@type\":\"EntryPoint\",\"urlTemplate\":\"https:\/\/blogs.donboscovolunteers.de\/antoniainvijayawada\/?s={search_term_string}\"},\"query-input\":{\"@type\":\"PropertyValueSpecification\",\"valueRequired\":true,\"valueName\":\"search_term_string\"}}],\"inLanguage\":\"de\"}]}<\/script>\n<!-- \/ Yoast SEO plugin. -->","yoast_head_json":{"title":"Spenden - Antonia in Vijayawada","robots":{"index":"index","follow":"follow","max-snippet":"max-snippet:-1","max-image-preview":"max-image-preview:large","max-video-preview":"max-video-preview:-1"},"canonical":"https:\/\/blogs.donboscovolunteers.de\/antoniainvijayawada\/spenden\/","og_locale":"de_DE","og_type":"article","og_title":"Spenden - Antonia in Vijayawada","og_description":"Rund 50 Freiwillige werden jedes Jahr von Don Bosco Volunteers ins Ausland entsandt. Ein gro\u00dfer Teil der Finanzierung dieser Freiwilligendienste wird vom F\u00f6rderprogramm \u201eweltw\u00e4rts\u201c des BMZ (Bundesministerium f\u00fcr wirtschaftliche Zusammenarbeit und Entwicklung) und von den Salesianern Don Boscos \u00fcbernommen. Doch um die Freiwilligendienste auch weiterhin zu erm\u00f6glichen und die Einrichtungen vor Ort zu unterst\u00fctzen, w\u00fcrde [&hellip;]","og_url":"https:\/\/blogs.donboscovolunteers.de\/antoniainvijayawada\/spenden\/","og_site_name":"Antonia in Vijayawada","article_modified_time":"2023-09-05T14:26:04+00:00","twitter_card":"summary_large_image","schema":{"@context":"https:\/\/schema.org","@graph":[{"@type":"WebPage","@id":"https:\/\/blogs.donboscovolunteers.de\/antoniainvijayawada\/spenden\/","url":"https:\/\/blogs.donboscovolunteers.de\/antoniainvijayawada\/spenden\/","name":"Spenden - Antonia in Vijayawada","isPartOf":{"@id":"https:\/\/blogs.donboscovolunteers.de\/antoniainvijayawada\/#website"},"datePublished":"2023-07-26T13:29:05+00:00","dateModified":"2023-09-05T14:26:04+00:00","breadcrumb":{"@id":"https:\/\/blogs.donboscovolunteers.de\/antoniainvijayawada\/spenden\/#breadcrumb"},"inLanguage":"de","potentialAction":[{"@type":"ReadAction","target":["https:\/\/blogs.donboscovolunteers.de\/antoniainvijayawada\/spenden\/"]}]},{"@type":"BreadcrumbList","@id":"https:\/\/blogs.donboscovolunteers.de\/antoniainvijayawada\/spenden\/#breadcrumb","itemListElement":[{"@type":"ListItem","position":1,"name":"Startseite","item":"https:\/\/blogs.donboscovolunteers.de\/antoniainvijayawada\/"},{"@type":"ListItem","position":2,"name":"Spenden"}]},{"@type":"WebSite","@id":"https:\/\/blogs.donboscovolunteers.de\/antoniainvijayawada\/#website","url":"https:\/\/blogs.donboscovolunteers.de\/antoniainvijayawada\/","name":"Antonia in Vijayawada","description":"","potentialAction":[{"@type":"SearchAction","target":{"@type":"EntryPoint","urlTemplate":"https:\/\/blogs.donboscovolunteers.de\/antoniainvijayawada\/?s={search_term_string}"},"query-input":{"@type":"PropertyValueSpecification","valueRequired":true,"valueName":"search_term_string"}}],"inLanguage":"de"}]}},"_links":{"self":[{"href":"https:\/\/blogs.donboscovolunteers.de\/antoniainvijayawada\/wp-json\/wp\/v2\/pages\/30","targetHints":{"allow":["GET"]}}],"collection":[{"href":"https:\/\/blogs.donboscovolunteers.de\/antoniainvijayawada\/wp-json\/wp\/v2\/pages"}],"about":[{"href":"https:\/\/blogs.donboscovolunteers.de\/antoniainvijayawada\/wp-json\/wp\/v2\/types\/page"}],"author":[{"embeddable":true,"href":"https:\/\/blogs.donboscovolunteers.de\/antoniainvijayawada\/wp-json\/wp\/v2\/users\/21767"}],"replies":[{"embeddable":true,"href":"https:\/\/blogs.donboscovolunteers.de\/antoniainvijayawada\/wp-json\/wp\/v2\/comments?post=30"}],"version-history":[{"count":3,"href":"https:\/\/blogs.donboscovolunteers.de\/antoniainvijayawada\/wp-json\/wp\/v2\/pages\/30\/revisions"}],"predecessor-version":[{"id":88,"href":"https:\/\/blogs.donboscovolunteers.de\/antoniainvijayawada\/wp-json\/wp\/v2\/pages\/30\/revisions\/88"}],"wp:attachment":[{"href":"https:\/\/blogs.donboscovolunteers.de\/antoniainvijayawada\/wp-json\/wp\/v2\/media?parent=30"}],"curies":[{"name":"wp","href":"https:\/\/api.w.org\/{rel}","templated":true}]}}