{"id":25,"date":"2018-09-18T22:50:07","date_gmt":"2018-09-18T20:50:07","guid":{"rendered":"https:\/\/blogs.donboscovolunteers.de\/antoniainbolivien\/?page_id=25"},"modified":"2018-09-20T15:36:18","modified_gmt":"2018-09-20T13:36:18","slug":"das-bin-ich","status":"publish","type":"page","link":"https:\/\/blogs.donboscovolunteers.de\/antoniainbolivien\/das-bin-ich\/","title":{"rendered":"Das bin ich"},"content":{"rendered":"<p>HOLA!<\/p>\n<p>Ich hei\u00dfe Antonia Braun, bin 18 Jahre alt und habe dieses Jahr mein Abitur am Christoph-Jacob-Treu Gymnasium in Lauf gemacht. In meiner Freizeit lese ich gerne, spiele Klavier oder gehe laufen. Eine besondere Leidenschaft von mir ist das Skifahren.<\/p>\n<p>Statt nach dem Abitur direkt mit einem Studium oder einer Ausbildung zu starten, habe ich mich entschlossen, f\u00fcr ein Jahr einen vom weltw\u00e4rts-Programm gef\u00f6rderten <a href=\"https:\/\/www.donboscovolunteers.de\/\">Freiwilligendienst<\/a> mit <a href=\"https:\/\/www.donboscomission.de\/don-bosco\/\">Don Bosco<\/a> Volunteers zu leisten. Deshalb geht es f\u00fcr mich ab September 2018 los nach <a href=\"https:\/\/multimedia.strassenkinder.de\/bolivien\">Bolivien<\/a>, genauer gesagt nach <a href=\"https:\/\/strassenkinder.de\/laender\/lateinamerika\/bolivien-strassenkinderzentrum\/\">Santa Cruz<\/a> de la Sierra. Dort werde ich zusammen mit anderen Volont\u00e4ren im Stra\u00dfenkinderprojekt Hogar Don Bosco arbeiten und f\u00fcr ein Jahr in eine ganz neue Kultur hineinschnuppern.<\/p>\n<p>Ich bin schon sehr gespannt auf das Jahr und freue mich \u00fcber jeden, der Lust hat, in diesem Blog ein wenig an meinen Erfahrungen teilzuhaben.<\/p>\n<p>Viel Spa\u00df beim Lesen! \ud83d\ude42<\/p>\n","protected":false},"excerpt":{"rendered":"<p>HOLA! Ich hei\u00dfe Antonia Braun, bin 18 Jahre alt und habe dieses Jahr mein Abitur am Christoph-Jacob-Treu Gymnasium in Lauf gemacht. In meiner Freizeit lese ich gerne, spiele Klavier oder gehe laufen. Eine besondere Leidenschaft von mir ist das Skifahren. Statt nach dem Abitur direkt mit einem Studium oder einer Ausbildung zu starten, habe ich [&hellip;]<\/p>\n","protected":false},"author":21616,"featured_media":0,"parent":0,"menu_order":0,"comment_status":"closed","ping_status":"closed","template":"","meta":{"footnotes":""},"class_list":["post-25","page","type-page","status-publish","hentry"],"yoast_head":"<!-- This site is optimized with the Yoast SEO plugin v25.3.1 - https:\/\/yoast.com\/wordpress\/plugins\/seo\/ -->\n<title>Das bin ich - 1 Jahr Bolivien<\/title>\n<meta name=\"robots\" content=\"index, follow, max-snippet:-1, max-image-preview:large, max-video-preview:-1\" \/>\n<link rel=\"canonical\" href=\"https:\/\/blogs.donboscovolunteers.de\/antoniainbolivien\/das-bin-ich\/\" \/>\n<meta property=\"og:locale\" content=\"de_DE\" \/>\n<meta property=\"og:type\" content=\"article\" \/>\n<meta property=\"og:title\" content=\"Das bin ich - 1 Jahr Bolivien\" \/>\n<meta property=\"og:description\" content=\"HOLA! Ich hei\u00dfe Antonia Braun, bin 18 Jahre alt und habe dieses Jahr mein Abitur am Christoph-Jacob-Treu Gymnasium in Lauf gemacht. In meiner Freizeit lese ich gerne, spiele Klavier oder gehe laufen. Eine besondere Leidenschaft von mir ist das Skifahren. Statt nach dem Abitur direkt mit einem Studium oder einer Ausbildung zu starten, habe ich [&hellip;]\" \/>\n<meta property=\"og:url\" content=\"https:\/\/blogs.donboscovolunteers.de\/antoniainbolivien\/das-bin-ich\/\" \/>\n<meta property=\"og:site_name\" content=\"1 Jahr Bolivien\" \/>\n<meta property=\"article:modified_time\" content=\"2018-09-20T13:36:18+00:00\" \/>\n<meta name=\"twitter:card\" content=\"summary_large_image\" \/>\n<meta name=\"twitter:label1\" content=\"Gesch\u00e4tzte Lesezeit\" \/>\n\t<meta name=\"twitter:data1\" content=\"1\u00a0Minute\" \/>\n<script type=\"application\/ld+json\" class=\"yoast-schema-graph\">{\"@context\":\"https:\/\/schema.org\",\"@graph\":[{\"@type\":\"WebPage\",\"@id\":\"https:\/\/blogs.donboscovolunteers.de\/antoniainbolivien\/das-bin-ich\/\",\"url\":\"https:\/\/blogs.donboscovolunteers.de\/antoniainbolivien\/das-bin-ich\/\",\"name\":\"Das bin ich - 1 Jahr Bolivien\",\"isPartOf\":{\"@id\":\"https:\/\/blogs.donboscovolunteers.de\/antoniainbolivien\/#website\"},\"datePublished\":\"2018-09-18T20:50:07+00:00\",\"dateModified\":\"2018-09-20T13:36:18+00:00\",\"breadcrumb\":{\"@id\":\"https:\/\/blogs.donboscovolunteers.de\/antoniainbolivien\/das-bin-ich\/#breadcrumb\"},\"inLanguage\":\"de\",\"potentialAction\":[{\"@type\":\"ReadAction\",\"target\":[\"https:\/\/blogs.donboscovolunteers.de\/antoniainbolivien\/das-bin-ich\/\"]}]},{\"@type\":\"BreadcrumbList\",\"@id\":\"https:\/\/blogs.donboscovolunteers.de\/antoniainbolivien\/das-bin-ich\/#breadcrumb\",\"itemListElement\":[{\"@type\":\"ListItem\",\"position\":1,\"name\":\"Startseite\",\"item\":\"https:\/\/blogs.donboscovolunteers.de\/antoniainbolivien\/\"},{\"@type\":\"ListItem\",\"position\":2,\"name\":\"Das bin ich\"}]},{\"@type\":\"WebSite\",\"@id\":\"https:\/\/blogs.donboscovolunteers.de\/antoniainbolivien\/#website\",\"url\":\"https:\/\/blogs.donboscovolunteers.de\/antoniainbolivien\/\",\"name\":\"1 Jahr Bolivien\",\"description\":\"\",\"potentialAction\":[{\"@type\":\"SearchAction\",\"target\":{\"@type\":\"EntryPoint\",\"urlTemplate\":\"https:\/\/blogs.donboscovolunteers.de\/antoniainbolivien\/?s={search_term_string}\"},\"query-input\":{\"@type\":\"PropertyValueSpecification\",\"valueRequired\":true,\"valueName\":\"search_term_string\"}}],\"inLanguage\":\"de\"}]}<\/script>\n<!-- \/ Yoast SEO plugin. -->","yoast_head_json":{"title":"Das bin ich - 1 Jahr Bolivien","robots":{"index":"index","follow":"follow","max-snippet":"max-snippet:-1","max-image-preview":"max-image-preview:large","max-video-preview":"max-video-preview:-1"},"canonical":"https:\/\/blogs.donboscovolunteers.de\/antoniainbolivien\/das-bin-ich\/","og_locale":"de_DE","og_type":"article","og_title":"Das bin ich - 1 Jahr Bolivien","og_description":"HOLA! Ich hei\u00dfe Antonia Braun, bin 18 Jahre alt und habe dieses Jahr mein Abitur am Christoph-Jacob-Treu Gymnasium in Lauf gemacht. In meiner Freizeit lese ich gerne, spiele Klavier oder gehe laufen. Eine besondere Leidenschaft von mir ist das Skifahren. Statt nach dem Abitur direkt mit einem Studium oder einer Ausbildung zu starten, habe ich [&hellip;]","og_url":"https:\/\/blogs.donboscovolunteers.de\/antoniainbolivien\/das-bin-ich\/","og_site_name":"1 Jahr Bolivien","article_modified_time":"2018-09-20T13:36:18+00:00","twitter_card":"summary_large_image","twitter_misc":{"Gesch\u00e4tzte Lesezeit":"1\u00a0Minute"},"schema":{"@context":"https:\/\/schema.org","@graph":[{"@type":"WebPage","@id":"https:\/\/blogs.donboscovolunteers.de\/antoniainbolivien\/das-bin-ich\/","url":"https:\/\/blogs.donboscovolunteers.de\/antoniainbolivien\/das-bin-ich\/","name":"Das bin ich - 1 Jahr Bolivien","isPartOf":{"@id":"https:\/\/blogs.donboscovolunteers.de\/antoniainbolivien\/#website"},"datePublished":"2018-09-18T20:50:07+00:00","dateModified":"2018-09-20T13:36:18+00:00","breadcrumb":{"@id":"https:\/\/blogs.donboscovolunteers.de\/antoniainbolivien\/das-bin-ich\/#breadcrumb"},"inLanguage":"de","potentialAction":[{"@type":"ReadAction","target":["https:\/\/blogs.donboscovolunteers.de\/antoniainbolivien\/das-bin-ich\/"]}]},{"@type":"BreadcrumbList","@id":"https:\/\/blogs.donboscovolunteers.de\/antoniainbolivien\/das-bin-ich\/#breadcrumb","itemListElement":[{"@type":"ListItem","position":1,"name":"Startseite","item":"https:\/\/blogs.donboscovolunteers.de\/antoniainbolivien\/"},{"@type":"ListItem","position":2,"name":"Das bin ich"}]},{"@type":"WebSite","@id":"https:\/\/blogs.donboscovolunteers.de\/antoniainbolivien\/#website","url":"https:\/\/blogs.donboscovolunteers.de\/antoniainbolivien\/","name":"1 Jahr Bolivien","description":"","potentialAction":[{"@type":"SearchAction","target":{"@type":"EntryPoint","urlTemplate":"https:\/\/blogs.donboscovolunteers.de\/antoniainbolivien\/?s={search_term_string}"},"query-input":{"@type":"PropertyValueSpecification","valueRequired":true,"valueName":"search_term_string"}}],"inLanguage":"de"}]}},"_links":{"self":[{"href":"https:\/\/blogs.donboscovolunteers.de\/antoniainbolivien\/wp-json\/wp\/v2\/pages\/25","targetHints":{"allow":["GET"]}}],"collection":[{"href":"https:\/\/blogs.donboscovolunteers.de\/antoniainbolivien\/wp-json\/wp\/v2\/pages"}],"about":[{"href":"https:\/\/blogs.donboscovolunteers.de\/antoniainbolivien\/wp-json\/wp\/v2\/types\/page"}],"author":[{"embeddable":true,"href":"https:\/\/blogs.donboscovolunteers.de\/antoniainbolivien\/wp-json\/wp\/v2\/users\/21616"}],"replies":[{"embeddable":true,"href":"https:\/\/blogs.donboscovolunteers.de\/antoniainbolivien\/wp-json\/wp\/v2\/comments?post=25"}],"version-history":[{"count":2,"href":"https:\/\/blogs.donboscovolunteers.de\/antoniainbolivien\/wp-json\/wp\/v2\/pages\/25\/revisions"}],"predecessor-version":[{"id":31,"href":"https:\/\/blogs.donboscovolunteers.de\/antoniainbolivien\/wp-json\/wp\/v2\/pages\/25\/revisions\/31"}],"wp:attachment":[{"href":"https:\/\/blogs.donboscovolunteers.de\/antoniainbolivien\/wp-json\/wp\/v2\/media?parent=25"}],"curies":[{"name":"wp","href":"https:\/\/api.w.org\/{rel}","templated":true}]}}