{"id":3,"date":"2024-08-06T15:29:14","date_gmt":"2024-08-06T13:29:14","guid":{"rendered":"https:\/\/blogs.donboscovolunteers.de\/annienbolivia\/about\/"},"modified":"2024-08-21T18:26:39","modified_gmt":"2024-08-21T16:26:39","slug":"about","status":"publish","type":"page","link":"https:\/\/blogs.donboscovolunteers.de\/annienbolivia\/about\/","title":{"rendered":"\u00dcber mich"},"content":{"rendered":"<div class=\"wp-block-image\">\n<figure class=\"alignright size-full is-resized\"><img loading=\"lazy\" decoding=\"async\" width=\"932\" height=\"863\" src=\"https:\/\/blogs.donboscovolunteers.de\/annienbolivia\/wp-content\/uploads\/sites\/21726\/2024\/08\/WhatsApp-ich-1.jpeg\" alt=\"\" class=\"wp-image-16\" style=\"width:199px;height:auto\" srcset=\"https:\/\/blogs.donboscovolunteers.de\/annienbolivia\/wp-content\/uploads\/sites\/21726\/2024\/08\/WhatsApp-ich-1.jpeg 932w, https:\/\/blogs.donboscovolunteers.de\/annienbolivia\/wp-content\/uploads\/sites\/21726\/2024\/08\/WhatsApp-ich-1-300x278.jpeg 300w, https:\/\/blogs.donboscovolunteers.de\/annienbolivia\/wp-content\/uploads\/sites\/21726\/2024\/08\/WhatsApp-ich-1-768x711.jpeg 768w, https:\/\/blogs.donboscovolunteers.de\/annienbolivia\/wp-content\/uploads\/sites\/21726\/2024\/08\/WhatsApp-ich-1-900x833.jpeg 900w\" sizes=\"auto, (max-width: 932px) 100vw, 932px\" \/><\/figure>\n<\/div>\n\n\n<p>Ich bin Anna-Maria, bin 19 Jahre alt und komme aus Bad Waldsee im sch\u00f6nen Oberschwaben. Nach meinem Abitur war mir klar, dass ich Erfahrungen sammeln m\u00f6chte, die erstmal nichts mit Ausbildung und Schule zu tun haben. Gleichzeitig wollte ich nicht &#8222;nur&#8220; reisen, sondern Menschen kennen lernen und mich so richtig auf eine andere Kultur einlassen. Da ich gerne mit Kindern arbeite und in meiner Freizeit in der Jugendarbeit t\u00e4tig bin, war <a href=\"https:\/\/www.donboscomission.de\/don-bosco\/\">Don Bosco<\/a> Volunteers geradezu perfekt. Nachdem ich in der Oberstufe drei Jahre Spanischunterricht hatte, freue ich mich besonders \u00fcber den Einsatzort in <a href=\"https:\/\/strassenkinder.de\/laender\/lateinamerika\/bolivien-strassenkinderzentrum\/\">Santa Cruz<\/a> de la Sierra in <a href=\"https:\/\/multimedia.strassenkinder.de\/bolivien\">Bolivien<\/a>. Dorthin werde ich zusammen mit Lene, Sophie und Max entsandt.<br>Ich freue mich schon mega auf die Zeit und bin sehr gespannt und neugierig was mich dort alles erwartet.  Bis zum Abflug am 10. September hei\u00dft es nun verabschieden und packen.<br><br>Ich versuche euch regelm\u00e4\u00dfig in meinem <a href=\"https:\/\/www.donboscovolunteers.de\/\">Freiwilligendienst<\/a> mitzunehmen &#8211; durch meine Blogbeitr\u00e4ge und auch auf Instagram. Hier k\u00f6nnt ihr mir gerne folgen:  https:\/\/www.instagram.com\/anni.en.bolivia\/ <\/p>","protected":false},"excerpt":{"rendered":"<p>Ich bin Anna-Maria, bin 19 Jahre alt und komme aus Bad Waldsee im sch\u00f6nen Oberschwaben. Nach meinem Abitur war mir klar, dass ich Erfahrungen sammeln m\u00f6chte, die erstmal nichts mit Ausbildung und Schule zu tun haben. Gleichzeitig wollte ich nicht &#8222;nur&#8220; reisen, sondern Menschen kennen lernen und mich so richtig auf eine andere Kultur einlassen. [&hellip;]<\/p>\n","protected":false},"author":1,"featured_media":0,"parent":0,"menu_order":1,"comment_status":"closed","ping_status":"closed","template":"","meta":{"footnotes":""},"class_list":["post-3","page","type-page","status-publish","hentry"],"yoast_head":"<!-- This site is optimized with the Yoast SEO plugin v25.3.1 - https:\/\/yoast.com\/wordpress\/plugins\/seo\/ -->\n<title>\u00dcber mich - Anni en Bolivia %<\/title>\n<meta name=\"robots\" content=\"index, follow, max-snippet:-1, max-image-preview:large, max-video-preview:-1\" \/>\n<link rel=\"canonical\" href=\"https:\/\/blogs.donboscovolunteers.de\/annienbolivia\/about\/\" \/>\n<meta property=\"og:locale\" content=\"de_DE\" \/>\n<meta property=\"og:type\" content=\"article\" \/>\n<meta property=\"og:title\" content=\"\u00dcber mich - Anni en Bolivia %\" \/>\n<meta property=\"og:description\" content=\"Ich bin Anna-Maria, bin 19 Jahre alt und komme aus Bad Waldsee im sch\u00f6nen Oberschwaben. Nach meinem Abitur war mir klar, dass ich Erfahrungen sammeln m\u00f6chte, die erstmal nichts mit Ausbildung und Schule zu tun haben. Gleichzeitig wollte ich nicht &#8222;nur&#8220; reisen, sondern Menschen kennen lernen und mich so richtig auf eine andere Kultur einlassen. [&hellip;]\" \/>\n<meta property=\"og:url\" content=\"https:\/\/blogs.donboscovolunteers.de\/annienbolivia\/about\/\" \/>\n<meta property=\"og:site_name\" content=\"Anni en Bolivia\" \/>\n<meta property=\"article:modified_time\" content=\"2024-08-21T16:26:39+00:00\" \/>\n<meta property=\"og:image\" content=\"https:\/\/blogs.donboscovolunteers.de\/annienbolivia\/wp-content\/uploads\/sites\/21726\/2024\/08\/WhatsApp-ich-1.jpeg\" \/>\n<meta name=\"twitter:card\" content=\"summary_large_image\" \/>\n<meta name=\"twitter:label1\" content=\"Gesch\u00e4tzte Lesezeit\" \/>\n\t<meta name=\"twitter:data1\" content=\"2\u00a0Minuten\" \/>\n<script type=\"application\/ld+json\" class=\"yoast-schema-graph\">{\"@context\":\"https:\/\/schema.org\",\"@graph\":[{\"@type\":\"WebPage\",\"@id\":\"https:\/\/blogs.donboscovolunteers.de\/annienbolivia\/about\/\",\"url\":\"https:\/\/blogs.donboscovolunteers.de\/annienbolivia\/about\/\",\"name\":\"\u00dcber mich - Anni en Bolivia %\",\"isPartOf\":{\"@id\":\"https:\/\/blogs.donboscovolunteers.de\/annienbolivia\/#website\"},\"primaryImageOfPage\":{\"@id\":\"https:\/\/blogs.donboscovolunteers.de\/annienbolivia\/about\/#primaryimage\"},\"image\":{\"@id\":\"https:\/\/blogs.donboscovolunteers.de\/annienbolivia\/about\/#primaryimage\"},\"thumbnailUrl\":\"https:\/\/blogs.donboscovolunteers.de\/annienbolivia\/wp-content\/uploads\/sites\/21726\/2024\/08\/WhatsApp-ich-1.jpeg\",\"datePublished\":\"2024-08-06T13:29:14+00:00\",\"dateModified\":\"2024-08-21T16:26:39+00:00\",\"breadcrumb\":{\"@id\":\"https:\/\/blogs.donboscovolunteers.de\/annienbolivia\/about\/#breadcrumb\"},\"inLanguage\":\"de\",\"potentialAction\":[{\"@type\":\"ReadAction\",\"target\":[\"https:\/\/blogs.donboscovolunteers.de\/annienbolivia\/about\/\"]}]},{\"@type\":\"ImageObject\",\"inLanguage\":\"de\",\"@id\":\"https:\/\/blogs.donboscovolunteers.de\/annienbolivia\/about\/#primaryimage\",\"url\":\"https:\/\/blogs.donboscovolunteers.de\/annienbolivia\/wp-content\/uploads\/sites\/21726\/2024\/08\/WhatsApp-ich-1.jpeg\",\"contentUrl\":\"https:\/\/blogs.donboscovolunteers.de\/annienbolivia\/wp-content\/uploads\/sites\/21726\/2024\/08\/WhatsApp-ich-1.jpeg\",\"width\":932,\"height\":863},{\"@type\":\"BreadcrumbList\",\"@id\":\"https:\/\/blogs.donboscovolunteers.de\/annienbolivia\/about\/#breadcrumb\",\"itemListElement\":[{\"@type\":\"ListItem\",\"position\":1,\"name\":\"Startseite\",\"item\":\"https:\/\/blogs.donboscovolunteers.de\/annienbolivia\/\"},{\"@type\":\"ListItem\",\"position\":2,\"name\":\"\u00dcber mich\"}]},{\"@type\":\"WebSite\",\"@id\":\"https:\/\/blogs.donboscovolunteers.de\/annienbolivia\/#website\",\"url\":\"https:\/\/blogs.donboscovolunteers.de\/annienbolivia\/\",\"name\":\"Anni en Bolivia\",\"description\":\"\",\"potentialAction\":[{\"@type\":\"SearchAction\",\"target\":{\"@type\":\"EntryPoint\",\"urlTemplate\":\"https:\/\/blogs.donboscovolunteers.de\/annienbolivia\/?s={search_term_string}\"},\"query-input\":{\"@type\":\"PropertyValueSpecification\",\"valueRequired\":true,\"valueName\":\"search_term_string\"}}],\"inLanguage\":\"de\"}]}<\/script>\n<!-- \/ Yoast SEO plugin. -->","yoast_head_json":{"title":"\u00dcber mich - Anni en Bolivia %","robots":{"index":"index","follow":"follow","max-snippet":"max-snippet:-1","max-image-preview":"max-image-preview:large","max-video-preview":"max-video-preview:-1"},"canonical":"https:\/\/blogs.donboscovolunteers.de\/annienbolivia\/about\/","og_locale":"de_DE","og_type":"article","og_title":"\u00dcber mich - Anni en Bolivia %","og_description":"Ich bin Anna-Maria, bin 19 Jahre alt und komme aus Bad Waldsee im sch\u00f6nen Oberschwaben. Nach meinem Abitur war mir klar, dass ich Erfahrungen sammeln m\u00f6chte, die erstmal nichts mit Ausbildung und Schule zu tun haben. Gleichzeitig wollte ich nicht &#8222;nur&#8220; reisen, sondern Menschen kennen lernen und mich so richtig auf eine andere Kultur einlassen. [&hellip;]","og_url":"https:\/\/blogs.donboscovolunteers.de\/annienbolivia\/about\/","og_site_name":"Anni en Bolivia","article_modified_time":"2024-08-21T16:26:39+00:00","og_image":[{"url":"https:\/\/blogs.donboscovolunteers.de\/annienbolivia\/wp-content\/uploads\/sites\/21726\/2024\/08\/WhatsApp-ich-1.jpeg","type":"","width":"","height":""}],"twitter_card":"summary_large_image","twitter_misc":{"Gesch\u00e4tzte Lesezeit":"2\u00a0Minuten"},"schema":{"@context":"https:\/\/schema.org","@graph":[{"@type":"WebPage","@id":"https:\/\/blogs.donboscovolunteers.de\/annienbolivia\/about\/","url":"https:\/\/blogs.donboscovolunteers.de\/annienbolivia\/about\/","name":"\u00dcber mich - Anni en Bolivia %","isPartOf":{"@id":"https:\/\/blogs.donboscovolunteers.de\/annienbolivia\/#website"},"primaryImageOfPage":{"@id":"https:\/\/blogs.donboscovolunteers.de\/annienbolivia\/about\/#primaryimage"},"image":{"@id":"https:\/\/blogs.donboscovolunteers.de\/annienbolivia\/about\/#primaryimage"},"thumbnailUrl":"https:\/\/blogs.donboscovolunteers.de\/annienbolivia\/wp-content\/uploads\/sites\/21726\/2024\/08\/WhatsApp-ich-1.jpeg","datePublished":"2024-08-06T13:29:14+00:00","dateModified":"2024-08-21T16:26:39+00:00","breadcrumb":{"@id":"https:\/\/blogs.donboscovolunteers.de\/annienbolivia\/about\/#breadcrumb"},"inLanguage":"de","potentialAction":[{"@type":"ReadAction","target":["https:\/\/blogs.donboscovolunteers.de\/annienbolivia\/about\/"]}]},{"@type":"ImageObject","inLanguage":"de","@id":"https:\/\/blogs.donboscovolunteers.de\/annienbolivia\/about\/#primaryimage","url":"https:\/\/blogs.donboscovolunteers.de\/annienbolivia\/wp-content\/uploads\/sites\/21726\/2024\/08\/WhatsApp-ich-1.jpeg","contentUrl":"https:\/\/blogs.donboscovolunteers.de\/annienbolivia\/wp-content\/uploads\/sites\/21726\/2024\/08\/WhatsApp-ich-1.jpeg","width":932,"height":863},{"@type":"BreadcrumbList","@id":"https:\/\/blogs.donboscovolunteers.de\/annienbolivia\/about\/#breadcrumb","itemListElement":[{"@type":"ListItem","position":1,"name":"Startseite","item":"https:\/\/blogs.donboscovolunteers.de\/annienbolivia\/"},{"@type":"ListItem","position":2,"name":"\u00dcber mich"}]},{"@type":"WebSite","@id":"https:\/\/blogs.donboscovolunteers.de\/annienbolivia\/#website","url":"https:\/\/blogs.donboscovolunteers.de\/annienbolivia\/","name":"Anni en Bolivia","description":"","potentialAction":[{"@type":"SearchAction","target":{"@type":"EntryPoint","urlTemplate":"https:\/\/blogs.donboscovolunteers.de\/annienbolivia\/?s={search_term_string}"},"query-input":{"@type":"PropertyValueSpecification","valueRequired":true,"valueName":"search_term_string"}}],"inLanguage":"de"}]}},"_links":{"self":[{"href":"https:\/\/blogs.donboscovolunteers.de\/annienbolivia\/wp-json\/wp\/v2\/pages\/3","targetHints":{"allow":["GET"]}}],"collection":[{"href":"https:\/\/blogs.donboscovolunteers.de\/annienbolivia\/wp-json\/wp\/v2\/pages"}],"about":[{"href":"https:\/\/blogs.donboscovolunteers.de\/annienbolivia\/wp-json\/wp\/v2\/types\/page"}],"author":[{"embeddable":true,"href":"https:\/\/blogs.donboscovolunteers.de\/annienbolivia\/wp-json\/wp\/v2\/users\/1"}],"replies":[{"embeddable":true,"href":"https:\/\/blogs.donboscovolunteers.de\/annienbolivia\/wp-json\/wp\/v2\/comments?post=3"}],"version-history":[{"count":1,"href":"https:\/\/blogs.donboscovolunteers.de\/annienbolivia\/wp-json\/wp\/v2\/pages\/3\/revisions"}],"predecessor-version":[{"id":17,"href":"https:\/\/blogs.donboscovolunteers.de\/annienbolivia\/wp-json\/wp\/v2\/pages\/3\/revisions\/17"}],"wp:attachment":[{"href":"https:\/\/blogs.donboscovolunteers.de\/annienbolivia\/wp-json\/wp\/v2\/media?parent=3"}],"curies":[{"name":"wp","href":"https:\/\/api.w.org\/{rel}","templated":true}]}}