{"id":4,"date":"2024-07-29T15:26:24","date_gmt":"2024-07-29T13:26:24","guid":{"rendered":"https:\/\/blogs.donboscovolunteers.de\/anneinindien\/about-2\/"},"modified":"2024-11-12T11:00:45","modified_gmt":"2024-11-12T10:00:45","slug":"about-2","status":"publish","type":"page","link":"https:\/\/blogs.donboscovolunteers.de\/anneinindien\/about-2\/","title":{"rendered":"Spenden"},"content":{"rendered":"<p>Wenn ihr mich und meine Projekte w\u00e4hrend meines Freiwilligendienstes unterst\u00fctzen m\u00f6chtet, freue ich mich \u00fcber jede Spende.<\/p>\n<p>Hier k\u00f6nnt ihr online spenden:<\/p>\n<p><a href=\"https:\/\/www.donboscomission.de\/volontariat\/2024\/spenden\/anneinindien\">https:\/\/www.donboscomission.de\/volontariat\/2024\/spenden\/anneinindien<\/a><\/p>\n<p>Und das sind die Kontodaten:<\/p>\n<p><strong><a href=\"https:\/\/www.donboscomission.de\/don-bosco\/\">Don Bosco<\/a> Mission <\/strong><\/p>\n<p><strong>Liga Bank M\u00fcnchen <\/strong><\/p>\n<p><strong>IBAN: DE66 7509 0300 0102 1418 76 <\/strong><\/p>\n<p><strong>BIC: GENODEF 1M05 <\/strong><\/p>\n<p><strong>Verwendungszweck: Anne Roth S24VB017<\/strong><\/p>\n<p>(Euch wird eine Spendenbescheinigung zugeschickt, wenn ihr im Verwendungszweck zus\u00e4tzlich eure Adresse angebt)<\/p>\n<p>Vielen Dank!<\/p>\n","protected":false},"excerpt":{"rendered":"<p>Wenn ihr mich und meine Projekte w\u00e4hrend meines Freiwilligendienstes unterst\u00fctzen m\u00f6chtet, freue ich mich \u00fcber jede Spende. Hier k\u00f6nnt ihr online spenden: https:\/\/www.donboscomission.de\/volontariat\/2024\/spenden\/anneinindien Und das sind die Kontodaten: <a href=\"https:\/\/www.donboscomission.de\/don-bosco\/\">Don Bosco<\/a> Mission Liga Bank M\u00fcnchen IBAN: DE66 7509 0300 0102 1418 76 BIC: GENODEF 1M05 Verwendungszweck: Anne Roth S24VB017 (Euch wird eine Spendenbescheinigung zugeschickt, wenn ihr [&hellip;]<\/p>\n","protected":false},"author":1,"featured_media":0,"parent":0,"menu_order":1,"comment_status":"closed","ping_status":"closed","template":"","meta":{"footnotes":""},"class_list":["post-4","page","type-page","status-publish","hentry"],"yoast_head":"<!-- This site is optimized with the Yoast SEO plugin v25.3.1 - https:\/\/yoast.com\/wordpress\/plugins\/seo\/ -->\n<title>Spenden - Anne in Indien<\/title>\n<meta name=\"robots\" content=\"index, follow, max-snippet:-1, max-image-preview:large, max-video-preview:-1\" \/>\n<link rel=\"canonical\" href=\"https:\/\/blogs.donboscovolunteers.de\/anneinindien\/about-2\/\" \/>\n<meta property=\"og:locale\" content=\"de_DE\" \/>\n<meta property=\"og:type\" content=\"article\" \/>\n<meta property=\"og:title\" content=\"Spenden - Anne in Indien\" \/>\n<meta property=\"og:description\" content=\"Wenn ihr mich und meine Projekte w\u00e4hrend meines Freiwilligendienstes unterst\u00fctzen m\u00f6chtet, freue ich mich \u00fcber jede Spende. Hier k\u00f6nnt ihr online spenden: https:\/\/www.donboscomission.de\/volontariat\/2024\/spenden\/anneinindien Und das sind die Kontodaten: Don Bosco Mission Liga Bank M\u00fcnchen IBAN: DE66 7509 0300 0102 1418 76 BIC: GENODEF 1M05 Verwendungszweck: Anne Roth S24VB017 (Euch wird eine Spendenbescheinigung zugeschickt, wenn ihr [&hellip;]\" \/>\n<meta property=\"og:url\" content=\"https:\/\/blogs.donboscovolunteers.de\/anneinindien\/about-2\/\" \/>\n<meta property=\"og:site_name\" content=\"Anne in Indien\" \/>\n<meta property=\"article:modified_time\" content=\"2024-11-12T10:00:45+00:00\" \/>\n<meta name=\"twitter:card\" content=\"summary_large_image\" \/>\n<meta name=\"twitter:label1\" content=\"Gesch\u00e4tzte Lesezeit\" \/>\n\t<meta name=\"twitter:data1\" content=\"1\u00a0Minute\" \/>\n<script type=\"application\/ld+json\" class=\"yoast-schema-graph\">{\"@context\":\"https:\/\/schema.org\",\"@graph\":[{\"@type\":\"WebPage\",\"@id\":\"https:\/\/blogs.donboscovolunteers.de\/anneinindien\/about-2\/\",\"url\":\"https:\/\/blogs.donboscovolunteers.de\/anneinindien\/about-2\/\",\"name\":\"Spenden - Anne in Indien\",\"isPartOf\":{\"@id\":\"https:\/\/blogs.donboscovolunteers.de\/anneinindien\/#website\"},\"datePublished\":\"2024-07-29T13:26:24+00:00\",\"dateModified\":\"2024-11-12T10:00:45+00:00\",\"breadcrumb\":{\"@id\":\"https:\/\/blogs.donboscovolunteers.de\/anneinindien\/about-2\/#breadcrumb\"},\"inLanguage\":\"de\",\"potentialAction\":[{\"@type\":\"ReadAction\",\"target\":[\"https:\/\/blogs.donboscovolunteers.de\/anneinindien\/about-2\/\"]}]},{\"@type\":\"BreadcrumbList\",\"@id\":\"https:\/\/blogs.donboscovolunteers.de\/anneinindien\/about-2\/#breadcrumb\",\"itemListElement\":[{\"@type\":\"ListItem\",\"position\":1,\"name\":\"Startseite\",\"item\":\"https:\/\/blogs.donboscovolunteers.de\/anneinindien\/\"},{\"@type\":\"ListItem\",\"position\":2,\"name\":\"Spenden\"}]},{\"@type\":\"WebSite\",\"@id\":\"https:\/\/blogs.donboscovolunteers.de\/anneinindien\/#website\",\"url\":\"https:\/\/blogs.donboscovolunteers.de\/anneinindien\/\",\"name\":\"Anne in Indien\",\"description\":\"\",\"potentialAction\":[{\"@type\":\"SearchAction\",\"target\":{\"@type\":\"EntryPoint\",\"urlTemplate\":\"https:\/\/blogs.donboscovolunteers.de\/anneinindien\/?s={search_term_string}\"},\"query-input\":{\"@type\":\"PropertyValueSpecification\",\"valueRequired\":true,\"valueName\":\"search_term_string\"}}],\"inLanguage\":\"de\"}]}<\/script>\n<!-- \/ Yoast SEO plugin. -->","yoast_head_json":{"title":"Spenden - Anne in Indien","robots":{"index":"index","follow":"follow","max-snippet":"max-snippet:-1","max-image-preview":"max-image-preview:large","max-video-preview":"max-video-preview:-1"},"canonical":"https:\/\/blogs.donboscovolunteers.de\/anneinindien\/about-2\/","og_locale":"de_DE","og_type":"article","og_title":"Spenden - Anne in Indien","og_description":"Wenn ihr mich und meine Projekte w\u00e4hrend meines Freiwilligendienstes unterst\u00fctzen m\u00f6chtet, freue ich mich \u00fcber jede Spende. Hier k\u00f6nnt ihr online spenden: https:\/\/www.donboscomission.de\/volontariat\/2024\/spenden\/anneinindien Und das sind die Kontodaten: Don Bosco Mission Liga Bank M\u00fcnchen IBAN: DE66 7509 0300 0102 1418 76 BIC: GENODEF 1M05 Verwendungszweck: Anne Roth S24VB017 (Euch wird eine Spendenbescheinigung zugeschickt, wenn ihr [&hellip;]","og_url":"https:\/\/blogs.donboscovolunteers.de\/anneinindien\/about-2\/","og_site_name":"Anne in Indien","article_modified_time":"2024-11-12T10:00:45+00:00","twitter_card":"summary_large_image","twitter_misc":{"Gesch\u00e4tzte Lesezeit":"1\u00a0Minute"},"schema":{"@context":"https:\/\/schema.org","@graph":[{"@type":"WebPage","@id":"https:\/\/blogs.donboscovolunteers.de\/anneinindien\/about-2\/","url":"https:\/\/blogs.donboscovolunteers.de\/anneinindien\/about-2\/","name":"Spenden - Anne in Indien","isPartOf":{"@id":"https:\/\/blogs.donboscovolunteers.de\/anneinindien\/#website"},"datePublished":"2024-07-29T13:26:24+00:00","dateModified":"2024-11-12T10:00:45+00:00","breadcrumb":{"@id":"https:\/\/blogs.donboscovolunteers.de\/anneinindien\/about-2\/#breadcrumb"},"inLanguage":"de","potentialAction":[{"@type":"ReadAction","target":["https:\/\/blogs.donboscovolunteers.de\/anneinindien\/about-2\/"]}]},{"@type":"BreadcrumbList","@id":"https:\/\/blogs.donboscovolunteers.de\/anneinindien\/about-2\/#breadcrumb","itemListElement":[{"@type":"ListItem","position":1,"name":"Startseite","item":"https:\/\/blogs.donboscovolunteers.de\/anneinindien\/"},{"@type":"ListItem","position":2,"name":"Spenden"}]},{"@type":"WebSite","@id":"https:\/\/blogs.donboscovolunteers.de\/anneinindien\/#website","url":"https:\/\/blogs.donboscovolunteers.de\/anneinindien\/","name":"Anne in Indien","description":"","potentialAction":[{"@type":"SearchAction","target":{"@type":"EntryPoint","urlTemplate":"https:\/\/blogs.donboscovolunteers.de\/anneinindien\/?s={search_term_string}"},"query-input":{"@type":"PropertyValueSpecification","valueRequired":true,"valueName":"search_term_string"}}],"inLanguage":"de"}]}},"_links":{"self":[{"href":"https:\/\/blogs.donboscovolunteers.de\/anneinindien\/wp-json\/wp\/v2\/pages\/4","targetHints":{"allow":["GET"]}}],"collection":[{"href":"https:\/\/blogs.donboscovolunteers.de\/anneinindien\/wp-json\/wp\/v2\/pages"}],"about":[{"href":"https:\/\/blogs.donboscovolunteers.de\/anneinindien\/wp-json\/wp\/v2\/types\/page"}],"author":[{"embeddable":true,"href":"https:\/\/blogs.donboscovolunteers.de\/anneinindien\/wp-json\/wp\/v2\/users\/1"}],"replies":[{"embeddable":true,"href":"https:\/\/blogs.donboscovolunteers.de\/anneinindien\/wp-json\/wp\/v2\/comments?post=4"}],"version-history":[{"count":2,"href":"https:\/\/blogs.donboscovolunteers.de\/anneinindien\/wp-json\/wp\/v2\/pages\/4\/revisions"}],"predecessor-version":[{"id":134,"href":"https:\/\/blogs.donboscovolunteers.de\/anneinindien\/wp-json\/wp\/v2\/pages\/4\/revisions\/134"}],"wp:attachment":[{"href":"https:\/\/blogs.donboscovolunteers.de\/anneinindien\/wp-json\/wp\/v2\/media?parent=4"}],"curies":[{"name":"wp","href":"https:\/\/api.w.org\/{rel}","templated":true}]}}