{"id":14,"date":"2024-07-31T19:39:17","date_gmt":"2024-07-31T17:39:17","guid":{"rendered":"https:\/\/blogs.donboscovolunteers.de\/anneinindien\/?page_id=14"},"modified":"2025-07-25T14:51:27","modified_gmt":"2025-07-25T12:51:27","slug":"ueber-mich","status":"publish","type":"page","link":"https:\/\/blogs.donboscovolunteers.de\/anneinindien\/ueber-mich\/","title":{"rendered":"\u00dcber mich!"},"content":{"rendered":"<p>Hallo!<\/p>\n\n\n\n<p>Ich hei\u00dfe Anne, bin 18 Jahre alt und komme aus St. Georgen, einem Dorf in Oberbayern. Hier wohne ich mit meinen zwei Schwestern, meinem Bruder und meinen Eltern.<\/p>\n\n\n\n<figure class=\"wp-block-image size-large is-resized\"><img decoding=\"async\" src=\"https:\/\/blogs.donboscovolunteers.de\/anneinindien\/wp-content\/uploads\/sites\/21720\/2024\/07\/20210828_145822-1024x917.jpg\" alt=\"\" class=\"wp-image-16\" style=\"width:430px;height:auto\" \/><\/figure>\n\n\n\n<p>In meiner Freizeit gehe ich ins Fitnessstudio und spiele Trompete in der Stadtkapelle meines Ortes. Ich bin Mitglied bei der Freiwilligen Feuerwehr und war Ministrantin bei uns in der Kirche. Ich liebe Schokolade und treffe mich am Wochenende gerne mit meinen Freunden.<\/p>\n\n\n\n<figure class=\"wp-block-image size-large\"><img loading=\"lazy\" decoding=\"async\" width=\"722\" height=\"1024\" src=\"https:\/\/blogs.donboscovolunteers.de\/anneinindien\/wp-content\/uploads\/sites\/21720\/2025\/07\/signal-2023-08-31-16-21-02-879-722x1024.jpg\" alt=\"\" class=\"wp-image-564\" srcset=\"https:\/\/blogs.donboscovolunteers.de\/anneinindien\/wp-content\/uploads\/sites\/21720\/2025\/07\/signal-2023-08-31-16-21-02-879-722x1024.jpg 722w, https:\/\/blogs.donboscovolunteers.de\/anneinindien\/wp-content\/uploads\/sites\/21720\/2025\/07\/signal-2023-08-31-16-21-02-879-212x300.jpg 212w, https:\/\/blogs.donboscovolunteers.de\/anneinindien\/wp-content\/uploads\/sites\/21720\/2025\/07\/signal-2023-08-31-16-21-02-879-768x1089.jpg 768w, https:\/\/blogs.donboscovolunteers.de\/anneinindien\/wp-content\/uploads\/sites\/21720\/2025\/07\/signal-2023-08-31-16-21-02-879-900x1276.jpg 900w, https:\/\/blogs.donboscovolunteers.de\/anneinindien\/wp-content\/uploads\/sites\/21720\/2025\/07\/signal-2023-08-31-16-21-02-879.jpg 903w\" sizes=\"auto, (max-width: 722px) 100vw, 722px\" \/><\/figure>\n\n\n\n<figure class=\"wp-block-gallery has-nested-images columns-default is-cropped wp-block-gallery-1 is-layout-flex wp-block-gallery-is-layout-flex\"><\/figure>\n\n\n\n<p>Ab September gehe ich mit <a href=\"https:\/\/www.donboscomission.de\/don-bosco\/\">Don Bosco<\/a> Volunteers f\u00fcr ein Jahr nach <a href=\"https:\/\/strassenkinder.de\/laender\/asien\/inden\/\">Indien<\/a>. Dort werde ich in dem Projekt \u201eNavajeevan\u201c mitarbeiten. Das Projekt umfasst unter anderem ein Internat, einen Kindergarten und verschiedene Heime f\u00fcr Jungen und M\u00e4dchen. Ziel ist es, Stra\u00dfenkindern und Kindern aus \u00e4rmeren Verh\u00e4ltnissen eine Unterkunft zu bieten und Zugang zu schulischer Bildung zu erm\u00f6glichen.<\/p>\n\n\n\n<figure class=\"wp-block-image size-full is-resized\"><img loading=\"lazy\" decoding=\"async\" width=\"353\" height=\"252\" src=\"https:\/\/blogs.donboscovolunteers.de\/anneinindien\/wp-content\/uploads\/sites\/21720\/2024\/07\/image-1.png\" alt=\"\" class=\"wp-image-21\" style=\"width:270px;height:auto\" srcset=\"https:\/\/blogs.donboscovolunteers.de\/anneinindien\/wp-content\/uploads\/sites\/21720\/2024\/07\/image-1.png 353w, https:\/\/blogs.donboscovolunteers.de\/anneinindien\/wp-content\/uploads\/sites\/21720\/2024\/07\/image-1-300x214.png 300w\" sizes=\"auto, (max-width: 353px) 100vw, 353px\" \/><\/figure>\n\n\n\n<p>Am 10.09.2024 geht meine Reise los von M\u00fcnchen nach Neu-Delhi und von dort weiter nach Vijayawada. Die Amtssprache vor Ort ist Englisch, aber die meisten Menschen sprechen Hindi oder Telugu. Vijayawada ist mit 2 Millionen Einwohnern eine indische Kleinstadt und liegt \u00f6stlich in Indien, direkt am Fluss Krishna, etwa 90 km vom Golf von Bengalen entfernt.<\/p>\n\n\n\n<figure class=\"wp-block-image size-full is-resized\"><img loading=\"lazy\" decoding=\"async\" width=\"396\" height=\"441\" src=\"https:\/\/blogs.donboscovolunteers.de\/anneinindien\/wp-content\/uploads\/sites\/21720\/2024\/07\/image-2.png\" alt=\"\" class=\"wp-image-22\" style=\"width:291px;height:auto\" srcset=\"https:\/\/blogs.donboscovolunteers.de\/anneinindien\/wp-content\/uploads\/sites\/21720\/2024\/07\/image-2.png 396w, https:\/\/blogs.donboscovolunteers.de\/anneinindien\/wp-content\/uploads\/sites\/21720\/2024\/07\/image-2-269x300.png 269w\" sizes=\"auto, (max-width: 396px) 100vw, 396px\" \/><\/figure>\n\n\n\n<p>Ich werde im kommenden Jahr in einer 5-Zimmer-WG mit anderen Freiwilligen untergebracht sein. Drei Mitbewohner kenne ich bereits durch meine Organisation und vielleicht kommen auch noch andere Freiwillige aus \u00d6sterreich, Schweiz oder der Niederlande dazu.<\/p>\n\n\n\n<p>Ich m\u00f6chte euch hier in Zukunft \u00fcber meinen <a href=\"https:\/\/www.donboscovolunteers.de\/\">Freiwilligendienst<\/a> auf dem Laufenden halten und werde versuchen, jeden Monat einen Blogeintrag zu ver\u00f6ffentlichen. Mal schauen, ob das funktioniert. Wenn ihr spezifische Fragen habt oder von bestimmten Eindr\u00fccken h\u00f6ren wollt, schreibt gerne einen Kommentar.<\/p>\n\n\n\n<p>Liebe Gr\u00fc\u00dfe<\/p>\n\n\n\n<p>Anne<\/p>","protected":false},"excerpt":{"rendered":"<p>Hallo! Ich hei\u00dfe Anne, bin 18 Jahre alt und komme aus St. Georgen, einem Dorf in Oberbayern. Hier wohne ich mit meinen zwei Schwestern, meinem Bruder und meinen Eltern. In meiner Freizeit gehe ich ins Fitnessstudio und spiele Trompete in der Stadtkapelle meines Ortes. Ich bin Mitglied bei der Freiwilligen Feuerwehr und war Ministrantin bei [&hellip;]<\/p>\n","protected":false},"author":21821,"featured_media":0,"parent":0,"menu_order":0,"comment_status":"closed","ping_status":"closed","template":"","meta":{"footnotes":""},"class_list":["post-14","page","type-page","status-publish","hentry"],"yoast_head":"<!-- This site is optimized with the Yoast SEO plugin v25.3.1 - https:\/\/yoast.com\/wordpress\/plugins\/seo\/ -->\n<title>\u00dcber mich! - Anne in Indien<\/title>\n<meta name=\"robots\" content=\"index, follow, max-snippet:-1, max-image-preview:large, max-video-preview:-1\" \/>\n<link rel=\"canonical\" href=\"https:\/\/blogs.donboscovolunteers.de\/anneinindien\/ueber-mich\/\" \/>\n<meta property=\"og:locale\" content=\"de_DE\" \/>\n<meta property=\"og:type\" content=\"article\" \/>\n<meta property=\"og:title\" content=\"\u00dcber mich! - Anne in Indien\" \/>\n<meta property=\"og:description\" content=\"Hallo! Ich hei\u00dfe Anne, bin 18 Jahre alt und komme aus St. Georgen, einem Dorf in Oberbayern. Hier wohne ich mit meinen zwei Schwestern, meinem Bruder und meinen Eltern. In meiner Freizeit gehe ich ins Fitnessstudio und spiele Trompete in der Stadtkapelle meines Ortes. Ich bin Mitglied bei der Freiwilligen Feuerwehr und war Ministrantin bei [&hellip;]\" \/>\n<meta property=\"og:url\" content=\"https:\/\/blogs.donboscovolunteers.de\/anneinindien\/ueber-mich\/\" \/>\n<meta property=\"og:site_name\" content=\"Anne in Indien\" \/>\n<meta property=\"article:modified_time\" content=\"2025-07-25T12:51:27+00:00\" \/>\n<meta name=\"twitter:card\" content=\"summary_large_image\" \/>\n<meta name=\"twitter:label1\" content=\"Gesch\u00e4tzte Lesezeit\" \/>\n\t<meta name=\"twitter:data1\" content=\"3\u00a0Minuten\" \/>\n<script type=\"application\/ld+json\" class=\"yoast-schema-graph\">{\"@context\":\"https:\/\/schema.org\",\"@graph\":[{\"@type\":\"WebPage\",\"@id\":\"https:\/\/blogs.donboscovolunteers.de\/anneinindien\/ueber-mich\/\",\"url\":\"https:\/\/blogs.donboscovolunteers.de\/anneinindien\/ueber-mich\/\",\"name\":\"\u00dcber mich! - Anne in Indien\",\"isPartOf\":{\"@id\":\"https:\/\/blogs.donboscovolunteers.de\/anneinindien\/#website\"},\"primaryImageOfPage\":{\"@id\":\"https:\/\/blogs.donboscovolunteers.de\/anneinindien\/ueber-mich\/#primaryimage\"},\"image\":{\"@id\":\"https:\/\/blogs.donboscovolunteers.de\/anneinindien\/ueber-mich\/#primaryimage\"},\"thumbnailUrl\":\"https:\/\/blogs.donboscovolunteers.de\/anneinindien\/wp-content\/uploads\/sites\/21720\/2024\/07\/20210828_145822-1024x917.jpg\",\"datePublished\":\"2024-07-31T17:39:17+00:00\",\"dateModified\":\"2025-07-25T12:51:27+00:00\",\"breadcrumb\":{\"@id\":\"https:\/\/blogs.donboscovolunteers.de\/anneinindien\/ueber-mich\/#breadcrumb\"},\"inLanguage\":\"de\",\"potentialAction\":[{\"@type\":\"ReadAction\",\"target\":[\"https:\/\/blogs.donboscovolunteers.de\/anneinindien\/ueber-mich\/\"]}]},{\"@type\":\"ImageObject\",\"inLanguage\":\"de\",\"@id\":\"https:\/\/blogs.donboscovolunteers.de\/anneinindien\/ueber-mich\/#primaryimage\",\"url\":\"\",\"contentUrl\":\"\"},{\"@type\":\"BreadcrumbList\",\"@id\":\"https:\/\/blogs.donboscovolunteers.de\/anneinindien\/ueber-mich\/#breadcrumb\",\"itemListElement\":[{\"@type\":\"ListItem\",\"position\":1,\"name\":\"Startseite\",\"item\":\"https:\/\/blogs.donboscovolunteers.de\/anneinindien\/\"},{\"@type\":\"ListItem\",\"position\":2,\"name\":\"\u00dcber mich!\"}]},{\"@type\":\"WebSite\",\"@id\":\"https:\/\/blogs.donboscovolunteers.de\/anneinindien\/#website\",\"url\":\"https:\/\/blogs.donboscovolunteers.de\/anneinindien\/\",\"name\":\"Anne in Indien\",\"description\":\"\",\"potentialAction\":[{\"@type\":\"SearchAction\",\"target\":{\"@type\":\"EntryPoint\",\"urlTemplate\":\"https:\/\/blogs.donboscovolunteers.de\/anneinindien\/?s={search_term_string}\"},\"query-input\":{\"@type\":\"PropertyValueSpecification\",\"valueRequired\":true,\"valueName\":\"search_term_string\"}}],\"inLanguage\":\"de\"}]}<\/script>\n<!-- \/ Yoast SEO plugin. -->","yoast_head_json":{"title":"\u00dcber mich! - Anne in Indien","robots":{"index":"index","follow":"follow","max-snippet":"max-snippet:-1","max-image-preview":"max-image-preview:large","max-video-preview":"max-video-preview:-1"},"canonical":"https:\/\/blogs.donboscovolunteers.de\/anneinindien\/ueber-mich\/","og_locale":"de_DE","og_type":"article","og_title":"\u00dcber mich! - Anne in Indien","og_description":"Hallo! Ich hei\u00dfe Anne, bin 18 Jahre alt und komme aus St. Georgen, einem Dorf in Oberbayern. Hier wohne ich mit meinen zwei Schwestern, meinem Bruder und meinen Eltern. In meiner Freizeit gehe ich ins Fitnessstudio und spiele Trompete in der Stadtkapelle meines Ortes. Ich bin Mitglied bei der Freiwilligen Feuerwehr und war Ministrantin bei [&hellip;]","og_url":"https:\/\/blogs.donboscovolunteers.de\/anneinindien\/ueber-mich\/","og_site_name":"Anne in Indien","article_modified_time":"2025-07-25T12:51:27+00:00","twitter_card":"summary_large_image","twitter_misc":{"Gesch\u00e4tzte Lesezeit":"3\u00a0Minuten"},"schema":{"@context":"https:\/\/schema.org","@graph":[{"@type":"WebPage","@id":"https:\/\/blogs.donboscovolunteers.de\/anneinindien\/ueber-mich\/","url":"https:\/\/blogs.donboscovolunteers.de\/anneinindien\/ueber-mich\/","name":"\u00dcber mich! - Anne in Indien","isPartOf":{"@id":"https:\/\/blogs.donboscovolunteers.de\/anneinindien\/#website"},"primaryImageOfPage":{"@id":"https:\/\/blogs.donboscovolunteers.de\/anneinindien\/ueber-mich\/#primaryimage"},"image":{"@id":"https:\/\/blogs.donboscovolunteers.de\/anneinindien\/ueber-mich\/#primaryimage"},"thumbnailUrl":"https:\/\/blogs.donboscovolunteers.de\/anneinindien\/wp-content\/uploads\/sites\/21720\/2024\/07\/20210828_145822-1024x917.jpg","datePublished":"2024-07-31T17:39:17+00:00","dateModified":"2025-07-25T12:51:27+00:00","breadcrumb":{"@id":"https:\/\/blogs.donboscovolunteers.de\/anneinindien\/ueber-mich\/#breadcrumb"},"inLanguage":"de","potentialAction":[{"@type":"ReadAction","target":["https:\/\/blogs.donboscovolunteers.de\/anneinindien\/ueber-mich\/"]}]},{"@type":"ImageObject","inLanguage":"de","@id":"https:\/\/blogs.donboscovolunteers.de\/anneinindien\/ueber-mich\/#primaryimage","url":"","contentUrl":""},{"@type":"BreadcrumbList","@id":"https:\/\/blogs.donboscovolunteers.de\/anneinindien\/ueber-mich\/#breadcrumb","itemListElement":[{"@type":"ListItem","position":1,"name":"Startseite","item":"https:\/\/blogs.donboscovolunteers.de\/anneinindien\/"},{"@type":"ListItem","position":2,"name":"\u00dcber mich!"}]},{"@type":"WebSite","@id":"https:\/\/blogs.donboscovolunteers.de\/anneinindien\/#website","url":"https:\/\/blogs.donboscovolunteers.de\/anneinindien\/","name":"Anne in Indien","description":"","potentialAction":[{"@type":"SearchAction","target":{"@type":"EntryPoint","urlTemplate":"https:\/\/blogs.donboscovolunteers.de\/anneinindien\/?s={search_term_string}"},"query-input":{"@type":"PropertyValueSpecification","valueRequired":true,"valueName":"search_term_string"}}],"inLanguage":"de"}]}},"_links":{"self":[{"href":"https:\/\/blogs.donboscovolunteers.de\/anneinindien\/wp-json\/wp\/v2\/pages\/14","targetHints":{"allow":["GET"]}}],"collection":[{"href":"https:\/\/blogs.donboscovolunteers.de\/anneinindien\/wp-json\/wp\/v2\/pages"}],"about":[{"href":"https:\/\/blogs.donboscovolunteers.de\/anneinindien\/wp-json\/wp\/v2\/types\/page"}],"author":[{"embeddable":true,"href":"https:\/\/blogs.donboscovolunteers.de\/anneinindien\/wp-json\/wp\/v2\/users\/21821"}],"replies":[{"embeddable":true,"href":"https:\/\/blogs.donboscovolunteers.de\/anneinindien\/wp-json\/wp\/v2\/comments?post=14"}],"version-history":[{"count":2,"href":"https:\/\/blogs.donboscovolunteers.de\/anneinindien\/wp-json\/wp\/v2\/pages\/14\/revisions"}],"predecessor-version":[{"id":565,"href":"https:\/\/blogs.donboscovolunteers.de\/anneinindien\/wp-json\/wp\/v2\/pages\/14\/revisions\/565"}],"wp:attachment":[{"href":"https:\/\/blogs.donboscovolunteers.de\/anneinindien\/wp-json\/wp\/v2\/media?parent=14"}],"curies":[{"name":"wp","href":"https:\/\/api.w.org\/{rel}","templated":true}]}}