{"id":27,"date":"2019-09-01T21:49:06","date_gmt":"2019-09-01T19:49:06","guid":{"rendered":"https:\/\/blogs.donboscovolunteers.de\/annalusjahrinmumbai\/?page_id=27"},"modified":"2019-09-13T19:37:35","modified_gmt":"2019-09-13T17:37:35","slug":"don-bosco","status":"publish","type":"page","link":"https:\/\/blogs.donboscovolunteers.de\/annalusjahrinmumbai\/don-bosco\/","title":{"rendered":"Don Bosco"},"content":{"rendered":"<p>Giovanni Bosco war schon ein ziemlich cooler Typ, das habe ich in den letzten Jahren erfahren d\u00fcrfen. Es gibt viele Gr\u00fcnde, die mich zu den <a href=\"https:\/\/www.donboscomission.de\/don-bosco\/\">Don Bosco<\/a> Volunteers gef\u00fchrt haben, welche ich kurz erl\u00e4utern m\u00f6chte.<\/p>\n\n\n\n<p>Der Startschuss, der mich direkt auf Don Bosco zulaufen lie\u00df, wurde 2015 abgefeuert. Bei unserer RKW ging es in diesem Jahr um niemand geringeren als Giovanni Bosco, seine Kindheit, sein Leben und sein Wirken. Wir lernten schon w\u00e4hrend des Camps eine Menge \u00fcber sein Lebenswerk kennen. Unsere Jugendgruppe interessierte sich schlie\u00dflich so f\u00fcr Don Bosco, dass wir in den Herbstferien 2015 an der Dankesfahrt nach Turin teilnahmen. In und um Turin lebte Don Bosco und wir konnten sein Leben intensiv nachvollziehen. Auch seine P\u00e4dagogik wurde uns dort nahegebracht und ich h\u00f6rte zum ersten Mal von dem <a href=\"https:\/\/www.donboscovolunteers.de\/\">Freiwilligendienst<\/a>, den man \u00fcber Don Bosco Volunteers machen kann. <\/p>\n\n\n\n<p>Inspiriert von der RKW und der Turinfahrt schrieb ich ein Jahr sp\u00e4ter in der Schule meine Belegarbeit \u00fcber die <a href=\"https:\/\/www.donboscomission.de\/don-bosco\/erbe\/\">Salesianer Don Boscos<\/a>. In dieser Zeit vertiefte ich mein Wissen \u00fcber die Ordensgemeinschaft.<\/p>\n\n\n\n<p><\/p>\n\n\n\n<p>Zur selben Zeit machte meine Schwester in Bonn ein Praktikum in dem Themenbereich \u00d6ffentlichkeitsarbeit bei der <a href=\"https:\/\/www.donboscomission.de\/\">Don Bosco Mission Bonn<\/a>. Sie erz\u00e4hlte mir von ihren Aufgaben, dem freundlichen Team und erkl\u00e4rte mir alles rund um den Freiwilligendienst.<\/p>\n\n\n\n<p>F\u00fcr mich war schon lange klar, dass ich nach dem Abitur ins Ausland m\u00f6chte. Und nachdem ich all die Erfahrungen schon hatte, wollte ich mit niemand anderen, als mit den Don Bosco Volunteers den Freiwilligendienst machen. <\/p>\n\n\n\n<p>Und ich muss sagen, ich habe es keine Sekunde bereut, \u00fcber die Don Bosco Mission Bonn ausgesendet zu werden. Eine gro\u00dfe Gemeinschaft, die mir mit so viel Freundlichkeit entgegengekommen ist. So wie Wolfgang zum ersten Seminar gesagt hat: <\/p>\n\n\n\n<p><strong>&#8222;Herzlich willkommen in der Don Bosco Familie.&#8220; <\/strong><br><br>Und genauso f\u00fchle ich mich hier: Wie in einer Familie.<br><\/p>","protected":false},"excerpt":{"rendered":"<p>Giovanni Bosco war schon ein ziemlich cooler Typ, das habe ich in den letzten Jahren erfahren d\u00fcrfen. Es gibt viele Gr\u00fcnde, die mich zu den <a href=\"https:\/\/www.donboscomission.de\/don-bosco\/\">Don Bosco<\/a> Volunteers gef\u00fchrt haben, welche ich kurz erl\u00e4utern m\u00f6chte. Der Startschuss, der mich direkt auf Don Bosco zulaufen lie\u00df, wurde 2015 abgefeuert. Bei unserer RKW ging es in diesem [&hellip;]<\/p>\n","protected":false},"author":21655,"featured_media":0,"parent":0,"menu_order":0,"comment_status":"closed","ping_status":"closed","template":"","meta":{"footnotes":""},"class_list":["post-27","page","type-page","status-publish","hentry"],"yoast_head":"<!-- This site is optimized with the Yoast SEO plugin v25.3.1 - https:\/\/yoast.com\/wordpress\/plugins\/seo\/ -->\n<title>Don Bosco - Annalus Jahr in Mumbai<\/title>\n<meta name=\"robots\" content=\"index, follow, max-snippet:-1, max-image-preview:large, max-video-preview:-1\" \/>\n<link rel=\"canonical\" href=\"https:\/\/blogs.donboscovolunteers.de\/annalusjahrinmumbai\/don-bosco\/\" \/>\n<meta property=\"og:locale\" content=\"de_DE\" \/>\n<meta property=\"og:type\" content=\"article\" \/>\n<meta property=\"og:title\" content=\"Don Bosco - Annalus Jahr in Mumbai\" \/>\n<meta property=\"og:description\" content=\"Giovanni Bosco war schon ein ziemlich cooler Typ, das habe ich in den letzten Jahren erfahren d\u00fcrfen. Es gibt viele Gr\u00fcnde, die mich zu den Don Bosco Volunteers gef\u00fchrt haben, welche ich kurz erl\u00e4utern m\u00f6chte. Der Startschuss, der mich direkt auf Don Bosco zulaufen lie\u00df, wurde 2015 abgefeuert. Bei unserer RKW ging es in diesem [&hellip;]\" \/>\n<meta property=\"og:url\" content=\"https:\/\/blogs.donboscovolunteers.de\/annalusjahrinmumbai\/don-bosco\/\" \/>\n<meta property=\"og:site_name\" content=\"Annalus Jahr in Mumbai\" \/>\n<meta property=\"article:modified_time\" content=\"2019-09-13T17:37:35+00:00\" \/>\n<meta name=\"twitter:card\" content=\"summary_large_image\" \/>\n<meta name=\"twitter:label1\" content=\"Gesch\u00e4tzte Lesezeit\" \/>\n\t<meta name=\"twitter:data1\" content=\"2\u00a0Minuten\" \/>\n<script type=\"application\/ld+json\" class=\"yoast-schema-graph\">{\"@context\":\"https:\/\/schema.org\",\"@graph\":[{\"@type\":\"WebPage\",\"@id\":\"https:\/\/blogs.donboscovolunteers.de\/annalusjahrinmumbai\/don-bosco\/\",\"url\":\"https:\/\/blogs.donboscovolunteers.de\/annalusjahrinmumbai\/don-bosco\/\",\"name\":\"Don Bosco - Annalus Jahr in Mumbai\",\"isPartOf\":{\"@id\":\"https:\/\/blogs.donboscovolunteers.de\/annalusjahrinmumbai\/#website\"},\"datePublished\":\"2019-09-01T19:49:06+00:00\",\"dateModified\":\"2019-09-13T17:37:35+00:00\",\"breadcrumb\":{\"@id\":\"https:\/\/blogs.donboscovolunteers.de\/annalusjahrinmumbai\/don-bosco\/#breadcrumb\"},\"inLanguage\":\"de\",\"potentialAction\":[{\"@type\":\"ReadAction\",\"target\":[\"https:\/\/blogs.donboscovolunteers.de\/annalusjahrinmumbai\/don-bosco\/\"]}]},{\"@type\":\"BreadcrumbList\",\"@id\":\"https:\/\/blogs.donboscovolunteers.de\/annalusjahrinmumbai\/don-bosco\/#breadcrumb\",\"itemListElement\":[{\"@type\":\"ListItem\",\"position\":1,\"name\":\"Startseite\",\"item\":\"https:\/\/blogs.donboscovolunteers.de\/annalusjahrinmumbai\/\"},{\"@type\":\"ListItem\",\"position\":2,\"name\":\"Don Bosco\"}]},{\"@type\":\"WebSite\",\"@id\":\"https:\/\/blogs.donboscovolunteers.de\/annalusjahrinmumbai\/#website\",\"url\":\"https:\/\/blogs.donboscovolunteers.de\/annalusjahrinmumbai\/\",\"name\":\"Annalus Jahr in Mumbai\",\"description\":\"Ein Freiwilligendienst im Shelter Don Bosco\",\"potentialAction\":[{\"@type\":\"SearchAction\",\"target\":{\"@type\":\"EntryPoint\",\"urlTemplate\":\"https:\/\/blogs.donboscovolunteers.de\/annalusjahrinmumbai\/?s={search_term_string}\"},\"query-input\":{\"@type\":\"PropertyValueSpecification\",\"valueRequired\":true,\"valueName\":\"search_term_string\"}}],\"inLanguage\":\"de\"}]}<\/script>\n<!-- \/ Yoast SEO plugin. -->","yoast_head_json":{"title":"Don Bosco - Annalus Jahr in Mumbai","robots":{"index":"index","follow":"follow","max-snippet":"max-snippet:-1","max-image-preview":"max-image-preview:large","max-video-preview":"max-video-preview:-1"},"canonical":"https:\/\/blogs.donboscovolunteers.de\/annalusjahrinmumbai\/don-bosco\/","og_locale":"de_DE","og_type":"article","og_title":"Don Bosco - Annalus Jahr in Mumbai","og_description":"Giovanni Bosco war schon ein ziemlich cooler Typ, das habe ich in den letzten Jahren erfahren d\u00fcrfen. Es gibt viele Gr\u00fcnde, die mich zu den Don Bosco Volunteers gef\u00fchrt haben, welche ich kurz erl\u00e4utern m\u00f6chte. Der Startschuss, der mich direkt auf Don Bosco zulaufen lie\u00df, wurde 2015 abgefeuert. Bei unserer RKW ging es in diesem [&hellip;]","og_url":"https:\/\/blogs.donboscovolunteers.de\/annalusjahrinmumbai\/don-bosco\/","og_site_name":"Annalus Jahr in Mumbai","article_modified_time":"2019-09-13T17:37:35+00:00","twitter_card":"summary_large_image","twitter_misc":{"Gesch\u00e4tzte Lesezeit":"2\u00a0Minuten"},"schema":{"@context":"https:\/\/schema.org","@graph":[{"@type":"WebPage","@id":"https:\/\/blogs.donboscovolunteers.de\/annalusjahrinmumbai\/don-bosco\/","url":"https:\/\/blogs.donboscovolunteers.de\/annalusjahrinmumbai\/don-bosco\/","name":"Don Bosco - Annalus Jahr in Mumbai","isPartOf":{"@id":"https:\/\/blogs.donboscovolunteers.de\/annalusjahrinmumbai\/#website"},"datePublished":"2019-09-01T19:49:06+00:00","dateModified":"2019-09-13T17:37:35+00:00","breadcrumb":{"@id":"https:\/\/blogs.donboscovolunteers.de\/annalusjahrinmumbai\/don-bosco\/#breadcrumb"},"inLanguage":"de","potentialAction":[{"@type":"ReadAction","target":["https:\/\/blogs.donboscovolunteers.de\/annalusjahrinmumbai\/don-bosco\/"]}]},{"@type":"BreadcrumbList","@id":"https:\/\/blogs.donboscovolunteers.de\/annalusjahrinmumbai\/don-bosco\/#breadcrumb","itemListElement":[{"@type":"ListItem","position":1,"name":"Startseite","item":"https:\/\/blogs.donboscovolunteers.de\/annalusjahrinmumbai\/"},{"@type":"ListItem","position":2,"name":"Don Bosco"}]},{"@type":"WebSite","@id":"https:\/\/blogs.donboscovolunteers.de\/annalusjahrinmumbai\/#website","url":"https:\/\/blogs.donboscovolunteers.de\/annalusjahrinmumbai\/","name":"Annalus Jahr in Mumbai","description":"Ein Freiwilligendienst im Shelter Don Bosco","potentialAction":[{"@type":"SearchAction","target":{"@type":"EntryPoint","urlTemplate":"https:\/\/blogs.donboscovolunteers.de\/annalusjahrinmumbai\/?s={search_term_string}"},"query-input":{"@type":"PropertyValueSpecification","valueRequired":true,"valueName":"search_term_string"}}],"inLanguage":"de"}]}},"_links":{"self":[{"href":"https:\/\/blogs.donboscovolunteers.de\/annalusjahrinmumbai\/wp-json\/wp\/v2\/pages\/27","targetHints":{"allow":["GET"]}}],"collection":[{"href":"https:\/\/blogs.donboscovolunteers.de\/annalusjahrinmumbai\/wp-json\/wp\/v2\/pages"}],"about":[{"href":"https:\/\/blogs.donboscovolunteers.de\/annalusjahrinmumbai\/wp-json\/wp\/v2\/types\/page"}],"author":[{"embeddable":true,"href":"https:\/\/blogs.donboscovolunteers.de\/annalusjahrinmumbai\/wp-json\/wp\/v2\/users\/21655"}],"replies":[{"embeddable":true,"href":"https:\/\/blogs.donboscovolunteers.de\/annalusjahrinmumbai\/wp-json\/wp\/v2\/comments?post=27"}],"version-history":[{"count":8,"href":"https:\/\/blogs.donboscovolunteers.de\/annalusjahrinmumbai\/wp-json\/wp\/v2\/pages\/27\/revisions"}],"predecessor-version":[{"id":36,"href":"https:\/\/blogs.donboscovolunteers.de\/annalusjahrinmumbai\/wp-json\/wp\/v2\/pages\/27\/revisions\/36"}],"wp:attachment":[{"href":"https:\/\/blogs.donboscovolunteers.de\/annalusjahrinmumbai\/wp-json\/wp\/v2\/media?parent=27"}],"curies":[{"name":"wp","href":"https:\/\/api.w.org\/{rel}","templated":true}]}}