{"id":2,"date":"2019-07-17T18:02:16","date_gmt":"2019-07-17T16:02:16","guid":{"rendered":"https:\/\/blogs.donboscovolunteers.de\/annalusjahrinmumbai\/?page_id=2"},"modified":"2019-09-01T21:04:36","modified_gmt":"2019-09-01T19:04:36","slug":"beispiel-seite","status":"publish","type":"page","link":"https:\/\/blogs.donboscovolunteers.de\/annalusjahrinmumbai\/beispiel-seite\/","title":{"rendered":"\u00dcber mich"},"content":{"rendered":"<p>Hallo! Mein Name ist Anna Lucia Linss, alle nennen mich aber Annalu. Meine drei \u00e4lteren Geschwister sind \u00fcber ganz Deutschland verteilt und studieren, bzw arbeiten schon. Ich bin 18 Jahre alt und wohne in Bischofswerda, im Osten Deutschlands.  In dieser s\u00fc\u00dfen Kleinstadt habe ich diesen Sommer mein Abitur bestanden und bin nun bereit f\u00fcr neue Abenteuer. <\/p>\n\n\n\n<figure class=\"wp-block-image is-resized\"><img loading=\"lazy\" decoding=\"async\" src=\"https:\/\/blogs.donboscovolunteers.de\/annalusjahrinmumbai\/wp-content\/uploads\/sites\/21594\/2019\/09\/IMG_1444-1024x682.jpg\" alt=\"\" class=\"wp-image-18\" width=\"504\" height=\"335\" srcset=\"https:\/\/blogs.donboscovolunteers.de\/annalusjahrinmumbai\/wp-content\/uploads\/sites\/21594\/2019\/09\/IMG_1444-1024x682.jpg 1024w, https:\/\/blogs.donboscovolunteers.de\/annalusjahrinmumbai\/wp-content\/uploads\/sites\/21594\/2019\/09\/IMG_1444-300x200.jpg 300w, https:\/\/blogs.donboscovolunteers.de\/annalusjahrinmumbai\/wp-content\/uploads\/sites\/21594\/2019\/09\/IMG_1444-768x512.jpg 768w, https:\/\/blogs.donboscovolunteers.de\/annalusjahrinmumbai\/wp-content\/uploads\/sites\/21594\/2019\/09\/IMG_1444-900x600.jpg 900w, https:\/\/blogs.donboscovolunteers.de\/annalusjahrinmumbai\/wp-content\/uploads\/sites\/21594\/2019\/09\/IMG_1444.jpg 1280w\" sizes=\"auto, (max-width: 504px) 100vw, 504px\" \/><figcaption>Meine Geschwister und ich (ganz rechts) zum Abschied im August 2019<\/figcaption><\/figure>\n\n\n\n<h3 class=\"wp-block-heading\">Doch was mache ich so in meiner Freizeit?<\/h3>\n\n\n\n<p class=\"has-background has-very-light-gray-background-color\">In meiner Freizeit mache ich viel Sport. Seitdem ich acht Jahre bin gehe ich in den Leichtathletikverein TV 1848 Bischofswerda. Dort konnte ich in j\u00fcngeren Jahren so einige Medaillen gewinnen. Mit 13 habe ich mir jedoch mein Knie bei einem Wettkampf verletzt, musste operiert werden und f\u00fcr acht Monate pausieren. Danach wurde aus ernsten Wettk\u00e4mpfen mehr Spa\u00df und aus anstrengendem Training ein bisschen entspannteres Laufen und Springen. Au\u00dferdem habe ich, seitdem ich 14 bin, im Schulteam Volleyball gespielt. Auch im Handball und Fu\u00dfball konnte ich mich in Schulwettk\u00e4mpfen und bei Jugend trainiert f\u00fcr Olympia beweisen. <\/p>\n\n\n\n<figure class=\"wp-block-image is-resized\"><img loading=\"lazy\" decoding=\"async\" src=\"https:\/\/blogs.donboscovolunteers.de\/annalusjahrinmumbai\/wp-content\/uploads\/sites\/21594\/2019\/09\/wettkampf.jpg\" alt=\"\" class=\"wp-image-19\" width=\"316\" height=\"237\" srcset=\"https:\/\/blogs.donboscovolunteers.de\/annalusjahrinmumbai\/wp-content\/uploads\/sites\/21594\/2019\/09\/wettkampf.jpg 800w, https:\/\/blogs.donboscovolunteers.de\/annalusjahrinmumbai\/wp-content\/uploads\/sites\/21594\/2019\/09\/wettkampf-300x225.jpg 300w, https:\/\/blogs.donboscovolunteers.de\/annalusjahrinmumbai\/wp-content\/uploads\/sites\/21594\/2019\/09\/wettkampf-768x576.jpg 768w\" sizes=\"auto, (max-width: 316px) 100vw, 316px\" \/><\/figure>\n\n\n\n<p class=\"has-background has-very-light-gray-background-color\">Neben sportlichen Aktivit\u00e4ten spiele ich seit meinem f\u00fcnften Lebensjahr Klavier. Aus diesem Grund konnte ich in meiner m\u00fcndlichen Abiturpr\u00fcfung  mit meinem Klavierspiel \u00fcberzeugen.<\/p>\n\n\n\n<p class=\"has-background has-very-light-gray-background-color\">Sehr gerne treffe ich auch meine Freunde. Das ist ein gro\u00dfer Vorteil in meiner Kleinstadt &#8211; wir wohnen alle beieinander und k\u00f6nnen spontan viel veranstalten. Mal eben in den Steinbruch springen, ins Freibad gehen, im allbekannten Eastclub feiern oder sich im katholischen Jugendhaus auf dem Pfarrgel\u00e4nde treffen. All das macht mir Riesenspa\u00df und hat meine Freunde und mich sehr zusammengeschwei\u00dft.<\/p>\n\n\n\n<p class=\"has-background has-very-light-gray-background-color\">Die katholische Pfarrei St. Benno Bischofswerda geh\u00f6rt auch unbedingt auf meine &#8222;\u00dcber mich&#8220;-Seite. In meiner Kirche bin ich sehr engagiert, wurde dort getauft und gefirmt, war Ministrant und Oberministrant, im PGR vertrat ich unsere Jugendgruppe und im Dekanatsjugendhelferkreis organisierte ich Jugendwochenenden mit. Ein riesen Highlight in meinem Leben ist die religi\u00f6se Kinderwoche, kurz RKW. Das kirchliche Camp findet jedes Jahr in den Sommerferien auf dem Pfarrgel\u00e4nde statt. Rund 80 Kinder aus der ganzen Stadt kommen jedes Jahr und werden von ca. 30 jugendlichen Helfern betreut. Seit der ersten Klasse als Kind dabei, geh\u00f6re ich nun seit 2015 zu der Helfergruppe. Das Gef\u00fchl von Freundschaft, Zusammenhalt und Geborgenheit \u00fcberw\u00e4ltigt mich jedes Jahr aufs Neue.<\/p>\n\n\n\n<p>Das soll es erstmal \u00fcber mich gewesen sein! Ein normales Kleinstadtm\u00e4dchen, welches nun in eine riesen Metropole kommt. Was f\u00fcr eine spannende Umstellung! <\/p>","protected":false},"excerpt":{"rendered":"<p>Hallo! Mein Name ist Anna Lucia Linss, alle nennen mich aber Annalu. Meine drei \u00e4lteren Geschwister sind \u00fcber ganz Deutschland verteilt und studieren, bzw arbeiten schon. Ich bin 18 Jahre alt und wohne in Bischofswerda, im Osten Deutschlands. In dieser s\u00fc\u00dfen Kleinstadt habe ich diesen Sommer mein Abitur bestanden und bin nun bereit f\u00fcr neue [&hellip;]<\/p>\n","protected":false},"author":21655,"featured_media":0,"parent":0,"menu_order":0,"comment_status":"closed","ping_status":"open","template":"","meta":{"footnotes":""},"class_list":["post-2","page","type-page","status-publish","hentry"],"yoast_head":"<!-- This site is optimized with the Yoast SEO plugin v25.3.1 - https:\/\/yoast.com\/wordpress\/plugins\/seo\/ -->\n<title>\u00dcber mich - Annalus Jahr in Mumbai<\/title>\n<meta name=\"robots\" content=\"index, follow, max-snippet:-1, max-image-preview:large, max-video-preview:-1\" \/>\n<link rel=\"canonical\" href=\"https:\/\/blogs.donboscovolunteers.de\/annalusjahrinmumbai\/beispiel-seite\/\" \/>\n<meta property=\"og:locale\" content=\"de_DE\" \/>\n<meta property=\"og:type\" content=\"article\" \/>\n<meta property=\"og:title\" content=\"\u00dcber mich - Annalus Jahr in Mumbai\" \/>\n<meta property=\"og:description\" content=\"Hallo! Mein Name ist Anna Lucia Linss, alle nennen mich aber Annalu. Meine drei \u00e4lteren Geschwister sind \u00fcber ganz Deutschland verteilt und studieren, bzw arbeiten schon. Ich bin 18 Jahre alt und wohne in Bischofswerda, im Osten Deutschlands. In dieser s\u00fc\u00dfen Kleinstadt habe ich diesen Sommer mein Abitur bestanden und bin nun bereit f\u00fcr neue [&hellip;]\" \/>\n<meta property=\"og:url\" content=\"https:\/\/blogs.donboscovolunteers.de\/annalusjahrinmumbai\/beispiel-seite\/\" \/>\n<meta property=\"og:site_name\" content=\"Annalus Jahr in Mumbai\" \/>\n<meta property=\"article:modified_time\" content=\"2019-09-01T19:04:36+00:00\" \/>\n<meta property=\"og:image\" content=\"https:\/\/blogs.donboscovolunteers.de\/annalusjahrinmumbai\/wp-content\/uploads\/sites\/21594\/2019\/09\/IMG_1444-1024x682.jpg\" \/>\n<meta name=\"twitter:card\" content=\"summary_large_image\" \/>\n<meta name=\"twitter:label1\" content=\"Gesch\u00e4tzte Lesezeit\" \/>\n\t<meta name=\"twitter:data1\" content=\"2\u00a0Minuten\" \/>\n<script type=\"application\/ld+json\" class=\"yoast-schema-graph\">{\"@context\":\"https:\/\/schema.org\",\"@graph\":[{\"@type\":\"WebPage\",\"@id\":\"https:\/\/blogs.donboscovolunteers.de\/annalusjahrinmumbai\/beispiel-seite\/\",\"url\":\"https:\/\/blogs.donboscovolunteers.de\/annalusjahrinmumbai\/beispiel-seite\/\",\"name\":\"\u00dcber mich - Annalus Jahr in Mumbai\",\"isPartOf\":{\"@id\":\"https:\/\/blogs.donboscovolunteers.de\/annalusjahrinmumbai\/#website\"},\"primaryImageOfPage\":{\"@id\":\"https:\/\/blogs.donboscovolunteers.de\/annalusjahrinmumbai\/beispiel-seite\/#primaryimage\"},\"image\":{\"@id\":\"https:\/\/blogs.donboscovolunteers.de\/annalusjahrinmumbai\/beispiel-seite\/#primaryimage\"},\"thumbnailUrl\":\"https:\/\/blogs.donboscovolunteers.de\/annalusjahrinmumbai\/wp-content\/uploads\/sites\/21594\/2019\/09\/IMG_1444-1024x682.jpg\",\"datePublished\":\"2019-07-17T16:02:16+00:00\",\"dateModified\":\"2019-09-01T19:04:36+00:00\",\"breadcrumb\":{\"@id\":\"https:\/\/blogs.donboscovolunteers.de\/annalusjahrinmumbai\/beispiel-seite\/#breadcrumb\"},\"inLanguage\":\"de\",\"potentialAction\":[{\"@type\":\"ReadAction\",\"target\":[\"https:\/\/blogs.donboscovolunteers.de\/annalusjahrinmumbai\/beispiel-seite\/\"]}]},{\"@type\":\"ImageObject\",\"inLanguage\":\"de\",\"@id\":\"https:\/\/blogs.donboscovolunteers.de\/annalusjahrinmumbai\/beispiel-seite\/#primaryimage\",\"url\":\"https:\/\/blogs.donboscovolunteers.de\/annalusjahrinmumbai\/wp-content\/uploads\/sites\/21594\/2019\/09\/IMG_1444.jpg\",\"contentUrl\":\"https:\/\/blogs.donboscovolunteers.de\/annalusjahrinmumbai\/wp-content\/uploads\/sites\/21594\/2019\/09\/IMG_1444.jpg\",\"width\":1280,\"height\":853},{\"@type\":\"BreadcrumbList\",\"@id\":\"https:\/\/blogs.donboscovolunteers.de\/annalusjahrinmumbai\/beispiel-seite\/#breadcrumb\",\"itemListElement\":[{\"@type\":\"ListItem\",\"position\":1,\"name\":\"Startseite\",\"item\":\"https:\/\/blogs.donboscovolunteers.de\/annalusjahrinmumbai\/\"},{\"@type\":\"ListItem\",\"position\":2,\"name\":\"\u00dcber mich\"}]},{\"@type\":\"WebSite\",\"@id\":\"https:\/\/blogs.donboscovolunteers.de\/annalusjahrinmumbai\/#website\",\"url\":\"https:\/\/blogs.donboscovolunteers.de\/annalusjahrinmumbai\/\",\"name\":\"Annalus Jahr in Mumbai\",\"description\":\"Ein Freiwilligendienst im Shelter Don Bosco\",\"potentialAction\":[{\"@type\":\"SearchAction\",\"target\":{\"@type\":\"EntryPoint\",\"urlTemplate\":\"https:\/\/blogs.donboscovolunteers.de\/annalusjahrinmumbai\/?s={search_term_string}\"},\"query-input\":{\"@type\":\"PropertyValueSpecification\",\"valueRequired\":true,\"valueName\":\"search_term_string\"}}],\"inLanguage\":\"de\"}]}<\/script>\n<!-- \/ Yoast SEO plugin. -->","yoast_head_json":{"title":"\u00dcber mich - Annalus Jahr in Mumbai","robots":{"index":"index","follow":"follow","max-snippet":"max-snippet:-1","max-image-preview":"max-image-preview:large","max-video-preview":"max-video-preview:-1"},"canonical":"https:\/\/blogs.donboscovolunteers.de\/annalusjahrinmumbai\/beispiel-seite\/","og_locale":"de_DE","og_type":"article","og_title":"\u00dcber mich - Annalus Jahr in Mumbai","og_description":"Hallo! Mein Name ist Anna Lucia Linss, alle nennen mich aber Annalu. Meine drei \u00e4lteren Geschwister sind \u00fcber ganz Deutschland verteilt und studieren, bzw arbeiten schon. Ich bin 18 Jahre alt und wohne in Bischofswerda, im Osten Deutschlands. In dieser s\u00fc\u00dfen Kleinstadt habe ich diesen Sommer mein Abitur bestanden und bin nun bereit f\u00fcr neue [&hellip;]","og_url":"https:\/\/blogs.donboscovolunteers.de\/annalusjahrinmumbai\/beispiel-seite\/","og_site_name":"Annalus Jahr in Mumbai","article_modified_time":"2019-09-01T19:04:36+00:00","og_image":[{"url":"https:\/\/blogs.donboscovolunteers.de\/annalusjahrinmumbai\/wp-content\/uploads\/sites\/21594\/2019\/09\/IMG_1444-1024x682.jpg","type":"","width":"","height":""}],"twitter_card":"summary_large_image","twitter_misc":{"Gesch\u00e4tzte Lesezeit":"2\u00a0Minuten"},"schema":{"@context":"https:\/\/schema.org","@graph":[{"@type":"WebPage","@id":"https:\/\/blogs.donboscovolunteers.de\/annalusjahrinmumbai\/beispiel-seite\/","url":"https:\/\/blogs.donboscovolunteers.de\/annalusjahrinmumbai\/beispiel-seite\/","name":"\u00dcber mich - Annalus Jahr in Mumbai","isPartOf":{"@id":"https:\/\/blogs.donboscovolunteers.de\/annalusjahrinmumbai\/#website"},"primaryImageOfPage":{"@id":"https:\/\/blogs.donboscovolunteers.de\/annalusjahrinmumbai\/beispiel-seite\/#primaryimage"},"image":{"@id":"https:\/\/blogs.donboscovolunteers.de\/annalusjahrinmumbai\/beispiel-seite\/#primaryimage"},"thumbnailUrl":"https:\/\/blogs.donboscovolunteers.de\/annalusjahrinmumbai\/wp-content\/uploads\/sites\/21594\/2019\/09\/IMG_1444-1024x682.jpg","datePublished":"2019-07-17T16:02:16+00:00","dateModified":"2019-09-01T19:04:36+00:00","breadcrumb":{"@id":"https:\/\/blogs.donboscovolunteers.de\/annalusjahrinmumbai\/beispiel-seite\/#breadcrumb"},"inLanguage":"de","potentialAction":[{"@type":"ReadAction","target":["https:\/\/blogs.donboscovolunteers.de\/annalusjahrinmumbai\/beispiel-seite\/"]}]},{"@type":"ImageObject","inLanguage":"de","@id":"https:\/\/blogs.donboscovolunteers.de\/annalusjahrinmumbai\/beispiel-seite\/#primaryimage","url":"https:\/\/blogs.donboscovolunteers.de\/annalusjahrinmumbai\/wp-content\/uploads\/sites\/21594\/2019\/09\/IMG_1444.jpg","contentUrl":"https:\/\/blogs.donboscovolunteers.de\/annalusjahrinmumbai\/wp-content\/uploads\/sites\/21594\/2019\/09\/IMG_1444.jpg","width":1280,"height":853},{"@type":"BreadcrumbList","@id":"https:\/\/blogs.donboscovolunteers.de\/annalusjahrinmumbai\/beispiel-seite\/#breadcrumb","itemListElement":[{"@type":"ListItem","position":1,"name":"Startseite","item":"https:\/\/blogs.donboscovolunteers.de\/annalusjahrinmumbai\/"},{"@type":"ListItem","position":2,"name":"\u00dcber mich"}]},{"@type":"WebSite","@id":"https:\/\/blogs.donboscovolunteers.de\/annalusjahrinmumbai\/#website","url":"https:\/\/blogs.donboscovolunteers.de\/annalusjahrinmumbai\/","name":"Annalus Jahr in Mumbai","description":"Ein Freiwilligendienst im Shelter Don Bosco","potentialAction":[{"@type":"SearchAction","target":{"@type":"EntryPoint","urlTemplate":"https:\/\/blogs.donboscovolunteers.de\/annalusjahrinmumbai\/?s={search_term_string}"},"query-input":{"@type":"PropertyValueSpecification","valueRequired":true,"valueName":"search_term_string"}}],"inLanguage":"de"}]}},"_links":{"self":[{"href":"https:\/\/blogs.donboscovolunteers.de\/annalusjahrinmumbai\/wp-json\/wp\/v2\/pages\/2","targetHints":{"allow":["GET"]}}],"collection":[{"href":"https:\/\/blogs.donboscovolunteers.de\/annalusjahrinmumbai\/wp-json\/wp\/v2\/pages"}],"about":[{"href":"https:\/\/blogs.donboscovolunteers.de\/annalusjahrinmumbai\/wp-json\/wp\/v2\/types\/page"}],"author":[{"embeddable":true,"href":"https:\/\/blogs.donboscovolunteers.de\/annalusjahrinmumbai\/wp-json\/wp\/v2\/users\/21655"}],"replies":[{"embeddable":true,"href":"https:\/\/blogs.donboscovolunteers.de\/annalusjahrinmumbai\/wp-json\/wp\/v2\/comments?post=2"}],"version-history":[{"count":4,"href":"https:\/\/blogs.donboscovolunteers.de\/annalusjahrinmumbai\/wp-json\/wp\/v2\/pages\/2\/revisions"}],"predecessor-version":[{"id":24,"href":"https:\/\/blogs.donboscovolunteers.de\/annalusjahrinmumbai\/wp-json\/wp\/v2\/pages\/2\/revisions\/24"}],"wp:attachment":[{"href":"https:\/\/blogs.donboscovolunteers.de\/annalusjahrinmumbai\/wp-json\/wp\/v2\/media?parent=2"}],"curies":[{"name":"wp","href":"https:\/\/api.w.org\/{rel}","templated":true}]}}