{"id":10,"date":"2019-07-23T14:40:57","date_gmt":"2019-07-23T12:40:57","guid":{"rendered":"https:\/\/blogs.donboscovolunteers.de\/annalusjahrinmumbai\/?page_id=10"},"modified":"2019-09-23T15:53:06","modified_gmt":"2019-09-23T13:53:06","slug":"spenden","status":"publish","type":"page","link":"https:\/\/blogs.donboscovolunteers.de\/annalusjahrinmumbai\/spenden\/","title":{"rendered":"Spenden"},"content":{"rendered":"<p style=\"text-align:center\">Leider finanziert sich so ein Jahr im Ausland nicht von selbst, da Kosten f\u00fcr Fl\u00fcge, Auslandsversicherung, Unterkunft, Verpflegung und Seminare zur Vor- und Nachbereitung anfallen. Der Bundesfreiwilligendienst &#8222;weltw\u00e4rts&#8220; \u00fcbernimmt 75% der Kosten. Damit bleibt ein Betrag von ca. 2.500 \u20ac, die ich selber mit in das Projekt einbringe. Jeder Freiwillige wird gebeten, einen Spenderkreis aufzubauen. Dieser soll es erm\u00f6glichen, den Rest zu finanzieren. Wer das Projekt in Mumbai und meinen <a href=\"https:\/\/www.donboscovolunteers.de\/\">Freiwilligendienst<\/a> unterst\u00fctzen m\u00f6chte, kann gerne eine Spende auf das unten genannte Konto \u00fcberweisen. <strong>VIELEN DANK!<\/strong><\/p>\n\n\n\n<p><\/p>\n\n\n\n<p>Bankverbindung:<\/p>\n\n\n\n<p><a href=\"https:\/\/www.donboscomission.de\/\">Don Bosco Mission Bonn<\/a><\/p>\n\n\n\n<p>Sparkasse K\u00f6ln Bonn     BIC: COLSDE33XXX<\/p>\n\n\n\n<p>IBAN: DE89 3705 0198 0000 0994 99<\/p>\n\n\n\n<p>Verwendungszweck: Anna Lucia Linss S19VR014<\/p>\n\n\n\n<p>Absender f\u00fcr Spendenbescheinigung<\/p>\n\n\n\n<div class=\"wp-block-button aligncenter\"><a class=\"wp-block-button__link\" href=\"https:\/\/www.donboscomission.de\/volontariat\/spenden\/?fb_item_id=24756\">Jetzt online spenden!<\/a><\/div>","protected":false},"excerpt":{"rendered":"<p>Leider finanziert sich so ein Jahr im Ausland nicht von selbst, da Kosten f\u00fcr Fl\u00fcge, Auslandsversicherung, Unterkunft, Verpflegung und Seminare zur Vor- und Nachbereitung anfallen. Der Bundesfreiwilligendienst &#8222;weltw\u00e4rts&#8220; \u00fcbernimmt 75% der Kosten. Damit bleibt ein Betrag von ca. 2.500 \u20ac, die ich selber mit in das Projekt einbringe. Jeder Freiwillige wird gebeten, einen Spenderkreis aufzubauen. [&hellip;]<\/p>\n","protected":false},"author":21655,"featured_media":0,"parent":0,"menu_order":0,"comment_status":"closed","ping_status":"closed","template":"","meta":{"footnotes":""},"class_list":["post-10","page","type-page","status-publish","hentry"],"yoast_head":"<!-- This site is optimized with the Yoast SEO plugin v25.3.1 - https:\/\/yoast.com\/wordpress\/plugins\/seo\/ -->\n<title>Spenden - Annalus Jahr in Mumbai<\/title>\n<meta name=\"robots\" content=\"index, follow, max-snippet:-1, max-image-preview:large, max-video-preview:-1\" \/>\n<link rel=\"canonical\" href=\"https:\/\/blogs.donboscovolunteers.de\/annalusjahrinmumbai\/spenden\/\" \/>\n<meta property=\"og:locale\" content=\"de_DE\" \/>\n<meta property=\"og:type\" content=\"article\" \/>\n<meta property=\"og:title\" content=\"Spenden - Annalus Jahr in Mumbai\" \/>\n<meta property=\"og:description\" content=\"Leider finanziert sich so ein Jahr im Ausland nicht von selbst, da Kosten f\u00fcr Fl\u00fcge, Auslandsversicherung, Unterkunft, Verpflegung und Seminare zur Vor- und Nachbereitung anfallen. Der Bundesfreiwilligendienst &#8222;weltw\u00e4rts&#8220; \u00fcbernimmt 75% der Kosten. Damit bleibt ein Betrag von ca. 2.500 \u20ac, die ich selber mit in das Projekt einbringe. Jeder Freiwillige wird gebeten, einen Spenderkreis aufzubauen. [&hellip;]\" \/>\n<meta property=\"og:url\" content=\"https:\/\/blogs.donboscovolunteers.de\/annalusjahrinmumbai\/spenden\/\" \/>\n<meta property=\"og:site_name\" content=\"Annalus Jahr in Mumbai\" \/>\n<meta property=\"article:modified_time\" content=\"2019-09-23T13:53:06+00:00\" \/>\n<meta name=\"twitter:card\" content=\"summary_large_image\" \/>\n<meta name=\"twitter:label1\" content=\"Gesch\u00e4tzte Lesezeit\" \/>\n\t<meta name=\"twitter:data1\" content=\"1\u00a0Minute\" \/>\n<script type=\"application\/ld+json\" class=\"yoast-schema-graph\">{\"@context\":\"https:\/\/schema.org\",\"@graph\":[{\"@type\":\"WebPage\",\"@id\":\"https:\/\/blogs.donboscovolunteers.de\/annalusjahrinmumbai\/spenden\/\",\"url\":\"https:\/\/blogs.donboscovolunteers.de\/annalusjahrinmumbai\/spenden\/\",\"name\":\"Spenden - Annalus Jahr in Mumbai\",\"isPartOf\":{\"@id\":\"https:\/\/blogs.donboscovolunteers.de\/annalusjahrinmumbai\/#website\"},\"datePublished\":\"2019-07-23T12:40:57+00:00\",\"dateModified\":\"2019-09-23T13:53:06+00:00\",\"breadcrumb\":{\"@id\":\"https:\/\/blogs.donboscovolunteers.de\/annalusjahrinmumbai\/spenden\/#breadcrumb\"},\"inLanguage\":\"de\",\"potentialAction\":[{\"@type\":\"ReadAction\",\"target\":[\"https:\/\/blogs.donboscovolunteers.de\/annalusjahrinmumbai\/spenden\/\"]}]},{\"@type\":\"BreadcrumbList\",\"@id\":\"https:\/\/blogs.donboscovolunteers.de\/annalusjahrinmumbai\/spenden\/#breadcrumb\",\"itemListElement\":[{\"@type\":\"ListItem\",\"position\":1,\"name\":\"Startseite\",\"item\":\"https:\/\/blogs.donboscovolunteers.de\/annalusjahrinmumbai\/\"},{\"@type\":\"ListItem\",\"position\":2,\"name\":\"Spenden\"}]},{\"@type\":\"WebSite\",\"@id\":\"https:\/\/blogs.donboscovolunteers.de\/annalusjahrinmumbai\/#website\",\"url\":\"https:\/\/blogs.donboscovolunteers.de\/annalusjahrinmumbai\/\",\"name\":\"Annalus Jahr in Mumbai\",\"description\":\"Ein Freiwilligendienst im Shelter Don Bosco\",\"potentialAction\":[{\"@type\":\"SearchAction\",\"target\":{\"@type\":\"EntryPoint\",\"urlTemplate\":\"https:\/\/blogs.donboscovolunteers.de\/annalusjahrinmumbai\/?s={search_term_string}\"},\"query-input\":{\"@type\":\"PropertyValueSpecification\",\"valueRequired\":true,\"valueName\":\"search_term_string\"}}],\"inLanguage\":\"de\"}]}<\/script>\n<!-- \/ Yoast SEO plugin. -->","yoast_head_json":{"title":"Spenden - Annalus Jahr in Mumbai","robots":{"index":"index","follow":"follow","max-snippet":"max-snippet:-1","max-image-preview":"max-image-preview:large","max-video-preview":"max-video-preview:-1"},"canonical":"https:\/\/blogs.donboscovolunteers.de\/annalusjahrinmumbai\/spenden\/","og_locale":"de_DE","og_type":"article","og_title":"Spenden - Annalus Jahr in Mumbai","og_description":"Leider finanziert sich so ein Jahr im Ausland nicht von selbst, da Kosten f\u00fcr Fl\u00fcge, Auslandsversicherung, Unterkunft, Verpflegung und Seminare zur Vor- und Nachbereitung anfallen. Der Bundesfreiwilligendienst &#8222;weltw\u00e4rts&#8220; \u00fcbernimmt 75% der Kosten. Damit bleibt ein Betrag von ca. 2.500 \u20ac, die ich selber mit in das Projekt einbringe. Jeder Freiwillige wird gebeten, einen Spenderkreis aufzubauen. [&hellip;]","og_url":"https:\/\/blogs.donboscovolunteers.de\/annalusjahrinmumbai\/spenden\/","og_site_name":"Annalus Jahr in Mumbai","article_modified_time":"2019-09-23T13:53:06+00:00","twitter_card":"summary_large_image","twitter_misc":{"Gesch\u00e4tzte Lesezeit":"1\u00a0Minute"},"schema":{"@context":"https:\/\/schema.org","@graph":[{"@type":"WebPage","@id":"https:\/\/blogs.donboscovolunteers.de\/annalusjahrinmumbai\/spenden\/","url":"https:\/\/blogs.donboscovolunteers.de\/annalusjahrinmumbai\/spenden\/","name":"Spenden - Annalus Jahr in Mumbai","isPartOf":{"@id":"https:\/\/blogs.donboscovolunteers.de\/annalusjahrinmumbai\/#website"},"datePublished":"2019-07-23T12:40:57+00:00","dateModified":"2019-09-23T13:53:06+00:00","breadcrumb":{"@id":"https:\/\/blogs.donboscovolunteers.de\/annalusjahrinmumbai\/spenden\/#breadcrumb"},"inLanguage":"de","potentialAction":[{"@type":"ReadAction","target":["https:\/\/blogs.donboscovolunteers.de\/annalusjahrinmumbai\/spenden\/"]}]},{"@type":"BreadcrumbList","@id":"https:\/\/blogs.donboscovolunteers.de\/annalusjahrinmumbai\/spenden\/#breadcrumb","itemListElement":[{"@type":"ListItem","position":1,"name":"Startseite","item":"https:\/\/blogs.donboscovolunteers.de\/annalusjahrinmumbai\/"},{"@type":"ListItem","position":2,"name":"Spenden"}]},{"@type":"WebSite","@id":"https:\/\/blogs.donboscovolunteers.de\/annalusjahrinmumbai\/#website","url":"https:\/\/blogs.donboscovolunteers.de\/annalusjahrinmumbai\/","name":"Annalus Jahr in Mumbai","description":"Ein Freiwilligendienst im Shelter Don Bosco","potentialAction":[{"@type":"SearchAction","target":{"@type":"EntryPoint","urlTemplate":"https:\/\/blogs.donboscovolunteers.de\/annalusjahrinmumbai\/?s={search_term_string}"},"query-input":{"@type":"PropertyValueSpecification","valueRequired":true,"valueName":"search_term_string"}}],"inLanguage":"de"}]}},"_links":{"self":[{"href":"https:\/\/blogs.donboscovolunteers.de\/annalusjahrinmumbai\/wp-json\/wp\/v2\/pages\/10","targetHints":{"allow":["GET"]}}],"collection":[{"href":"https:\/\/blogs.donboscovolunteers.de\/annalusjahrinmumbai\/wp-json\/wp\/v2\/pages"}],"about":[{"href":"https:\/\/blogs.donboscovolunteers.de\/annalusjahrinmumbai\/wp-json\/wp\/v2\/types\/page"}],"author":[{"embeddable":true,"href":"https:\/\/blogs.donboscovolunteers.de\/annalusjahrinmumbai\/wp-json\/wp\/v2\/users\/21655"}],"replies":[{"embeddable":true,"href":"https:\/\/blogs.donboscovolunteers.de\/annalusjahrinmumbai\/wp-json\/wp\/v2\/comments?post=10"}],"version-history":[{"count":5,"href":"https:\/\/blogs.donboscovolunteers.de\/annalusjahrinmumbai\/wp-json\/wp\/v2\/pages\/10\/revisions"}],"predecessor-version":[{"id":88,"href":"https:\/\/blogs.donboscovolunteers.de\/annalusjahrinmumbai\/wp-json\/wp\/v2\/pages\/10\/revisions\/88"}],"wp:attachment":[{"href":"https:\/\/blogs.donboscovolunteers.de\/annalusjahrinmumbai\/wp-json\/wp\/v2\/media?parent=10"}],"curies":[{"name":"wp","href":"https:\/\/api.w.org\/{rel}","templated":true}]}}