{"id":35,"date":"2022-06-23T19:19:23","date_gmt":"2022-06-23T17:19:23","guid":{"rendered":"https:\/\/blogs.donboscovolunteers.de\/annalenainindien\/?page_id=35"},"modified":"2023-01-21T11:30:07","modified_gmt":"2023-01-21T10:30:07","slug":"mein-projekt","status":"publish","type":"page","link":"https:\/\/blogs.donboscovolunteers.de\/annalenainindien\/mein-projekt\/","title":{"rendered":"Mein Projekt"},"content":{"rendered":"<p>Mein Projekt, Navajeevan Bala Bhavan, was \u00fcbersetzt so viel wie \u201cein neues Leben f\u00fcr Stra\u00dfenkinder\u201c bedeutet, befindet sich im S\u00fcdosten Indiens in der Provinz Andhra Pradesh, in der Gro\u00dfstadt Vijayawada. Das Navajeevan l\u00e4sst sich in viele kleinere Teilprojekte unterteilen. Die Mission der Projekte ist es, sich um Kinder mit dem Lebensmittelpunkt Stra\u00dfe zu k\u00fcmmern und ihnen ein Zuhause zu geben.<\/p>\n\n\n\n<h3 class=\"wp-block-heading\">Navajeevan Bala Bhavan<\/h3>\n\n\n\n<p>Das Headquater des Projekts ist das Verwaltungszentrum. Dort leben vier Fathers, die sich zusammen mit einigen Angestellten um alles k\u00fcmmern. Zudem leben dort einige Jungs, die entweder studieren, eine Ausbildung machen oder noch zur Schule gehen. Auch wir Volunteers haben ganz in der N\u00e4he unsere Wohnung und werden im Headquater mit Essen versorgt.<\/p>\n\n\n\n<figure class=\"wp-block-image size-large is-resized\"><img loading=\"lazy\" decoding=\"async\" src=\"https:\/\/blogs.donboscovolunteers.de\/annalenainindien\/wp-content\/uploads\/sites\/21644\/2022\/09\/4D8AA41A-6448-4014-88D1-EE7189827AD5-610x1024.jpeg\" alt=\"\" class=\"wp-image-84\" width=\"273\" height=\"459\" srcset=\"https:\/\/blogs.donboscovolunteers.de\/annalenainindien\/wp-content\/uploads\/sites\/21644\/2022\/09\/4D8AA41A-6448-4014-88D1-EE7189827AD5-610x1024.jpeg 610w, https:\/\/blogs.donboscovolunteers.de\/annalenainindien\/wp-content\/uploads\/sites\/21644\/2022\/09\/4D8AA41A-6448-4014-88D1-EE7189827AD5-179x300.jpeg 179w, https:\/\/blogs.donboscovolunteers.de\/annalenainindien\/wp-content\/uploads\/sites\/21644\/2022\/09\/4D8AA41A-6448-4014-88D1-EE7189827AD5.jpeg 763w\" sizes=\"auto, (max-width: 273px) 100vw, 273px\" \/><figcaption class=\"wp-element-caption\">Navajeevan Bala Bhavan<\/figcaption><\/figure>\n\n\n\n<h3 class=\"wp-block-heading\">Child Safety Net (CSN)<\/h3>\n\n\n\n<p>Das Child Safety Net ist ein Netzwerk, das sich nicht nur \u00fcber ganz Vijayawada, sondern auch \u00fcber den l\u00e4ndlichen Raum erstreckt. Stra\u00dfenkinder werden so registriert, zur\u00fcck zu ihren Familien gef\u00fchrt und weiterhin unterst\u00fctzt. Field Worker gehen t\u00e4glich durch die Slums schauen nach jungen M\u00fcttern, die Unterst\u00fctzung brauchen und reden mit den Kindern und Jugendlichen, die nicht zur Schule gehen. Das Ziel ist es, dass alle Kinder die Schule besuchen und bei ihren Familien leben k\u00f6nnen. Auch eine kostenlose medizinische Versorgung soll erm\u00f6glicht werden, so dass auch andere Hilfsorganisationen unterst\u00fctzt werden.                                                                                                <a href=\"http:\/\/www.njbb.org\/pdf\/article-on-CSN%20_Child-Safety-Net_.pdf\" target=\"_blank\" rel=\"noreferrer noopener\">http:\/\/www.njbb.org\/pdf\/article-on-CSN%20_Child-Safety-Net_.pdf<\/a><\/p>\n\n\n\n<figure class=\"wp-block-image size-large is-resized\"><img loading=\"lazy\" decoding=\"async\" src=\"https:\/\/blogs.donboscovolunteers.de\/annalenainindien\/wp-content\/uploads\/sites\/21644\/2022\/09\/A460922E-8964-4DA6-A843-8A65BA12EF5E-768x1024.jpeg\" alt=\"\" class=\"wp-image-85\" width=\"286\" height=\"382\" srcset=\"https:\/\/blogs.donboscovolunteers.de\/annalenainindien\/wp-content\/uploads\/sites\/21644\/2022\/09\/A460922E-8964-4DA6-A843-8A65BA12EF5E-768x1024.jpeg 768w, https:\/\/blogs.donboscovolunteers.de\/annalenainindien\/wp-content\/uploads\/sites\/21644\/2022\/09\/A460922E-8964-4DA6-A843-8A65BA12EF5E-225x300.jpeg 225w, https:\/\/blogs.donboscovolunteers.de\/annalenainindien\/wp-content\/uploads\/sites\/21644\/2022\/09\/A460922E-8964-4DA6-A843-8A65BA12EF5E-900x1200.jpeg 900w, https:\/\/blogs.donboscovolunteers.de\/annalenainindien\/wp-content\/uploads\/sites\/21644\/2022\/09\/A460922E-8964-4DA6-A843-8A65BA12EF5E.jpeg 960w\" sizes=\"auto, (max-width: 286px) 100vw, 286px\" \/><figcaption class=\"wp-element-caption\">Ein Slum in Vijayawada &#8211; Dort leben 35 Familien<\/figcaption><\/figure>\n\n\n\n<h3 class=\"wp-block-heading\">Counselling Center (NICC)<\/h3>\n\n\n\n<p>Das Counselling Center ist eine Anlaufstelle f\u00fcr Kinder, die Zuhause oder in der Schule Probleme haben, geschlagen werden. Dort werden L\u00f6sungen f\u00fcr die Probleme gefunden, die vor allem bei Kindern aus den Slums vorkommen. Zudem werden Aufkl\u00e4rungskampagnen an Schulen gestartet, in denen \u00fcber Drogen und Alkohol geredet wird.<\/p>\n\n\n\n<h3 class=\"wp-block-heading\"><a href=\"https:\/\/www.donboscomission.de\/don-bosco\/\">Don Bosco<\/a> Youth Center<\/h3>\n\n\n\n<p> Das Don Bosco Youth Center ist ein Oratorium, in das ca. 40 Kinder jeden Tag nach der Schule, also zwischen 16 Uhr und 18 Uhr, kommen. Sie spielen dort Volleyball, Basketball oder Badminton. Kinder und Jugendliche aller Altersstufen halten sich dort auf. Sogar ehemalige Sch\u00fcler, die jetzt bereits arbeiten, treffen sich nach der Arbeit um Zeit miteinander zu verbringen. An freien Tagen werden manchmal Spiele und Wettbewerbe organisiert an denen die Kinder teilnehmen k\u00f6nnen. Auf dem Gel\u00e4nde befindet sich auch die Kirche des Viertels und das Mutter Teresa Haus, in dem Mutter Teresa bereits \u00fcbernachtet hat. Das Gel\u00e4nde war die erste Don Bosco Einrichtung in Vijayawada. Noch heute leben dort vier Fathers.<\/p>\n\n\n\n<figure class=\"wp-block-image size-large is-resized\"><img loading=\"lazy\" decoding=\"async\" src=\"https:\/\/blogs.donboscovolunteers.de\/annalenainindien\/wp-content\/uploads\/sites\/21644\/2022\/10\/4DDB439B-5640-46CB-9257-1EF022FF7FC5-768x1024.jpeg\" alt=\"\" class=\"wp-image-145\" width=\"298\" height=\"398\" srcset=\"https:\/\/blogs.donboscovolunteers.de\/annalenainindien\/wp-content\/uploads\/sites\/21644\/2022\/10\/4DDB439B-5640-46CB-9257-1EF022FF7FC5-768x1024.jpeg 768w, https:\/\/blogs.donboscovolunteers.de\/annalenainindien\/wp-content\/uploads\/sites\/21644\/2022\/10\/4DDB439B-5640-46CB-9257-1EF022FF7FC5-225x300.jpeg 225w, https:\/\/blogs.donboscovolunteers.de\/annalenainindien\/wp-content\/uploads\/sites\/21644\/2022\/10\/4DDB439B-5640-46CB-9257-1EF022FF7FC5-900x1200.jpeg 900w, https:\/\/blogs.donboscovolunteers.de\/annalenainindien\/wp-content\/uploads\/sites\/21644\/2022\/10\/4DDB439B-5640-46CB-9257-1EF022FF7FC5.jpeg 960w\" sizes=\"auto, (max-width: 298px) 100vw, 298px\" \/><figcaption class=\"wp-element-caption\">Ein Geb\u00e4ude des Don Bosco Youth Centers &#8211; dort befindet sich die Assembly Hall, in der beispielsweise Hochzeiten gefeiert werden.<\/figcaption><\/figure>\n\n\n\n<h3 class=\"wp-block-heading\">Shelter<\/h3>\n\n\n\n<p>Das Shelter befindet sich in der N\u00e4he des Bahnhofes.  Es handelt sich um die Erstaufnahmestation f\u00fcr Stra\u00dfen- und Waisenkinder. Die Jungs sind f\u00fcr drei Monate hier, lernen, was es hei\u00dft einen geregelten Tagesablauf zu haben und werden im Unterricht auf die staatlichen Schulen vorbereitet. Nach den drei Monaten wird von den Verantwortlichen entschieden, wohin es f\u00fcr die Kinder geht. Im Moment leben neun Jungs zwischen sechs und vierzehn Jahren im Shelter.<\/p>\n\n\n\n<figure class=\"wp-block-image size-large is-resized\"><img loading=\"lazy\" decoding=\"async\" src=\"https:\/\/blogs.donboscovolunteers.de\/annalenainindien\/wp-content\/uploads\/sites\/21644\/2022\/09\/1D6B5ECB-10E1-45B0-937D-57311ABECE9A-1024x768.jpeg\" alt=\"\" class=\"wp-image-86\" width=\"407\" height=\"306\" srcset=\"https:\/\/blogs.donboscovolunteers.de\/annalenainindien\/wp-content\/uploads\/sites\/21644\/2022\/09\/1D6B5ECB-10E1-45B0-937D-57311ABECE9A-1024x768.jpeg 1024w, https:\/\/blogs.donboscovolunteers.de\/annalenainindien\/wp-content\/uploads\/sites\/21644\/2022\/09\/1D6B5ECB-10E1-45B0-937D-57311ABECE9A-300x225.jpeg 300w, https:\/\/blogs.donboscovolunteers.de\/annalenainindien\/wp-content\/uploads\/sites\/21644\/2022\/09\/1D6B5ECB-10E1-45B0-937D-57311ABECE9A-768x576.jpeg 768w, https:\/\/blogs.donboscovolunteers.de\/annalenainindien\/wp-content\/uploads\/sites\/21644\/2022\/09\/1D6B5ECB-10E1-45B0-937D-57311ABECE9A-900x675.jpeg 900w, https:\/\/blogs.donboscovolunteers.de\/annalenainindien\/wp-content\/uploads\/sites\/21644\/2022\/09\/1D6B5ECB-10E1-45B0-937D-57311ABECE9A.jpeg 1280w\" sizes=\"auto, (max-width: 407px) 100vw, 407px\" \/><\/figure>\n\n\n\n<h3 class=\"wp-block-heading\">Chiguru<\/h3>\n\n\n\n<p>Das Chiguru ist ein Internat etwas au\u00dferhalb der Stadt. Dort leben ca. 80 Kinder, Jungs und M\u00e4dchen, zwischen sechs und vierzehn Jahren. Die Kinder werden dort unterrichtet und darauf vorbereitet, nach ihrer Zeit im Chiguru eine staatliche Schule zu besuchen. Sie werden dort f\u00fcr sechs Monate sein. Danach werden sie entweder zu ihren Familien zur\u00fcckgef\u00fchrt oder kommen in eine andere Einrichtung, wie das Deepanivas.<\/p>\n\n\n\n<figure class=\"wp-block-image size-large is-resized\"><img loading=\"lazy\" decoding=\"async\" src=\"https:\/\/blogs.donboscovolunteers.de\/annalenainindien\/wp-content\/uploads\/sites\/21644\/2022\/09\/98D9080B-169F-488E-AAD0-5BA5DC9B7749-1024x768.jpeg\" alt=\"\" class=\"wp-image-87\" width=\"401\" height=\"301\" srcset=\"https:\/\/blogs.donboscovolunteers.de\/annalenainindien\/wp-content\/uploads\/sites\/21644\/2022\/09\/98D9080B-169F-488E-AAD0-5BA5DC9B7749-1024x768.jpeg 1024w, https:\/\/blogs.donboscovolunteers.de\/annalenainindien\/wp-content\/uploads\/sites\/21644\/2022\/09\/98D9080B-169F-488E-AAD0-5BA5DC9B7749-300x225.jpeg 300w, https:\/\/blogs.donboscovolunteers.de\/annalenainindien\/wp-content\/uploads\/sites\/21644\/2022\/09\/98D9080B-169F-488E-AAD0-5BA5DC9B7749-768x576.jpeg 768w, https:\/\/blogs.donboscovolunteers.de\/annalenainindien\/wp-content\/uploads\/sites\/21644\/2022\/09\/98D9080B-169F-488E-AAD0-5BA5DC9B7749-900x675.jpeg 900w, https:\/\/blogs.donboscovolunteers.de\/annalenainindien\/wp-content\/uploads\/sites\/21644\/2022\/09\/98D9080B-169F-488E-AAD0-5BA5DC9B7749.jpeg 1280w\" sizes=\"auto, (max-width: 401px) 100vw, 401px\" \/><figcaption class=\"wp-element-caption\">Das Wohn- und Schulgeb\u00e4ude der j\u00fcngeren Jungs im Chiguru<\/figcaption><\/figure>\n\n\n\n<h3 class=\"wp-block-heading\">Deepanivas<\/h3>\n\n\n\n<p>Das Deepanivas ist ein Heim f\u00fcr ca. 60 Jungs im Alter von sechs bis sechszehn Jahren. Sie leben dort, werden dort versorgt, besuchen aber staatliche Schulen in Vijayawada. Nach der Schule und in den Ferien verbringen die Jungs die ganze Zeit im Deepanivas. Sie machen dort ihre Hausaufgaben, lernen und spielen beispielsweise Fu\u00dfball.<\/p>\n\n\n\n<h3 class=\"wp-block-heading\">Vimukthi<\/h3>\n\n\n\n<p>Das Vimukthi ist eine Einrichtung au\u00dferhalb der Stadt. Dort werden zwischen zehn und zwanzig Kinder und Jugendliche f\u00fcr sechs Monate betreut, welche Alkohol-, Zigaretten-  und\/oder Drogenprobleme haben.<\/p>","protected":false},"excerpt":{"rendered":"<p>Mein Projekt, Navajeevan Bala Bhavan, was \u00fcbersetzt so viel wie \u201cein neues Leben f\u00fcr Stra\u00dfenkinder\u201c bedeutet, befindet sich im S\u00fcdosten Indiens in der Provinz Andhra Pradesh, in der Gro\u00dfstadt Vijayawada. Das Navajeevan l\u00e4sst sich in viele kleinere Teilprojekte unterteilen. Die Mission der Projekte ist es, sich um Kinder mit dem Lebensmittelpunkt Stra\u00dfe zu k\u00fcmmern und [&hellip;]<\/p>\n","protected":false},"author":21731,"featured_media":0,"parent":0,"menu_order":0,"comment_status":"closed","ping_status":"closed","template":"","meta":{"footnotes":""},"class_list":["post-35","page","type-page","status-publish","hentry"],"yoast_head":"<!-- This site is optimized with the Yoast SEO plugin v25.3.1 - https:\/\/yoast.com\/wordpress\/plugins\/seo\/ -->\n<title>Mein Projekt - Anna-Lena in Vijayawada<\/title>\n<meta name=\"robots\" content=\"index, follow, max-snippet:-1, max-image-preview:large, max-video-preview:-1\" \/>\n<link rel=\"canonical\" href=\"https:\/\/blogs.donboscovolunteers.de\/annalenainindien\/mein-projekt\/\" \/>\n<meta property=\"og:locale\" content=\"de_DE\" \/>\n<meta property=\"og:type\" content=\"article\" \/>\n<meta property=\"og:title\" content=\"Mein Projekt - Anna-Lena in Vijayawada\" \/>\n<meta property=\"og:description\" content=\"Mein Projekt, Navajeevan Bala Bhavan, was \u00fcbersetzt so viel wie \u201cein neues Leben f\u00fcr Stra\u00dfenkinder\u201c bedeutet, befindet sich im S\u00fcdosten Indiens in der Provinz Andhra Pradesh, in der Gro\u00dfstadt Vijayawada. Das Navajeevan l\u00e4sst sich in viele kleinere Teilprojekte unterteilen. Die Mission der Projekte ist es, sich um Kinder mit dem Lebensmittelpunkt Stra\u00dfe zu k\u00fcmmern und [&hellip;]\" \/>\n<meta property=\"og:url\" content=\"https:\/\/blogs.donboscovolunteers.de\/annalenainindien\/mein-projekt\/\" \/>\n<meta property=\"og:site_name\" content=\"Anna-Lena in Vijayawada\" \/>\n<meta property=\"article:modified_time\" content=\"2023-01-21T10:30:07+00:00\" \/>\n<meta property=\"og:image\" content=\"https:\/\/blogs.donboscovolunteers.de\/annalenainindien\/wp-content\/uploads\/sites\/21644\/2022\/09\/4D8AA41A-6448-4014-88D1-EE7189827AD5-610x1024.jpeg\" \/>\n<meta name=\"twitter:card\" content=\"summary_large_image\" \/>\n<script type=\"application\/ld+json\" class=\"yoast-schema-graph\">{\"@context\":\"https:\/\/schema.org\",\"@graph\":[{\"@type\":\"WebPage\",\"@id\":\"https:\/\/blogs.donboscovolunteers.de\/annalenainindien\/mein-projekt\/\",\"url\":\"https:\/\/blogs.donboscovolunteers.de\/annalenainindien\/mein-projekt\/\",\"name\":\"Mein Projekt - Anna-Lena in Vijayawada\",\"isPartOf\":{\"@id\":\"https:\/\/blogs.donboscovolunteers.de\/annalenainindien\/#website\"},\"primaryImageOfPage\":{\"@id\":\"https:\/\/blogs.donboscovolunteers.de\/annalenainindien\/mein-projekt\/#primaryimage\"},\"image\":{\"@id\":\"https:\/\/blogs.donboscovolunteers.de\/annalenainindien\/mein-projekt\/#primaryimage\"},\"thumbnailUrl\":\"https:\/\/blogs.donboscovolunteers.de\/annalenainindien\/wp-content\/uploads\/sites\/21644\/2022\/09\/4D8AA41A-6448-4014-88D1-EE7189827AD5-610x1024.jpeg\",\"datePublished\":\"2022-06-23T17:19:23+00:00\",\"dateModified\":\"2023-01-21T10:30:07+00:00\",\"breadcrumb\":{\"@id\":\"https:\/\/blogs.donboscovolunteers.de\/annalenainindien\/mein-projekt\/#breadcrumb\"},\"inLanguage\":\"de\",\"potentialAction\":[{\"@type\":\"ReadAction\",\"target\":[\"https:\/\/blogs.donboscovolunteers.de\/annalenainindien\/mein-projekt\/\"]}]},{\"@type\":\"ImageObject\",\"inLanguage\":\"de\",\"@id\":\"https:\/\/blogs.donboscovolunteers.de\/annalenainindien\/mein-projekt\/#primaryimage\",\"url\":\"https:\/\/blogs.donboscovolunteers.de\/annalenainindien\/wp-content\/uploads\/sites\/21644\/2022\/09\/4D8AA41A-6448-4014-88D1-EE7189827AD5.jpeg\",\"contentUrl\":\"https:\/\/blogs.donboscovolunteers.de\/annalenainindien\/wp-content\/uploads\/sites\/21644\/2022\/09\/4D8AA41A-6448-4014-88D1-EE7189827AD5.jpeg\",\"width\":763,\"height\":1280},{\"@type\":\"BreadcrumbList\",\"@id\":\"https:\/\/blogs.donboscovolunteers.de\/annalenainindien\/mein-projekt\/#breadcrumb\",\"itemListElement\":[{\"@type\":\"ListItem\",\"position\":1,\"name\":\"Startseite\",\"item\":\"https:\/\/blogs.donboscovolunteers.de\/annalenainindien\/\"},{\"@type\":\"ListItem\",\"position\":2,\"name\":\"Mein Projekt\"}]},{\"@type\":\"WebSite\",\"@id\":\"https:\/\/blogs.donboscovolunteers.de\/annalenainindien\/#website\",\"url\":\"https:\/\/blogs.donboscovolunteers.de\/annalenainindien\/\",\"name\":\"Anna-Lena in Vijayawada\",\"description\":\"Mein Freiwilligendienst in Indien\",\"potentialAction\":[{\"@type\":\"SearchAction\",\"target\":{\"@type\":\"EntryPoint\",\"urlTemplate\":\"https:\/\/blogs.donboscovolunteers.de\/annalenainindien\/?s={search_term_string}\"},\"query-input\":{\"@type\":\"PropertyValueSpecification\",\"valueRequired\":true,\"valueName\":\"search_term_string\"}}],\"inLanguage\":\"de\"}]}<\/script>\n<!-- \/ Yoast SEO plugin. -->","yoast_head_json":{"title":"Mein Projekt - Anna-Lena in Vijayawada","robots":{"index":"index","follow":"follow","max-snippet":"max-snippet:-1","max-image-preview":"max-image-preview:large","max-video-preview":"max-video-preview:-1"},"canonical":"https:\/\/blogs.donboscovolunteers.de\/annalenainindien\/mein-projekt\/","og_locale":"de_DE","og_type":"article","og_title":"Mein Projekt - Anna-Lena in Vijayawada","og_description":"Mein Projekt, Navajeevan Bala Bhavan, was \u00fcbersetzt so viel wie \u201cein neues Leben f\u00fcr Stra\u00dfenkinder\u201c bedeutet, befindet sich im S\u00fcdosten Indiens in der Provinz Andhra Pradesh, in der Gro\u00dfstadt Vijayawada. Das Navajeevan l\u00e4sst sich in viele kleinere Teilprojekte unterteilen. Die Mission der Projekte ist es, sich um Kinder mit dem Lebensmittelpunkt Stra\u00dfe zu k\u00fcmmern und [&hellip;]","og_url":"https:\/\/blogs.donboscovolunteers.de\/annalenainindien\/mein-projekt\/","og_site_name":"Anna-Lena in Vijayawada","article_modified_time":"2023-01-21T10:30:07+00:00","og_image":[{"url":"https:\/\/blogs.donboscovolunteers.de\/annalenainindien\/wp-content\/uploads\/sites\/21644\/2022\/09\/4D8AA41A-6448-4014-88D1-EE7189827AD5-610x1024.jpeg","type":"","width":"","height":""}],"twitter_card":"summary_large_image","schema":{"@context":"https:\/\/schema.org","@graph":[{"@type":"WebPage","@id":"https:\/\/blogs.donboscovolunteers.de\/annalenainindien\/mein-projekt\/","url":"https:\/\/blogs.donboscovolunteers.de\/annalenainindien\/mein-projekt\/","name":"Mein Projekt - Anna-Lena in Vijayawada","isPartOf":{"@id":"https:\/\/blogs.donboscovolunteers.de\/annalenainindien\/#website"},"primaryImageOfPage":{"@id":"https:\/\/blogs.donboscovolunteers.de\/annalenainindien\/mein-projekt\/#primaryimage"},"image":{"@id":"https:\/\/blogs.donboscovolunteers.de\/annalenainindien\/mein-projekt\/#primaryimage"},"thumbnailUrl":"https:\/\/blogs.donboscovolunteers.de\/annalenainindien\/wp-content\/uploads\/sites\/21644\/2022\/09\/4D8AA41A-6448-4014-88D1-EE7189827AD5-610x1024.jpeg","datePublished":"2022-06-23T17:19:23+00:00","dateModified":"2023-01-21T10:30:07+00:00","breadcrumb":{"@id":"https:\/\/blogs.donboscovolunteers.de\/annalenainindien\/mein-projekt\/#breadcrumb"},"inLanguage":"de","potentialAction":[{"@type":"ReadAction","target":["https:\/\/blogs.donboscovolunteers.de\/annalenainindien\/mein-projekt\/"]}]},{"@type":"ImageObject","inLanguage":"de","@id":"https:\/\/blogs.donboscovolunteers.de\/annalenainindien\/mein-projekt\/#primaryimage","url":"https:\/\/blogs.donboscovolunteers.de\/annalenainindien\/wp-content\/uploads\/sites\/21644\/2022\/09\/4D8AA41A-6448-4014-88D1-EE7189827AD5.jpeg","contentUrl":"https:\/\/blogs.donboscovolunteers.de\/annalenainindien\/wp-content\/uploads\/sites\/21644\/2022\/09\/4D8AA41A-6448-4014-88D1-EE7189827AD5.jpeg","width":763,"height":1280},{"@type":"BreadcrumbList","@id":"https:\/\/blogs.donboscovolunteers.de\/annalenainindien\/mein-projekt\/#breadcrumb","itemListElement":[{"@type":"ListItem","position":1,"name":"Startseite","item":"https:\/\/blogs.donboscovolunteers.de\/annalenainindien\/"},{"@type":"ListItem","position":2,"name":"Mein Projekt"}]},{"@type":"WebSite","@id":"https:\/\/blogs.donboscovolunteers.de\/annalenainindien\/#website","url":"https:\/\/blogs.donboscovolunteers.de\/annalenainindien\/","name":"Anna-Lena in Vijayawada","description":"Mein Freiwilligendienst in Indien","potentialAction":[{"@type":"SearchAction","target":{"@type":"EntryPoint","urlTemplate":"https:\/\/blogs.donboscovolunteers.de\/annalenainindien\/?s={search_term_string}"},"query-input":{"@type":"PropertyValueSpecification","valueRequired":true,"valueName":"search_term_string"}}],"inLanguage":"de"}]}},"_links":{"self":[{"href":"https:\/\/blogs.donboscovolunteers.de\/annalenainindien\/wp-json\/wp\/v2\/pages\/35","targetHints":{"allow":["GET"]}}],"collection":[{"href":"https:\/\/blogs.donboscovolunteers.de\/annalenainindien\/wp-json\/wp\/v2\/pages"}],"about":[{"href":"https:\/\/blogs.donboscovolunteers.de\/annalenainindien\/wp-json\/wp\/v2\/types\/page"}],"author":[{"embeddable":true,"href":"https:\/\/blogs.donboscovolunteers.de\/annalenainindien\/wp-json\/wp\/v2\/users\/21731"}],"replies":[{"embeddable":true,"href":"https:\/\/blogs.donboscovolunteers.de\/annalenainindien\/wp-json\/wp\/v2\/comments?post=35"}],"version-history":[{"count":14,"href":"https:\/\/blogs.donboscovolunteers.de\/annalenainindien\/wp-json\/wp\/v2\/pages\/35\/revisions"}],"predecessor-version":[{"id":291,"href":"https:\/\/blogs.donboscovolunteers.de\/annalenainindien\/wp-json\/wp\/v2\/pages\/35\/revisions\/291"}],"wp:attachment":[{"href":"https:\/\/blogs.donboscovolunteers.de\/annalenainindien\/wp-json\/wp\/v2\/media?parent=35"}],"curies":[{"name":"wp","href":"https:\/\/api.w.org\/{rel}","templated":true}]}}