{"id":21,"date":"2022-06-23T18:55:33","date_gmt":"2022-06-23T16:55:33","guid":{"rendered":"https:\/\/blogs.donboscovolunteers.de\/annalenainindien\/?page_id=21"},"modified":"2022-08-07T13:35:45","modified_gmt":"2022-08-07T11:35:45","slug":"ueber-mich","status":"publish","type":"page","link":"https:\/\/blogs.donboscovolunteers.de\/annalenainindien\/ueber-mich\/","title":{"rendered":"\u00dcber mich"},"content":{"rendered":"<h3 class=\"wp-block-heading\">Willkommen auf meinem Blog!<\/h3>\n\n\n\n<p>Ich hei\u00dfe Anna-Lena, bin 18 Jahre alt und komme aus einem kleinen Ort in Niederbayern. Ich habe dieses Jahr mein Abitur gemacht und mich dazu entschlossen einen <a href=\"https:\/\/www.donboscovolunteers.de\/\">Freiwilligendienst<\/a> in <a href=\"https:\/\/strassenkinder.de\/laender\/asien\/inden\/\">Indien<\/a> als <a href=\"https:\/\/www.donboscomission.de\/don-bosco\/\">Don Bosco<\/a> Volunteer zu absolvieren. <br>Ich hatte schon lange den Traum, nach meinen Schulabschluss f\u00fcr ein Jahr ins Ausland zu gehen und dort mit Kindern und Jugendlichen zu arbeiten.  Mithilfe der Don Bosco Salesianer ist es mir nun m\u00f6glich diesen Traum zu erf\u00fcllen. F\u00fcr mich geht es im September f\u00fcr zw\u00f6lf Monate nach Vijayawada, im S\u00fcdosten Indiens. Ich bin schon gespannt auf die neuen Erfahrungen, die ich dort sammeln werde und freue mich auf die Arbeit mit den Kindern und Jugendlichen vor Ort. Auf diesem Blog m\u00f6chte ich meine Erlebnisse mit euch teilen. <br>Ich bedanke mich sehr herzlich f\u00fcr euer Interesse und hoffe, dass ich euch auf meine Reise ein St\u00fcck mitnehmen kann. <\/p>\n\n\n\n<p>Liebe Gr\u00fc\u00dfe,  Anna-Lena<\/p>\n\n\n<div class=\"wp-block-image\">\n<figure class=\"aligncenter size-medium\"><img loading=\"lazy\" decoding=\"async\" width=\"225\" height=\"300\" src=\"https:\/\/blogs.donboscovolunteers.de\/annalenainindien\/wp-content\/uploads\/sites\/21644\/2022\/07\/7C69C443-4D9E-43DF-876E-46507D7437D4-225x300.jpeg\" alt=\"\" class=\"wp-image-49\" srcset=\"https:\/\/blogs.donboscovolunteers.de\/annalenainindien\/wp-content\/uploads\/sites\/21644\/2022\/07\/7C69C443-4D9E-43DF-876E-46507D7437D4-225x300.jpeg 225w, https:\/\/blogs.donboscovolunteers.de\/annalenainindien\/wp-content\/uploads\/sites\/21644\/2022\/07\/7C69C443-4D9E-43DF-876E-46507D7437D4-768x1024.jpeg 768w, https:\/\/blogs.donboscovolunteers.de\/annalenainindien\/wp-content\/uploads\/sites\/21644\/2022\/07\/7C69C443-4D9E-43DF-876E-46507D7437D4-900x1200.jpeg 900w, https:\/\/blogs.donboscovolunteers.de\/annalenainindien\/wp-content\/uploads\/sites\/21644\/2022\/07\/7C69C443-4D9E-43DF-876E-46507D7437D4.jpeg 960w\" sizes=\"auto, (max-width: 225px) 100vw, 225px\" \/><\/figure>\n<\/div>","protected":false},"excerpt":{"rendered":"<p>Willkommen auf meinem Blog! Ich hei\u00dfe Anna-Lena, bin 18 Jahre alt und komme aus einem kleinen Ort in Niederbayern. Ich habe dieses Jahr mein Abitur gemacht und mich dazu entschlossen einen <a href=\"https:\/\/www.donboscovolunteers.de\/\">Freiwilligendienst<\/a> in <a href=\"https:\/\/strassenkinder.de\/laender\/asien\/inden\/\">Indien<\/a> als <a href=\"https:\/\/www.donboscomission.de\/don-bosco\/\">Don Bosco<\/a> Volunteer zu absolvieren. Ich hatte schon lange den Traum, nach meinen Schulabschluss f\u00fcr ein Jahr ins Ausland zu [&hellip;]<\/p>\n","protected":false},"author":21731,"featured_media":0,"parent":0,"menu_order":0,"comment_status":"closed","ping_status":"closed","template":"","meta":{"footnotes":""},"class_list":["post-21","page","type-page","status-publish","hentry"],"yoast_head":"<!-- This site is optimized with the Yoast SEO plugin v25.3.1 - https:\/\/yoast.com\/wordpress\/plugins\/seo\/ -->\n<title>\u00dcber mich - Anna-Lena in Vijayawada<\/title>\n<meta name=\"robots\" content=\"index, follow, max-snippet:-1, max-image-preview:large, max-video-preview:-1\" \/>\n<link rel=\"canonical\" href=\"https:\/\/blogs.donboscovolunteers.de\/annalenainindien\/ueber-mich\/\" \/>\n<meta property=\"og:locale\" content=\"de_DE\" \/>\n<meta property=\"og:type\" content=\"article\" \/>\n<meta property=\"og:title\" content=\"\u00dcber mich - Anna-Lena in Vijayawada\" \/>\n<meta property=\"og:description\" content=\"Willkommen auf meinem Blog! Ich hei\u00dfe Anna-Lena, bin 18 Jahre alt und komme aus einem kleinen Ort in Niederbayern. Ich habe dieses Jahr mein Abitur gemacht und mich dazu entschlossen einen Freiwilligendienst in Indien als Don Bosco Volunteer zu absolvieren. Ich hatte schon lange den Traum, nach meinen Schulabschluss f\u00fcr ein Jahr ins Ausland zu [&hellip;]\" \/>\n<meta property=\"og:url\" content=\"https:\/\/blogs.donboscovolunteers.de\/annalenainindien\/ueber-mich\/\" \/>\n<meta property=\"og:site_name\" content=\"Anna-Lena in Vijayawada\" \/>\n<meta property=\"article:modified_time\" content=\"2022-08-07T11:35:45+00:00\" \/>\n<meta property=\"og:image\" content=\"https:\/\/blogs.donboscovolunteers.de\/annalenainindien\/wp-content\/uploads\/sites\/21644\/2022\/07\/7C69C443-4D9E-43DF-876E-46507D7437D4-225x300.jpeg\" \/>\n<meta name=\"twitter:card\" content=\"summary_large_image\" \/>\n<meta name=\"twitter:label1\" content=\"Gesch\u00e4tzte Lesezeit\" \/>\n\t<meta name=\"twitter:data1\" content=\"2\u00a0Minuten\" \/>\n<script type=\"application\/ld+json\" class=\"yoast-schema-graph\">{\"@context\":\"https:\/\/schema.org\",\"@graph\":[{\"@type\":\"WebPage\",\"@id\":\"https:\/\/blogs.donboscovolunteers.de\/annalenainindien\/ueber-mich\/\",\"url\":\"https:\/\/blogs.donboscovolunteers.de\/annalenainindien\/ueber-mich\/\",\"name\":\"\u00dcber mich - Anna-Lena in Vijayawada\",\"isPartOf\":{\"@id\":\"https:\/\/blogs.donboscovolunteers.de\/annalenainindien\/#website\"},\"primaryImageOfPage\":{\"@id\":\"https:\/\/blogs.donboscovolunteers.de\/annalenainindien\/ueber-mich\/#primaryimage\"},\"image\":{\"@id\":\"https:\/\/blogs.donboscovolunteers.de\/annalenainindien\/ueber-mich\/#primaryimage\"},\"thumbnailUrl\":\"https:\/\/blogs.donboscovolunteers.de\/annalenainindien\/wp-content\/uploads\/sites\/21644\/2022\/07\/7C69C443-4D9E-43DF-876E-46507D7437D4-225x300.jpeg\",\"datePublished\":\"2022-06-23T16:55:33+00:00\",\"dateModified\":\"2022-08-07T11:35:45+00:00\",\"breadcrumb\":{\"@id\":\"https:\/\/blogs.donboscovolunteers.de\/annalenainindien\/ueber-mich\/#breadcrumb\"},\"inLanguage\":\"de\",\"potentialAction\":[{\"@type\":\"ReadAction\",\"target\":[\"https:\/\/blogs.donboscovolunteers.de\/annalenainindien\/ueber-mich\/\"]}]},{\"@type\":\"ImageObject\",\"inLanguage\":\"de\",\"@id\":\"https:\/\/blogs.donboscovolunteers.de\/annalenainindien\/ueber-mich\/#primaryimage\",\"url\":\"https:\/\/blogs.donboscovolunteers.de\/annalenainindien\/wp-content\/uploads\/sites\/21644\/2022\/07\/7C69C443-4D9E-43DF-876E-46507D7437D4.jpeg\",\"contentUrl\":\"https:\/\/blogs.donboscovolunteers.de\/annalenainindien\/wp-content\/uploads\/sites\/21644\/2022\/07\/7C69C443-4D9E-43DF-876E-46507D7437D4.jpeg\",\"width\":960,\"height\":1280},{\"@type\":\"BreadcrumbList\",\"@id\":\"https:\/\/blogs.donboscovolunteers.de\/annalenainindien\/ueber-mich\/#breadcrumb\",\"itemListElement\":[{\"@type\":\"ListItem\",\"position\":1,\"name\":\"Startseite\",\"item\":\"https:\/\/blogs.donboscovolunteers.de\/annalenainindien\/\"},{\"@type\":\"ListItem\",\"position\":2,\"name\":\"\u00dcber mich\"}]},{\"@type\":\"WebSite\",\"@id\":\"https:\/\/blogs.donboscovolunteers.de\/annalenainindien\/#website\",\"url\":\"https:\/\/blogs.donboscovolunteers.de\/annalenainindien\/\",\"name\":\"Anna-Lena in Vijayawada\",\"description\":\"Mein Freiwilligendienst in Indien\",\"potentialAction\":[{\"@type\":\"SearchAction\",\"target\":{\"@type\":\"EntryPoint\",\"urlTemplate\":\"https:\/\/blogs.donboscovolunteers.de\/annalenainindien\/?s={search_term_string}\"},\"query-input\":{\"@type\":\"PropertyValueSpecification\",\"valueRequired\":true,\"valueName\":\"search_term_string\"}}],\"inLanguage\":\"de\"}]}<\/script>\n<!-- \/ Yoast SEO plugin. -->","yoast_head_json":{"title":"\u00dcber mich - Anna-Lena in Vijayawada","robots":{"index":"index","follow":"follow","max-snippet":"max-snippet:-1","max-image-preview":"max-image-preview:large","max-video-preview":"max-video-preview:-1"},"canonical":"https:\/\/blogs.donboscovolunteers.de\/annalenainindien\/ueber-mich\/","og_locale":"de_DE","og_type":"article","og_title":"\u00dcber mich - Anna-Lena in Vijayawada","og_description":"Willkommen auf meinem Blog! Ich hei\u00dfe Anna-Lena, bin 18 Jahre alt und komme aus einem kleinen Ort in Niederbayern. Ich habe dieses Jahr mein Abitur gemacht und mich dazu entschlossen einen Freiwilligendienst in Indien als Don Bosco Volunteer zu absolvieren. Ich hatte schon lange den Traum, nach meinen Schulabschluss f\u00fcr ein Jahr ins Ausland zu [&hellip;]","og_url":"https:\/\/blogs.donboscovolunteers.de\/annalenainindien\/ueber-mich\/","og_site_name":"Anna-Lena in Vijayawada","article_modified_time":"2022-08-07T11:35:45+00:00","og_image":[{"url":"https:\/\/blogs.donboscovolunteers.de\/annalenainindien\/wp-content\/uploads\/sites\/21644\/2022\/07\/7C69C443-4D9E-43DF-876E-46507D7437D4-225x300.jpeg","type":"","width":"","height":""}],"twitter_card":"summary_large_image","twitter_misc":{"Gesch\u00e4tzte Lesezeit":"2\u00a0Minuten"},"schema":{"@context":"https:\/\/schema.org","@graph":[{"@type":"WebPage","@id":"https:\/\/blogs.donboscovolunteers.de\/annalenainindien\/ueber-mich\/","url":"https:\/\/blogs.donboscovolunteers.de\/annalenainindien\/ueber-mich\/","name":"\u00dcber mich - Anna-Lena in Vijayawada","isPartOf":{"@id":"https:\/\/blogs.donboscovolunteers.de\/annalenainindien\/#website"},"primaryImageOfPage":{"@id":"https:\/\/blogs.donboscovolunteers.de\/annalenainindien\/ueber-mich\/#primaryimage"},"image":{"@id":"https:\/\/blogs.donboscovolunteers.de\/annalenainindien\/ueber-mich\/#primaryimage"},"thumbnailUrl":"https:\/\/blogs.donboscovolunteers.de\/annalenainindien\/wp-content\/uploads\/sites\/21644\/2022\/07\/7C69C443-4D9E-43DF-876E-46507D7437D4-225x300.jpeg","datePublished":"2022-06-23T16:55:33+00:00","dateModified":"2022-08-07T11:35:45+00:00","breadcrumb":{"@id":"https:\/\/blogs.donboscovolunteers.de\/annalenainindien\/ueber-mich\/#breadcrumb"},"inLanguage":"de","potentialAction":[{"@type":"ReadAction","target":["https:\/\/blogs.donboscovolunteers.de\/annalenainindien\/ueber-mich\/"]}]},{"@type":"ImageObject","inLanguage":"de","@id":"https:\/\/blogs.donboscovolunteers.de\/annalenainindien\/ueber-mich\/#primaryimage","url":"https:\/\/blogs.donboscovolunteers.de\/annalenainindien\/wp-content\/uploads\/sites\/21644\/2022\/07\/7C69C443-4D9E-43DF-876E-46507D7437D4.jpeg","contentUrl":"https:\/\/blogs.donboscovolunteers.de\/annalenainindien\/wp-content\/uploads\/sites\/21644\/2022\/07\/7C69C443-4D9E-43DF-876E-46507D7437D4.jpeg","width":960,"height":1280},{"@type":"BreadcrumbList","@id":"https:\/\/blogs.donboscovolunteers.de\/annalenainindien\/ueber-mich\/#breadcrumb","itemListElement":[{"@type":"ListItem","position":1,"name":"Startseite","item":"https:\/\/blogs.donboscovolunteers.de\/annalenainindien\/"},{"@type":"ListItem","position":2,"name":"\u00dcber mich"}]},{"@type":"WebSite","@id":"https:\/\/blogs.donboscovolunteers.de\/annalenainindien\/#website","url":"https:\/\/blogs.donboscovolunteers.de\/annalenainindien\/","name":"Anna-Lena in Vijayawada","description":"Mein Freiwilligendienst in Indien","potentialAction":[{"@type":"SearchAction","target":{"@type":"EntryPoint","urlTemplate":"https:\/\/blogs.donboscovolunteers.de\/annalenainindien\/?s={search_term_string}"},"query-input":{"@type":"PropertyValueSpecification","valueRequired":true,"valueName":"search_term_string"}}],"inLanguage":"de"}]}},"_links":{"self":[{"href":"https:\/\/blogs.donboscovolunteers.de\/annalenainindien\/wp-json\/wp\/v2\/pages\/21","targetHints":{"allow":["GET"]}}],"collection":[{"href":"https:\/\/blogs.donboscovolunteers.de\/annalenainindien\/wp-json\/wp\/v2\/pages"}],"about":[{"href":"https:\/\/blogs.donboscovolunteers.de\/annalenainindien\/wp-json\/wp\/v2\/types\/page"}],"author":[{"embeddable":true,"href":"https:\/\/blogs.donboscovolunteers.de\/annalenainindien\/wp-json\/wp\/v2\/users\/21731"}],"replies":[{"embeddable":true,"href":"https:\/\/blogs.donboscovolunteers.de\/annalenainindien\/wp-json\/wp\/v2\/comments?post=21"}],"version-history":[{"count":5,"href":"https:\/\/blogs.donboscovolunteers.de\/annalenainindien\/wp-json\/wp\/v2\/pages\/21\/revisions"}],"predecessor-version":[{"id":55,"href":"https:\/\/blogs.donboscovolunteers.de\/annalenainindien\/wp-json\/wp\/v2\/pages\/21\/revisions\/55"}],"wp:attachment":[{"href":"https:\/\/blogs.donboscovolunteers.de\/annalenainindien\/wp-json\/wp\/v2\/media?parent=21"}],"curies":[{"name":"wp","href":"https:\/\/api.w.org\/{rel}","templated":true}]}}