{"id":17,"date":"2022-06-23T18:54:26","date_gmt":"2022-06-23T16:54:26","guid":{"rendered":"https:\/\/blogs.donboscovolunteers.de\/annalenainindien\/?page_id=17"},"modified":"2023-07-21T18:47:38","modified_gmt":"2023-07-21T16:47:38","slug":"beitraege","status":"publish","type":"page","link":"https:\/\/blogs.donboscovolunteers.de\/annalenainindien\/beitraege\/","title":{"rendered":"Beitr\u00e4ge"},"content":{"rendered":"<figure class=\"wp-block-embed is-type-wp-embed is-provider-anna-lena-in-vijayawada wp-block-embed-anna-lena-in-vijayawada\"><div class=\"wp-block-embed__wrapper\">\n<blockquote class=\"wp-embedded-content\" data-secret=\"5pr5nD6EdW\"><a href=\"https:\/\/blogs.donboscovolunteers.de\/annalenainindien\/2022\/09\/09\/endlich-gehts-los\/\">Endlich geht\u2018s los<\/a><\/blockquote><iframe loading=\"lazy\" class=\"wp-embedded-content\" sandbox=\"allow-scripts\" security=\"restricted\" style=\"position: absolute; clip: rect(1px, 1px, 1px, 1px);\" title=\"&#8222;Endlich geht\u2018s los&#8220; &#8212; Anna-Lena in Vijayawada\" src=\"https:\/\/blogs.donboscovolunteers.de\/annalenainindien\/2022\/09\/09\/endlich-gehts-los\/embed\/#?secret=MkOSKYcvPn#?secret=5pr5nD6EdW\" data-secret=\"5pr5nD6EdW\" width=\"600\" height=\"338\" frameborder=\"0\" marginwidth=\"0\" marginheight=\"0\" scrolling=\"no\"><\/iframe>\n<\/div><\/figure>\n\n\n\n<figure class=\"wp-block-embed is-type-wp-embed is-provider-anna-lena-in-vijayawada wp-block-embed-anna-lena-in-vijayawada\"><div class=\"wp-block-embed__wrapper\">\n<blockquote class=\"wp-embedded-content\" data-secret=\"ihPnBv7icj\"><a href=\"https:\/\/blogs.donboscovolunteers.de\/annalenainindien\/2022\/09\/25\/die-ersten-tage-in-indien\/\">Die ersten Tage in Indien<\/a><\/blockquote><iframe loading=\"lazy\" class=\"wp-embedded-content\" sandbox=\"allow-scripts\" security=\"restricted\" style=\"position: absolute; clip: rect(1px, 1px, 1px, 1px);\" title=\"&#8222;Die ersten Tage in Indien&#8220; &#8212; Anna-Lena in Vijayawada\" src=\"https:\/\/blogs.donboscovolunteers.de\/annalenainindien\/2022\/09\/25\/die-ersten-tage-in-indien\/embed\/#?secret=QqGHeYFbPU#?secret=ihPnBv7icj\" data-secret=\"ihPnBv7icj\" width=\"600\" height=\"338\" frameborder=\"0\" marginwidth=\"0\" marginheight=\"0\" scrolling=\"no\"><\/iframe>\n<\/div><\/figure>\n\n\n\n<figure class=\"wp-block-embed is-type-wp-embed is-provider-anna-lena-in-vijayawada wp-block-embed-anna-lena-in-vijayawada\"><div class=\"wp-block-embed__wrapper\">\n<blockquote class=\"wp-embedded-content\" data-secret=\"LkAssgxgvU\"><a href=\"https:\/\/blogs.donboscovolunteers.de\/annalenainindien\/2022\/10\/16\/verkehrschaos-in-vijayawada\/\">Verkehrschaos in Vijayawada?!<\/a><\/blockquote><iframe loading=\"lazy\" class=\"wp-embedded-content\" sandbox=\"allow-scripts\" security=\"restricted\" style=\"position: absolute; clip: rect(1px, 1px, 1px, 1px);\" title=\"&#8222;Verkehrschaos in Vijayawada?!&#8220; &#8212; Anna-Lena in Vijayawada\" src=\"https:\/\/blogs.donboscovolunteers.de\/annalenainindien\/2022\/10\/16\/verkehrschaos-in-vijayawada\/embed\/#?secret=Iui0f44DfM#?secret=LkAssgxgvU\" data-secret=\"LkAssgxgvU\" width=\"600\" height=\"338\" frameborder=\"0\" marginwidth=\"0\" marginheight=\"0\" scrolling=\"no\"><\/iframe>\n<\/div><\/figure>\n\n\n\n<figure class=\"wp-block-embed is-type-wp-embed is-provider-anna-lena-in-vijayawada wp-block-embed-anna-lena-in-vijayawada\"><div class=\"wp-block-embed__wrapper\">\n<blockquote class=\"wp-embedded-content\" data-secret=\"YvtTr6GMaK\"><a href=\"https:\/\/blogs.donboscovolunteers.de\/annalenainindien\/2022\/10\/31\/ein-tag-im-shelter\/\">Ein Tag im Shelter<\/a><\/blockquote><iframe loading=\"lazy\" class=\"wp-embedded-content\" sandbox=\"allow-scripts\" security=\"restricted\" style=\"position: absolute; clip: rect(1px, 1px, 1px, 1px);\" title=\"&#8222;Ein Tag im Shelter&#8220; &#8212; Anna-Lena in Vijayawada\" src=\"https:\/\/blogs.donboscovolunteers.de\/annalenainindien\/2022\/10\/31\/ein-tag-im-shelter\/embed\/#?secret=o3yDQccjWq#?secret=YvtTr6GMaK\" data-secret=\"YvtTr6GMaK\" width=\"600\" height=\"338\" frameborder=\"0\" marginwidth=\"0\" marginheight=\"0\" scrolling=\"no\"><\/iframe>\n<\/div><\/figure>\n\n\n\n<figure class=\"wp-block-embed is-type-wp-embed is-provider-anna-lena-in-vijayawada wp-block-embed-anna-lena-in-vijayawada\"><div class=\"wp-block-embed__wrapper\">\n<blockquote class=\"wp-embedded-content\" data-secret=\"6spTnssowL\"><a href=\"https:\/\/blogs.donboscovolunteers.de\/annalenainindien\/2022\/11\/20\/indisches-essen-scharf-suess-und-fettig\/\">Indisches Essen &#8211; scharf, s\u00fc\u00df und fettig<\/a><\/blockquote><iframe loading=\"lazy\" class=\"wp-embedded-content\" sandbox=\"allow-scripts\" security=\"restricted\" style=\"position: absolute; clip: rect(1px, 1px, 1px, 1px);\" title=\"&#8222;Indisches Essen &#8211; scharf, s\u00fc\u00df und fettig&#8220; &#8212; Anna-Lena in Vijayawada\" src=\"https:\/\/blogs.donboscovolunteers.de\/annalenainindien\/2022\/11\/20\/indisches-essen-scharf-suess-und-fettig\/embed\/#?secret=2mWoUjzTET#?secret=6spTnssowL\" data-secret=\"6spTnssowL\" width=\"600\" height=\"338\" frameborder=\"0\" marginwidth=\"0\" marginheight=\"0\" scrolling=\"no\"><\/iframe>\n<\/div><\/figure>\n\n\n\n<figure class=\"wp-block-embed is-type-wp-embed is-provider-anna-lena-in-vijayawada wp-block-embed-anna-lena-in-vijayawada\"><div class=\"wp-block-embed__wrapper\">\n<blockquote class=\"wp-embedded-content\" data-secret=\"NPMr7TAQw1\"><a href=\"https:\/\/blogs.donboscovolunteers.de\/annalenainindien\/2022\/12\/04\/fussballfieber-in-vijayawada\/\">Fu\u00dfballfieber in Vijayawada ?<\/a><\/blockquote><iframe loading=\"lazy\" class=\"wp-embedded-content\" sandbox=\"allow-scripts\" security=\"restricted\" style=\"position: absolute; clip: rect(1px, 1px, 1px, 1px);\" title=\"&#8222;Fu\u00dfballfieber in Vijayawada ?&#8220; &#8212; Anna-Lena in Vijayawada\" src=\"https:\/\/blogs.donboscovolunteers.de\/annalenainindien\/2022\/12\/04\/fussballfieber-in-vijayawada\/embed\/#?secret=nyStv1xOBJ#?secret=NPMr7TAQw1\" data-secret=\"NPMr7TAQw1\" width=\"600\" height=\"338\" frameborder=\"0\" marginwidth=\"0\" marginheight=\"0\" scrolling=\"no\"><\/iframe>\n<\/div><\/figure>\n\n\n\n<figure class=\"wp-block-embed is-type-wp-embed is-provider-anna-lena-in-vijayawada wp-block-embed-anna-lena-in-vijayawada\"><div class=\"wp-block-embed__wrapper\">\n<blockquote class=\"wp-embedded-content\" data-secret=\"aH3dDh9Wp6\"><a href=\"https:\/\/blogs.donboscovolunteers.de\/annalenainindien\/2023\/01\/21\/weihnachten-ganz-weit-weg-von-dahoam\/\">Weihnachten ganz weit weg von dahoam<\/a><\/blockquote><iframe loading=\"lazy\" class=\"wp-embedded-content\" sandbox=\"allow-scripts\" security=\"restricted\" style=\"position: absolute; clip: rect(1px, 1px, 1px, 1px);\" title=\"&#8222;Weihnachten ganz weit weg von dahoam&#8220; &#8212; Anna-Lena in Vijayawada\" src=\"https:\/\/blogs.donboscovolunteers.de\/annalenainindien\/2023\/01\/21\/weihnachten-ganz-weit-weg-von-dahoam\/embed\/#?secret=fxirSIEKyh#?secret=aH3dDh9Wp6\" data-secret=\"aH3dDh9Wp6\" width=\"600\" height=\"338\" frameborder=\"0\" marginwidth=\"0\" marginheight=\"0\" scrolling=\"no\"><\/iframe>\n<\/div><\/figure>\n\n\n\n<figure class=\"wp-block-embed is-type-wp-embed is-provider-anna-lena-in-vijayawada wp-block-embed-anna-lena-in-vijayawada\"><div class=\"wp-block-embed__wrapper\">\n<blockquote class=\"wp-embedded-content\" data-secret=\"RkssGQ2SFJ\"><a href=\"https:\/\/blogs.donboscovolunteers.de\/annalenainindien\/2023\/03\/04\/eine-kleine-reise-durch-suedindien\/\">Eine kleine Reise durch S\u00fcdindien<\/a><\/blockquote><iframe loading=\"lazy\" class=\"wp-embedded-content\" sandbox=\"allow-scripts\" security=\"restricted\" style=\"position: absolute; clip: rect(1px, 1px, 1px, 1px);\" title=\"&#8222;Eine kleine Reise durch S\u00fcdindien&#8220; &#8212; Anna-Lena in Vijayawada\" src=\"https:\/\/blogs.donboscovolunteers.de\/annalenainindien\/2023\/03\/04\/eine-kleine-reise-durch-suedindien\/embed\/#?secret=aP4su630DY#?secret=RkssGQ2SFJ\" data-secret=\"RkssGQ2SFJ\" width=\"600\" height=\"338\" frameborder=\"0\" marginwidth=\"0\" marginheight=\"0\" scrolling=\"no\"><\/iframe>\n<\/div><\/figure>\n\n\n\n<figure class=\"wp-block-embed is-type-wp-embed is-provider-anna-lena-in-vijayawada wp-block-embed-anna-lena-in-vijayawada\"><div class=\"wp-block-embed__wrapper\">\n<blockquote class=\"wp-embedded-content\" data-secret=\"hjtBH9dBRJ\"><a href=\"https:\/\/blogs.donboscovolunteers.de\/annalenainindien\/2023\/07\/21\/von-diwali-bis-holi-ein-ueberblick-ueber-die-groessten-feste\/\">Von Diwali bis Holi &#8211; ein \u00dcberblick \u00fcber die gr\u00f6\u00dften Feste<\/a><\/blockquote><iframe loading=\"lazy\" class=\"wp-embedded-content\" sandbox=\"allow-scripts\" security=\"restricted\" style=\"position: absolute; clip: rect(1px, 1px, 1px, 1px);\" title=\"&#8222;Von Diwali bis Holi &#8211; ein \u00dcberblick \u00fcber die gr\u00f6\u00dften Feste&#8220; &#8212; Anna-Lena in Vijayawada\" src=\"https:\/\/blogs.donboscovolunteers.de\/annalenainindien\/2023\/07\/21\/von-diwali-bis-holi-ein-ueberblick-ueber-die-groessten-feste\/embed\/#?secret=Mv3SzFTo9b#?secret=hjtBH9dBRJ\" data-secret=\"hjtBH9dBRJ\" width=\"600\" height=\"338\" frameborder=\"0\" marginwidth=\"0\" marginheight=\"0\" scrolling=\"no\"><\/iframe>\n<\/div><\/figure>","protected":false},"excerpt":{"rendered":"","protected":false},"author":21731,"featured_media":0,"parent":0,"menu_order":0,"comment_status":"closed","ping_status":"closed","template":"","meta":{"footnotes":""},"class_list":["post-17","page","type-page","status-publish","hentry"],"yoast_head":"<!-- This site is optimized with the Yoast SEO plugin v25.3.1 - https:\/\/yoast.com\/wordpress\/plugins\/seo\/ -->\n<title>Beitr\u00e4ge - Anna-Lena in Vijayawada<\/title>\n<meta name=\"robots\" content=\"index, follow, max-snippet:-1, max-image-preview:large, max-video-preview:-1\" \/>\n<link rel=\"canonical\" href=\"https:\/\/blogs.donboscovolunteers.de\/annalenainindien\/beitraege\/\" \/>\n<meta property=\"og:locale\" content=\"de_DE\" \/>\n<meta property=\"og:type\" content=\"article\" \/>\n<meta property=\"og:title\" content=\"Beitr\u00e4ge - Anna-Lena in Vijayawada\" \/>\n<meta property=\"og:url\" content=\"https:\/\/blogs.donboscovolunteers.de\/annalenainindien\/beitraege\/\" \/>\n<meta property=\"og:site_name\" content=\"Anna-Lena in Vijayawada\" \/>\n<meta property=\"article:modified_time\" content=\"2023-07-21T16:47:38+00:00\" \/>\n<meta name=\"twitter:card\" content=\"summary_large_image\" \/>\n<meta name=\"twitter:label1\" content=\"Gesch\u00e4tzte Lesezeit\" \/>\n\t<meta name=\"twitter:data1\" content=\"1\u00a0Minute\" \/>\n<script type=\"application\/ld+json\" class=\"yoast-schema-graph\">{\"@context\":\"https:\/\/schema.org\",\"@graph\":[{\"@type\":\"WebPage\",\"@id\":\"https:\/\/blogs.donboscovolunteers.de\/annalenainindien\/beitraege\/\",\"url\":\"https:\/\/blogs.donboscovolunteers.de\/annalenainindien\/beitraege\/\",\"name\":\"Beitr\u00e4ge - Anna-Lena in Vijayawada\",\"isPartOf\":{\"@id\":\"https:\/\/blogs.donboscovolunteers.de\/annalenainindien\/#website\"},\"datePublished\":\"2022-06-23T16:54:26+00:00\",\"dateModified\":\"2023-07-21T16:47:38+00:00\",\"breadcrumb\":{\"@id\":\"https:\/\/blogs.donboscovolunteers.de\/annalenainindien\/beitraege\/#breadcrumb\"},\"inLanguage\":\"de\",\"potentialAction\":[{\"@type\":\"ReadAction\",\"target\":[\"https:\/\/blogs.donboscovolunteers.de\/annalenainindien\/beitraege\/\"]}]},{\"@type\":\"BreadcrumbList\",\"@id\":\"https:\/\/blogs.donboscovolunteers.de\/annalenainindien\/beitraege\/#breadcrumb\",\"itemListElement\":[{\"@type\":\"ListItem\",\"position\":1,\"name\":\"Startseite\",\"item\":\"https:\/\/blogs.donboscovolunteers.de\/annalenainindien\/\"},{\"@type\":\"ListItem\",\"position\":2,\"name\":\"Beitr\u00e4ge\"}]},{\"@type\":\"WebSite\",\"@id\":\"https:\/\/blogs.donboscovolunteers.de\/annalenainindien\/#website\",\"url\":\"https:\/\/blogs.donboscovolunteers.de\/annalenainindien\/\",\"name\":\"Anna-Lena in Vijayawada\",\"description\":\"Mein Freiwilligendienst in Indien\",\"potentialAction\":[{\"@type\":\"SearchAction\",\"target\":{\"@type\":\"EntryPoint\",\"urlTemplate\":\"https:\/\/blogs.donboscovolunteers.de\/annalenainindien\/?s={search_term_string}\"},\"query-input\":{\"@type\":\"PropertyValueSpecification\",\"valueRequired\":true,\"valueName\":\"search_term_string\"}}],\"inLanguage\":\"de\"}]}<\/script>\n<!-- \/ Yoast SEO plugin. -->","yoast_head_json":{"title":"Beitr\u00e4ge - Anna-Lena in Vijayawada","robots":{"index":"index","follow":"follow","max-snippet":"max-snippet:-1","max-image-preview":"max-image-preview:large","max-video-preview":"max-video-preview:-1"},"canonical":"https:\/\/blogs.donboscovolunteers.de\/annalenainindien\/beitraege\/","og_locale":"de_DE","og_type":"article","og_title":"Beitr\u00e4ge - Anna-Lena in Vijayawada","og_url":"https:\/\/blogs.donboscovolunteers.de\/annalenainindien\/beitraege\/","og_site_name":"Anna-Lena in Vijayawada","article_modified_time":"2023-07-21T16:47:38+00:00","twitter_card":"summary_large_image","twitter_misc":{"Gesch\u00e4tzte Lesezeit":"1\u00a0Minute"},"schema":{"@context":"https:\/\/schema.org","@graph":[{"@type":"WebPage","@id":"https:\/\/blogs.donboscovolunteers.de\/annalenainindien\/beitraege\/","url":"https:\/\/blogs.donboscovolunteers.de\/annalenainindien\/beitraege\/","name":"Beitr\u00e4ge - Anna-Lena in Vijayawada","isPartOf":{"@id":"https:\/\/blogs.donboscovolunteers.de\/annalenainindien\/#website"},"datePublished":"2022-06-23T16:54:26+00:00","dateModified":"2023-07-21T16:47:38+00:00","breadcrumb":{"@id":"https:\/\/blogs.donboscovolunteers.de\/annalenainindien\/beitraege\/#breadcrumb"},"inLanguage":"de","potentialAction":[{"@type":"ReadAction","target":["https:\/\/blogs.donboscovolunteers.de\/annalenainindien\/beitraege\/"]}]},{"@type":"BreadcrumbList","@id":"https:\/\/blogs.donboscovolunteers.de\/annalenainindien\/beitraege\/#breadcrumb","itemListElement":[{"@type":"ListItem","position":1,"name":"Startseite","item":"https:\/\/blogs.donboscovolunteers.de\/annalenainindien\/"},{"@type":"ListItem","position":2,"name":"Beitr\u00e4ge"}]},{"@type":"WebSite","@id":"https:\/\/blogs.donboscovolunteers.de\/annalenainindien\/#website","url":"https:\/\/blogs.donboscovolunteers.de\/annalenainindien\/","name":"Anna-Lena in Vijayawada","description":"Mein Freiwilligendienst in Indien","potentialAction":[{"@type":"SearchAction","target":{"@type":"EntryPoint","urlTemplate":"https:\/\/blogs.donboscovolunteers.de\/annalenainindien\/?s={search_term_string}"},"query-input":{"@type":"PropertyValueSpecification","valueRequired":true,"valueName":"search_term_string"}}],"inLanguage":"de"}]}},"_links":{"self":[{"href":"https:\/\/blogs.donboscovolunteers.de\/annalenainindien\/wp-json\/wp\/v2\/pages\/17","targetHints":{"allow":["GET"]}}],"collection":[{"href":"https:\/\/blogs.donboscovolunteers.de\/annalenainindien\/wp-json\/wp\/v2\/pages"}],"about":[{"href":"https:\/\/blogs.donboscovolunteers.de\/annalenainindien\/wp-json\/wp\/v2\/types\/page"}],"author":[{"embeddable":true,"href":"https:\/\/blogs.donboscovolunteers.de\/annalenainindien\/wp-json\/wp\/v2\/users\/21731"}],"replies":[{"embeddable":true,"href":"https:\/\/blogs.donboscovolunteers.de\/annalenainindien\/wp-json\/wp\/v2\/comments?post=17"}],"version-history":[{"count":12,"href":"https:\/\/blogs.donboscovolunteers.de\/annalenainindien\/wp-json\/wp\/v2\/pages\/17\/revisions"}],"predecessor-version":[{"id":345,"href":"https:\/\/blogs.donboscovolunteers.de\/annalenainindien\/wp-json\/wp\/v2\/pages\/17\/revisions\/345"}],"wp:attachment":[{"href":"https:\/\/blogs.donboscovolunteers.de\/annalenainindien\/wp-json\/wp\/v2\/media?parent=17"}],"curies":[{"name":"wp","href":"https:\/\/api.w.org\/{rel}","templated":true}]}}