{"id":95,"date":"2012-09-23T14:57:55","date_gmt":"2012-09-23T14:57:55","guid":{"rendered":"https:\/\/blogs.donboscovolunteers.de\/annaintogo\/"},"modified":"2013-08-17T21:56:10","modified_gmt":"2013-08-17T21:56:10","slug":"uber-mich","status":"publish","type":"page","link":"https:\/\/blogs.donboscovolunteers.de\/annaintogo\/uber-mich\/","title":{"rendered":"\u00dcber mich"},"content":{"rendered":"<p style=\"text-align: left\">Ich hei\u00dfe Anna Stark und komme aus Kaufbeuren.<br \/>\nIm Fr\u00fchjahr 2012 habe ich mein Abitur am Jakob-Brucker-Gymnasium gemacht und mache jetzt ein freiwilliges soziales Jahr in Togo.<br \/>\nF\u00fcr vier Monate war ich an der Grundschule Paroisse Notre Dame de l&#8217;Assomption in dem Dorf Anyron im s\u00fcdlichen Togo. Seit Januar bin ich in einem Stra\u00dfenkinderprojekt der <a href=\"https:\/\/www.donboscomission.de\/don-bosco\/erbe\/\">Salesianer Don Boscos<\/a> in Kara, was im Norden von Togo liegt.<br \/>\nBetreut werde ich von den Salesianern Don Boscos aus Benediktbeuern.<\/p>\n<p style=\"text-align: center\"><a href=\"https:\/\/blogs.donboscovolunteers.de\/annaintogo\/wp-content\/uploads\/sites\/19752\/2012\/09\/Anna-im-Foyer.jpg\"><img loading=\"lazy\" decoding=\"async\" class=\"aligncenter\" src=\"https:\/\/blogs.donboscovolunteers.de\/annaintogo\/wp-content\/uploads\/sites\/19752\/2012\/09\/Anna-im-Foyer-184x300.jpg\" alt=\"\" width=\"184\" height=\"300\" \/><\/a><\/p>\n","protected":false},"excerpt":{"rendered":"<p>Ich hei\u00dfe Anna Stark und komme aus Kaufbeuren. Im Fr\u00fchjahr 2012 habe ich mein Abitur am Jakob-Brucker-Gymnasium gemacht und mache jetzt ein freiwilliges soziales Jahr in Togo. F\u00fcr vier Monate war ich an der Grundschule Paroisse Notre Dame de l&#8217;Assomption in dem Dorf Anyron im s\u00fcdlichen Togo. Seit Januar bin ich in einem Stra\u00dfenkinderprojekt der [&hellip;]<\/p>\n","protected":false},"author":19775,"featured_media":0,"parent":0,"menu_order":0,"comment_status":"open","ping_status":"closed","template":"","meta":{"footnotes":""},"class_list":["post-95","page","type-page","status-publish","hentry"],"yoast_head":"<!-- This site is optimized with the Yoast SEO plugin v25.3.1 - https:\/\/yoast.com\/wordpress\/plugins\/seo\/ -->\n<title>\u00dcber mich - Anna in Togo<\/title>\n<meta name=\"robots\" content=\"index, follow, max-snippet:-1, max-image-preview:large, max-video-preview:-1\" \/>\n<link rel=\"canonical\" href=\"https:\/\/blogs.donboscovolunteers.de\/annaintogo\/uber-mich\/\" \/>\n<meta property=\"og:locale\" content=\"de_DE\" \/>\n<meta property=\"og:type\" content=\"article\" \/>\n<meta property=\"og:title\" content=\"\u00dcber mich - Anna in Togo\" \/>\n<meta property=\"og:description\" content=\"Ich hei\u00dfe Anna Stark und komme aus Kaufbeuren. Im Fr\u00fchjahr 2012 habe ich mein Abitur am Jakob-Brucker-Gymnasium gemacht und mache jetzt ein freiwilliges soziales Jahr in Togo. F\u00fcr vier Monate war ich an der Grundschule Paroisse Notre Dame de l&#8217;Assomption in dem Dorf Anyron im s\u00fcdlichen Togo. Seit Januar bin ich in einem Stra\u00dfenkinderprojekt der [&hellip;]\" \/>\n<meta property=\"og:url\" content=\"https:\/\/blogs.donboscovolunteers.de\/annaintogo\/uber-mich\/\" \/>\n<meta property=\"og:site_name\" content=\"Anna in Togo\" \/>\n<meta property=\"article:modified_time\" content=\"2013-08-17T21:56:10+00:00\" \/>\n<meta property=\"og:image\" content=\"https:\/\/blogs.donboscovolunteers.de\/annaintogo\/wp-content\/uploads\/sites\/19752\/2012\/09\/Anna-im-Foyer-184x300.jpg\" \/>\n<meta name=\"twitter:card\" content=\"summary_large_image\" \/>\n<script type=\"application\/ld+json\" class=\"yoast-schema-graph\">{\"@context\":\"https:\/\/schema.org\",\"@graph\":[{\"@type\":\"WebPage\",\"@id\":\"https:\/\/blogs.donboscovolunteers.de\/annaintogo\/uber-mich\/\",\"url\":\"https:\/\/blogs.donboscovolunteers.de\/annaintogo\/uber-mich\/\",\"name\":\"\u00dcber mich - Anna in Togo\",\"isPartOf\":{\"@id\":\"https:\/\/blogs.donboscovolunteers.de\/annaintogo\/#website\"},\"primaryImageOfPage\":{\"@id\":\"https:\/\/blogs.donboscovolunteers.de\/annaintogo\/uber-mich\/#primaryimage\"},\"image\":{\"@id\":\"https:\/\/blogs.donboscovolunteers.de\/annaintogo\/uber-mich\/#primaryimage\"},\"thumbnailUrl\":\"https:\/\/blogs.donboscovolunteers.de\/annaintogo\/wp-content\/uploads\/sites\/19752\/2012\/09\/Anna-im-Foyer-184x300.jpg\",\"datePublished\":\"2012-09-23T14:57:55+00:00\",\"dateModified\":\"2013-08-17T21:56:10+00:00\",\"breadcrumb\":{\"@id\":\"https:\/\/blogs.donboscovolunteers.de\/annaintogo\/uber-mich\/#breadcrumb\"},\"inLanguage\":\"de\",\"potentialAction\":[{\"@type\":\"ReadAction\",\"target\":[\"https:\/\/blogs.donboscovolunteers.de\/annaintogo\/uber-mich\/\"]}]},{\"@type\":\"ImageObject\",\"inLanguage\":\"de\",\"@id\":\"https:\/\/blogs.donboscovolunteers.de\/annaintogo\/uber-mich\/#primaryimage\",\"url\":\"https:\/\/blogs.donboscovolunteers.de\/annaintogo\/wp-content\/uploads\/sites\/19752\/2012\/09\/Anna-im-Foyer.jpg\",\"contentUrl\":\"https:\/\/blogs.donboscovolunteers.de\/annaintogo\/wp-content\/uploads\/sites\/19752\/2012\/09\/Anna-im-Foyer.jpg\",\"width\":\"1144\",\"height\":\"1861\"},{\"@type\":\"BreadcrumbList\",\"@id\":\"https:\/\/blogs.donboscovolunteers.de\/annaintogo\/uber-mich\/#breadcrumb\",\"itemListElement\":[{\"@type\":\"ListItem\",\"position\":1,\"name\":\"Startseite\",\"item\":\"https:\/\/blogs.donboscovolunteers.de\/annaintogo\/\"},{\"@type\":\"ListItem\",\"position\":2,\"name\":\"\u00dcber mich\"}]},{\"@type\":\"WebSite\",\"@id\":\"https:\/\/blogs.donboscovolunteers.de\/annaintogo\/#website\",\"url\":\"https:\/\/blogs.donboscovolunteers.de\/annaintogo\/\",\"name\":\"Anna in Togo\",\"description\":\"\",\"potentialAction\":[{\"@type\":\"SearchAction\",\"target\":{\"@type\":\"EntryPoint\",\"urlTemplate\":\"https:\/\/blogs.donboscovolunteers.de\/annaintogo\/?s={search_term_string}\"},\"query-input\":{\"@type\":\"PropertyValueSpecification\",\"valueRequired\":true,\"valueName\":\"search_term_string\"}}],\"inLanguage\":\"de\"}]}<\/script>\n<!-- \/ Yoast SEO plugin. -->","yoast_head_json":{"title":"\u00dcber mich - Anna in Togo","robots":{"index":"index","follow":"follow","max-snippet":"max-snippet:-1","max-image-preview":"max-image-preview:large","max-video-preview":"max-video-preview:-1"},"canonical":"https:\/\/blogs.donboscovolunteers.de\/annaintogo\/uber-mich\/","og_locale":"de_DE","og_type":"article","og_title":"\u00dcber mich - Anna in Togo","og_description":"Ich hei\u00dfe Anna Stark und komme aus Kaufbeuren. Im Fr\u00fchjahr 2012 habe ich mein Abitur am Jakob-Brucker-Gymnasium gemacht und mache jetzt ein freiwilliges soziales Jahr in Togo. F\u00fcr vier Monate war ich an der Grundschule Paroisse Notre Dame de l&#8217;Assomption in dem Dorf Anyron im s\u00fcdlichen Togo. Seit Januar bin ich in einem Stra\u00dfenkinderprojekt der [&hellip;]","og_url":"https:\/\/blogs.donboscovolunteers.de\/annaintogo\/uber-mich\/","og_site_name":"Anna in Togo","article_modified_time":"2013-08-17T21:56:10+00:00","og_image":[{"url":"https:\/\/blogs.donboscovolunteers.de\/annaintogo\/wp-content\/uploads\/sites\/19752\/2012\/09\/Anna-im-Foyer-184x300.jpg","type":"","width":"","height":""}],"twitter_card":"summary_large_image","schema":{"@context":"https:\/\/schema.org","@graph":[{"@type":"WebPage","@id":"https:\/\/blogs.donboscovolunteers.de\/annaintogo\/uber-mich\/","url":"https:\/\/blogs.donboscovolunteers.de\/annaintogo\/uber-mich\/","name":"\u00dcber mich - Anna in Togo","isPartOf":{"@id":"https:\/\/blogs.donboscovolunteers.de\/annaintogo\/#website"},"primaryImageOfPage":{"@id":"https:\/\/blogs.donboscovolunteers.de\/annaintogo\/uber-mich\/#primaryimage"},"image":{"@id":"https:\/\/blogs.donboscovolunteers.de\/annaintogo\/uber-mich\/#primaryimage"},"thumbnailUrl":"https:\/\/blogs.donboscovolunteers.de\/annaintogo\/wp-content\/uploads\/sites\/19752\/2012\/09\/Anna-im-Foyer-184x300.jpg","datePublished":"2012-09-23T14:57:55+00:00","dateModified":"2013-08-17T21:56:10+00:00","breadcrumb":{"@id":"https:\/\/blogs.donboscovolunteers.de\/annaintogo\/uber-mich\/#breadcrumb"},"inLanguage":"de","potentialAction":[{"@type":"ReadAction","target":["https:\/\/blogs.donboscovolunteers.de\/annaintogo\/uber-mich\/"]}]},{"@type":"ImageObject","inLanguage":"de","@id":"https:\/\/blogs.donboscovolunteers.de\/annaintogo\/uber-mich\/#primaryimage","url":"https:\/\/blogs.donboscovolunteers.de\/annaintogo\/wp-content\/uploads\/sites\/19752\/2012\/09\/Anna-im-Foyer.jpg","contentUrl":"https:\/\/blogs.donboscovolunteers.de\/annaintogo\/wp-content\/uploads\/sites\/19752\/2012\/09\/Anna-im-Foyer.jpg","width":"1144","height":"1861"},{"@type":"BreadcrumbList","@id":"https:\/\/blogs.donboscovolunteers.de\/annaintogo\/uber-mich\/#breadcrumb","itemListElement":[{"@type":"ListItem","position":1,"name":"Startseite","item":"https:\/\/blogs.donboscovolunteers.de\/annaintogo\/"},{"@type":"ListItem","position":2,"name":"\u00dcber mich"}]},{"@type":"WebSite","@id":"https:\/\/blogs.donboscovolunteers.de\/annaintogo\/#website","url":"https:\/\/blogs.donboscovolunteers.de\/annaintogo\/","name":"Anna in Togo","description":"","potentialAction":[{"@type":"SearchAction","target":{"@type":"EntryPoint","urlTemplate":"https:\/\/blogs.donboscovolunteers.de\/annaintogo\/?s={search_term_string}"},"query-input":{"@type":"PropertyValueSpecification","valueRequired":true,"valueName":"search_term_string"}}],"inLanguage":"de"}]}},"_links":{"self":[{"href":"https:\/\/blogs.donboscovolunteers.de\/annaintogo\/wp-json\/wp\/v2\/pages\/95","targetHints":{"allow":["GET"]}}],"collection":[{"href":"https:\/\/blogs.donboscovolunteers.de\/annaintogo\/wp-json\/wp\/v2\/pages"}],"about":[{"href":"https:\/\/blogs.donboscovolunteers.de\/annaintogo\/wp-json\/wp\/v2\/types\/page"}],"author":[{"embeddable":true,"href":"https:\/\/blogs.donboscovolunteers.de\/annaintogo\/wp-json\/wp\/v2\/users\/19775"}],"replies":[{"embeddable":true,"href":"https:\/\/blogs.donboscovolunteers.de\/annaintogo\/wp-json\/wp\/v2\/comments?post=95"}],"version-history":[{"count":9,"href":"https:\/\/blogs.donboscovolunteers.de\/annaintogo\/wp-json\/wp\/v2\/pages\/95\/revisions"}],"predecessor-version":[{"id":220,"href":"https:\/\/blogs.donboscovolunteers.de\/annaintogo\/wp-json\/wp\/v2\/pages\/95\/revisions\/220"}],"wp:attachment":[{"href":"https:\/\/blogs.donboscovolunteers.de\/annaintogo\/wp-json\/wp\/v2\/media?parent=95"}],"curies":[{"name":"wp","href":"https:\/\/api.w.org\/{rel}","templated":true}]}}