{"id":45,"date":"2022-09-06T18:31:43","date_gmt":"2022-09-06T16:31:43","guid":{"rendered":"https:\/\/blogs.donboscovolunteers.de\/angelinainbolivien\/?page_id=45"},"modified":"2022-09-06T18:31:44","modified_gmt":"2022-09-06T16:31:44","slug":"spenden","status":"publish","type":"page","link":"https:\/\/blogs.donboscovolunteers.de\/angelinainbolivien\/spenden\/","title":{"rendered":"Spenden"},"content":{"rendered":"<h2 class=\"wp-block-heading\">Wie jetzt? Spenden?<\/h2>\n\n\n\n<p>Unser <a href=\"https:\/\/www.donboscovolunteers.de\/\">Freiwilligendienst<\/a> ist Teil des Weltw\u00e4rts-Programmes des Bundesministeriums f\u00fcr wirtschaftliche Zusammenarbeit und Entwicklung, welches junge Erwachsene f\u00f6rdert, die in Entwicklungs &#8211; und Schwellenl\u00e4ndern einen solchen Dienst absolvieren. Dieses Programm deckt 75% der dadurch anfallenden Kosten. Der restliche Anteil wird von den Freiwilligen getragen, die einen pers\u00f6nlichen Unterst\u00fctzerkreis aufbauen, damit die Organisation nicht auf Gelder zur\u00fcckgreifen muss, die eigentlich zur Unterst\u00fctzung der Projekte gedacht sind. Im Schnitt sollte jeder Freiwillige ca. 2.500\u20ac sammeln, wobei die Spenden nach dem Prinzip einer Solidargemeinschaft gesammelt werden, also letztendlich in einem Topf landen. Kommt mehr als der notwendige Betrag zusammen, wird der \u00dcberschuss f\u00fcr die Unterst\u00fctzung der Projekte der <a href=\"https:\/\/www.donboscomission.de\/don-bosco\/erbe\/\">Salesianer Don Boscos<\/a> verwendet, die wir Volont\u00e4re gemeinsam aussuchen werden.<\/p>\n\n\n\n<p>Ich w\u00fcrde mich riesig freuen, wenn auch ihr ein Teil dieses F\u00f6rderkreises werdet und zur Unterst\u00fctzung unserer Projekte eine Spende dalasst! Vielen Dank!<\/p>\n\n\n\n<h2 class=\"wp-block-heading\">Spendenkonto<\/h2>\n\n\n\n<p><a href=\"https:\/\/www.donboscomission.de\/don-bosco\/\">DON BOSCO<\/a> MISSION<\/p>\n\n\n\n<p>LIGA BANK M\u00dcNCHEN<\/p>\n\n\n\n<p>IBAN: DE66 7509 0300 0102 1418 76<\/p>\n\n\n\n<p>BIC: GENODEF1M05<\/p>\n\n\n\n<p>Verwendungszweck: Wallmeyer, Angelina S22VB015<\/p>\n\n\n\n<p>(Einfach Adresse mit angeben, wenn eine Quittung erw\u00fcnscht ist, da die Spende von der Steuer abgesetzt werden kann)<\/p>","protected":false},"excerpt":{"rendered":"<p>Wie jetzt? Spenden? Unser <a href=\"https:\/\/www.donboscovolunteers.de\/\">Freiwilligendienst<\/a> ist Teil des Weltw\u00e4rts-Programmes des Bundesministeriums f\u00fcr wirtschaftliche Zusammenarbeit und Entwicklung, welches junge Erwachsene f\u00f6rdert, die in Entwicklungs &#8211; und Schwellenl\u00e4ndern einen solchen Dienst absolvieren. Dieses Programm deckt 75% der dadurch anfallenden Kosten. Der restliche Anteil wird von den Freiwilligen getragen, die einen pers\u00f6nlichen Unterst\u00fctzerkreis aufbauen, damit die Organisation nicht [&hellip;]<\/p>\n","protected":false},"author":21748,"featured_media":0,"parent":0,"menu_order":0,"comment_status":"closed","ping_status":"closed","template":"","meta":{"footnotes":""},"class_list":["post-45","page","type-page","status-publish","hentry"],"yoast_head":"<!-- This site is optimized with the Yoast SEO plugin v25.3.1 - https:\/\/yoast.com\/wordpress\/plugins\/seo\/ -->\n<title>Spenden - Viva Bolivia!<\/title>\n<meta name=\"robots\" content=\"index, follow, max-snippet:-1, max-image-preview:large, max-video-preview:-1\" \/>\n<link rel=\"canonical\" href=\"https:\/\/blogs.donboscovolunteers.de\/angelinainbolivien\/spenden\/\" \/>\n<meta property=\"og:locale\" content=\"de_DE\" \/>\n<meta property=\"og:type\" content=\"article\" \/>\n<meta property=\"og:title\" content=\"Spenden - Viva Bolivia!\" \/>\n<meta property=\"og:description\" content=\"Wie jetzt? Spenden? Unser Freiwilligendienst ist Teil des Weltw\u00e4rts-Programmes des Bundesministeriums f\u00fcr wirtschaftliche Zusammenarbeit und Entwicklung, welches junge Erwachsene f\u00f6rdert, die in Entwicklungs &#8211; und Schwellenl\u00e4ndern einen solchen Dienst absolvieren. Dieses Programm deckt 75% der dadurch anfallenden Kosten. Der restliche Anteil wird von den Freiwilligen getragen, die einen pers\u00f6nlichen Unterst\u00fctzerkreis aufbauen, damit die Organisation nicht [&hellip;]\" \/>\n<meta property=\"og:url\" content=\"https:\/\/blogs.donboscovolunteers.de\/angelinainbolivien\/spenden\/\" \/>\n<meta property=\"og:site_name\" content=\"Viva Bolivia!\" \/>\n<meta property=\"article:modified_time\" content=\"2022-09-06T16:31:44+00:00\" \/>\n<meta name=\"twitter:card\" content=\"summary_large_image\" \/>\n<meta name=\"twitter:label1\" content=\"Gesch\u00e4tzte Lesezeit\" \/>\n\t<meta name=\"twitter:data1\" content=\"1\u00a0Minute\" \/>\n<script type=\"application\/ld+json\" class=\"yoast-schema-graph\">{\"@context\":\"https:\/\/schema.org\",\"@graph\":[{\"@type\":\"WebPage\",\"@id\":\"https:\/\/blogs.donboscovolunteers.de\/angelinainbolivien\/spenden\/\",\"url\":\"https:\/\/blogs.donboscovolunteers.de\/angelinainbolivien\/spenden\/\",\"name\":\"Spenden - Viva Bolivia!\",\"isPartOf\":{\"@id\":\"https:\/\/blogs.donboscovolunteers.de\/angelinainbolivien\/#website\"},\"datePublished\":\"2022-09-06T16:31:43+00:00\",\"dateModified\":\"2022-09-06T16:31:44+00:00\",\"breadcrumb\":{\"@id\":\"https:\/\/blogs.donboscovolunteers.de\/angelinainbolivien\/spenden\/#breadcrumb\"},\"inLanguage\":\"de\",\"potentialAction\":[{\"@type\":\"ReadAction\",\"target\":[\"https:\/\/blogs.donboscovolunteers.de\/angelinainbolivien\/spenden\/\"]}]},{\"@type\":\"BreadcrumbList\",\"@id\":\"https:\/\/blogs.donboscovolunteers.de\/angelinainbolivien\/spenden\/#breadcrumb\",\"itemListElement\":[{\"@type\":\"ListItem\",\"position\":1,\"name\":\"Startseite\",\"item\":\"https:\/\/blogs.donboscovolunteers.de\/angelinainbolivien\/\"},{\"@type\":\"ListItem\",\"position\":2,\"name\":\"Spenden\"}]},{\"@type\":\"WebSite\",\"@id\":\"https:\/\/blogs.donboscovolunteers.de\/angelinainbolivien\/#website\",\"url\":\"https:\/\/blogs.donboscovolunteers.de\/angelinainbolivien\/\",\"name\":\"Viva Bolivia!\",\"description\":\"Angelina in Bolivien\",\"potentialAction\":[{\"@type\":\"SearchAction\",\"target\":{\"@type\":\"EntryPoint\",\"urlTemplate\":\"https:\/\/blogs.donboscovolunteers.de\/angelinainbolivien\/?s={search_term_string}\"},\"query-input\":{\"@type\":\"PropertyValueSpecification\",\"valueRequired\":true,\"valueName\":\"search_term_string\"}}],\"inLanguage\":\"de\"}]}<\/script>\n<!-- \/ Yoast SEO plugin. -->","yoast_head_json":{"title":"Spenden - Viva Bolivia!","robots":{"index":"index","follow":"follow","max-snippet":"max-snippet:-1","max-image-preview":"max-image-preview:large","max-video-preview":"max-video-preview:-1"},"canonical":"https:\/\/blogs.donboscovolunteers.de\/angelinainbolivien\/spenden\/","og_locale":"de_DE","og_type":"article","og_title":"Spenden - Viva Bolivia!","og_description":"Wie jetzt? Spenden? Unser Freiwilligendienst ist Teil des Weltw\u00e4rts-Programmes des Bundesministeriums f\u00fcr wirtschaftliche Zusammenarbeit und Entwicklung, welches junge Erwachsene f\u00f6rdert, die in Entwicklungs &#8211; und Schwellenl\u00e4ndern einen solchen Dienst absolvieren. Dieses Programm deckt 75% der dadurch anfallenden Kosten. Der restliche Anteil wird von den Freiwilligen getragen, die einen pers\u00f6nlichen Unterst\u00fctzerkreis aufbauen, damit die Organisation nicht [&hellip;]","og_url":"https:\/\/blogs.donboscovolunteers.de\/angelinainbolivien\/spenden\/","og_site_name":"Viva Bolivia!","article_modified_time":"2022-09-06T16:31:44+00:00","twitter_card":"summary_large_image","twitter_misc":{"Gesch\u00e4tzte Lesezeit":"1\u00a0Minute"},"schema":{"@context":"https:\/\/schema.org","@graph":[{"@type":"WebPage","@id":"https:\/\/blogs.donboscovolunteers.de\/angelinainbolivien\/spenden\/","url":"https:\/\/blogs.donboscovolunteers.de\/angelinainbolivien\/spenden\/","name":"Spenden - Viva Bolivia!","isPartOf":{"@id":"https:\/\/blogs.donboscovolunteers.de\/angelinainbolivien\/#website"},"datePublished":"2022-09-06T16:31:43+00:00","dateModified":"2022-09-06T16:31:44+00:00","breadcrumb":{"@id":"https:\/\/blogs.donboscovolunteers.de\/angelinainbolivien\/spenden\/#breadcrumb"},"inLanguage":"de","potentialAction":[{"@type":"ReadAction","target":["https:\/\/blogs.donboscovolunteers.de\/angelinainbolivien\/spenden\/"]}]},{"@type":"BreadcrumbList","@id":"https:\/\/blogs.donboscovolunteers.de\/angelinainbolivien\/spenden\/#breadcrumb","itemListElement":[{"@type":"ListItem","position":1,"name":"Startseite","item":"https:\/\/blogs.donboscovolunteers.de\/angelinainbolivien\/"},{"@type":"ListItem","position":2,"name":"Spenden"}]},{"@type":"WebSite","@id":"https:\/\/blogs.donboscovolunteers.de\/angelinainbolivien\/#website","url":"https:\/\/blogs.donboscovolunteers.de\/angelinainbolivien\/","name":"Viva Bolivia!","description":"Angelina in Bolivien","potentialAction":[{"@type":"SearchAction","target":{"@type":"EntryPoint","urlTemplate":"https:\/\/blogs.donboscovolunteers.de\/angelinainbolivien\/?s={search_term_string}"},"query-input":{"@type":"PropertyValueSpecification","valueRequired":true,"valueName":"search_term_string"}}],"inLanguage":"de"}]}},"_links":{"self":[{"href":"https:\/\/blogs.donboscovolunteers.de\/angelinainbolivien\/wp-json\/wp\/v2\/pages\/45","targetHints":{"allow":["GET"]}}],"collection":[{"href":"https:\/\/blogs.donboscovolunteers.de\/angelinainbolivien\/wp-json\/wp\/v2\/pages"}],"about":[{"href":"https:\/\/blogs.donboscovolunteers.de\/angelinainbolivien\/wp-json\/wp\/v2\/types\/page"}],"author":[{"embeddable":true,"href":"https:\/\/blogs.donboscovolunteers.de\/angelinainbolivien\/wp-json\/wp\/v2\/users\/21748"}],"replies":[{"embeddable":true,"href":"https:\/\/blogs.donboscovolunteers.de\/angelinainbolivien\/wp-json\/wp\/v2\/comments?post=45"}],"version-history":[{"count":1,"href":"https:\/\/blogs.donboscovolunteers.de\/angelinainbolivien\/wp-json\/wp\/v2\/pages\/45\/revisions"}],"predecessor-version":[{"id":46,"href":"https:\/\/blogs.donboscovolunteers.de\/angelinainbolivien\/wp-json\/wp\/v2\/pages\/45\/revisions\/46"}],"wp:attachment":[{"href":"https:\/\/blogs.donboscovolunteers.de\/angelinainbolivien\/wp-json\/wp\/v2\/media?parent=45"}],"curies":[{"name":"wp","href":"https:\/\/api.w.org\/{rel}","templated":true}]}}