{"id":2,"date":"2022-07-04T17:18:52","date_gmt":"2022-07-04T15:18:52","guid":{"rendered":"https:\/\/blogs.donboscovolunteers.de\/angelinainbolivien\/?page_id=2"},"modified":"2022-09-06T17:56:44","modified_gmt":"2022-09-06T15:56:44","slug":"beispiel-seite","status":"publish","type":"page","link":"https:\/\/blogs.donboscovolunteers.de\/angelinainbolivien\/beispiel-seite\/","title":{"rendered":"Das bin ich"},"content":{"rendered":"<div class=\"wp-block-image is-style-default\">\n<figure class=\"alignright size-full is-resized\"><img loading=\"lazy\" decoding=\"async\" src=\"https:\/\/blogs.donboscovolunteers.de\/angelinainbolivien\/wp-content\/uploads\/sites\/21658\/2022\/08\/IMG-20220718-WA0004-1.jpg\" alt=\"\" class=\"wp-image-38\" width=\"199\" height=\"265\" srcset=\"https:\/\/blogs.donboscovolunteers.de\/angelinainbolivien\/wp-content\/uploads\/sites\/21658\/2022\/08\/IMG-20220718-WA0004-1.jpg 960w, https:\/\/blogs.donboscovolunteers.de\/angelinainbolivien\/wp-content\/uploads\/sites\/21658\/2022\/08\/IMG-20220718-WA0004-1-225x300.jpg 225w, https:\/\/blogs.donboscovolunteers.de\/angelinainbolivien\/wp-content\/uploads\/sites\/21658\/2022\/08\/IMG-20220718-WA0004-1-768x1024.jpg 768w, https:\/\/blogs.donboscovolunteers.de\/angelinainbolivien\/wp-content\/uploads\/sites\/21658\/2022\/08\/IMG-20220718-WA0004-1-900x1200.jpg 900w\" sizes=\"auto, (max-width: 199px) 100vw, 199px\" \/><figcaption> <\/figcaption><\/figure>\n<\/div>\n\n\n<p>Hallo Zusammen!<\/p>\n\n\n\n<p>Ich bin Angelina Wallmeyer, bin 18 Jahre alt und komme aus einem kleinen Dorf in der n\u00f6rdlichen Oberpfalz. Dort lebe ich zusammen mit meinen Eltern, meinen zwei j\u00fcngeren Geschwistern und drei Katzen. Zumindest bis jetzt. Denn ab dem 14. September verlege ich meinen Wohnsitz f\u00fcr ein Jahr nach <a href=\"https:\/\/strassenkinder.de\/laender\/lateinamerika\/bolivien-strassenkinderzentrum\/\">Santa Cruz<\/a> de la Sierra, die gr\u00f6\u00dfte Stadt Boliviens. Dort werde ich im &#8222;<a href=\"https:\/\/bolivida.de\/proyecto-don-bosco\/\" target=\"_blank\" rel=\"noreferrer noopener\">Proyecto Don Bosco<\/a>&#8220; mithelfen, ein Projekt, das Kindern und Jugendlichen, deren Leben sich gr\u00f6\u00dftenteils auf der Stra\u00dfe abspielt, die Chance auf ein geregeltes Leben bietet. <\/p>\n\n\n\n<p>Aber mal von vorne: Die Idee, nach dem Abitur ein Jahr ins spanischsprachige Ausland zu gehen, besch\u00e4ftigt mich schon sehr lange. Dabei wollte ich aber mir nicht einfach nur eine sch\u00f6ne Zeit machen, sondern mich auch n\u00fctzlich machen. Hier in Deutschland kann ich von einem guten Bildungssystem profitieren und wurde gl\u00fccklicherweise auch immer von meinen Eltern unterst\u00fctzt. Das ist f\u00fcr mich alles nicht selbstverst\u00e4ndlich und ich m\u00f6chte deshalb gerne etwas von meinen bisherigen Erfahrungen Kindern weitergeben, die dieses Privileg nicht haben. <\/p>\n\n\n\n<p>Also habe ich mich auf die Suche gemacht, wie und wo ich so etwas tun kann. Auf &#8222;<a href=\"https:\/\/www.weltwaerts.de\/de\/startseite.html\" target=\"_blank\" rel=\"noreferrer noopener\">Weltw\u00e4rts<\/a>&#8220; bin ich dann auf die Don Bosco Volonteers gesto\u00dfen und habe mich sehr schnell in die Organisation und deren Projekte verliebt. Denn ich selbst engagiere mich seit Jahren in der kirchlichen Jugendarbeit und habe dort stets ohne es wirklich zu wissen nach Johannes Boscos &#8222;Fr\u00f6hlich sein, Gutes tun und die Spatzen pfeifen lassen&#8220; gehandelt. <\/p>\n\n\n\n<p>Tja und jetzt, fast ein Jahr sp\u00e4ter, geht es los.<\/p>\n\n\n\n<p>Hier auf meinem Blog k\u00f6nnt ihr mich auf mein Abenteuer begleiten. Ich freue mich riesig \u00fcber euer Interesse und auch auf den Austausch mit euch!<\/p>\n\n\n\n<p>Hasta pronto!<\/p>\n\n\n\n<p class=\"has-black-color has-text-color\">Eure Angelina<\/p>","protected":false},"excerpt":{"rendered":"<p>Hallo Zusammen! Ich bin Angelina Wallmeyer, bin 18 Jahre alt und komme aus einem kleinen Dorf in der n\u00f6rdlichen Oberpfalz. Dort lebe ich zusammen mit meinen Eltern, meinen zwei j\u00fcngeren Geschwistern und drei Katzen. Zumindest bis jetzt. Denn ab dem 14. September verlege ich meinen Wohnsitz f\u00fcr ein Jahr nach <a href=\"https:\/\/strassenkinder.de\/laender\/lateinamerika\/bolivien-strassenkinderzentrum\/\">Santa Cruz<\/a> de la Sierra, [&hellip;]<\/p>\n","protected":false},"author":21748,"featured_media":0,"parent":0,"menu_order":0,"comment_status":"closed","ping_status":"open","template":"","meta":{"footnotes":""},"class_list":["post-2","page","type-page","status-publish","hentry"],"yoast_head":"<!-- This site is optimized with the Yoast SEO plugin v25.3.1 - https:\/\/yoast.com\/wordpress\/plugins\/seo\/ -->\n<title>Das bin ich - Viva Bolivia!<\/title>\n<meta name=\"robots\" content=\"index, follow, max-snippet:-1, max-image-preview:large, max-video-preview:-1\" \/>\n<link rel=\"canonical\" href=\"https:\/\/blogs.donboscovolunteers.de\/angelinainbolivien\/beispiel-seite\/\" \/>\n<meta property=\"og:locale\" content=\"de_DE\" \/>\n<meta property=\"og:type\" content=\"article\" \/>\n<meta property=\"og:title\" content=\"Das bin ich - Viva Bolivia!\" \/>\n<meta property=\"og:description\" content=\"Hallo Zusammen! Ich bin Angelina Wallmeyer, bin 18 Jahre alt und komme aus einem kleinen Dorf in der n\u00f6rdlichen Oberpfalz. Dort lebe ich zusammen mit meinen Eltern, meinen zwei j\u00fcngeren Geschwistern und drei Katzen. Zumindest bis jetzt. Denn ab dem 14. September verlege ich meinen Wohnsitz f\u00fcr ein Jahr nach Santa Cruz de la Sierra, [&hellip;]\" \/>\n<meta property=\"og:url\" content=\"https:\/\/blogs.donboscovolunteers.de\/angelinainbolivien\/beispiel-seite\/\" \/>\n<meta property=\"og:site_name\" content=\"Viva Bolivia!\" \/>\n<meta property=\"article:modified_time\" content=\"2022-09-06T15:56:44+00:00\" \/>\n<meta property=\"og:image\" content=\"https:\/\/blogs.donboscovolunteers.de\/angelinainbolivien\/wp-content\/uploads\/sites\/21658\/2022\/08\/IMG-20220718-WA0004-1.jpg\" \/>\n<meta name=\"twitter:card\" content=\"summary_large_image\" \/>\n<meta name=\"twitter:label1\" content=\"Gesch\u00e4tzte Lesezeit\" \/>\n\t<meta name=\"twitter:data1\" content=\"2\u00a0Minuten\" \/>\n<script type=\"application\/ld+json\" class=\"yoast-schema-graph\">{\"@context\":\"https:\/\/schema.org\",\"@graph\":[{\"@type\":\"WebPage\",\"@id\":\"https:\/\/blogs.donboscovolunteers.de\/angelinainbolivien\/beispiel-seite\/\",\"url\":\"https:\/\/blogs.donboscovolunteers.de\/angelinainbolivien\/beispiel-seite\/\",\"name\":\"Das bin ich - Viva Bolivia!\",\"isPartOf\":{\"@id\":\"https:\/\/blogs.donboscovolunteers.de\/angelinainbolivien\/#website\"},\"primaryImageOfPage\":{\"@id\":\"https:\/\/blogs.donboscovolunteers.de\/angelinainbolivien\/beispiel-seite\/#primaryimage\"},\"image\":{\"@id\":\"https:\/\/blogs.donboscovolunteers.de\/angelinainbolivien\/beispiel-seite\/#primaryimage\"},\"thumbnailUrl\":\"https:\/\/blogs.donboscovolunteers.de\/angelinainbolivien\/wp-content\/uploads\/sites\/21658\/2022\/08\/IMG-20220718-WA0004-1.jpg\",\"datePublished\":\"2022-07-04T15:18:52+00:00\",\"dateModified\":\"2022-09-06T15:56:44+00:00\",\"breadcrumb\":{\"@id\":\"https:\/\/blogs.donboscovolunteers.de\/angelinainbolivien\/beispiel-seite\/#breadcrumb\"},\"inLanguage\":\"de\",\"potentialAction\":[{\"@type\":\"ReadAction\",\"target\":[\"https:\/\/blogs.donboscovolunteers.de\/angelinainbolivien\/beispiel-seite\/\"]}]},{\"@type\":\"ImageObject\",\"inLanguage\":\"de\",\"@id\":\"https:\/\/blogs.donboscovolunteers.de\/angelinainbolivien\/beispiel-seite\/#primaryimage\",\"url\":\"https:\/\/blogs.donboscovolunteers.de\/angelinainbolivien\/wp-content\/uploads\/sites\/21658\/2022\/08\/IMG-20220718-WA0004-1.jpg\",\"contentUrl\":\"https:\/\/blogs.donboscovolunteers.de\/angelinainbolivien\/wp-content\/uploads\/sites\/21658\/2022\/08\/IMG-20220718-WA0004-1.jpg\",\"width\":960,\"height\":1280},{\"@type\":\"BreadcrumbList\",\"@id\":\"https:\/\/blogs.donboscovolunteers.de\/angelinainbolivien\/beispiel-seite\/#breadcrumb\",\"itemListElement\":[{\"@type\":\"ListItem\",\"position\":1,\"name\":\"Startseite\",\"item\":\"https:\/\/blogs.donboscovolunteers.de\/angelinainbolivien\/\"},{\"@type\":\"ListItem\",\"position\":2,\"name\":\"Das bin ich\"}]},{\"@type\":\"WebSite\",\"@id\":\"https:\/\/blogs.donboscovolunteers.de\/angelinainbolivien\/#website\",\"url\":\"https:\/\/blogs.donboscovolunteers.de\/angelinainbolivien\/\",\"name\":\"Viva Bolivia!\",\"description\":\"Angelina in Bolivien\",\"potentialAction\":[{\"@type\":\"SearchAction\",\"target\":{\"@type\":\"EntryPoint\",\"urlTemplate\":\"https:\/\/blogs.donboscovolunteers.de\/angelinainbolivien\/?s={search_term_string}\"},\"query-input\":{\"@type\":\"PropertyValueSpecification\",\"valueRequired\":true,\"valueName\":\"search_term_string\"}}],\"inLanguage\":\"de\"}]}<\/script>\n<!-- \/ Yoast SEO plugin. -->","yoast_head_json":{"title":"Das bin ich - Viva Bolivia!","robots":{"index":"index","follow":"follow","max-snippet":"max-snippet:-1","max-image-preview":"max-image-preview:large","max-video-preview":"max-video-preview:-1"},"canonical":"https:\/\/blogs.donboscovolunteers.de\/angelinainbolivien\/beispiel-seite\/","og_locale":"de_DE","og_type":"article","og_title":"Das bin ich - Viva Bolivia!","og_description":"Hallo Zusammen! Ich bin Angelina Wallmeyer, bin 18 Jahre alt und komme aus einem kleinen Dorf in der n\u00f6rdlichen Oberpfalz. Dort lebe ich zusammen mit meinen Eltern, meinen zwei j\u00fcngeren Geschwistern und drei Katzen. Zumindest bis jetzt. Denn ab dem 14. September verlege ich meinen Wohnsitz f\u00fcr ein Jahr nach Santa Cruz de la Sierra, [&hellip;]","og_url":"https:\/\/blogs.donboscovolunteers.de\/angelinainbolivien\/beispiel-seite\/","og_site_name":"Viva Bolivia!","article_modified_time":"2022-09-06T15:56:44+00:00","og_image":[{"url":"https:\/\/blogs.donboscovolunteers.de\/angelinainbolivien\/wp-content\/uploads\/sites\/21658\/2022\/08\/IMG-20220718-WA0004-1.jpg","type":"","width":"","height":""}],"twitter_card":"summary_large_image","twitter_misc":{"Gesch\u00e4tzte Lesezeit":"2\u00a0Minuten"},"schema":{"@context":"https:\/\/schema.org","@graph":[{"@type":"WebPage","@id":"https:\/\/blogs.donboscovolunteers.de\/angelinainbolivien\/beispiel-seite\/","url":"https:\/\/blogs.donboscovolunteers.de\/angelinainbolivien\/beispiel-seite\/","name":"Das bin ich - Viva Bolivia!","isPartOf":{"@id":"https:\/\/blogs.donboscovolunteers.de\/angelinainbolivien\/#website"},"primaryImageOfPage":{"@id":"https:\/\/blogs.donboscovolunteers.de\/angelinainbolivien\/beispiel-seite\/#primaryimage"},"image":{"@id":"https:\/\/blogs.donboscovolunteers.de\/angelinainbolivien\/beispiel-seite\/#primaryimage"},"thumbnailUrl":"https:\/\/blogs.donboscovolunteers.de\/angelinainbolivien\/wp-content\/uploads\/sites\/21658\/2022\/08\/IMG-20220718-WA0004-1.jpg","datePublished":"2022-07-04T15:18:52+00:00","dateModified":"2022-09-06T15:56:44+00:00","breadcrumb":{"@id":"https:\/\/blogs.donboscovolunteers.de\/angelinainbolivien\/beispiel-seite\/#breadcrumb"},"inLanguage":"de","potentialAction":[{"@type":"ReadAction","target":["https:\/\/blogs.donboscovolunteers.de\/angelinainbolivien\/beispiel-seite\/"]}]},{"@type":"ImageObject","inLanguage":"de","@id":"https:\/\/blogs.donboscovolunteers.de\/angelinainbolivien\/beispiel-seite\/#primaryimage","url":"https:\/\/blogs.donboscovolunteers.de\/angelinainbolivien\/wp-content\/uploads\/sites\/21658\/2022\/08\/IMG-20220718-WA0004-1.jpg","contentUrl":"https:\/\/blogs.donboscovolunteers.de\/angelinainbolivien\/wp-content\/uploads\/sites\/21658\/2022\/08\/IMG-20220718-WA0004-1.jpg","width":960,"height":1280},{"@type":"BreadcrumbList","@id":"https:\/\/blogs.donboscovolunteers.de\/angelinainbolivien\/beispiel-seite\/#breadcrumb","itemListElement":[{"@type":"ListItem","position":1,"name":"Startseite","item":"https:\/\/blogs.donboscovolunteers.de\/angelinainbolivien\/"},{"@type":"ListItem","position":2,"name":"Das bin ich"}]},{"@type":"WebSite","@id":"https:\/\/blogs.donboscovolunteers.de\/angelinainbolivien\/#website","url":"https:\/\/blogs.donboscovolunteers.de\/angelinainbolivien\/","name":"Viva Bolivia!","description":"Angelina in Bolivien","potentialAction":[{"@type":"SearchAction","target":{"@type":"EntryPoint","urlTemplate":"https:\/\/blogs.donboscovolunteers.de\/angelinainbolivien\/?s={search_term_string}"},"query-input":{"@type":"PropertyValueSpecification","valueRequired":true,"valueName":"search_term_string"}}],"inLanguage":"de"}]}},"_links":{"self":[{"href":"https:\/\/blogs.donboscovolunteers.de\/angelinainbolivien\/wp-json\/wp\/v2\/pages\/2","targetHints":{"allow":["GET"]}}],"collection":[{"href":"https:\/\/blogs.donboscovolunteers.de\/angelinainbolivien\/wp-json\/wp\/v2\/pages"}],"about":[{"href":"https:\/\/blogs.donboscovolunteers.de\/angelinainbolivien\/wp-json\/wp\/v2\/types\/page"}],"author":[{"embeddable":true,"href":"https:\/\/blogs.donboscovolunteers.de\/angelinainbolivien\/wp-json\/wp\/v2\/users\/21748"}],"replies":[{"embeddable":true,"href":"https:\/\/blogs.donboscovolunteers.de\/angelinainbolivien\/wp-json\/wp\/v2\/comments?post=2"}],"version-history":[{"count":3,"href":"https:\/\/blogs.donboscovolunteers.de\/angelinainbolivien\/wp-json\/wp\/v2\/pages\/2\/revisions"}],"predecessor-version":[{"id":42,"href":"https:\/\/blogs.donboscovolunteers.de\/angelinainbolivien\/wp-json\/wp\/v2\/pages\/2\/revisions\/42"}],"wp:attachment":[{"href":"https:\/\/blogs.donboscovolunteers.de\/angelinainbolivien\/wp-json\/wp\/v2\/media?parent=2"}],"curies":[{"name":"wp","href":"https:\/\/api.w.org\/{rel}","templated":true}]}}