{"id":30,"date":"2023-10-13T09:06:56","date_gmt":"2023-10-13T07:06:56","guid":{"rendered":"https:\/\/blogs.donboscovolunteers.de\/amelieinafrika\/?page_id=30"},"modified":"2024-02-02T12:26:47","modified_gmt":"2024-02-02T11:26:47","slug":"die-ersten-wochen","status":"publish","type":"page","link":"https:\/\/blogs.donboscovolunteers.de\/amelieinafrika\/die-ersten-wochen\/","title":{"rendered":"Die ersten Wochen"},"content":{"rendered":"<p>Halli hallo,<\/p>\n\n\n\n<p>ich habs endlich auch mal geschafft meinen Blog anzufangen yayyy. Helena und ich sind seit gestern einfach schon genau 3 Wochen hier in Mimboman, einem Stadtteil von Yaound\u00e9, der Hauptstadt Kameruns. Und ich muss sagen vor allem die letzten zwei Wochen sind seeehr schnell vergangen, weshalb ich das mit dem Blogschreiben ganz vergessen hatte. Und das mit dem Internet ist hier auch so eine Sache haha, aber momentan klappt&#8217;s \ud83d\ude42<\/p>\n\n\n\n<figure class=\"wp-block-image size-full is-resized\"><img loading=\"lazy\" decoding=\"async\" width=\"1024\" height=\"768\" src=\"https:\/\/blogs.donboscovolunteers.de\/amelieinafrika\/wp-content\/uploads\/sites\/21679\/2023\/10\/4E515CED-BF02-4FEA-8184-470350388C28-L0-001.jpeg\" alt=\"\" class=\"wp-image-46\" style=\"aspect-ratio:1.3333333333333333;width:366px;height:auto\" srcset=\"https:\/\/blogs.donboscovolunteers.de\/amelieinafrika\/wp-content\/uploads\/sites\/21679\/2023\/10\/4E515CED-BF02-4FEA-8184-470350388C28-L0-001.jpeg 1024w, https:\/\/blogs.donboscovolunteers.de\/amelieinafrika\/wp-content\/uploads\/sites\/21679\/2023\/10\/4E515CED-BF02-4FEA-8184-470350388C28-L0-001-300x225.jpeg 300w, https:\/\/blogs.donboscovolunteers.de\/amelieinafrika\/wp-content\/uploads\/sites\/21679\/2023\/10\/4E515CED-BF02-4FEA-8184-470350388C28-L0-001-768x576.jpeg 768w, https:\/\/blogs.donboscovolunteers.de\/amelieinafrika\/wp-content\/uploads\/sites\/21679\/2023\/10\/4E515CED-BF02-4FEA-8184-470350388C28-L0-001-900x675.jpeg 900w\" sizes=\"auto, (max-width: 1024px) 100vw, 1024px\" \/><\/figure>\n\n\n\n<p>Die Abreise von Zuhause f\u00fchlt sich allerdings schon so weit weg an, weil es soo viele neue Eindr\u00fccke hier gab. Helena und ich wohnen hier mit f\u00fcnf P\u00e8res und vier Aspiranten, die ungef\u00e4hr in unserem Alter sind, zusammen. Wir haben uns von Anfang an in der Kommunit\u00e4t wohl gef\u00fchlt, sei es beim gemeinsamen Essen, den Aperitifs am Sonntag und Montag, den Tanzeinlagen, den Spieleabenden oder beim Fu\u00dfballschauen (hier l\u00e4uft sogar Bundesliga!! :)) Auch meine verwirrten und erschreckten Gesichtsausdr\u00fccke, als wir Raupen, Schlangen, Kuhhaut und-zunge, Schweineohren (?) oder andere Leckereien aufgetischt bekommen haben, wurden mit viel Humor genommen. Insgesamt ist das Essen aber echt lecker und vor allem das Obst hier schmeckt einfach supi.<\/p>\n\n\n\n<p>Hier haben wir Kochbananen fritiert. Tipp : mit Ketchup und Mayo schmecken die noch besser.<\/p>\n\n\n<div class=\"wp-block-image\">\n<figure class=\"alignleft size-full is-resized\"><img loading=\"lazy\" decoding=\"async\" width=\"712\" height=\"931\" src=\"https:\/\/blogs.donboscovolunteers.de\/amelieinafrika\/wp-content\/uploads\/sites\/21679\/2023\/10\/E37E963A-6606-40C7-9061-85ABC53423B1-L0-001-1.png\" alt=\"\" class=\"wp-image-53\" style=\"width:298px;height:auto\" srcset=\"https:\/\/blogs.donboscovolunteers.de\/amelieinafrika\/wp-content\/uploads\/sites\/21679\/2023\/10\/E37E963A-6606-40C7-9061-85ABC53423B1-L0-001-1.png 712w, https:\/\/blogs.donboscovolunteers.de\/amelieinafrika\/wp-content\/uploads\/sites\/21679\/2023\/10\/E37E963A-6606-40C7-9061-85ABC53423B1-L0-001-1-229x300.png 229w\" sizes=\"auto, (max-width: 712px) 100vw, 712px\" \/><\/figure>\n<\/div>\n\n<div class=\"wp-block-image\">\n<figure class=\"alignright size-full is-resized\"><img loading=\"lazy\" decoding=\"async\" width=\"768\" height=\"1024\" src=\"https:\/\/blogs.donboscovolunteers.de\/amelieinafrika\/wp-content\/uploads\/sites\/21679\/2024\/02\/8eaf263c-9a96-4ab8-bb9b-a1a6f5e8fedd.jpg\" alt=\"\" class=\"wp-image-128\" style=\"width:252px;height:auto\" srcset=\"https:\/\/blogs.donboscovolunteers.de\/amelieinafrika\/wp-content\/uploads\/sites\/21679\/2024\/02\/8eaf263c-9a96-4ab8-bb9b-a1a6f5e8fedd.jpg 768w, https:\/\/blogs.donboscovolunteers.de\/amelieinafrika\/wp-content\/uploads\/sites\/21679\/2024\/02\/8eaf263c-9a96-4ab8-bb9b-a1a6f5e8fedd-225x300.jpg 225w\" sizes=\"auto, (max-width: 768px) 100vw, 768px\" \/><\/figure>\n<\/div>\n\n\n<p>Au\u00dferdem gibt\u2019s jeden Tag frische\u00a0Papaya teilweise von Papayab\u00e4umen auf unserem Gel\u00e4nde , dazu ein Spritzer Zitrone .<\/p>\n\n\n\n<p><\/p>\n\n\n\n<p><\/p>\n\n\n\n<p><\/p>\n\n\n\n<p>Auf dem Gel\u00e4nde von unserem Projekt befindet sich eine Schule, die von der sechsten bis zur 13. Klasse geht. Da die Schule von 8:00- 16:00 geht, haben wir uns vor allem am Anfang etwas gelangweilt und wussten nicht wirklich, was unsere Aufgabe ist. Die p\u00e8res hatten selber kaum Erfahrungen mit Freiwilligen, sind aber immer offen f\u00fcr unsere Ideen. Vormittags assistieren wir oft im Deutschunterricht, um den Sch\u00fclern zu helfen. In den Pausen verbringen wir auch immer mit den Kindern und Jugendlichen zusammen. Am Anfang wurde man von allen Kindern angeschaut, woran ich mich erstmal gew\u00f6hnen musste. In den drei Wochen sind mir allerdings schon viele Kinder soo ans Herz gewachsen und vor allem die J\u00fcngeren freuen sich immer mega uns zu sehen, begr\u00fc\u00dfen uns mit \u201cGuten Morgen\u201c, unseren Begr\u00fc\u00dfungschecks oder einer Umarmung. Dann spielen wir viel Verschiedenes mit ihnen, sei es Klatschspiele, Seilspringen, oder Ballspiele. Manchmal werden tausend Fragen gestellt oder einfach unsere Haare geflochten. Mit den \u00e4lteren Sch\u00fclern kann man auch mal tiefgr\u00fcndigere Gespr\u00e4che f\u00fchren, was manchmal echt angenehm und interessant ist.<\/p>\n\n\n\n<p>Dadurch, dass es au\u00dferdem ein gro\u00dfes Fu\u00dfballfeld, ein Volleyballfeld, ein Basketballfeld gibt und es f\u00fcr alle zug\u00e4nglich ist, ist hier eigentlich auch nachmittags und am Wochenende immer etwas los und es wird echt nicht langweilig. Oft h\u00f6rt man verschiedene Ch\u00f6re proben oder sieht Jugendliche tanzen. Vielleicht trauen wir uns da auch mal mitzumachen.<\/p>\n\n\n\n<p>Wenn ich drau\u00dfen bin und gerade kein Fu\u00dfball mit den Kindern spiele, wird man meistens von irgendjemandem angequatscht und erf\u00e4hrt die halbe Lebensgeschichte. Da man mit sehr vielen Menschen in Kontakt kommt, haben wir zum Beispiel auch mit dem Basketballcoach besprochen, dass wir mit den ganz kleinen Jungs immer ein paar Spiele im Training spielen und au\u00dferdem zwei Basketballspielern Englischunterricht geben. Den Aspiranten geben wir Englisch- und Musikunterricht und es kommen oft Sch\u00fcler mit ihren Deutsch- oder Englischhausaufgaben zu uns und wir helfen in der Bibliothek ein bisschen.<\/p>\n\n\n\n<p>&nbsp;&nbsp;&nbsp; &nbsp;&nbsp;&nbsp;&nbsp;&nbsp;&nbsp;&nbsp;&nbsp;&nbsp;&nbsp;&nbsp;&nbsp;&nbsp;&nbsp;&nbsp;&nbsp;&nbsp;&nbsp;&nbsp;&nbsp;&nbsp;&nbsp;&nbsp;&nbsp;&nbsp;&nbsp;&nbsp;&nbsp;&nbsp;&nbsp;&nbsp;&nbsp;&nbsp;&nbsp;&nbsp;&nbsp;&nbsp;&nbsp;&nbsp;&nbsp;&nbsp;&nbsp;&nbsp;&nbsp;&nbsp;&nbsp;&nbsp;&nbsp;&nbsp;&nbsp;&nbsp;&nbsp;&nbsp;&nbsp;&nbsp;&nbsp;&nbsp;&nbsp;&nbsp;&nbsp;&nbsp;&nbsp;&nbsp;&nbsp;&nbsp;&nbsp;&nbsp;&nbsp;&nbsp;&nbsp;&nbsp;&nbsp;&nbsp;&nbsp;&nbsp;&nbsp;&nbsp;&nbsp;&nbsp;&nbsp;&nbsp;&nbsp;&nbsp;&nbsp;&nbsp;&nbsp;&nbsp;&nbsp;&nbsp;&nbsp;&nbsp;&nbsp;&nbsp;&nbsp;&nbsp;&nbsp;&nbsp;&nbsp;&nbsp;&nbsp;&nbsp;&nbsp;&nbsp;&nbsp;&nbsp;&nbsp;&nbsp;&nbsp;&nbsp;&nbsp;&nbsp;&nbsp;&nbsp;&nbsp;&nbsp;&nbsp;&nbsp;&nbsp;&nbsp;&nbsp;&nbsp;&nbsp; &nbsp;&nbsp;&nbsp;&nbsp;&nbsp;&nbsp;&nbsp;&nbsp;&nbsp;&nbsp;&nbsp;&nbsp;&nbsp;&nbsp;&nbsp;&nbsp;&nbsp;&nbsp;&nbsp;&nbsp;&nbsp;&nbsp;&nbsp;&nbsp;&nbsp;&nbsp;&nbsp;&nbsp;&nbsp;&nbsp;&nbsp;&nbsp;&nbsp;<\/p>\n\n\n\n<p>Eine Kirche und eine Kapelle befinden sich ebenfalls auf dem Gel\u00e4nde. Hier ist jeden Morgen um 5:30 Uhr Meditation und um 6:00 Uhr Messe. Ich versteh immer noch nicht, wie die Leute das hier machen, ein paar stehen sogar schon um 4:00 Uhr auf. Ich leide hier n\u00e4mlich sehr unter Schlafmangel, was sich auch ab und zu auf meine Laune auswirkt. Aber zum Gl\u00fcck gibt\u2019s ja Kaffee und meistens Mittagsschlaf\ud83d\ude0aUnd die Musik in der Kirche ist auch immer sch\u00f6\u00f6n und man kann mal abschalten.<\/p>\n\n\n\n<p>Und Thema Wetter, wer mich kennt wei\u00df, dass ich sehr sehr schnell schwitze und ihr k\u00f6nnt euch vorstellen, wie oft ich hier am Tag meine Klamotten wechseln muss.&nbsp; Dadurch, dass aber momentan Regenzeit ist, ist es manchmal echt angenehm und morgens hab ich zum Beispiel auch mal einen Pulli an haha. Daf\u00fcr gibt\u2019s leider echt viele M\u00fccken hier und allein in den letzten zwei Wochen hatten zwei aus unserem Haus Malaria und ich hatte auf jeden Fall auch schon mehrere Stiche. Also dr\u00fcckt mir mal die Daumen, dass ich es nicht bekomme.<\/p>\n\n\n\n<p>Was uns momentan noch etwas st\u00f6rt ist, dass es relativ schwer ist rauszukommen, da unser Viertel nicht ganz so sicher ist und relativ weit von der Innenstadt entfernt ist.<\/p>\n\n\n\n<p>Trotzdem haben wir mit den p\u00e8res oder Aspiranten schon mehrere Sachen unternommen. Letzte Woche waren wir zum Beispiel auf einem gro\u00dfen Markt und in der Innenstadt. Das war beides sehr&nbsp;interessant und spannend, allerdings haben wir auch einige Heiratsantr\u00e4ge bekommen und wir wurden eigentlich durchg\u00e4ngig von allen Seiten angesprochen oder es wurde nach uns gerufen. Das war nach einer Zeit echt anstrengend und ich hab mich nicht immer ganz so wohl gef\u00fchlt.<\/p>\n\n\n\n<p>Ansonsten haben wir mal einen Spaziergang in unserem Viertel gemacht oder sind mit dem Mototaxi zum Supermarkt gefahren. Ist zwar nicht immer ganz ungef\u00e4hrlich, aber macht Spa\u00df. Wir waren auch in einem anderen Viertel, in dem auch ein Oratorium war.<\/p>\n\n\n\n<p>An einem Tag waren wir auf einem Berg. Das war glaub ich mein Highlight bis jetzt, weil alles so sch\u00f6n gr\u00fcn war und der Ausblick soo sch\u00f6n war. Dann gabs noch einen Regenbogen und sp\u00e4ter so einen tollen Sonnenuntergang. &nbsp;Insgesamt ist die Natur echt bewundernswert hier und es wachsen so viele coole Fr\u00fcchte wie Papaya, Kokosn\u00fcsse, Kakaobohnen, Wassermelonen, Kochbananen, Avocados, Zitronen, was wir alle schon probieren durften.<\/p>\n\n\n\n<div class=\"wp-block-media-text has-media-on-the-right is-stacked-on-mobile\" style=\"grid-template-columns:auto 17%\"><div class=\"wp-block-media-text__content\">\n<p>Der Blick von der Terrasse mit einem Papayabaum und der Ausblick auf die Stadt.<\/p>\n\n\n<div class=\"wp-block-image\">\n<figure class=\"alignright size-full is-resized\"><img loading=\"lazy\" decoding=\"async\" width=\"768\" height=\"1024\" src=\"https:\/\/blogs.donboscovolunteers.de\/amelieinafrika\/wp-content\/uploads\/sites\/21679\/2024\/02\/95815d5e-6d22-4669-8b80-9ea2cc6e4113.jpg\" alt=\"\" class=\"wp-image-129\" style=\"width:161px;height:auto\" srcset=\"https:\/\/blogs.donboscovolunteers.de\/amelieinafrika\/wp-content\/uploads\/sites\/21679\/2024\/02\/95815d5e-6d22-4669-8b80-9ea2cc6e4113.jpg 768w, https:\/\/blogs.donboscovolunteers.de\/amelieinafrika\/wp-content\/uploads\/sites\/21679\/2024\/02\/95815d5e-6d22-4669-8b80-9ea2cc6e4113-225x300.jpg 225w\" sizes=\"auto, (max-width: 768px) 100vw, 768px\" \/><\/figure>\n<\/div>\n\n\n<figure class=\"wp-block-image size-large is-resized\"><img loading=\"lazy\" decoding=\"async\" width=\"1024\" height=\"473\" src=\"https:\/\/blogs.donboscovolunteers.de\/amelieinafrika\/wp-content\/uploads\/sites\/21679\/2023\/10\/8AFDE5FF-D72C-4848-8376-602E1F8C63A6-L0-001-1024x473.jpeg\" alt=\"\" class=\"wp-image-48\" style=\"width:401px;height:auto\" srcset=\"https:\/\/blogs.donboscovolunteers.de\/amelieinafrika\/wp-content\/uploads\/sites\/21679\/2023\/10\/8AFDE5FF-D72C-4848-8376-602E1F8C63A6-L0-001-1024x473.jpeg 1024w, https:\/\/blogs.donboscovolunteers.de\/amelieinafrika\/wp-content\/uploads\/sites\/21679\/2023\/10\/8AFDE5FF-D72C-4848-8376-602E1F8C63A6-L0-001-300x139.jpeg 300w, https:\/\/blogs.donboscovolunteers.de\/amelieinafrika\/wp-content\/uploads\/sites\/21679\/2023\/10\/8AFDE5FF-D72C-4848-8376-602E1F8C63A6-L0-001-768x355.jpeg 768w, https:\/\/blogs.donboscovolunteers.de\/amelieinafrika\/wp-content\/uploads\/sites\/21679\/2023\/10\/8AFDE5FF-D72C-4848-8376-602E1F8C63A6-L0-001-900x416.jpeg 900w, https:\/\/blogs.donboscovolunteers.de\/amelieinafrika\/wp-content\/uploads\/sites\/21679\/2023\/10\/8AFDE5FF-D72C-4848-8376-602E1F8C63A6-L0-001.jpeg 1032w\" sizes=\"auto, (max-width: 1024px) 100vw, 1024px\" \/><\/figure>\n<\/div><figure class=\"wp-block-media-text__media\"><img decoding=\"async\" src=\"https:\/\/blogs.donboscovolunteers.de\/amelieinafrika\/wp-content\/uploads\/sites\/21679\/2023\/10\/3CA0441E-121D-4CC1-AE86-F517410CBEFD-L0-001-768x1024.png\" alt=\"\" class=\"wp-image-47 size-full\" \/><\/figure><\/div>\n\n\n\n<p>Ich bin auf jeden Fall gespannt, was wir noch alles vom Land sehen und von der Kultur kennenlernen. Denn Reisen ist hier f\u00fcr uns alleine leider nicht so sicher, aber es ergibt sich bestimmt noch etwas. Mal schauen, wann ich wieder dazu komme zu schreiben aber hoffentlich \u00e0 bient\u00f4t.<\/p>","protected":false},"excerpt":{"rendered":"<p>Halli hallo, ich habs endlich auch mal geschafft meinen Blog anzufangen yayyy. Helena und ich sind seit gestern einfach schon genau 3 Wochen hier in Mimboman, einem Stadtteil von Yaound\u00e9, der Hauptstadt Kameruns. Und ich muss sagen vor allem die letzten zwei Wochen sind seeehr schnell vergangen, weshalb ich das mit dem Blogschreiben ganz vergessen [&hellip;]<\/p>\n","protected":false},"author":21785,"featured_media":0,"parent":0,"menu_order":0,"comment_status":"closed","ping_status":"closed","template":"","meta":{"footnotes":""},"class_list":["post-30","page","type-page","status-publish","hentry"],"yoast_head":"<!-- This site is optimized with the Yoast SEO plugin v25.3.1 - https:\/\/yoast.com\/wordpress\/plugins\/seo\/ -->\n<title>Die ersten Wochen - Am\u00e9lie in Kamerun<\/title>\n<meta name=\"robots\" content=\"index, follow, max-snippet:-1, max-image-preview:large, max-video-preview:-1\" \/>\n<link rel=\"canonical\" href=\"https:\/\/blogs.donboscovolunteers.de\/amelieinafrika\/die-ersten-wochen\/\" \/>\n<meta property=\"og:locale\" content=\"de_DE\" \/>\n<meta property=\"og:type\" content=\"article\" \/>\n<meta property=\"og:title\" content=\"Die ersten Wochen - Am\u00e9lie in Kamerun\" \/>\n<meta property=\"og:description\" content=\"Halli hallo, ich habs endlich auch mal geschafft meinen Blog anzufangen yayyy. Helena und ich sind seit gestern einfach schon genau 3 Wochen hier in Mimboman, einem Stadtteil von Yaound\u00e9, der Hauptstadt Kameruns. Und ich muss sagen vor allem die letzten zwei Wochen sind seeehr schnell vergangen, weshalb ich das mit dem Blogschreiben ganz vergessen [&hellip;]\" \/>\n<meta property=\"og:url\" content=\"https:\/\/blogs.donboscovolunteers.de\/amelieinafrika\/die-ersten-wochen\/\" \/>\n<meta property=\"og:site_name\" content=\"Am\u00e9lie in Kamerun\" \/>\n<meta property=\"article:modified_time\" content=\"2024-02-02T11:26:47+00:00\" \/>\n<meta property=\"og:image\" content=\"https:\/\/blogs.donboscovolunteers.de\/amelieinafrika\/wp-content\/uploads\/sites\/21679\/2023\/10\/4E515CED-BF02-4FEA-8184-470350388C28-L0-001.jpeg\" \/>\n<meta name=\"twitter:card\" content=\"summary_large_image\" \/>\n<meta name=\"twitter:label1\" content=\"Gesch\u00e4tzte Lesezeit\" \/>\n\t<meta name=\"twitter:data1\" content=\"7\u00a0Minuten\" \/>\n<script type=\"application\/ld+json\" class=\"yoast-schema-graph\">{\"@context\":\"https:\/\/schema.org\",\"@graph\":[{\"@type\":\"WebPage\",\"@id\":\"https:\/\/blogs.donboscovolunteers.de\/amelieinafrika\/die-ersten-wochen\/\",\"url\":\"https:\/\/blogs.donboscovolunteers.de\/amelieinafrika\/die-ersten-wochen\/\",\"name\":\"Die ersten Wochen - Am\u00e9lie in Kamerun\",\"isPartOf\":{\"@id\":\"https:\/\/blogs.donboscovolunteers.de\/amelieinafrika\/#website\"},\"primaryImageOfPage\":{\"@id\":\"https:\/\/blogs.donboscovolunteers.de\/amelieinafrika\/die-ersten-wochen\/#primaryimage\"},\"image\":{\"@id\":\"https:\/\/blogs.donboscovolunteers.de\/amelieinafrika\/die-ersten-wochen\/#primaryimage\"},\"thumbnailUrl\":\"https:\/\/blogs.donboscovolunteers.de\/amelieinafrika\/wp-content\/uploads\/sites\/21679\/2023\/10\/4E515CED-BF02-4FEA-8184-470350388C28-L0-001.jpeg\",\"datePublished\":\"2023-10-13T07:06:56+00:00\",\"dateModified\":\"2024-02-02T11:26:47+00:00\",\"breadcrumb\":{\"@id\":\"https:\/\/blogs.donboscovolunteers.de\/amelieinafrika\/die-ersten-wochen\/#breadcrumb\"},\"inLanguage\":\"de\",\"potentialAction\":[{\"@type\":\"ReadAction\",\"target\":[\"https:\/\/blogs.donboscovolunteers.de\/amelieinafrika\/die-ersten-wochen\/\"]}]},{\"@type\":\"ImageObject\",\"inLanguage\":\"de\",\"@id\":\"https:\/\/blogs.donboscovolunteers.de\/amelieinafrika\/die-ersten-wochen\/#primaryimage\",\"url\":\"https:\/\/blogs.donboscovolunteers.de\/amelieinafrika\/wp-content\/uploads\/sites\/21679\/2023\/10\/4E515CED-BF02-4FEA-8184-470350388C28-L0-001.jpeg\",\"contentUrl\":\"https:\/\/blogs.donboscovolunteers.de\/amelieinafrika\/wp-content\/uploads\/sites\/21679\/2023\/10\/4E515CED-BF02-4FEA-8184-470350388C28-L0-001.jpeg\",\"width\":1024,\"height\":768},{\"@type\":\"BreadcrumbList\",\"@id\":\"https:\/\/blogs.donboscovolunteers.de\/amelieinafrika\/die-ersten-wochen\/#breadcrumb\",\"itemListElement\":[{\"@type\":\"ListItem\",\"position\":1,\"name\":\"Startseite\",\"item\":\"https:\/\/blogs.donboscovolunteers.de\/amelieinafrika\/\"},{\"@type\":\"ListItem\",\"position\":2,\"name\":\"Die ersten Wochen\"}]},{\"@type\":\"WebSite\",\"@id\":\"https:\/\/blogs.donboscovolunteers.de\/amelieinafrika\/#website\",\"url\":\"https:\/\/blogs.donboscovolunteers.de\/amelieinafrika\/\",\"name\":\"Am\u00e9lie in Kamerun\",\"description\":\"\",\"potentialAction\":[{\"@type\":\"SearchAction\",\"target\":{\"@type\":\"EntryPoint\",\"urlTemplate\":\"https:\/\/blogs.donboscovolunteers.de\/amelieinafrika\/?s={search_term_string}\"},\"query-input\":{\"@type\":\"PropertyValueSpecification\",\"valueRequired\":true,\"valueName\":\"search_term_string\"}}],\"inLanguage\":\"de\"}]}<\/script>\n<!-- \/ Yoast SEO plugin. -->","yoast_head_json":{"title":"Die ersten Wochen - Am\u00e9lie in Kamerun","robots":{"index":"index","follow":"follow","max-snippet":"max-snippet:-1","max-image-preview":"max-image-preview:large","max-video-preview":"max-video-preview:-1"},"canonical":"https:\/\/blogs.donboscovolunteers.de\/amelieinafrika\/die-ersten-wochen\/","og_locale":"de_DE","og_type":"article","og_title":"Die ersten Wochen - Am\u00e9lie in Kamerun","og_description":"Halli hallo, ich habs endlich auch mal geschafft meinen Blog anzufangen yayyy. Helena und ich sind seit gestern einfach schon genau 3 Wochen hier in Mimboman, einem Stadtteil von Yaound\u00e9, der Hauptstadt Kameruns. Und ich muss sagen vor allem die letzten zwei Wochen sind seeehr schnell vergangen, weshalb ich das mit dem Blogschreiben ganz vergessen [&hellip;]","og_url":"https:\/\/blogs.donboscovolunteers.de\/amelieinafrika\/die-ersten-wochen\/","og_site_name":"Am\u00e9lie in Kamerun","article_modified_time":"2024-02-02T11:26:47+00:00","og_image":[{"url":"https:\/\/blogs.donboscovolunteers.de\/amelieinafrika\/wp-content\/uploads\/sites\/21679\/2023\/10\/4E515CED-BF02-4FEA-8184-470350388C28-L0-001.jpeg","type":"","width":"","height":""}],"twitter_card":"summary_large_image","twitter_misc":{"Gesch\u00e4tzte Lesezeit":"7\u00a0Minuten"},"schema":{"@context":"https:\/\/schema.org","@graph":[{"@type":"WebPage","@id":"https:\/\/blogs.donboscovolunteers.de\/amelieinafrika\/die-ersten-wochen\/","url":"https:\/\/blogs.donboscovolunteers.de\/amelieinafrika\/die-ersten-wochen\/","name":"Die ersten Wochen - Am\u00e9lie in Kamerun","isPartOf":{"@id":"https:\/\/blogs.donboscovolunteers.de\/amelieinafrika\/#website"},"primaryImageOfPage":{"@id":"https:\/\/blogs.donboscovolunteers.de\/amelieinafrika\/die-ersten-wochen\/#primaryimage"},"image":{"@id":"https:\/\/blogs.donboscovolunteers.de\/amelieinafrika\/die-ersten-wochen\/#primaryimage"},"thumbnailUrl":"https:\/\/blogs.donboscovolunteers.de\/amelieinafrika\/wp-content\/uploads\/sites\/21679\/2023\/10\/4E515CED-BF02-4FEA-8184-470350388C28-L0-001.jpeg","datePublished":"2023-10-13T07:06:56+00:00","dateModified":"2024-02-02T11:26:47+00:00","breadcrumb":{"@id":"https:\/\/blogs.donboscovolunteers.de\/amelieinafrika\/die-ersten-wochen\/#breadcrumb"},"inLanguage":"de","potentialAction":[{"@type":"ReadAction","target":["https:\/\/blogs.donboscovolunteers.de\/amelieinafrika\/die-ersten-wochen\/"]}]},{"@type":"ImageObject","inLanguage":"de","@id":"https:\/\/blogs.donboscovolunteers.de\/amelieinafrika\/die-ersten-wochen\/#primaryimage","url":"https:\/\/blogs.donboscovolunteers.de\/amelieinafrika\/wp-content\/uploads\/sites\/21679\/2023\/10\/4E515CED-BF02-4FEA-8184-470350388C28-L0-001.jpeg","contentUrl":"https:\/\/blogs.donboscovolunteers.de\/amelieinafrika\/wp-content\/uploads\/sites\/21679\/2023\/10\/4E515CED-BF02-4FEA-8184-470350388C28-L0-001.jpeg","width":1024,"height":768},{"@type":"BreadcrumbList","@id":"https:\/\/blogs.donboscovolunteers.de\/amelieinafrika\/die-ersten-wochen\/#breadcrumb","itemListElement":[{"@type":"ListItem","position":1,"name":"Startseite","item":"https:\/\/blogs.donboscovolunteers.de\/amelieinafrika\/"},{"@type":"ListItem","position":2,"name":"Die ersten Wochen"}]},{"@type":"WebSite","@id":"https:\/\/blogs.donboscovolunteers.de\/amelieinafrika\/#website","url":"https:\/\/blogs.donboscovolunteers.de\/amelieinafrika\/","name":"Am\u00e9lie in Kamerun","description":"","potentialAction":[{"@type":"SearchAction","target":{"@type":"EntryPoint","urlTemplate":"https:\/\/blogs.donboscovolunteers.de\/amelieinafrika\/?s={search_term_string}"},"query-input":{"@type":"PropertyValueSpecification","valueRequired":true,"valueName":"search_term_string"}}],"inLanguage":"de"}]}},"_links":{"self":[{"href":"https:\/\/blogs.donboscovolunteers.de\/amelieinafrika\/wp-json\/wp\/v2\/pages\/30","targetHints":{"allow":["GET"]}}],"collection":[{"href":"https:\/\/blogs.donboscovolunteers.de\/amelieinafrika\/wp-json\/wp\/v2\/pages"}],"about":[{"href":"https:\/\/blogs.donboscovolunteers.de\/amelieinafrika\/wp-json\/wp\/v2\/types\/page"}],"author":[{"embeddable":true,"href":"https:\/\/blogs.donboscovolunteers.de\/amelieinafrika\/wp-json\/wp\/v2\/users\/21785"}],"replies":[{"embeddable":true,"href":"https:\/\/blogs.donboscovolunteers.de\/amelieinafrika\/wp-json\/wp\/v2\/comments?post=30"}],"version-history":[{"count":9,"href":"https:\/\/blogs.donboscovolunteers.de\/amelieinafrika\/wp-json\/wp\/v2\/pages\/30\/revisions"}],"predecessor-version":[{"id":130,"href":"https:\/\/blogs.donboscovolunteers.de\/amelieinafrika\/wp-json\/wp\/v2\/pages\/30\/revisions\/130"}],"wp:attachment":[{"href":"https:\/\/blogs.donboscovolunteers.de\/amelieinafrika\/wp-json\/wp\/v2\/media?parent=30"}],"curies":[{"name":"wp","href":"https:\/\/api.w.org\/{rel}","templated":true}]}}