{"id":25,"date":"2023-10-10T16:14:53","date_gmt":"2023-10-10T14:14:53","guid":{"rendered":"https:\/\/blogs.donboscovolunteers.de\/amelieinafrika\/?page_id=25"},"modified":"2023-10-13T09:10:09","modified_gmt":"2023-10-13T07:10:09","slug":"ueber-mich","status":"publish","type":"page","link":"https:\/\/blogs.donboscovolunteers.de\/amelieinafrika\/ueber-mich\/","title":{"rendered":"\u00fcber mich"},"content":{"rendered":"<p>Hall\u00f6chen,<\/p>\n\n\n\n<p>sehr lieb, dass du bei meinem Blog vorbeischaust. Ich bin Am\u00e9lie Burger und zur Zeit mit <a href=\"https:\/\/www.donboscomission.de\/don-bosco\/\">Don Bosco<\/a> Volunteers in Kamerun. Im Juni diesen Jahres habe ich in Wiesbaden, mein Abitur gemacht und da f\u00fcr mich klar war, dass ich erstmal eine Pause vom ganzen Lernen brauche, habe ich mich daf\u00fcr entschieden einen <a href=\"https:\/\/www.donboscovolunteers.de\/\">Freiwilligendienst<\/a> zu machen.<\/p>\n\n\n\n<p>Meine gesamte Kindheit habe ich mit meiner Familie (meinen Eltern und meinen 3 Geschwistern) in Auringen, einem kleinen Vorort Wiesbadens gelebt. <\/p>\n\n\n\n<p>In meiner Freizeit mache ich gerne viel Sport, sei es Fu\u00dfball, Hockey, Yoga, Laufen oder workouts. Ich verbringe gerne Zeit mit meiner Familie und meinen Freunden und bin immer offen f\u00fcr neue Karten oder Gesellschaftsspiele \ud83d\ude09 Au\u00dferdem habe ich w\u00e4hrend der Schulzeit Kontrabass in unserem Schulorchester, sowie in unserer Kirchenband gespielt. Auch wenn ich nicht die Kreativste bin, k\u00f6nnte ich stundenlang in meinem Zimmer sitzen Armb\u00e4nder und Ketten machen oder h\u00e4keln und dazu Musik oder Podcast h\u00f6ren. Das werde ich hoffentlich mit den Kindern und Jugendlichen hier auch sehr viel tun \ud83d\ude42<\/p>\n\n\n\n<p>F\u00fcr den Freiwilligendienst wurden wir in drei Seminaren mit den anderen Freiwilligen unserer Organisation vorbereitet. Dort haben wir \u00fcber wichtige Themen, wie Pr\u00e4vention, Kolonialismus, Rassismus, mentale und k\u00f6rperliche Gesundheit&#8230; geredet. Der Spa\u00df kam aber nat\u00fcrlich auch nicht zu kurz und wir sind als Gruppe nach dieser Zeit echt zusammengewachsen. Ich freu mich jetzt schon alle sp\u00e4testens beim R\u00fcckkehrseminar wiederzusehen !<\/p>\n\n\n\n<p>Auch, wenn ich es wahrscheinlich nicht oft schaffen werde zu schreiben, freue ich mich euch einen kleinen Einblick in mein Jahr zugeben.<\/p>\n\n\n\n<figure class=\"wp-block-gallery has-nested-images columns-default is-cropped wp-block-gallery-1 is-layout-flex wp-block-gallery-is-layout-flex\"><\/figure>\n\n\n\n<p><\/p>","protected":false},"excerpt":{"rendered":"<p>Hall\u00f6chen, sehr lieb, dass du bei meinem Blog vorbeischaust. Ich bin Am\u00e9lie Burger und zur Zeit mit <a href=\"https:\/\/www.donboscomission.de\/don-bosco\/\">Don Bosco<\/a> Volunteers in Kamerun. Im Juni diesen Jahres habe ich in Wiesbaden, mein Abitur gemacht und da f\u00fcr mich klar war, dass ich erstmal eine Pause vom ganzen Lernen brauche, habe ich mich daf\u00fcr entschieden einen <a href=\"https:\/\/www.donboscovolunteers.de\/\">Freiwilligendienst<\/a> [&hellip;]<\/p>\n","protected":false},"author":21785,"featured_media":0,"parent":0,"menu_order":0,"comment_status":"closed","ping_status":"closed","template":"","meta":{"footnotes":""},"class_list":["post-25","page","type-page","status-publish","hentry"],"yoast_head":"<!-- This site is optimized with the Yoast SEO plugin v25.3.1 - https:\/\/yoast.com\/wordpress\/plugins\/seo\/ -->\n<title>\u00fcber mich - Am\u00e9lie in Kamerun<\/title>\n<meta name=\"robots\" content=\"index, follow, max-snippet:-1, max-image-preview:large, max-video-preview:-1\" \/>\n<link rel=\"canonical\" href=\"https:\/\/blogs.donboscovolunteers.de\/amelieinafrika\/ueber-mich\/\" \/>\n<meta property=\"og:locale\" content=\"de_DE\" \/>\n<meta property=\"og:type\" content=\"article\" \/>\n<meta property=\"og:title\" content=\"\u00fcber mich - Am\u00e9lie in Kamerun\" \/>\n<meta property=\"og:description\" content=\"Hall\u00f6chen, sehr lieb, dass du bei meinem Blog vorbeischaust. Ich bin Am\u00e9lie Burger und zur Zeit mit Don Bosco Volunteers in Kamerun. Im Juni diesen Jahres habe ich in Wiesbaden, mein Abitur gemacht und da f\u00fcr mich klar war, dass ich erstmal eine Pause vom ganzen Lernen brauche, habe ich mich daf\u00fcr entschieden einen Freiwilligendienst [&hellip;]\" \/>\n<meta property=\"og:url\" content=\"https:\/\/blogs.donboscovolunteers.de\/amelieinafrika\/ueber-mich\/\" \/>\n<meta property=\"og:site_name\" content=\"Am\u00e9lie in Kamerun\" \/>\n<meta property=\"article:modified_time\" content=\"2023-10-13T07:10:09+00:00\" \/>\n<meta name=\"twitter:card\" content=\"summary_large_image\" \/>\n<meta name=\"twitter:label1\" content=\"Gesch\u00e4tzte Lesezeit\" \/>\n\t<meta name=\"twitter:data1\" content=\"1\u00a0Minute\" \/>\n<script type=\"application\/ld+json\" class=\"yoast-schema-graph\">{\"@context\":\"https:\/\/schema.org\",\"@graph\":[{\"@type\":\"WebPage\",\"@id\":\"https:\/\/blogs.donboscovolunteers.de\/amelieinafrika\/ueber-mich\/\",\"url\":\"https:\/\/blogs.donboscovolunteers.de\/amelieinafrika\/ueber-mich\/\",\"name\":\"\u00fcber mich - Am\u00e9lie in Kamerun\",\"isPartOf\":{\"@id\":\"https:\/\/blogs.donboscovolunteers.de\/amelieinafrika\/#website\"},\"datePublished\":\"2023-10-10T14:14:53+00:00\",\"dateModified\":\"2023-10-13T07:10:09+00:00\",\"breadcrumb\":{\"@id\":\"https:\/\/blogs.donboscovolunteers.de\/amelieinafrika\/ueber-mich\/#breadcrumb\"},\"inLanguage\":\"de\",\"potentialAction\":[{\"@type\":\"ReadAction\",\"target\":[\"https:\/\/blogs.donboscovolunteers.de\/amelieinafrika\/ueber-mich\/\"]}]},{\"@type\":\"BreadcrumbList\",\"@id\":\"https:\/\/blogs.donboscovolunteers.de\/amelieinafrika\/ueber-mich\/#breadcrumb\",\"itemListElement\":[{\"@type\":\"ListItem\",\"position\":1,\"name\":\"Startseite\",\"item\":\"https:\/\/blogs.donboscovolunteers.de\/amelieinafrika\/\"},{\"@type\":\"ListItem\",\"position\":2,\"name\":\"\u00fcber mich\"}]},{\"@type\":\"WebSite\",\"@id\":\"https:\/\/blogs.donboscovolunteers.de\/amelieinafrika\/#website\",\"url\":\"https:\/\/blogs.donboscovolunteers.de\/amelieinafrika\/\",\"name\":\"Am\u00e9lie in Kamerun\",\"description\":\"\",\"potentialAction\":[{\"@type\":\"SearchAction\",\"target\":{\"@type\":\"EntryPoint\",\"urlTemplate\":\"https:\/\/blogs.donboscovolunteers.de\/amelieinafrika\/?s={search_term_string}\"},\"query-input\":{\"@type\":\"PropertyValueSpecification\",\"valueRequired\":true,\"valueName\":\"search_term_string\"}}],\"inLanguage\":\"de\"}]}<\/script>\n<!-- \/ Yoast SEO plugin. -->","yoast_head_json":{"title":"\u00fcber mich - Am\u00e9lie in Kamerun","robots":{"index":"index","follow":"follow","max-snippet":"max-snippet:-1","max-image-preview":"max-image-preview:large","max-video-preview":"max-video-preview:-1"},"canonical":"https:\/\/blogs.donboscovolunteers.de\/amelieinafrika\/ueber-mich\/","og_locale":"de_DE","og_type":"article","og_title":"\u00fcber mich - Am\u00e9lie in Kamerun","og_description":"Hall\u00f6chen, sehr lieb, dass du bei meinem Blog vorbeischaust. Ich bin Am\u00e9lie Burger und zur Zeit mit Don Bosco Volunteers in Kamerun. Im Juni diesen Jahres habe ich in Wiesbaden, mein Abitur gemacht und da f\u00fcr mich klar war, dass ich erstmal eine Pause vom ganzen Lernen brauche, habe ich mich daf\u00fcr entschieden einen Freiwilligendienst [&hellip;]","og_url":"https:\/\/blogs.donboscovolunteers.de\/amelieinafrika\/ueber-mich\/","og_site_name":"Am\u00e9lie in Kamerun","article_modified_time":"2023-10-13T07:10:09+00:00","twitter_card":"summary_large_image","twitter_misc":{"Gesch\u00e4tzte Lesezeit":"1\u00a0Minute"},"schema":{"@context":"https:\/\/schema.org","@graph":[{"@type":"WebPage","@id":"https:\/\/blogs.donboscovolunteers.de\/amelieinafrika\/ueber-mich\/","url":"https:\/\/blogs.donboscovolunteers.de\/amelieinafrika\/ueber-mich\/","name":"\u00fcber mich - Am\u00e9lie in Kamerun","isPartOf":{"@id":"https:\/\/blogs.donboscovolunteers.de\/amelieinafrika\/#website"},"datePublished":"2023-10-10T14:14:53+00:00","dateModified":"2023-10-13T07:10:09+00:00","breadcrumb":{"@id":"https:\/\/blogs.donboscovolunteers.de\/amelieinafrika\/ueber-mich\/#breadcrumb"},"inLanguage":"de","potentialAction":[{"@type":"ReadAction","target":["https:\/\/blogs.donboscovolunteers.de\/amelieinafrika\/ueber-mich\/"]}]},{"@type":"BreadcrumbList","@id":"https:\/\/blogs.donboscovolunteers.de\/amelieinafrika\/ueber-mich\/#breadcrumb","itemListElement":[{"@type":"ListItem","position":1,"name":"Startseite","item":"https:\/\/blogs.donboscovolunteers.de\/amelieinafrika\/"},{"@type":"ListItem","position":2,"name":"\u00fcber mich"}]},{"@type":"WebSite","@id":"https:\/\/blogs.donboscovolunteers.de\/amelieinafrika\/#website","url":"https:\/\/blogs.donboscovolunteers.de\/amelieinafrika\/","name":"Am\u00e9lie in Kamerun","description":"","potentialAction":[{"@type":"SearchAction","target":{"@type":"EntryPoint","urlTemplate":"https:\/\/blogs.donboscovolunteers.de\/amelieinafrika\/?s={search_term_string}"},"query-input":{"@type":"PropertyValueSpecification","valueRequired":true,"valueName":"search_term_string"}}],"inLanguage":"de"}]}},"_links":{"self":[{"href":"https:\/\/blogs.donboscovolunteers.de\/amelieinafrika\/wp-json\/wp\/v2\/pages\/25","targetHints":{"allow":["GET"]}}],"collection":[{"href":"https:\/\/blogs.donboscovolunteers.de\/amelieinafrika\/wp-json\/wp\/v2\/pages"}],"about":[{"href":"https:\/\/blogs.donboscovolunteers.de\/amelieinafrika\/wp-json\/wp\/v2\/types\/page"}],"author":[{"embeddable":true,"href":"https:\/\/blogs.donboscovolunteers.de\/amelieinafrika\/wp-json\/wp\/v2\/users\/21785"}],"replies":[{"embeddable":true,"href":"https:\/\/blogs.donboscovolunteers.de\/amelieinafrika\/wp-json\/wp\/v2\/comments?post=25"}],"version-history":[{"count":3,"href":"https:\/\/blogs.donboscovolunteers.de\/amelieinafrika\/wp-json\/wp\/v2\/pages\/25\/revisions"}],"predecessor-version":[{"id":29,"href":"https:\/\/blogs.donboscovolunteers.de\/amelieinafrika\/wp-json\/wp\/v2\/pages\/25\/revisions\/29"}],"wp:attachment":[{"href":"https:\/\/blogs.donboscovolunteers.de\/amelieinafrika\/wp-json\/wp\/v2\/media?parent=25"}],"curies":[{"name":"wp","href":"https:\/\/api.w.org\/{rel}","templated":true}]}}