{"id":11,"date":"2023-09-01T15:25:04","date_gmt":"2023-09-01T13:25:04","guid":{"rendered":"https:\/\/blogs.donboscovolunteers.de\/amelieinafrika\/?page_id=11"},"modified":"2023-10-13T09:09:50","modified_gmt":"2023-10-13T07:09:50","slug":"spenden","status":"publish","type":"page","link":"https:\/\/blogs.donboscovolunteers.de\/amelieinafrika\/spenden\/","title":{"rendered":"Spenden"},"content":{"rendered":"<p>hey, <\/p>\n\n\n\n<p>herzlich Willkommen auf meiner Spendenseite. Zusammen mit meiner Mitfreiwilligen bin ich momentan f\u00fcr einen Auslandsfreiwilligendienst in Yaound\u00e9 In Kamerun. Wir arbeiten hier in einem Projekt mit Kindern und Jugendlichen zusammen, n\u00e4heres dazu schreibe ich in meinem Blog. Von unserer Entsendeorganisation <a href=\"https:\/\/www.donboscomission.de\/don-bosco\/\">Don Bosco<\/a> Volunteers wurden wir dazu aufgefordert Spenden zu sammeln. Dies ist sehr wichtig, um die Projekte weltweit zu unterst\u00fctzen und auch in Zukunft weitere Freiwilligendienste finanzieren zu k\u00f6nnen.<\/p>\n\n\n\n<p>Hier der Link zu meinem Spendenkonto: <a href=\"https:\/\/www.donboscomission.de\/volontariat\/2023\/spenden\/amelieinafrika\">https:\/\/www.donboscomission.de\/volontariat\/2023\/spenden\/amelieinafrika<\/a><\/p>\n\n\n\n<p>Vielen Dank ! \ud83d\ude42<\/p>","protected":false},"excerpt":{"rendered":"<p>hey, herzlich Willkommen auf meiner Spendenseite. Zusammen mit meiner Mitfreiwilligen bin ich momentan f\u00fcr einen Auslandsfreiwilligendienst in Yaound\u00e9 In Kamerun. Wir arbeiten hier in einem Projekt mit Kindern und Jugendlichen zusammen, n\u00e4heres dazu schreibe ich in meinem Blog. Von unserer Entsendeorganisation <a href=\"https:\/\/www.donboscomission.de\/don-bosco\/\">Don Bosco<\/a> Volunteers wurden wir dazu aufgefordert Spenden zu sammeln. Dies ist sehr wichtig, [&hellip;]<\/p>\n","protected":false},"author":21785,"featured_media":0,"parent":0,"menu_order":0,"comment_status":"closed","ping_status":"closed","template":"","meta":{"footnotes":""},"class_list":["post-11","page","type-page","status-publish","hentry"],"yoast_head":"<!-- This site is optimized with the Yoast SEO plugin v25.3.1 - https:\/\/yoast.com\/wordpress\/plugins\/seo\/ -->\n<title>Spenden - Am\u00e9lie in Kamerun<\/title>\n<meta name=\"description\" content=\"d\" \/>\n<meta name=\"robots\" content=\"index, follow, max-snippet:-1, max-image-preview:large, max-video-preview:-1\" \/>\n<link rel=\"canonical\" href=\"https:\/\/blogs.donboscovolunteers.de\/amelieinafrika\/spenden\/\" \/>\n<meta property=\"og:locale\" content=\"de_DE\" \/>\n<meta property=\"og:type\" content=\"article\" \/>\n<meta property=\"og:title\" content=\"Spenden - Am\u00e9lie in Kamerun\" \/>\n<meta property=\"og:description\" content=\"d\" \/>\n<meta property=\"og:url\" content=\"https:\/\/blogs.donboscovolunteers.de\/amelieinafrika\/spenden\/\" \/>\n<meta property=\"og:site_name\" content=\"Am\u00e9lie in Kamerun\" \/>\n<meta property=\"article:modified_time\" content=\"2023-10-13T07:09:50+00:00\" \/>\n<meta name=\"twitter:card\" content=\"summary_large_image\" \/>\n<script type=\"application\/ld+json\" class=\"yoast-schema-graph\">{\"@context\":\"https:\/\/schema.org\",\"@graph\":[{\"@type\":\"WebPage\",\"@id\":\"https:\/\/blogs.donboscovolunteers.de\/amelieinafrika\/spenden\/\",\"url\":\"https:\/\/blogs.donboscovolunteers.de\/amelieinafrika\/spenden\/\",\"name\":\"Spenden - Am\u00e9lie in Kamerun\",\"isPartOf\":{\"@id\":\"https:\/\/blogs.donboscovolunteers.de\/amelieinafrika\/#website\"},\"datePublished\":\"2023-09-01T13:25:04+00:00\",\"dateModified\":\"2023-10-13T07:09:50+00:00\",\"description\":\"d\",\"breadcrumb\":{\"@id\":\"https:\/\/blogs.donboscovolunteers.de\/amelieinafrika\/spenden\/#breadcrumb\"},\"inLanguage\":\"de\",\"potentialAction\":[{\"@type\":\"ReadAction\",\"target\":[\"https:\/\/blogs.donboscovolunteers.de\/amelieinafrika\/spenden\/\"]}]},{\"@type\":\"BreadcrumbList\",\"@id\":\"https:\/\/blogs.donboscovolunteers.de\/amelieinafrika\/spenden\/#breadcrumb\",\"itemListElement\":[{\"@type\":\"ListItem\",\"position\":1,\"name\":\"Startseite\",\"item\":\"https:\/\/blogs.donboscovolunteers.de\/amelieinafrika\/\"},{\"@type\":\"ListItem\",\"position\":2,\"name\":\"Spenden\"}]},{\"@type\":\"WebSite\",\"@id\":\"https:\/\/blogs.donboscovolunteers.de\/amelieinafrika\/#website\",\"url\":\"https:\/\/blogs.donboscovolunteers.de\/amelieinafrika\/\",\"name\":\"Am\u00e9lie in Kamerun\",\"description\":\"\",\"potentialAction\":[{\"@type\":\"SearchAction\",\"target\":{\"@type\":\"EntryPoint\",\"urlTemplate\":\"https:\/\/blogs.donboscovolunteers.de\/amelieinafrika\/?s={search_term_string}\"},\"query-input\":{\"@type\":\"PropertyValueSpecification\",\"valueRequired\":true,\"valueName\":\"search_term_string\"}}],\"inLanguage\":\"de\"}]}<\/script>\n<!-- \/ Yoast SEO plugin. -->","yoast_head_json":{"title":"Spenden - Am\u00e9lie in Kamerun","description":"d","robots":{"index":"index","follow":"follow","max-snippet":"max-snippet:-1","max-image-preview":"max-image-preview:large","max-video-preview":"max-video-preview:-1"},"canonical":"https:\/\/blogs.donboscovolunteers.de\/amelieinafrika\/spenden\/","og_locale":"de_DE","og_type":"article","og_title":"Spenden - Am\u00e9lie in Kamerun","og_description":"d","og_url":"https:\/\/blogs.donboscovolunteers.de\/amelieinafrika\/spenden\/","og_site_name":"Am\u00e9lie in Kamerun","article_modified_time":"2023-10-13T07:09:50+00:00","twitter_card":"summary_large_image","schema":{"@context":"https:\/\/schema.org","@graph":[{"@type":"WebPage","@id":"https:\/\/blogs.donboscovolunteers.de\/amelieinafrika\/spenden\/","url":"https:\/\/blogs.donboscovolunteers.de\/amelieinafrika\/spenden\/","name":"Spenden - Am\u00e9lie in Kamerun","isPartOf":{"@id":"https:\/\/blogs.donboscovolunteers.de\/amelieinafrika\/#website"},"datePublished":"2023-09-01T13:25:04+00:00","dateModified":"2023-10-13T07:09:50+00:00","description":"d","breadcrumb":{"@id":"https:\/\/blogs.donboscovolunteers.de\/amelieinafrika\/spenden\/#breadcrumb"},"inLanguage":"de","potentialAction":[{"@type":"ReadAction","target":["https:\/\/blogs.donboscovolunteers.de\/amelieinafrika\/spenden\/"]}]},{"@type":"BreadcrumbList","@id":"https:\/\/blogs.donboscovolunteers.de\/amelieinafrika\/spenden\/#breadcrumb","itemListElement":[{"@type":"ListItem","position":1,"name":"Startseite","item":"https:\/\/blogs.donboscovolunteers.de\/amelieinafrika\/"},{"@type":"ListItem","position":2,"name":"Spenden"}]},{"@type":"WebSite","@id":"https:\/\/blogs.donboscovolunteers.de\/amelieinafrika\/#website","url":"https:\/\/blogs.donboscovolunteers.de\/amelieinafrika\/","name":"Am\u00e9lie in Kamerun","description":"","potentialAction":[{"@type":"SearchAction","target":{"@type":"EntryPoint","urlTemplate":"https:\/\/blogs.donboscovolunteers.de\/amelieinafrika\/?s={search_term_string}"},"query-input":{"@type":"PropertyValueSpecification","valueRequired":true,"valueName":"search_term_string"}}],"inLanguage":"de"}]}},"_links":{"self":[{"href":"https:\/\/blogs.donboscovolunteers.de\/amelieinafrika\/wp-json\/wp\/v2\/pages\/11","targetHints":{"allow":["GET"]}}],"collection":[{"href":"https:\/\/blogs.donboscovolunteers.de\/amelieinafrika\/wp-json\/wp\/v2\/pages"}],"about":[{"href":"https:\/\/blogs.donboscovolunteers.de\/amelieinafrika\/wp-json\/wp\/v2\/types\/page"}],"author":[{"embeddable":true,"href":"https:\/\/blogs.donboscovolunteers.de\/amelieinafrika\/wp-json\/wp\/v2\/users\/21785"}],"replies":[{"embeddable":true,"href":"https:\/\/blogs.donboscovolunteers.de\/amelieinafrika\/wp-json\/wp\/v2\/comments?post=11"}],"version-history":[{"count":5,"href":"https:\/\/blogs.donboscovolunteers.de\/amelieinafrika\/wp-json\/wp\/v2\/pages\/11\/revisions"}],"predecessor-version":[{"id":50,"href":"https:\/\/blogs.donboscovolunteers.de\/amelieinafrika\/wp-json\/wp\/v2\/pages\/11\/revisions\/50"}],"wp:attachment":[{"href":"https:\/\/blogs.donboscovolunteers.de\/amelieinafrika\/wp-json\/wp\/v2\/media?parent=11"}],"curies":[{"name":"wp","href":"https:\/\/api.w.org\/{rel}","templated":true}]}}