{"id":175,"date":"2020-12-02T00:41:06","date_gmt":"2020-12-01T23:41:06","guid":{"rendered":"https:\/\/blogs.donboscovolunteers.de\/akademie\/?page_id=175"},"modified":"2020-12-02T01:19:27","modified_gmt":"2020-12-02T00:19:27","slug":"hallo","status":"publish","type":"page","link":"https:\/\/blogs.donboscovolunteers.de\/akademie\/","title":{"rendered":"Hallo"},"content":{"rendered":"<p>Servus liebe*r Besucher*in dieser Website, wie es in Bayern so sch\u00f6n gesagt wird. Das ist die Seite \u00fcber die <a href=\"https:\/\/www.donboscomission.de\/don-bosco\/\">Don Bosco<\/a> Volunteers Akademie. Akademie, das klingt nat\u00fcrlich sehr abgehoben. Tats\u00e4chlich ist uns aber kein besserer Name eingefallen und so m\u00fcssen wir jetzt zu unserer besonderen Betitelung stehen.<\/p>\n\n\n\n<p>25 mutige Volont\u00e4r*innen haben sich ins idyllische Kloster Benediktbeuern gewagt, um gemeinsam neue Inhalte zu lernen, Projekte zu verwirklichen und neue Erfahrungen zu machen. <\/p>\n\n\n\n<p>Dass es dazu gekommen ist und nicht etwa zu einem langweiligen Auslandsfreiwilligendienst (wer will das schon, wenn er die Akademie haben kann?), haben wir den besonderen Umst\u00e4nden dieses Jahres zu verdanken. So kommt es, dass wir in der Zeit von September bis M\u00e4rz uns immer wieder hier treffen, um Spa\u00df zu haben, sich selbst zu entdecken, die P\u00e4dagogik<a href=\"https:\/\/www.donboscomission.de\/don-bosco\/paedagogik\/\">P\u00e4dagogik Don Boscos<\/a>emein einen guten Umgang mit Kindern und Jugendlichen zu lernen und nat\u00fcrlich auch, um die Welt zu retten;)<\/p>\n\n\n\n<p>Zwischendurch nehmen wir das erlernte Wissen in unsere Praktika in Don Bosco Einrichtungen in Deutschland mit. So entsteht ein steter Wechsel zwischen der Zeit in der Akademie und in unseren jeweiligen Einrichtungen<\/p>\n\n\n\n<p>Um die Erlebnisse der Akademie soll es in diesem Blog gehen. Lesen Sie gerne die verschiedenen Beitr\u00e4ge, ob chronologisch oder nicht. Wenn Sie konkret die Beitr\u00e4ge einzelner Volont\u00e4r*innen lesen m\u00f6chten, lohnt es sich ein wenig auf der Don Bosco Blogseite zu schm\u00f6kern. <\/p>\n\n\n\n<h4 class=\"wp-block-heading\">Die SDGs<\/h4>\n\n\n\n<p>Was w\u00e4re eine elit\u00e4re Akademie ohne ein interessantes \u00dcberthema? Und wenn dann der Name dieses \u00dcberthemas auch noch auf Englisch ist, ist das Gef\u00fchl von Elite perfekt. So befassen wir uns in unserer Don Bosco Akademie intensiv mit den Sustainable Development Goals. F\u00fcr alle, die das Denglisch noch nicht g\u00e4nzlich befallen hat: Nachhaltige Entwicklungsziele. <\/p>\n\n\n\n<figure class=\"wp-block-image size-large\"><img loading=\"lazy\" decoding=\"async\" width=\"1024\" height=\"768\" src=\"https:\/\/blogs.donboscovolunteers.de\/akademie\/wp-content\/uploads\/sites\/21623\/2020\/12\/WhatsApp-Image-2020-11-30-at-02.26.22-1024x768.jpeg\" alt=\"\" class=\"wp-image-181\" srcset=\"https:\/\/blogs.donboscovolunteers.de\/akademie\/wp-content\/uploads\/sites\/21623\/2020\/12\/WhatsApp-Image-2020-11-30-at-02.26.22-1024x768.jpeg 1024w, https:\/\/blogs.donboscovolunteers.de\/akademie\/wp-content\/uploads\/sites\/21623\/2020\/12\/WhatsApp-Image-2020-11-30-at-02.26.22-300x225.jpeg 300w, https:\/\/blogs.donboscovolunteers.de\/akademie\/wp-content\/uploads\/sites\/21623\/2020\/12\/WhatsApp-Image-2020-11-30-at-02.26.22-768x576.jpeg 768w, https:\/\/blogs.donboscovolunteers.de\/akademie\/wp-content\/uploads\/sites\/21623\/2020\/12\/WhatsApp-Image-2020-11-30-at-02.26.22-900x675.jpeg 900w, https:\/\/blogs.donboscovolunteers.de\/akademie\/wp-content\/uploads\/sites\/21623\/2020\/12\/WhatsApp-Image-2020-11-30-at-02.26.22.jpeg 1280w\" sizes=\"auto, (max-width: 1024px) 100vw, 1024px\" \/><figcaption> Sustainable Development Goals<\/figcaption><\/figure>\n\n\n\n<p>Die Sustainable Development Goals (SDGs) umfassen 17 Ziele, die die Weltgemeinschaft 2015 formuliert hat und bis 2030 umsetzen m\u00f6chte.  Leider ist die Umsetzung dieser Ziele in vielen L\u00e4ndern noch nicht wirklich fortgeschritten, so auch in Deutschland. Deshalb ist es wichtig, ein gr\u00f6\u00dferes Bewusstsein f\u00fcr die SDGs in der Gesellschaft zu schaffen. Wir m\u00f6chten dazu mit unserer Projekten und Ideen im Rahmen der Akademie ein St\u00fcck weit beitragen.  Das Aufstellen der SGDs 2015 ist allein schon f\u00fcr sich ein Erfolg, weil es viele Menschen aller Kulturen und L\u00e4nder an einen Tisch gebracht hat. Mit den SDGs wurden viele Probleme dieser Welt erkannt und zu Papier gebracht. Die Vereinbarung aller L\u00e4nder, diese Probleme l\u00f6sen zu wollen, hat den ersten Stein f\u00fcr eine nachhaltige Zukunft gesetzt. Nun ist es an uns allen diese Ziele auch umzusetzen. Uns ist nat\u00fcrlich bewusst. dass mit dem Erreichen dieser 17 Goals die Welt nicht zum Paradies wird, durchaus aber gro\u00dfe Fortschritte f\u00fcr ein besseres Miteinander erzielt werden. Daf\u00fcr m\u00f6chten wir uns einsetzen.<\/p>","protected":false},"excerpt":{"rendered":"<p>Servus liebe*r Besucher*in dieser Website, wie es in Bayern so sch\u00f6n gesagt wird. Das ist die Seite \u00fcber die <a href=\"https:\/\/www.donboscomission.de\/don-bosco\/\">Don Bosco<\/a> Volunteers Akademie. Akademie, das klingt nat\u00fcrlich sehr abgehoben. Tats\u00e4chlich ist uns aber kein besserer Name eingefallen und so m\u00fcssen wir jetzt zu unserer besonderen Betitelung stehen. 25 mutige Volont\u00e4r*innen haben sich ins idyllische Kloster [&hellip;]<\/p>\n","protected":false},"author":21688,"featured_media":0,"parent":0,"menu_order":0,"comment_status":"closed","ping_status":"closed","template":"","meta":{"footnotes":""},"class_list":["post-175","page","type-page","status-publish","hentry"],"yoast_head":"<!-- This site is optimized with the Yoast SEO plugin v25.3.1 - https:\/\/yoast.com\/wordpress\/plugins\/seo\/ -->\n<title>Hallo - Don Bosco Volunteers Akademie<\/title>\n<meta name=\"robots\" content=\"index, follow, max-snippet:-1, max-image-preview:large, max-video-preview:-1\" \/>\n<link rel=\"canonical\" href=\"https:\/\/blogs.donboscovolunteers.de\/akademie\/\" \/>\n<meta property=\"og:locale\" content=\"de_DE\" \/>\n<meta property=\"og:type\" content=\"article\" \/>\n<meta property=\"og:title\" content=\"Hallo - Don Bosco Volunteers Akademie\" \/>\n<meta property=\"og:description\" content=\"Servus liebe*r Besucher*in dieser Website, wie es in Bayern so sch\u00f6n gesagt wird. Das ist die Seite \u00fcber die Don Bosco Volunteers Akademie. Akademie, das klingt nat\u00fcrlich sehr abgehoben. Tats\u00e4chlich ist uns aber kein besserer Name eingefallen und so m\u00fcssen wir jetzt zu unserer besonderen Betitelung stehen. 25 mutige Volont\u00e4r*innen haben sich ins idyllische Kloster [&hellip;]\" \/>\n<meta property=\"og:url\" content=\"https:\/\/blogs.donboscovolunteers.de\/akademie\/\" \/>\n<meta property=\"og:site_name\" content=\"Don Bosco Volunteers Akademie\" \/>\n<meta property=\"article:modified_time\" content=\"2020-12-02T00:19:27+00:00\" \/>\n<meta property=\"og:image\" content=\"https:\/\/blogs.donboscovolunteers.de\/akademie\/wp-content\/uploads\/sites\/21623\/2020\/12\/WhatsApp-Image-2020-11-30-at-02.26.22-1024x768.jpeg\" \/>\n<meta name=\"twitter:card\" content=\"summary_large_image\" \/>\n<meta name=\"twitter:label1\" content=\"Gesch\u00e4tzte Lesezeit\" \/>\n\t<meta name=\"twitter:data1\" content=\"2\u00a0Minuten\" \/>\n<script type=\"application\/ld+json\" class=\"yoast-schema-graph\">{\"@context\":\"https:\/\/schema.org\",\"@graph\":[{\"@type\":\"WebPage\",\"@id\":\"https:\/\/blogs.donboscovolunteers.de\/akademie\/\",\"url\":\"https:\/\/blogs.donboscovolunteers.de\/akademie\/\",\"name\":\"Hallo - Don Bosco Volunteers Akademie\",\"isPartOf\":{\"@id\":\"https:\/\/blogs.donboscovolunteers.de\/akademie\/#website\"},\"primaryImageOfPage\":{\"@id\":\"https:\/\/blogs.donboscovolunteers.de\/akademie\/#primaryimage\"},\"image\":{\"@id\":\"https:\/\/blogs.donboscovolunteers.de\/akademie\/#primaryimage\"},\"thumbnailUrl\":\"https:\/\/blogs.donboscovolunteers.de\/akademie\/wp-content\/uploads\/sites\/21623\/2020\/12\/WhatsApp-Image-2020-11-30-at-02.26.22-1024x768.jpeg\",\"datePublished\":\"2020-12-01T23:41:06+00:00\",\"dateModified\":\"2020-12-02T00:19:27+00:00\",\"breadcrumb\":{\"@id\":\"https:\/\/blogs.donboscovolunteers.de\/akademie\/#breadcrumb\"},\"inLanguage\":\"de\",\"potentialAction\":[{\"@type\":\"ReadAction\",\"target\":[\"https:\/\/blogs.donboscovolunteers.de\/akademie\/\"]}]},{\"@type\":\"ImageObject\",\"inLanguage\":\"de\",\"@id\":\"https:\/\/blogs.donboscovolunteers.de\/akademie\/#primaryimage\",\"url\":\"https:\/\/blogs.donboscovolunteers.de\/akademie\/wp-content\/uploads\/sites\/21623\/2020\/12\/WhatsApp-Image-2020-11-30-at-02.26.22-1024x768.jpeg\",\"contentUrl\":\"https:\/\/blogs.donboscovolunteers.de\/akademie\/wp-content\/uploads\/sites\/21623\/2020\/12\/WhatsApp-Image-2020-11-30-at-02.26.22-1024x768.jpeg\"},{\"@type\":\"BreadcrumbList\",\"@id\":\"https:\/\/blogs.donboscovolunteers.de\/akademie\/#breadcrumb\",\"itemListElement\":[{\"@type\":\"ListItem\",\"position\":1,\"name\":\"Startseite\",\"item\":\"https:\/\/blogs.donboscovolunteers.de\/akademie\/\"},{\"@type\":\"ListItem\",\"position\":2,\"name\":\"Hallo\"}]},{\"@type\":\"WebSite\",\"@id\":\"https:\/\/blogs.donboscovolunteers.de\/akademie\/#website\",\"url\":\"https:\/\/blogs.donboscovolunteers.de\/akademie\/\",\"name\":\"Don Bosco Volunteers Akademie\",\"description\":\"Die Geschichten der glorreichen 25\",\"potentialAction\":[{\"@type\":\"SearchAction\",\"target\":{\"@type\":\"EntryPoint\",\"urlTemplate\":\"https:\/\/blogs.donboscovolunteers.de\/akademie\/?s={search_term_string}\"},\"query-input\":{\"@type\":\"PropertyValueSpecification\",\"valueRequired\":true,\"valueName\":\"search_term_string\"}}],\"inLanguage\":\"de\"}]}<\/script>\n<!-- \/ Yoast SEO plugin. -->","yoast_head_json":{"title":"Hallo - Don Bosco Volunteers Akademie","robots":{"index":"index","follow":"follow","max-snippet":"max-snippet:-1","max-image-preview":"max-image-preview:large","max-video-preview":"max-video-preview:-1"},"canonical":"https:\/\/blogs.donboscovolunteers.de\/akademie\/","og_locale":"de_DE","og_type":"article","og_title":"Hallo - Don Bosco Volunteers Akademie","og_description":"Servus liebe*r Besucher*in dieser Website, wie es in Bayern so sch\u00f6n gesagt wird. Das ist die Seite \u00fcber die Don Bosco Volunteers Akademie. Akademie, das klingt nat\u00fcrlich sehr abgehoben. Tats\u00e4chlich ist uns aber kein besserer Name eingefallen und so m\u00fcssen wir jetzt zu unserer besonderen Betitelung stehen. 25 mutige Volont\u00e4r*innen haben sich ins idyllische Kloster [&hellip;]","og_url":"https:\/\/blogs.donboscovolunteers.de\/akademie\/","og_site_name":"Don Bosco Volunteers Akademie","article_modified_time":"2020-12-02T00:19:27+00:00","og_image":[{"url":"https:\/\/blogs.donboscovolunteers.de\/akademie\/wp-content\/uploads\/sites\/21623\/2020\/12\/WhatsApp-Image-2020-11-30-at-02.26.22-1024x768.jpeg","type":"","width":"","height":""}],"twitter_card":"summary_large_image","twitter_misc":{"Gesch\u00e4tzte Lesezeit":"2\u00a0Minuten"},"schema":{"@context":"https:\/\/schema.org","@graph":[{"@type":"WebPage","@id":"https:\/\/blogs.donboscovolunteers.de\/akademie\/","url":"https:\/\/blogs.donboscovolunteers.de\/akademie\/","name":"Hallo - Don Bosco Volunteers Akademie","isPartOf":{"@id":"https:\/\/blogs.donboscovolunteers.de\/akademie\/#website"},"primaryImageOfPage":{"@id":"https:\/\/blogs.donboscovolunteers.de\/akademie\/#primaryimage"},"image":{"@id":"https:\/\/blogs.donboscovolunteers.de\/akademie\/#primaryimage"},"thumbnailUrl":"https:\/\/blogs.donboscovolunteers.de\/akademie\/wp-content\/uploads\/sites\/21623\/2020\/12\/WhatsApp-Image-2020-11-30-at-02.26.22-1024x768.jpeg","datePublished":"2020-12-01T23:41:06+00:00","dateModified":"2020-12-02T00:19:27+00:00","breadcrumb":{"@id":"https:\/\/blogs.donboscovolunteers.de\/akademie\/#breadcrumb"},"inLanguage":"de","potentialAction":[{"@type":"ReadAction","target":["https:\/\/blogs.donboscovolunteers.de\/akademie\/"]}]},{"@type":"ImageObject","inLanguage":"de","@id":"https:\/\/blogs.donboscovolunteers.de\/akademie\/#primaryimage","url":"https:\/\/blogs.donboscovolunteers.de\/akademie\/wp-content\/uploads\/sites\/21623\/2020\/12\/WhatsApp-Image-2020-11-30-at-02.26.22-1024x768.jpeg","contentUrl":"https:\/\/blogs.donboscovolunteers.de\/akademie\/wp-content\/uploads\/sites\/21623\/2020\/12\/WhatsApp-Image-2020-11-30-at-02.26.22-1024x768.jpeg"},{"@type":"BreadcrumbList","@id":"https:\/\/blogs.donboscovolunteers.de\/akademie\/#breadcrumb","itemListElement":[{"@type":"ListItem","position":1,"name":"Startseite","item":"https:\/\/blogs.donboscovolunteers.de\/akademie\/"},{"@type":"ListItem","position":2,"name":"Hallo"}]},{"@type":"WebSite","@id":"https:\/\/blogs.donboscovolunteers.de\/akademie\/#website","url":"https:\/\/blogs.donboscovolunteers.de\/akademie\/","name":"Don Bosco Volunteers Akademie","description":"Die Geschichten der glorreichen 25","potentialAction":[{"@type":"SearchAction","target":{"@type":"EntryPoint","urlTemplate":"https:\/\/blogs.donboscovolunteers.de\/akademie\/?s={search_term_string}"},"query-input":{"@type":"PropertyValueSpecification","valueRequired":true,"valueName":"search_term_string"}}],"inLanguage":"de"}]}},"_links":{"self":[{"href":"https:\/\/blogs.donboscovolunteers.de\/akademie\/wp-json\/wp\/v2\/pages\/175","targetHints":{"allow":["GET"]}}],"collection":[{"href":"https:\/\/blogs.donboscovolunteers.de\/akademie\/wp-json\/wp\/v2\/pages"}],"about":[{"href":"https:\/\/blogs.donboscovolunteers.de\/akademie\/wp-json\/wp\/v2\/types\/page"}],"author":[{"embeddable":true,"href":"https:\/\/blogs.donboscovolunteers.de\/akademie\/wp-json\/wp\/v2\/users\/21688"}],"replies":[{"embeddable":true,"href":"https:\/\/blogs.donboscovolunteers.de\/akademie\/wp-json\/wp\/v2\/comments?post=175"}],"version-history":[{"count":2,"href":"https:\/\/blogs.donboscovolunteers.de\/akademie\/wp-json\/wp\/v2\/pages\/175\/revisions"}],"predecessor-version":[{"id":182,"href":"https:\/\/blogs.donboscovolunteers.de\/akademie\/wp-json\/wp\/v2\/pages\/175\/revisions\/182"}],"wp:attachment":[{"href":"https:\/\/blogs.donboscovolunteers.de\/akademie\/wp-json\/wp\/v2\/media?parent=175"}],"curies":[{"name":"wp","href":"https:\/\/api.w.org\/{rel}","templated":true}]}}