{"id":4,"date":"2024-08-08T12:46:06","date_gmt":"2024-08-08T10:46:06","guid":{"rendered":"https:\/\/blogs.donboscovolunteers.de\/adeleingoa\/about-2\/"},"modified":"2024-11-15T15:32:30","modified_gmt":"2024-11-15T14:32:30","slug":"about-2","status":"publish","type":"page","link":"https:\/\/blogs.donboscovolunteers.de\/adeleingoa\/about-2\/","title":{"rendered":"Spenden"},"content":{"rendered":"<p>Rund 50 Freiwillige werden jedes Jahr von <a href=\"https:\/\/www.donboscomission.de\/don-bosco\/\">Don Bosco<\/a> Volunteers ins Ausland entsandt. Hier k\u00f6nnt ihr f\u00fcr meinen <a href=\"https:\/\/www.donboscovolunteers.de\/\">Freiwilligendienst<\/a> spenden:\u00a0 <a href=\"https:\/\/www.donboscomission.de\/volontariat\/2024\/spenden\/adeleingoa\">https:\/\/www.donboscomission.de\/volontariat\/2024\/spenden\/adeleingoa<\/a><\/p>\n<p>Unser Freiwilligendienst wird zu 75% von Weltw\u00e4rts getragen. Die restlichen 25% m\u00fcssen wir durch einen Spendenkreis sammeln. Es w\u00fcrde mich riesig freuen, wenn du meine Arbeit unterst\u00fctzt und somit auch die wichtige Arbeit Don Boscos.<\/p>\n<p>Wenn ihr spenden m\u00f6chtet, k\u00f6nnt ihr das auf folgendes Konto tun:<\/p>\n<p><strong>Don Bosco Mission<\/strong><\/p>\n<p><strong>Sparkasse K\u00f6ln Bonn<\/strong><\/p>\n<p><strong>IBAN: DE89 3705 0198 0000 0994 99<\/strong><\/p>\n<p><strong>Verwendungszweck: Adele Maria Kinder, S24VR013 (Name, Adresse des Spenders)<br \/>\n<\/strong><\/p>\n<p>(Euch wird eine Spendenbescheinigung zugeschickt, wenn ihr im Verwendungszweck zus\u00e4tzlich eure Adresse angebt)<\/p>\n<p>Vielen Dank!<\/p>\n","protected":false},"excerpt":{"rendered":"<p>Rund 50 Freiwillige werden jedes Jahr von <a href=\"https:\/\/www.donboscomission.de\/don-bosco\/\">Don Bosco<\/a> Volunteers ins Ausland entsandt. Hier k\u00f6nnt ihr f\u00fcr meinen <a href=\"https:\/\/www.donboscovolunteers.de\/\">Freiwilligendienst<\/a> spenden:\u00a0 https:\/\/www.donboscomission.de\/volontariat\/2024\/spenden\/adeleingoa Unser Freiwilligendienst wird zu 75% von Weltw\u00e4rts getragen. Die restlichen 25% m\u00fcssen wir durch einen Spendenkreis sammeln. Es w\u00fcrde mich riesig freuen, wenn du meine Arbeit unterst\u00fctzt und somit auch die wichtige Arbeit Don [&hellip;]<\/p>\n","protected":false},"author":1,"featured_media":0,"parent":0,"menu_order":1,"comment_status":"closed","ping_status":"closed","template":"","meta":{"footnotes":""},"class_list":["post-4","page","type-page","status-publish","hentry"],"yoast_head":"<!-- This site is optimized with the Yoast SEO plugin v25.3.1 - https:\/\/yoast.com\/wordpress\/plugins\/seo\/ -->\n<title>Spenden - Ein Volojahr in Goa<\/title>\n<meta name=\"robots\" content=\"index, follow, max-snippet:-1, max-image-preview:large, max-video-preview:-1\" \/>\n<link rel=\"canonical\" href=\"https:\/\/blogs.donboscovolunteers.de\/adeleingoa\/about-2\/\" \/>\n<meta property=\"og:locale\" content=\"de_DE\" \/>\n<meta property=\"og:type\" content=\"article\" \/>\n<meta property=\"og:title\" content=\"Spenden - Ein Volojahr in Goa\" \/>\n<meta property=\"og:description\" content=\"Rund 50 Freiwillige werden jedes Jahr von Don Bosco Volunteers ins Ausland entsandt. Hier k\u00f6nnt ihr f\u00fcr meinen Freiwilligendienst spenden:\u00a0 https:\/\/www.donboscomission.de\/volontariat\/2024\/spenden\/adeleingoa Unser Freiwilligendienst wird zu 75% von Weltw\u00e4rts getragen. Die restlichen 25% m\u00fcssen wir durch einen Spendenkreis sammeln. Es w\u00fcrde mich riesig freuen, wenn du meine Arbeit unterst\u00fctzt und somit auch die wichtige Arbeit Don [&hellip;]\" \/>\n<meta property=\"og:url\" content=\"https:\/\/blogs.donboscovolunteers.de\/adeleingoa\/about-2\/\" \/>\n<meta property=\"og:site_name\" content=\"Ein Volojahr in Goa\" \/>\n<meta property=\"article:modified_time\" content=\"2024-11-15T14:32:30+00:00\" \/>\n<meta name=\"twitter:card\" content=\"summary_large_image\" \/>\n<meta name=\"twitter:label1\" content=\"Gesch\u00e4tzte Lesezeit\" \/>\n\t<meta name=\"twitter:data1\" content=\"1\u00a0Minute\" \/>\n<script type=\"application\/ld+json\" class=\"yoast-schema-graph\">{\"@context\":\"https:\/\/schema.org\",\"@graph\":[{\"@type\":\"WebPage\",\"@id\":\"https:\/\/blogs.donboscovolunteers.de\/adeleingoa\/about-2\/\",\"url\":\"https:\/\/blogs.donboscovolunteers.de\/adeleingoa\/about-2\/\",\"name\":\"Spenden - Ein Volojahr in Goa\",\"isPartOf\":{\"@id\":\"https:\/\/blogs.donboscovolunteers.de\/adeleingoa\/#website\"},\"datePublished\":\"2024-08-08T10:46:06+00:00\",\"dateModified\":\"2024-11-15T14:32:30+00:00\",\"breadcrumb\":{\"@id\":\"https:\/\/blogs.donboscovolunteers.de\/adeleingoa\/about-2\/#breadcrumb\"},\"inLanguage\":\"de\",\"potentialAction\":[{\"@type\":\"ReadAction\",\"target\":[\"https:\/\/blogs.donboscovolunteers.de\/adeleingoa\/about-2\/\"]}]},{\"@type\":\"BreadcrumbList\",\"@id\":\"https:\/\/blogs.donboscovolunteers.de\/adeleingoa\/about-2\/#breadcrumb\",\"itemListElement\":[{\"@type\":\"ListItem\",\"position\":1,\"name\":\"Startseite\",\"item\":\"https:\/\/blogs.donboscovolunteers.de\/adeleingoa\/\"},{\"@type\":\"ListItem\",\"position\":2,\"name\":\"Spenden\"}]},{\"@type\":\"WebSite\",\"@id\":\"https:\/\/blogs.donboscovolunteers.de\/adeleingoa\/#website\",\"url\":\"https:\/\/blogs.donboscovolunteers.de\/adeleingoa\/\",\"name\":\"Ein Volojahr in Goa\",\"description\":\"\",\"publisher\":{\"@id\":\"https:\/\/blogs.donboscovolunteers.de\/adeleingoa\/#\/schema\/person\/a6bd56576b0ef4fb8d42fee8b10710ed\"},\"potentialAction\":[{\"@type\":\"SearchAction\",\"target\":{\"@type\":\"EntryPoint\",\"urlTemplate\":\"https:\/\/blogs.donboscovolunteers.de\/adeleingoa\/?s={search_term_string}\"},\"query-input\":{\"@type\":\"PropertyValueSpecification\",\"valueRequired\":true,\"valueName\":\"search_term_string\"}}],\"inLanguage\":\"de\"},{\"@type\":[\"Person\",\"Organization\"],\"@id\":\"https:\/\/blogs.donboscovolunteers.de\/adeleingoa\/#\/schema\/person\/a6bd56576b0ef4fb8d42fee8b10710ed\",\"name\":\"Adele Kinder\",\"image\":{\"@type\":\"ImageObject\",\"inLanguage\":\"de\",\"@id\":\"https:\/\/blogs.donboscovolunteers.de\/adeleingoa\/#\/schema\/person\/image\/\",\"url\":\"https:\/\/blogs.donboscovolunteers.de\/adeleingoa\/wp-content\/uploads\/pp-avatar\/a0026b242817f40951841c87bff19ccb.JPG\",\"contentUrl\":\"https:\/\/blogs.donboscovolunteers.de\/adeleingoa\/wp-content\/uploads\/pp-avatar\/a0026b242817f40951841c87bff19ccb.JPG\",\"caption\":\"Adele Kinder\"},\"logo\":{\"@id\":\"https:\/\/blogs.donboscovolunteers.de\/adeleingoa\/#\/schema\/person\/image\/\"}}]}<\/script>\n<!-- \/ Yoast SEO plugin. -->","yoast_head_json":{"title":"Spenden - Ein Volojahr in Goa","robots":{"index":"index","follow":"follow","max-snippet":"max-snippet:-1","max-image-preview":"max-image-preview:large","max-video-preview":"max-video-preview:-1"},"canonical":"https:\/\/blogs.donboscovolunteers.de\/adeleingoa\/about-2\/","og_locale":"de_DE","og_type":"article","og_title":"Spenden - Ein Volojahr in Goa","og_description":"Rund 50 Freiwillige werden jedes Jahr von Don Bosco Volunteers ins Ausland entsandt. Hier k\u00f6nnt ihr f\u00fcr meinen Freiwilligendienst spenden:\u00a0 https:\/\/www.donboscomission.de\/volontariat\/2024\/spenden\/adeleingoa Unser Freiwilligendienst wird zu 75% von Weltw\u00e4rts getragen. Die restlichen 25% m\u00fcssen wir durch einen Spendenkreis sammeln. Es w\u00fcrde mich riesig freuen, wenn du meine Arbeit unterst\u00fctzt und somit auch die wichtige Arbeit Don [&hellip;]","og_url":"https:\/\/blogs.donboscovolunteers.de\/adeleingoa\/about-2\/","og_site_name":"Ein Volojahr in Goa","article_modified_time":"2024-11-15T14:32:30+00:00","twitter_card":"summary_large_image","twitter_misc":{"Gesch\u00e4tzte Lesezeit":"1\u00a0Minute"},"schema":{"@context":"https:\/\/schema.org","@graph":[{"@type":"WebPage","@id":"https:\/\/blogs.donboscovolunteers.de\/adeleingoa\/about-2\/","url":"https:\/\/blogs.donboscovolunteers.de\/adeleingoa\/about-2\/","name":"Spenden - Ein Volojahr in Goa","isPartOf":{"@id":"https:\/\/blogs.donboscovolunteers.de\/adeleingoa\/#website"},"datePublished":"2024-08-08T10:46:06+00:00","dateModified":"2024-11-15T14:32:30+00:00","breadcrumb":{"@id":"https:\/\/blogs.donboscovolunteers.de\/adeleingoa\/about-2\/#breadcrumb"},"inLanguage":"de","potentialAction":[{"@type":"ReadAction","target":["https:\/\/blogs.donboscovolunteers.de\/adeleingoa\/about-2\/"]}]},{"@type":"BreadcrumbList","@id":"https:\/\/blogs.donboscovolunteers.de\/adeleingoa\/about-2\/#breadcrumb","itemListElement":[{"@type":"ListItem","position":1,"name":"Startseite","item":"https:\/\/blogs.donboscovolunteers.de\/adeleingoa\/"},{"@type":"ListItem","position":2,"name":"Spenden"}]},{"@type":"WebSite","@id":"https:\/\/blogs.donboscovolunteers.de\/adeleingoa\/#website","url":"https:\/\/blogs.donboscovolunteers.de\/adeleingoa\/","name":"Ein Volojahr in Goa","description":"","publisher":{"@id":"https:\/\/blogs.donboscovolunteers.de\/adeleingoa\/#\/schema\/person\/a6bd56576b0ef4fb8d42fee8b10710ed"},"potentialAction":[{"@type":"SearchAction","target":{"@type":"EntryPoint","urlTemplate":"https:\/\/blogs.donboscovolunteers.de\/adeleingoa\/?s={search_term_string}"},"query-input":{"@type":"PropertyValueSpecification","valueRequired":true,"valueName":"search_term_string"}}],"inLanguage":"de"},{"@type":["Person","Organization"],"@id":"https:\/\/blogs.donboscovolunteers.de\/adeleingoa\/#\/schema\/person\/a6bd56576b0ef4fb8d42fee8b10710ed","name":"Adele Kinder","image":{"@type":"ImageObject","inLanguage":"de","@id":"https:\/\/blogs.donboscovolunteers.de\/adeleingoa\/#\/schema\/person\/image\/","url":"https:\/\/blogs.donboscovolunteers.de\/adeleingoa\/wp-content\/uploads\/pp-avatar\/a0026b242817f40951841c87bff19ccb.JPG","contentUrl":"https:\/\/blogs.donboscovolunteers.de\/adeleingoa\/wp-content\/uploads\/pp-avatar\/a0026b242817f40951841c87bff19ccb.JPG","caption":"Adele Kinder"},"logo":{"@id":"https:\/\/blogs.donboscovolunteers.de\/adeleingoa\/#\/schema\/person\/image\/"}}]}},"_links":{"self":[{"href":"https:\/\/blogs.donboscovolunteers.de\/adeleingoa\/wp-json\/wp\/v2\/pages\/4","targetHints":{"allow":["GET"]}}],"collection":[{"href":"https:\/\/blogs.donboscovolunteers.de\/adeleingoa\/wp-json\/wp\/v2\/pages"}],"about":[{"href":"https:\/\/blogs.donboscovolunteers.de\/adeleingoa\/wp-json\/wp\/v2\/types\/page"}],"author":[{"embeddable":true,"href":"https:\/\/blogs.donboscovolunteers.de\/adeleingoa\/wp-json\/wp\/v2\/users\/1"}],"replies":[{"embeddable":true,"href":"https:\/\/blogs.donboscovolunteers.de\/adeleingoa\/wp-json\/wp\/v2\/comments?post=4"}],"version-history":[{"count":2,"href":"https:\/\/blogs.donboscovolunteers.de\/adeleingoa\/wp-json\/wp\/v2\/pages\/4\/revisions"}],"predecessor-version":[{"id":86,"href":"https:\/\/blogs.donboscovolunteers.de\/adeleingoa\/wp-json\/wp\/v2\/pages\/4\/revisions\/86"}],"wp:attachment":[{"href":"https:\/\/blogs.donboscovolunteers.de\/adeleingoa\/wp-json\/wp\/v2\/media?parent=4"}],"curies":[{"name":"wp","href":"https:\/\/api.w.org\/{rel}","templated":true}]}}