{"id":41,"date":"2021-10-17T12:28:02","date_gmt":"2021-10-17T10:28:02","guid":{"rendered":"https:\/\/blogs.donboscovolunteers.de\/abinsirgendwo\/?page_id=41"},"modified":"2021-10-26T12:45:22","modified_gmt":"2021-10-26T10:45:22","slug":"spenden","status":"publish","type":"page","link":"https:\/\/blogs.donboscovolunteers.de\/abinsirgendwo\/spenden\/","title":{"rendered":"Spenden"},"content":{"rendered":"<p>Da mein <a href=\"https:\/\/www.donboscovolunteers.de\/\">Freiwilligendienst<\/a> Teil des weltw\u00e4rts Programms ist, fallen die 10.000\u20ac, die (gerade bei Entsendung ins Ausland) anfallen, zu 75% in die F\u00f6rderung durch weltw\u00e4rts. Wer gut in Mathe ist bemerkt jetzt, dass 75% eben nicht 100% sind, und damit 2.500\u20ac anders finanziert werden m\u00fcssen&#8230;- und hier k\u00f6nnt ihr unterst\u00fctzen!<\/p>\n\n\n\n<p>Egal wie klein oder gro\u00df der Betrag, alles hilft&#8230;- sei es jetzt mir selbst durch Verpflegung, Unterkunft, Reisekosten etc. oder aber anderen <a href=\"https:\/\/www.donboscomission.de\/don-bosco\/\">Don Bosco<\/a> Projekten falls am Ende Geld doch nicht f\u00fcr mich gebraucht wird.<\/p>\n\n\n\n<p>Ich bin jedem und jeder einzelnen sehr sehr dankbar; ohne Unterst\u00fctzende k\u00f6nnte ich diesen Freiwilligendienst nicht verwirklichen! Danke!<\/p>\n\n\n\n<p>SPENDEN GERNE AN:<\/p>\n\n\n\n<p><strong>Don Bosco Mission<\/strong><\/p>\n\n\n\n<p><strong>Liga Bank M\u00fcnchen<\/strong><\/p>\n\n\n\n<p><strong>IBAN: DE66 7509 0300 0102 1418 76<\/strong><\/p>\n\n\n\n<p><strong>BIC: GENODEF1M05<\/strong><\/p>\n\n\n\n<p><strong>Verwendungszweck: Pauline Schumacher, S21VB012<\/strong> (mein Werbecode) <strong>und die Adresse des Spenders (damit wir eine Spendenquittung ausstellen k\u00f6nnen)<\/strong><\/p>","protected":false},"excerpt":{"rendered":"<p>Da mein <a href=\"https:\/\/www.donboscovolunteers.de\/\">Freiwilligendienst<\/a> Teil des weltw\u00e4rts Programms ist, fallen die 10.000\u20ac, die (gerade bei Entsendung ins Ausland) anfallen, zu 75% in die F\u00f6rderung durch weltw\u00e4rts. Wer gut in Mathe ist bemerkt jetzt, dass 75% eben nicht 100% sind, und damit 2.500\u20ac anders finanziert werden m\u00fcssen&#8230;- und hier k\u00f6nnt ihr unterst\u00fctzen! Egal wie klein oder gro\u00df [&hellip;]<\/p>\n","protected":false},"author":21713,"featured_media":0,"parent":0,"menu_order":0,"comment_status":"closed","ping_status":"closed","template":"","meta":{"footnotes":""},"class_list":["post-41","page","type-page","status-publish","hentry"],"yoast_head":"<!-- This site is optimized with the Yoast SEO plugin v25.3.1 - https:\/\/yoast.com\/wordpress\/plugins\/seo\/ -->\n<title>Spenden - ab ins Irgendwo<\/title>\n<meta name=\"robots\" content=\"index, follow, max-snippet:-1, max-image-preview:large, max-video-preview:-1\" \/>\n<link rel=\"canonical\" href=\"https:\/\/blogs.donboscovolunteers.de\/abinsirgendwo\/spenden\/\" \/>\n<meta property=\"og:locale\" content=\"de_DE\" \/>\n<meta property=\"og:type\" content=\"article\" \/>\n<meta property=\"og:title\" content=\"Spenden - ab ins Irgendwo\" \/>\n<meta property=\"og:description\" content=\"Da mein Freiwilligendienst Teil des weltw\u00e4rts Programms ist, fallen die 10.000\u20ac, die (gerade bei Entsendung ins Ausland) anfallen, zu 75% in die F\u00f6rderung durch weltw\u00e4rts. Wer gut in Mathe ist bemerkt jetzt, dass 75% eben nicht 100% sind, und damit 2.500\u20ac anders finanziert werden m\u00fcssen&#8230;- und hier k\u00f6nnt ihr unterst\u00fctzen! Egal wie klein oder gro\u00df [&hellip;]\" \/>\n<meta property=\"og:url\" content=\"https:\/\/blogs.donboscovolunteers.de\/abinsirgendwo\/spenden\/\" \/>\n<meta property=\"og:site_name\" content=\"ab ins Irgendwo\" \/>\n<meta property=\"article:modified_time\" content=\"2021-10-26T10:45:22+00:00\" \/>\n<meta name=\"twitter:card\" content=\"summary_large_image\" \/>\n<meta name=\"twitter:label1\" content=\"Gesch\u00e4tzte Lesezeit\" \/>\n\t<meta name=\"twitter:data1\" content=\"1\u00a0Minute\" \/>\n<script type=\"application\/ld+json\" class=\"yoast-schema-graph\">{\"@context\":\"https:\/\/schema.org\",\"@graph\":[{\"@type\":\"WebPage\",\"@id\":\"https:\/\/blogs.donboscovolunteers.de\/abinsirgendwo\/spenden\/\",\"url\":\"https:\/\/blogs.donboscovolunteers.de\/abinsirgendwo\/spenden\/\",\"name\":\"Spenden - ab ins Irgendwo\",\"isPartOf\":{\"@id\":\"https:\/\/blogs.donboscovolunteers.de\/abinsirgendwo\/#website\"},\"datePublished\":\"2021-10-17T10:28:02+00:00\",\"dateModified\":\"2021-10-26T10:45:22+00:00\",\"breadcrumb\":{\"@id\":\"https:\/\/blogs.donboscovolunteers.de\/abinsirgendwo\/spenden\/#breadcrumb\"},\"inLanguage\":\"de\",\"potentialAction\":[{\"@type\":\"ReadAction\",\"target\":[\"https:\/\/blogs.donboscovolunteers.de\/abinsirgendwo\/spenden\/\"]}]},{\"@type\":\"BreadcrumbList\",\"@id\":\"https:\/\/blogs.donboscovolunteers.de\/abinsirgendwo\/spenden\/#breadcrumb\",\"itemListElement\":[{\"@type\":\"ListItem\",\"position\":1,\"name\":\"Startseite\",\"item\":\"https:\/\/blogs.donboscovolunteers.de\/abinsirgendwo\/\"},{\"@type\":\"ListItem\",\"position\":2,\"name\":\"Spenden\"}]},{\"@type\":\"WebSite\",\"@id\":\"https:\/\/blogs.donboscovolunteers.de\/abinsirgendwo\/#website\",\"url\":\"https:\/\/blogs.donboscovolunteers.de\/abinsirgendwo\/\",\"name\":\"ab ins Irgendwo\",\"description\":\"Ein Jahr mit mir und Don Bosco, Ort unbestimmt\",\"potentialAction\":[{\"@type\":\"SearchAction\",\"target\":{\"@type\":\"EntryPoint\",\"urlTemplate\":\"https:\/\/blogs.donboscovolunteers.de\/abinsirgendwo\/?s={search_term_string}\"},\"query-input\":{\"@type\":\"PropertyValueSpecification\",\"valueRequired\":true,\"valueName\":\"search_term_string\"}}],\"inLanguage\":\"de\"}]}<\/script>\n<!-- \/ Yoast SEO plugin. -->","yoast_head_json":{"title":"Spenden - ab ins Irgendwo","robots":{"index":"index","follow":"follow","max-snippet":"max-snippet:-1","max-image-preview":"max-image-preview:large","max-video-preview":"max-video-preview:-1"},"canonical":"https:\/\/blogs.donboscovolunteers.de\/abinsirgendwo\/spenden\/","og_locale":"de_DE","og_type":"article","og_title":"Spenden - ab ins Irgendwo","og_description":"Da mein Freiwilligendienst Teil des weltw\u00e4rts Programms ist, fallen die 10.000\u20ac, die (gerade bei Entsendung ins Ausland) anfallen, zu 75% in die F\u00f6rderung durch weltw\u00e4rts. Wer gut in Mathe ist bemerkt jetzt, dass 75% eben nicht 100% sind, und damit 2.500\u20ac anders finanziert werden m\u00fcssen&#8230;- und hier k\u00f6nnt ihr unterst\u00fctzen! Egal wie klein oder gro\u00df [&hellip;]","og_url":"https:\/\/blogs.donboscovolunteers.de\/abinsirgendwo\/spenden\/","og_site_name":"ab ins Irgendwo","article_modified_time":"2021-10-26T10:45:22+00:00","twitter_card":"summary_large_image","twitter_misc":{"Gesch\u00e4tzte Lesezeit":"1\u00a0Minute"},"schema":{"@context":"https:\/\/schema.org","@graph":[{"@type":"WebPage","@id":"https:\/\/blogs.donboscovolunteers.de\/abinsirgendwo\/spenden\/","url":"https:\/\/blogs.donboscovolunteers.de\/abinsirgendwo\/spenden\/","name":"Spenden - ab ins Irgendwo","isPartOf":{"@id":"https:\/\/blogs.donboscovolunteers.de\/abinsirgendwo\/#website"},"datePublished":"2021-10-17T10:28:02+00:00","dateModified":"2021-10-26T10:45:22+00:00","breadcrumb":{"@id":"https:\/\/blogs.donboscovolunteers.de\/abinsirgendwo\/spenden\/#breadcrumb"},"inLanguage":"de","potentialAction":[{"@type":"ReadAction","target":["https:\/\/blogs.donboscovolunteers.de\/abinsirgendwo\/spenden\/"]}]},{"@type":"BreadcrumbList","@id":"https:\/\/blogs.donboscovolunteers.de\/abinsirgendwo\/spenden\/#breadcrumb","itemListElement":[{"@type":"ListItem","position":1,"name":"Startseite","item":"https:\/\/blogs.donboscovolunteers.de\/abinsirgendwo\/"},{"@type":"ListItem","position":2,"name":"Spenden"}]},{"@type":"WebSite","@id":"https:\/\/blogs.donboscovolunteers.de\/abinsirgendwo\/#website","url":"https:\/\/blogs.donboscovolunteers.de\/abinsirgendwo\/","name":"ab ins Irgendwo","description":"Ein Jahr mit mir und Don Bosco, Ort unbestimmt","potentialAction":[{"@type":"SearchAction","target":{"@type":"EntryPoint","urlTemplate":"https:\/\/blogs.donboscovolunteers.de\/abinsirgendwo\/?s={search_term_string}"},"query-input":{"@type":"PropertyValueSpecification","valueRequired":true,"valueName":"search_term_string"}}],"inLanguage":"de"}]}},"_links":{"self":[{"href":"https:\/\/blogs.donboscovolunteers.de\/abinsirgendwo\/wp-json\/wp\/v2\/pages\/41","targetHints":{"allow":["GET"]}}],"collection":[{"href":"https:\/\/blogs.donboscovolunteers.de\/abinsirgendwo\/wp-json\/wp\/v2\/pages"}],"about":[{"href":"https:\/\/blogs.donboscovolunteers.de\/abinsirgendwo\/wp-json\/wp\/v2\/types\/page"}],"author":[{"embeddable":true,"href":"https:\/\/blogs.donboscovolunteers.de\/abinsirgendwo\/wp-json\/wp\/v2\/users\/21713"}],"replies":[{"embeddable":true,"href":"https:\/\/blogs.donboscovolunteers.de\/abinsirgendwo\/wp-json\/wp\/v2\/comments?post=41"}],"version-history":[{"count":3,"href":"https:\/\/blogs.donboscovolunteers.de\/abinsirgendwo\/wp-json\/wp\/v2\/pages\/41\/revisions"}],"predecessor-version":[{"id":47,"href":"https:\/\/blogs.donboscovolunteers.de\/abinsirgendwo\/wp-json\/wp\/v2\/pages\/41\/revisions\/47"}],"wp:attachment":[{"href":"https:\/\/blogs.donboscovolunteers.de\/abinsirgendwo\/wp-json\/wp\/v2\/media?parent=41"}],"curies":[{"name":"wp","href":"https:\/\/api.w.org\/{rel}","templated":true}]}}