{"id":2,"date":"2021-10-12T20:23:31","date_gmt":"2021-10-12T18:23:31","guid":{"rendered":"https:\/\/blogs.donboscovolunteers.de\/abinsirgendwo\/?page_id=2"},"modified":"2021-10-26T12:58:30","modified_gmt":"2021-10-26T10:58:30","slug":"beispiel-seite","status":"publish","type":"page","link":"https:\/\/blogs.donboscovolunteers.de\/abinsirgendwo\/beispiel-seite\/","title":{"rendered":"Wer bin ich?"},"content":{"rendered":"<p>Hallo zusammen \ud83d\ude42 <\/p>\n\n\n\n<p>Wie die meisten von euch wahrscheinlich schon wissen, bin ich Pauline, ein 18 j\u00e4hriges M\u00e4dchen aus dem sch\u00f6nen Bonn. Zu mir kann man sagen, dass ich eine absolute Hundeliebhaberin bin, 4 Instrumente spiele und gern singe, einen gro\u00dfen Bruder habe, frisches Essen liebe und eigentlich nur Second hand einkaufe. Ich hab lange Tennis gespielt, kann einen soliden Kurzhaarschnitt schneiden, sehr leckere Guacamole zubereiten und habe leider nicht mal einen Hauch von Orientierungssinn. Ich liebe Sushi, hasse Brokkoli, sehe mir gerne die Decken von Kirchen an und kann leider \u00fcberhaupt nicht turnen. <\/p>\n\n\n\n<p>Nach dieser kleinen, sehr zuf\u00e4lligen Auswahl an Charaktereigenschaften und Vorlieben meiner selbst kennst du mich zwar immer noch nicht wirklich, aber vielleicht ein kleines bisschen besser. Wichtig ist ja auch vor Allem, dass ich Lust auf Neues habe, mich sozial gern engagiere und deswegen (und aus anderen Gr\u00fcnden nat\u00fcrlich auch) heute hier in W\u00fcrzburg sitze und eine Freiwillige bei <a href=\"https:\/\/www.donboscomission.de\/don-bosco\/\">Don Bosco<\/a> bin! <\/p>\n\n\n\n<p>Wie meine Meinungen, Eigenschaften, Gef\u00fchle usw. genauer aussehen, wirst du auf diesem Blog vielleicht auch immer mehr erfahren&#8230;- ich freu mich drauf! Also auf gehts in den Auslandsfreiwilligendienst im Inland, begleite mich gern auf dieser ungew\u00f6hnlichen Reise ins Irgendwo! \ud83d\ude42<\/p>","protected":false},"excerpt":{"rendered":"<p>Hallo zusammen \ud83d\ude42 Wie die meisten von euch wahrscheinlich schon wissen, bin ich Pauline, ein 18 j\u00e4hriges M\u00e4dchen aus dem sch\u00f6nen Bonn. Zu mir kann man sagen, dass ich eine absolute Hundeliebhaberin bin, 4 Instrumente spiele und gern singe, einen gro\u00dfen Bruder habe, frisches Essen liebe und eigentlich nur Second hand einkaufe. Ich hab lange [&hellip;]<\/p>\n","protected":false},"author":21713,"featured_media":0,"parent":0,"menu_order":0,"comment_status":"closed","ping_status":"open","template":"","meta":{"footnotes":""},"class_list":["post-2","page","type-page","status-publish","hentry"],"yoast_head":"<!-- This site is optimized with the Yoast SEO plugin v25.3.1 - https:\/\/yoast.com\/wordpress\/plugins\/seo\/ -->\n<title>Wer bin ich? - ab ins Irgendwo<\/title>\n<meta name=\"robots\" content=\"index, follow, max-snippet:-1, max-image-preview:large, max-video-preview:-1\" \/>\n<link rel=\"canonical\" href=\"https:\/\/blogs.donboscovolunteers.de\/abinsirgendwo\/beispiel-seite\/\" \/>\n<meta property=\"og:locale\" content=\"de_DE\" \/>\n<meta property=\"og:type\" content=\"article\" \/>\n<meta property=\"og:title\" content=\"Wer bin ich? - ab ins Irgendwo\" \/>\n<meta property=\"og:description\" content=\"Hallo zusammen \ud83d\ude42 Wie die meisten von euch wahrscheinlich schon wissen, bin ich Pauline, ein 18 j\u00e4hriges M\u00e4dchen aus dem sch\u00f6nen Bonn. Zu mir kann man sagen, dass ich eine absolute Hundeliebhaberin bin, 4 Instrumente spiele und gern singe, einen gro\u00dfen Bruder habe, frisches Essen liebe und eigentlich nur Second hand einkaufe. Ich hab lange [&hellip;]\" \/>\n<meta property=\"og:url\" content=\"https:\/\/blogs.donboscovolunteers.de\/abinsirgendwo\/beispiel-seite\/\" \/>\n<meta property=\"og:site_name\" content=\"ab ins Irgendwo\" \/>\n<meta property=\"article:modified_time\" content=\"2021-10-26T10:58:30+00:00\" \/>\n<meta name=\"twitter:card\" content=\"summary_large_image\" \/>\n<meta name=\"twitter:label1\" content=\"Gesch\u00e4tzte Lesezeit\" \/>\n\t<meta name=\"twitter:data1\" content=\"1\u00a0Minute\" \/>\n<script type=\"application\/ld+json\" class=\"yoast-schema-graph\">{\"@context\":\"https:\/\/schema.org\",\"@graph\":[{\"@type\":\"WebPage\",\"@id\":\"https:\/\/blogs.donboscovolunteers.de\/abinsirgendwo\/beispiel-seite\/\",\"url\":\"https:\/\/blogs.donboscovolunteers.de\/abinsirgendwo\/beispiel-seite\/\",\"name\":\"Wer bin ich? - ab ins Irgendwo\",\"isPartOf\":{\"@id\":\"https:\/\/blogs.donboscovolunteers.de\/abinsirgendwo\/#website\"},\"datePublished\":\"2021-10-12T18:23:31+00:00\",\"dateModified\":\"2021-10-26T10:58:30+00:00\",\"breadcrumb\":{\"@id\":\"https:\/\/blogs.donboscovolunteers.de\/abinsirgendwo\/beispiel-seite\/#breadcrumb\"},\"inLanguage\":\"de\",\"potentialAction\":[{\"@type\":\"ReadAction\",\"target\":[\"https:\/\/blogs.donboscovolunteers.de\/abinsirgendwo\/beispiel-seite\/\"]}]},{\"@type\":\"BreadcrumbList\",\"@id\":\"https:\/\/blogs.donboscovolunteers.de\/abinsirgendwo\/beispiel-seite\/#breadcrumb\",\"itemListElement\":[{\"@type\":\"ListItem\",\"position\":1,\"name\":\"Startseite\",\"item\":\"https:\/\/blogs.donboscovolunteers.de\/abinsirgendwo\/\"},{\"@type\":\"ListItem\",\"position\":2,\"name\":\"Wer bin ich?\"}]},{\"@type\":\"WebSite\",\"@id\":\"https:\/\/blogs.donboscovolunteers.de\/abinsirgendwo\/#website\",\"url\":\"https:\/\/blogs.donboscovolunteers.de\/abinsirgendwo\/\",\"name\":\"ab ins Irgendwo\",\"description\":\"Ein Jahr mit mir und Don Bosco, Ort unbestimmt\",\"potentialAction\":[{\"@type\":\"SearchAction\",\"target\":{\"@type\":\"EntryPoint\",\"urlTemplate\":\"https:\/\/blogs.donboscovolunteers.de\/abinsirgendwo\/?s={search_term_string}\"},\"query-input\":{\"@type\":\"PropertyValueSpecification\",\"valueRequired\":true,\"valueName\":\"search_term_string\"}}],\"inLanguage\":\"de\"}]}<\/script>\n<!-- \/ Yoast SEO plugin. -->","yoast_head_json":{"title":"Wer bin ich? - ab ins Irgendwo","robots":{"index":"index","follow":"follow","max-snippet":"max-snippet:-1","max-image-preview":"max-image-preview:large","max-video-preview":"max-video-preview:-1"},"canonical":"https:\/\/blogs.donboscovolunteers.de\/abinsirgendwo\/beispiel-seite\/","og_locale":"de_DE","og_type":"article","og_title":"Wer bin ich? - ab ins Irgendwo","og_description":"Hallo zusammen \ud83d\ude42 Wie die meisten von euch wahrscheinlich schon wissen, bin ich Pauline, ein 18 j\u00e4hriges M\u00e4dchen aus dem sch\u00f6nen Bonn. Zu mir kann man sagen, dass ich eine absolute Hundeliebhaberin bin, 4 Instrumente spiele und gern singe, einen gro\u00dfen Bruder habe, frisches Essen liebe und eigentlich nur Second hand einkaufe. Ich hab lange [&hellip;]","og_url":"https:\/\/blogs.donboscovolunteers.de\/abinsirgendwo\/beispiel-seite\/","og_site_name":"ab ins Irgendwo","article_modified_time":"2021-10-26T10:58:30+00:00","twitter_card":"summary_large_image","twitter_misc":{"Gesch\u00e4tzte Lesezeit":"1\u00a0Minute"},"schema":{"@context":"https:\/\/schema.org","@graph":[{"@type":"WebPage","@id":"https:\/\/blogs.donboscovolunteers.de\/abinsirgendwo\/beispiel-seite\/","url":"https:\/\/blogs.donboscovolunteers.de\/abinsirgendwo\/beispiel-seite\/","name":"Wer bin ich? - ab ins Irgendwo","isPartOf":{"@id":"https:\/\/blogs.donboscovolunteers.de\/abinsirgendwo\/#website"},"datePublished":"2021-10-12T18:23:31+00:00","dateModified":"2021-10-26T10:58:30+00:00","breadcrumb":{"@id":"https:\/\/blogs.donboscovolunteers.de\/abinsirgendwo\/beispiel-seite\/#breadcrumb"},"inLanguage":"de","potentialAction":[{"@type":"ReadAction","target":["https:\/\/blogs.donboscovolunteers.de\/abinsirgendwo\/beispiel-seite\/"]}]},{"@type":"BreadcrumbList","@id":"https:\/\/blogs.donboscovolunteers.de\/abinsirgendwo\/beispiel-seite\/#breadcrumb","itemListElement":[{"@type":"ListItem","position":1,"name":"Startseite","item":"https:\/\/blogs.donboscovolunteers.de\/abinsirgendwo\/"},{"@type":"ListItem","position":2,"name":"Wer bin ich?"}]},{"@type":"WebSite","@id":"https:\/\/blogs.donboscovolunteers.de\/abinsirgendwo\/#website","url":"https:\/\/blogs.donboscovolunteers.de\/abinsirgendwo\/","name":"ab ins Irgendwo","description":"Ein Jahr mit mir und Don Bosco, Ort unbestimmt","potentialAction":[{"@type":"SearchAction","target":{"@type":"EntryPoint","urlTemplate":"https:\/\/blogs.donboscovolunteers.de\/abinsirgendwo\/?s={search_term_string}"},"query-input":{"@type":"PropertyValueSpecification","valueRequired":true,"valueName":"search_term_string"}}],"inLanguage":"de"}]}},"_links":{"self":[{"href":"https:\/\/blogs.donboscovolunteers.de\/abinsirgendwo\/wp-json\/wp\/v2\/pages\/2","targetHints":{"allow":["GET"]}}],"collection":[{"href":"https:\/\/blogs.donboscovolunteers.de\/abinsirgendwo\/wp-json\/wp\/v2\/pages"}],"about":[{"href":"https:\/\/blogs.donboscovolunteers.de\/abinsirgendwo\/wp-json\/wp\/v2\/types\/page"}],"author":[{"embeddable":true,"href":"https:\/\/blogs.donboscovolunteers.de\/abinsirgendwo\/wp-json\/wp\/v2\/users\/21713"}],"replies":[{"embeddable":true,"href":"https:\/\/blogs.donboscovolunteers.de\/abinsirgendwo\/wp-json\/wp\/v2\/comments?post=2"}],"version-history":[{"count":2,"href":"https:\/\/blogs.donboscovolunteers.de\/abinsirgendwo\/wp-json\/wp\/v2\/pages\/2\/revisions"}],"predecessor-version":[{"id":49,"href":"https:\/\/blogs.donboscovolunteers.de\/abinsirgendwo\/wp-json\/wp\/v2\/pages\/2\/revisions\/49"}],"wp:attachment":[{"href":"https:\/\/blogs.donboscovolunteers.de\/abinsirgendwo\/wp-json\/wp\/v2\/media?parent=2"}],"curies":[{"name":"wp","href":"https:\/\/api.w.org\/{rel}","templated":true}]}}