{"id":4,"date":"2024-07-22T11:05:47","date_gmt":"2024-07-22T09:05:47","guid":{"rendered":"https:\/\/blogs.donboscovolunteers.de\/abenteuerinindien\/about-2\/"},"modified":"2024-08-25T19:09:14","modified_gmt":"2024-08-25T17:09:14","slug":"about-2","status":"publish","type":"page","link":"https:\/\/blogs.donboscovolunteers.de\/abenteuerinindien\/about-2\/","title":{"rendered":"Spenden"},"content":{"rendered":"<p><strong>Warum spenden?\u00a0<\/strong><\/p>\n<p>Nat\u00fcrlich bringt so ein <a href=\"https:\/\/www.donboscovolunteers.de\/\">Freiwilligendienst<\/a> im Ausland auch Kosten mit sich. 75% werden von Weltw\u00e4rts getragen. Es fehlen also nur noch 25%, die ich durch einen Spenderkreis sammeln muss. Das Geld dient nicht nur zur finanziellen Unterst\u00fctzung meines Freiwilligendienstes. Es erm\u00f6glicht der Organisation u.a. auch, das in den n\u00e4chsten Jahren auch weiterhin Volunteers in Einsatzorte geschickt werden k\u00f6nnen.<\/p>\n<p>Es w\u00fcrde mich riesig freuen, wenn du meine Arbeit unterst\u00fctzt und somit auch die wichtige Arbeit Don Boscos!<\/p>\n<p><strong>Wo spenden?\u00a0<\/strong><\/p>\n<p>Wenn ihr spenden m\u00f6chtet, k\u00f6nnt ihr das auf folgendes Konto tun:<\/p>\n<p><strong><a href=\"https:\/\/www.donboscomission.de\/don-bosco\/\">Don Bosco<\/a> Mission<\/strong><\/p>\n<p><strong>LIGA Bank M\u00fcnchen <\/strong><\/p>\n<p><strong>IBAN: DE66 7509 0300 0102 1418 76<\/strong><\/p>\n<p><strong>BIC: GENODEF1M05<\/strong><\/p>\n<p><strong>Verwendungszweck: Annalena K\u00e4lble &#8211; S24VB011<\/strong><\/p>\n<p>(Euch wird eine Spendenbescheinigung zugeschickt, wenn ihr im Verwendungszweck zus\u00e4tzlich eure Adresse angebt)<\/p>\n<p>Vielen Dank!<\/p>\n","protected":false},"excerpt":{"rendered":"<p>Warum spenden?\u00a0 Nat\u00fcrlich bringt so ein <a href=\"https:\/\/www.donboscovolunteers.de\/\">Freiwilligendienst<\/a> im Ausland auch Kosten mit sich. 75% werden von Weltw\u00e4rts getragen. Es fehlen also nur noch 25%, die ich durch einen Spenderkreis sammeln muss. Das Geld dient nicht nur zur finanziellen Unterst\u00fctzung meines Freiwilligendienstes. Es erm\u00f6glicht der Organisation u.a. auch, das in den n\u00e4chsten Jahren auch weiterhin Volunteers [&hellip;]<\/p>\n","protected":false},"author":1,"featured_media":0,"parent":0,"menu_order":1,"comment_status":"closed","ping_status":"closed","template":"","meta":{"footnotes":""},"class_list":["post-4","page","type-page","status-publish","hentry"],"yoast_head":"<!-- This site is optimized with the Yoast SEO plugin v25.3.1 - https:\/\/yoast.com\/wordpress\/plugins\/seo\/ -->\n<title>Spenden - Annalena\u02cbs Abenteuer in India<\/title>\n<meta name=\"robots\" content=\"index, follow, max-snippet:-1, max-image-preview:large, max-video-preview:-1\" \/>\n<link rel=\"canonical\" href=\"https:\/\/blogs.donboscovolunteers.de\/abenteuerinindien\/about-2\/\" \/>\n<meta property=\"og:locale\" content=\"de_DE\" \/>\n<meta property=\"og:type\" content=\"article\" \/>\n<meta property=\"og:title\" content=\"Spenden - Annalena\u02cbs Abenteuer in India\" \/>\n<meta property=\"og:description\" content=\"Warum spenden?\u00a0 Nat\u00fcrlich bringt so ein Freiwilligendienst im Ausland auch Kosten mit sich. 75% werden von Weltw\u00e4rts getragen. Es fehlen also nur noch 25%, die ich durch einen Spenderkreis sammeln muss. Das Geld dient nicht nur zur finanziellen Unterst\u00fctzung meines Freiwilligendienstes. Es erm\u00f6glicht der Organisation u.a. auch, das in den n\u00e4chsten Jahren auch weiterhin Volunteers [&hellip;]\" \/>\n<meta property=\"og:url\" content=\"https:\/\/blogs.donboscovolunteers.de\/abenteuerinindien\/about-2\/\" \/>\n<meta property=\"og:site_name\" content=\"Annalena\u02cbs Abenteuer in India\" \/>\n<meta property=\"article:modified_time\" content=\"2024-08-25T17:09:14+00:00\" \/>\n<meta name=\"twitter:card\" content=\"summary_large_image\" \/>\n<meta name=\"twitter:label1\" content=\"Gesch\u00e4tzte Lesezeit\" \/>\n\t<meta name=\"twitter:data1\" content=\"1\u00a0Minute\" \/>\n<script type=\"application\/ld+json\" class=\"yoast-schema-graph\">{\"@context\":\"https:\/\/schema.org\",\"@graph\":[{\"@type\":\"WebPage\",\"@id\":\"https:\/\/blogs.donboscovolunteers.de\/abenteuerinindien\/about-2\/\",\"url\":\"https:\/\/blogs.donboscovolunteers.de\/abenteuerinindien\/about-2\/\",\"name\":\"Spenden - Annalena\u02cbs Abenteuer in India\",\"isPartOf\":{\"@id\":\"https:\/\/blogs.donboscovolunteers.de\/abenteuerinindien\/#website\"},\"datePublished\":\"2024-07-22T09:05:47+00:00\",\"dateModified\":\"2024-08-25T17:09:14+00:00\",\"breadcrumb\":{\"@id\":\"https:\/\/blogs.donboscovolunteers.de\/abenteuerinindien\/about-2\/#breadcrumb\"},\"inLanguage\":\"de\",\"potentialAction\":[{\"@type\":\"ReadAction\",\"target\":[\"https:\/\/blogs.donboscovolunteers.de\/abenteuerinindien\/about-2\/\"]}]},{\"@type\":\"BreadcrumbList\",\"@id\":\"https:\/\/blogs.donboscovolunteers.de\/abenteuerinindien\/about-2\/#breadcrumb\",\"itemListElement\":[{\"@type\":\"ListItem\",\"position\":1,\"name\":\"Startseite\",\"item\":\"https:\/\/blogs.donboscovolunteers.de\/abenteuerinindien\/\"},{\"@type\":\"ListItem\",\"position\":2,\"name\":\"Spenden\"}]},{\"@type\":\"WebSite\",\"@id\":\"https:\/\/blogs.donboscovolunteers.de\/abenteuerinindien\/#website\",\"url\":\"https:\/\/blogs.donboscovolunteers.de\/abenteuerinindien\/\",\"name\":\"Annalena\u02cbs Abenteuer in India\",\"description\":\"\",\"potentialAction\":[{\"@type\":\"SearchAction\",\"target\":{\"@type\":\"EntryPoint\",\"urlTemplate\":\"https:\/\/blogs.donboscovolunteers.de\/abenteuerinindien\/?s={search_term_string}\"},\"query-input\":{\"@type\":\"PropertyValueSpecification\",\"valueRequired\":true,\"valueName\":\"search_term_string\"}}],\"inLanguage\":\"de\"}]}<\/script>\n<!-- \/ Yoast SEO plugin. -->","yoast_head_json":{"title":"Spenden - Annalena\u02cbs Abenteuer in India","robots":{"index":"index","follow":"follow","max-snippet":"max-snippet:-1","max-image-preview":"max-image-preview:large","max-video-preview":"max-video-preview:-1"},"canonical":"https:\/\/blogs.donboscovolunteers.de\/abenteuerinindien\/about-2\/","og_locale":"de_DE","og_type":"article","og_title":"Spenden - Annalena\u02cbs Abenteuer in India","og_description":"Warum spenden?\u00a0 Nat\u00fcrlich bringt so ein Freiwilligendienst im Ausland auch Kosten mit sich. 75% werden von Weltw\u00e4rts getragen. Es fehlen also nur noch 25%, die ich durch einen Spenderkreis sammeln muss. Das Geld dient nicht nur zur finanziellen Unterst\u00fctzung meines Freiwilligendienstes. Es erm\u00f6glicht der Organisation u.a. auch, das in den n\u00e4chsten Jahren auch weiterhin Volunteers [&hellip;]","og_url":"https:\/\/blogs.donboscovolunteers.de\/abenteuerinindien\/about-2\/","og_site_name":"Annalena\u02cbs Abenteuer in India","article_modified_time":"2024-08-25T17:09:14+00:00","twitter_card":"summary_large_image","twitter_misc":{"Gesch\u00e4tzte Lesezeit":"1\u00a0Minute"},"schema":{"@context":"https:\/\/schema.org","@graph":[{"@type":"WebPage","@id":"https:\/\/blogs.donboscovolunteers.de\/abenteuerinindien\/about-2\/","url":"https:\/\/blogs.donboscovolunteers.de\/abenteuerinindien\/about-2\/","name":"Spenden - Annalena\u02cbs Abenteuer in India","isPartOf":{"@id":"https:\/\/blogs.donboscovolunteers.de\/abenteuerinindien\/#website"},"datePublished":"2024-07-22T09:05:47+00:00","dateModified":"2024-08-25T17:09:14+00:00","breadcrumb":{"@id":"https:\/\/blogs.donboscovolunteers.de\/abenteuerinindien\/about-2\/#breadcrumb"},"inLanguage":"de","potentialAction":[{"@type":"ReadAction","target":["https:\/\/blogs.donboscovolunteers.de\/abenteuerinindien\/about-2\/"]}]},{"@type":"BreadcrumbList","@id":"https:\/\/blogs.donboscovolunteers.de\/abenteuerinindien\/about-2\/#breadcrumb","itemListElement":[{"@type":"ListItem","position":1,"name":"Startseite","item":"https:\/\/blogs.donboscovolunteers.de\/abenteuerinindien\/"},{"@type":"ListItem","position":2,"name":"Spenden"}]},{"@type":"WebSite","@id":"https:\/\/blogs.donboscovolunteers.de\/abenteuerinindien\/#website","url":"https:\/\/blogs.donboscovolunteers.de\/abenteuerinindien\/","name":"Annalena\u02cbs Abenteuer in India","description":"","potentialAction":[{"@type":"SearchAction","target":{"@type":"EntryPoint","urlTemplate":"https:\/\/blogs.donboscovolunteers.de\/abenteuerinindien\/?s={search_term_string}"},"query-input":{"@type":"PropertyValueSpecification","valueRequired":true,"valueName":"search_term_string"}}],"inLanguage":"de"}]}},"_links":{"self":[{"href":"https:\/\/blogs.donboscovolunteers.de\/abenteuerinindien\/wp-json\/wp\/v2\/pages\/4","targetHints":{"allow":["GET"]}}],"collection":[{"href":"https:\/\/blogs.donboscovolunteers.de\/abenteuerinindien\/wp-json\/wp\/v2\/pages"}],"about":[{"href":"https:\/\/blogs.donboscovolunteers.de\/abenteuerinindien\/wp-json\/wp\/v2\/types\/page"}],"author":[{"embeddable":true,"href":"https:\/\/blogs.donboscovolunteers.de\/abenteuerinindien\/wp-json\/wp\/v2\/users\/1"}],"replies":[{"embeddable":true,"href":"https:\/\/blogs.donboscovolunteers.de\/abenteuerinindien\/wp-json\/wp\/v2\/comments?post=4"}],"version-history":[{"count":1,"href":"https:\/\/blogs.donboscovolunteers.de\/abenteuerinindien\/wp-json\/wp\/v2\/pages\/4\/revisions"}],"predecessor-version":[{"id":44,"href":"https:\/\/blogs.donboscovolunteers.de\/abenteuerinindien\/wp-json\/wp\/v2\/pages\/4\/revisions\/44"}],"wp:attachment":[{"href":"https:\/\/blogs.donboscovolunteers.de\/abenteuerinindien\/wp-json\/wp\/v2\/media?parent=4"}],"curies":[{"name":"wp","href":"https:\/\/api.w.org\/{rel}","templated":true}]}}