{"id":3,"date":"2024-07-22T11:05:46","date_gmt":"2024-07-22T09:05:46","guid":{"rendered":"https:\/\/blogs.donboscovolunteers.de\/abenteuerinindien\/about\/"},"modified":"2024-09-10T10:20:34","modified_gmt":"2024-09-10T08:20:34","slug":"about","status":"publish","type":"page","link":"https:\/\/blogs.donboscovolunteers.de\/abenteuerinindien\/about\/","title":{"rendered":"Das bin ich!"},"content":{"rendered":"<p>Mein Name ist Annalena K\u00e4lble, bin 23 Jahre alt und komme aus der N\u00e4he von M\u00fcnchen. Als gelernte Kinderpflegerin konnte ich bereits einige Erfahrungen in der Arbeit mit Kindern sammeln.<\/p>\n<p>Nun bin ich bereit, ein St\u00fcckchen die Welt zu erkunden und neue Menschen kennenzulernen. Wo macht man das am Besten? Genau, hier in <a href=\"https:\/\/strassenkinder.de\/laender\/asien\/inden\/\">Indien<\/a>! Denn dort werde ich ein Jahr lang meinen <a href=\"https:\/\/www.donboscovolunteers.de\/\">Freiwilligendienst<\/a> absolvieren.<\/p>\n<p>Es war schon lange Zeit ein Traum von mir, einmal ein Volunteer zu sein und ein\u00a0 Projekt zu unterst\u00fctzen. Das dieser Traum jetzt wahr wird, ist einfach unglaublich!<\/p>\n<p>\u00dcber diesen Blog werde ich euch von meinem Abenteuer hier in Indien berichten und ich freue mich, wenn ihr ab und zu vorbeischaut. \ud83d\ude09<\/p>\n","protected":false},"excerpt":{"rendered":"<p>Mein Name ist Annalena K\u00e4lble, bin 23 Jahre alt und komme aus der N\u00e4he von M\u00fcnchen. Als gelernte Kinderpflegerin konnte ich bereits einige Erfahrungen in der Arbeit mit Kindern sammeln. Nun bin ich bereit, ein St\u00fcckchen die Welt zu erkunden und neue Menschen kennenzulernen. Wo macht man das am Besten? Genau, hier in <a href=\"https:\/\/strassenkinder.de\/laender\/asien\/inden\/\">Indien<\/a>! Denn [&hellip;]<\/p>\n","protected":false},"author":1,"featured_media":0,"parent":0,"menu_order":1,"comment_status":"closed","ping_status":"closed","template":"","meta":{"footnotes":""},"class_list":["post-3","page","type-page","status-publish","hentry"],"yoast_head":"<!-- This site is optimized with the Yoast SEO plugin v25.3.1 - https:\/\/yoast.com\/wordpress\/plugins\/seo\/ -->\n<title>Das bin ich! - Annalena\u02cbs Abenteuer in India<\/title>\n<meta name=\"robots\" content=\"index, follow, max-snippet:-1, max-image-preview:large, max-video-preview:-1\" \/>\n<link rel=\"canonical\" href=\"https:\/\/blogs.donboscovolunteers.de\/abenteuerinindien\/about\/\" \/>\n<meta property=\"og:locale\" content=\"de_DE\" \/>\n<meta property=\"og:type\" content=\"article\" \/>\n<meta property=\"og:title\" content=\"Das bin ich! - Annalena\u02cbs Abenteuer in India\" \/>\n<meta property=\"og:description\" content=\"Mein Name ist Annalena K\u00e4lble, bin 23 Jahre alt und komme aus der N\u00e4he von M\u00fcnchen. Als gelernte Kinderpflegerin konnte ich bereits einige Erfahrungen in der Arbeit mit Kindern sammeln. Nun bin ich bereit, ein St\u00fcckchen die Welt zu erkunden und neue Menschen kennenzulernen. Wo macht man das am Besten? Genau, hier in Indien! Denn [&hellip;]\" \/>\n<meta property=\"og:url\" content=\"https:\/\/blogs.donboscovolunteers.de\/abenteuerinindien\/about\/\" \/>\n<meta property=\"og:site_name\" content=\"Annalena\u02cbs Abenteuer in India\" \/>\n<meta property=\"article:modified_time\" content=\"2024-09-10T08:20:34+00:00\" \/>\n<meta name=\"twitter:card\" content=\"summary_large_image\" \/>\n<meta name=\"twitter:label1\" content=\"Gesch\u00e4tzte Lesezeit\" \/>\n\t<meta name=\"twitter:data1\" content=\"1\u00a0Minute\" \/>\n<script type=\"application\/ld+json\" class=\"yoast-schema-graph\">{\"@context\":\"https:\/\/schema.org\",\"@graph\":[{\"@type\":\"WebPage\",\"@id\":\"https:\/\/blogs.donboscovolunteers.de\/abenteuerinindien\/about\/\",\"url\":\"https:\/\/blogs.donboscovolunteers.de\/abenteuerinindien\/about\/\",\"name\":\"Das bin ich! - Annalena\u02cbs Abenteuer in India\",\"isPartOf\":{\"@id\":\"https:\/\/blogs.donboscovolunteers.de\/abenteuerinindien\/#website\"},\"datePublished\":\"2024-07-22T09:05:46+00:00\",\"dateModified\":\"2024-09-10T08:20:34+00:00\",\"breadcrumb\":{\"@id\":\"https:\/\/blogs.donboscovolunteers.de\/abenteuerinindien\/about\/#breadcrumb\"},\"inLanguage\":\"de\",\"potentialAction\":[{\"@type\":\"ReadAction\",\"target\":[\"https:\/\/blogs.donboscovolunteers.de\/abenteuerinindien\/about\/\"]}]},{\"@type\":\"BreadcrumbList\",\"@id\":\"https:\/\/blogs.donboscovolunteers.de\/abenteuerinindien\/about\/#breadcrumb\",\"itemListElement\":[{\"@type\":\"ListItem\",\"position\":1,\"name\":\"Startseite\",\"item\":\"https:\/\/blogs.donboscovolunteers.de\/abenteuerinindien\/\"},{\"@type\":\"ListItem\",\"position\":2,\"name\":\"Das bin ich!\"}]},{\"@type\":\"WebSite\",\"@id\":\"https:\/\/blogs.donboscovolunteers.de\/abenteuerinindien\/#website\",\"url\":\"https:\/\/blogs.donboscovolunteers.de\/abenteuerinindien\/\",\"name\":\"Annalena\u02cbs Abenteuer in India\",\"description\":\"\",\"potentialAction\":[{\"@type\":\"SearchAction\",\"target\":{\"@type\":\"EntryPoint\",\"urlTemplate\":\"https:\/\/blogs.donboscovolunteers.de\/abenteuerinindien\/?s={search_term_string}\"},\"query-input\":{\"@type\":\"PropertyValueSpecification\",\"valueRequired\":true,\"valueName\":\"search_term_string\"}}],\"inLanguage\":\"de\"}]}<\/script>\n<!-- \/ Yoast SEO plugin. -->","yoast_head_json":{"title":"Das bin ich! - Annalena\u02cbs Abenteuer in India","robots":{"index":"index","follow":"follow","max-snippet":"max-snippet:-1","max-image-preview":"max-image-preview:large","max-video-preview":"max-video-preview:-1"},"canonical":"https:\/\/blogs.donboscovolunteers.de\/abenteuerinindien\/about\/","og_locale":"de_DE","og_type":"article","og_title":"Das bin ich! - Annalena\u02cbs Abenteuer in India","og_description":"Mein Name ist Annalena K\u00e4lble, bin 23 Jahre alt und komme aus der N\u00e4he von M\u00fcnchen. Als gelernte Kinderpflegerin konnte ich bereits einige Erfahrungen in der Arbeit mit Kindern sammeln. Nun bin ich bereit, ein St\u00fcckchen die Welt zu erkunden und neue Menschen kennenzulernen. Wo macht man das am Besten? Genau, hier in Indien! Denn [&hellip;]","og_url":"https:\/\/blogs.donboscovolunteers.de\/abenteuerinindien\/about\/","og_site_name":"Annalena\u02cbs Abenteuer in India","article_modified_time":"2024-09-10T08:20:34+00:00","twitter_card":"summary_large_image","twitter_misc":{"Gesch\u00e4tzte Lesezeit":"1\u00a0Minute"},"schema":{"@context":"https:\/\/schema.org","@graph":[{"@type":"WebPage","@id":"https:\/\/blogs.donboscovolunteers.de\/abenteuerinindien\/about\/","url":"https:\/\/blogs.donboscovolunteers.de\/abenteuerinindien\/about\/","name":"Das bin ich! - Annalena\u02cbs Abenteuer in India","isPartOf":{"@id":"https:\/\/blogs.donboscovolunteers.de\/abenteuerinindien\/#website"},"datePublished":"2024-07-22T09:05:46+00:00","dateModified":"2024-09-10T08:20:34+00:00","breadcrumb":{"@id":"https:\/\/blogs.donboscovolunteers.de\/abenteuerinindien\/about\/#breadcrumb"},"inLanguage":"de","potentialAction":[{"@type":"ReadAction","target":["https:\/\/blogs.donboscovolunteers.de\/abenteuerinindien\/about\/"]}]},{"@type":"BreadcrumbList","@id":"https:\/\/blogs.donboscovolunteers.de\/abenteuerinindien\/about\/#breadcrumb","itemListElement":[{"@type":"ListItem","position":1,"name":"Startseite","item":"https:\/\/blogs.donboscovolunteers.de\/abenteuerinindien\/"},{"@type":"ListItem","position":2,"name":"Das bin ich!"}]},{"@type":"WebSite","@id":"https:\/\/blogs.donboscovolunteers.de\/abenteuerinindien\/#website","url":"https:\/\/blogs.donboscovolunteers.de\/abenteuerinindien\/","name":"Annalena\u02cbs Abenteuer in India","description":"","potentialAction":[{"@type":"SearchAction","target":{"@type":"EntryPoint","urlTemplate":"https:\/\/blogs.donboscovolunteers.de\/abenteuerinindien\/?s={search_term_string}"},"query-input":{"@type":"PropertyValueSpecification","valueRequired":true,"valueName":"search_term_string"}}],"inLanguage":"de"}]}},"_links":{"self":[{"href":"https:\/\/blogs.donboscovolunteers.de\/abenteuerinindien\/wp-json\/wp\/v2\/pages\/3","targetHints":{"allow":["GET"]}}],"collection":[{"href":"https:\/\/blogs.donboscovolunteers.de\/abenteuerinindien\/wp-json\/wp\/v2\/pages"}],"about":[{"href":"https:\/\/blogs.donboscovolunteers.de\/abenteuerinindien\/wp-json\/wp\/v2\/types\/page"}],"author":[{"embeddable":true,"href":"https:\/\/blogs.donboscovolunteers.de\/abenteuerinindien\/wp-json\/wp\/v2\/users\/1"}],"replies":[{"embeddable":true,"href":"https:\/\/blogs.donboscovolunteers.de\/abenteuerinindien\/wp-json\/wp\/v2\/comments?post=3"}],"version-history":[{"count":1,"href":"https:\/\/blogs.donboscovolunteers.de\/abenteuerinindien\/wp-json\/wp\/v2\/pages\/3\/revisions"}],"predecessor-version":[{"id":65,"href":"https:\/\/blogs.donboscovolunteers.de\/abenteuerinindien\/wp-json\/wp\/v2\/pages\/3\/revisions\/65"}],"wp:attachment":[{"href":"https:\/\/blogs.donboscovolunteers.de\/abenteuerinindien\/wp-json\/wp\/v2\/media?parent=3"}],"curies":[{"name":"wp","href":"https:\/\/api.w.org\/{rel}","templated":true}]}}